{"id":11138047,"date":"2025-08-17T17:03:57","date_gmt":"2025-08-17T15:03:57","guid":{"rendered":"https:\/\/regiontatry.sk\/tipy-na-cyklovylety-vo-vysokych-tatrach\/"},"modified":"2025-10-02T07:59:42","modified_gmt":"2025-10-02T05:59:42","slug":"tipps-fur-radtouren-in-der-hohen-tatra","status":"publish","type":"page","link":"https:\/\/regiontatry.sk\/de\/tipps-fur-radtouren-in-der-hohen-tatra\/","title":{"rendered":"Tipps f\u00fcr Radtouren in der Hohen Tatra"},"content":{"rendered":"\n<p>Wenn Sie aktive Bewegung mit unvergesslichen Ausblicken verbinden m\u00f6chten, sind Radtouren in der Hohen Tatra genau die richtige Wahl.<\/p>\n\n\n\n<p>Die Hohe Tatra bietet eine einzigartige Kombination von alpiner Natur, klarer Luft und \u00fcber 300 Kilometern Radwegen, die Radbegeisterte aller Niveaus ansprechen \u2013 von Freizeitradlern bis zu sportlich ambitionierten Fahrern. Mit dem Rad entdecken Sie stille Waldwege, Tatra-D\u00f6rfer und herrliche Ausblicke auf die Tatra-Gipfel, die Sie auf jedem Kilometer begleiten.<\/p>\n\n\n\n<p>Egal, ob Sie eine gem\u00fctliche Fahrt entlang der Tatra-Magistrale genie\u00dfen, mit der Familie zu Bergseen radeln oder sich an steilere Anstiege wagen wollen \u2013 hier findet jeder die passende Strecke.<\/p>\n\n\n\n<figure class=\"wp-block-gallery has-nested-images columns-default is-cropped wp-block-gallery-2 is-layout-flex wp-block-gallery-is-layout-flex\">\n<figure class=\"wp-block-image size-large\"><img loading=\"lazy\" decoding=\"async\" width=\"1024\" height=\"694\" data-id=\"10400028\" src=\"https:\/\/regiontatry.sk\/wp-content\/uploads\/2025\/08\/cyklo_Martin-Malicky-1024x694.jpg\" alt=\"\" class=\"wp-image-10400028\" srcset=\"https:\/\/regiontatry.sk\/wp-content\/uploads\/2025\/08\/cyklo_Martin-Malicky-1024x694.jpg 1024w, https:\/\/regiontatry.sk\/wp-content\/uploads\/2025\/08\/cyklo_Martin-Malicky-300x203.jpg 300w, https:\/\/regiontatry.sk\/wp-content\/uploads\/2025\/08\/cyklo_Martin-Malicky-768x520.jpg 768w, https:\/\/regiontatry.sk\/wp-content\/uploads\/2025\/08\/cyklo_Martin-Malicky-1536x1040.jpg 1536w, https:\/\/regiontatry.sk\/wp-content\/uploads\/2025\/08\/cyklo_Martin-Malicky-2048x1387.jpg 2048w, https:\/\/regiontatry.sk\/wp-content\/uploads\/2025\/08\/cyklo_Martin-Malicky-1920x1300.jpg 1920w, https:\/\/regiontatry.sk\/wp-content\/uploads\/2025\/08\/cyklo_Martin-Malicky-1705x1155.jpg 1705w, https:\/\/regiontatry.sk\/wp-content\/uploads\/2025\/08\/cyklo_Martin-Malicky-860x582.jpg 860w, https:\/\/regiontatry.sk\/wp-content\/uploads\/2025\/08\/cyklo_Martin-Malicky-698x473.jpg 698w, https:\/\/regiontatry.sk\/wp-content\/uploads\/2025\/08\/cyklo_Martin-Malicky-552x374.jpg 552w\" sizes=\"(max-width: 1024px) 100vw, 1024px\" \/><\/figure>\n\n\n\n<figure class=\"wp-block-image size-large\"><img loading=\"lazy\" decoding=\"async\" width=\"1024\" height=\"683\" data-id=\"6088483\" src=\"https:\/\/regiontatry.sk\/wp-content\/uploads\/2021\/05\/cyklotrasy-Poprad-Kvetnica-foto-Martin-Kolba-1024x683.jpg\" alt=\"\" class=\"wp-image-6088483\" srcset=\"https:\/\/regiontatry.sk\/wp-content\/uploads\/2021\/05\/cyklotrasy-Poprad-Kvetnica-foto-Martin-Kolba-1024x683.jpg 1024w, https:\/\/regiontatry.sk\/wp-content\/uploads\/2021\/05\/cyklotrasy-Poprad-Kvetnica-foto-Martin-Kolba-300x200.jpg 300w, https:\/\/regiontatry.sk\/wp-content\/uploads\/2021\/05\/cyklotrasy-Poprad-Kvetnica-foto-Martin-Kolba-768x513.jpg 768w, https:\/\/regiontatry.sk\/wp-content\/uploads\/2021\/05\/cyklotrasy-Poprad-Kvetnica-foto-Martin-Kolba-1920x1281.jpg 1920w, https:\/\/regiontatry.sk\/wp-content\/uploads\/2021\/05\/cyklotrasy-Poprad-Kvetnica-foto-Martin-Kolba-1705x1138.jpg 1705w, https:\/\/regiontatry.sk\/wp-content\/uploads\/2021\/05\/cyklotrasy-Poprad-Kvetnica-foto-Martin-Kolba-698x466.jpg 698w, https:\/\/regiontatry.sk\/wp-content\/uploads\/2021\/05\/cyklotrasy-Poprad-Kvetnica-foto-Martin-Kolba-552x368.jpg 552w\" sizes=\"(max-width: 1024px) 100vw, 1024px\" \/><\/figure>\n<\/figure>\n\n\n\n<h2 class=\"wp-block-heading\"><strong><br><br>1. Tatransk\u00e1 vrch\u00e1rska koruna (Tatra-Bergkrone) \u2013 4 Rad Herausforderungen in der Hohen Tatra<\/strong><\/h2>\n\n\n\n<p><strong>Die sogenannte Tatra-Bergkrone<\/strong> geh\u00f6rt zu den legend\u00e4ren Radrouten der Slowakei. Auf rund 90 Kilometern mit etwa 2.300 H\u00f6henmetern verbindet sie vier Anstiege, die Kondition und Erfahrung gleicherma\u00dfen pr\u00fcfen: Popradsk\u00e9 pleso (Bergsee), Sliezsky dom, Hrebienok und \u0160tart.<\/p>\n\n\n\n<p>Jeder Aufstieg hat seine einmalige Atmosph\u00e4re \u2013 vom sanften, aber stark frequentierten Weg zu Popradsk\u00e9 pleso \u00fcber den steilen, fordernden Anstieg zu Sliezsky dom bis zu den k\u00fcrzeren, aber intensiven Anstiegen nach Hrebienok und \u0160tart.<\/p>\n\n\n\n<p>Diese Tour ist f\u00fcr Rennr\u00e4der und erfahrene Fahrer gedacht, die eine Kombination von physischer Herausforderung, beeindruckenden Ausblicken und die Tatra-Atmosph\u00e4re suchen. Empfohlen wird ein Start im Vorland, um sich vor dem ersten Anstieg einzufahren.<\/p>\n\n\n\n<ol class=\"wp-block-list\">\n<li><strong>Popradsk\u00e9 pleso, Haltestelle der Tatra-Elektrobahn <\/strong>\u2013 Popradsk\u00e9 pleso \u2013 3,9 km, H\u00f6henunterschied 258 m, Steigung 6 %<\/li>\n\n\n\n<li><strong>Tatransk\u00e1 Polianka \u2013 Sliezsky dom <\/strong>\u2013 6,9 km, H\u00f6henunterschied 670, Steigung 10 %<\/li>\n\n\n\n<li><strong>Star\u00fd Smokovec \u2013 Hrebienok <\/strong>\u2013 2,4 km, H\u00f6henunterschied 226 m, Steigung 9 %<\/li>\n\n\n\n<li><strong>Tatransk\u00e1 Lomnica \u2013 \u0160tart <\/strong>\u2013 2,9 km, H\u00f6henunterschied 250 m, Steigung 9 %<\/li>\n<\/ol>\n\n\n\n<p><br><strong>Anstiege:<\/strong>\u00a0Popradsk\u00e9 pleso \u2013 Sliezsky dom \u2013 Hrebienok \u2013 \u0160tart<\/p>\n\n\n\n<p><strong>Route<\/strong>:\u00a0\u0160trba \u2013 Vy\u0161n\u00e9 H\u00e1gy \u2013 Tatrianska Polianka \u2013 Tatransk\u00e1 Lomnica \u2013 \u0160trba<\/p>\n\n\n\n<p><\/p>\n\n\n\n<figure class=\"wp-block-gallery has-nested-images columns-default is-cropped wp-block-gallery-3 is-layout-flex wp-block-gallery-is-layout-flex\">\n<figure class=\"wp-block-image size-large\"><img loading=\"lazy\" decoding=\"async\" width=\"1024\" height=\"768\" data-id=\"10399971\" src=\"https:\/\/regiontatry.sk\/wp-content\/uploads\/2025\/08\/Popradske-pleso_na-bicykli-1024x768.jpg\" alt=\"\" class=\"wp-image-10399971\" srcset=\"https:\/\/regiontatry.sk\/wp-content\/uploads\/2025\/08\/Popradske-pleso_na-bicykli-1024x768.jpg 1024w, https:\/\/regiontatry.sk\/wp-content\/uploads\/2025\/08\/Popradske-pleso_na-bicykli-300x225.jpg 300w, https:\/\/regiontatry.sk\/wp-content\/uploads\/2025\/08\/Popradske-pleso_na-bicykli-768x576.jpg 768w, https:\/\/regiontatry.sk\/wp-content\/uploads\/2025\/08\/Popradske-pleso_na-bicykli-1536x1152.jpg 1536w, https:\/\/regiontatry.sk\/wp-content\/uploads\/2025\/08\/Popradske-pleso_na-bicykli-2048x1536.jpg 2048w, https:\/\/regiontatry.sk\/wp-content\/uploads\/2025\/08\/Popradske-pleso_na-bicykli-1920x1440.jpg 1920w, https:\/\/regiontatry.sk\/wp-content\/uploads\/2025\/08\/Popradske-pleso_na-bicykli-1705x1279.jpg 1705w, https:\/\/regiontatry.sk\/wp-content\/uploads\/2025\/08\/Popradske-pleso_na-bicykli-860x645.jpg 860w, https:\/\/regiontatry.sk\/wp-content\/uploads\/2025\/08\/Popradske-pleso_na-bicykli-698x524.jpg 698w, https:\/\/regiontatry.sk\/wp-content\/uploads\/2025\/08\/Popradske-pleso_na-bicykli-552x414.jpg 552w\" sizes=\"(max-width: 1024px) 100vw, 1024px\" \/><\/figure>\n\n\n\n<figure class=\"wp-block-image size-large\"><img loading=\"lazy\" decoding=\"async\" width=\"768\" height=\"1024\" data-id=\"10399978\" src=\"https:\/\/regiontatry.sk\/wp-content\/uploads\/2025\/08\/Sliezsky-dom_na-bicykli-768x1024.jpg\" alt=\"\" class=\"wp-image-10399978\" srcset=\"https:\/\/regiontatry.sk\/wp-content\/uploads\/2025\/08\/Sliezsky-dom_na-bicykli-768x1024.jpg 768w, https:\/\/regiontatry.sk\/wp-content\/uploads\/2025\/08\/Sliezsky-dom_na-bicykli-225x300.jpg 225w, https:\/\/regiontatry.sk\/wp-content\/uploads\/2025\/08\/Sliezsky-dom_na-bicykli-1152x1536.jpg 1152w, https:\/\/regiontatry.sk\/wp-content\/uploads\/2025\/08\/Sliezsky-dom_na-bicykli-1536x2048.jpg 1536w, https:\/\/regiontatry.sk\/wp-content\/uploads\/2025\/08\/Sliezsky-dom_na-bicykli-scaled.jpg 1920w, https:\/\/regiontatry.sk\/wp-content\/uploads\/2025\/08\/Sliezsky-dom_na-bicykli-1705x2273.jpg 1705w, https:\/\/regiontatry.sk\/wp-content\/uploads\/2025\/08\/Sliezsky-dom_na-bicykli-860x1147.jpg 860w, https:\/\/regiontatry.sk\/wp-content\/uploads\/2025\/08\/Sliezsky-dom_na-bicykli-698x931.jpg 698w, https:\/\/regiontatry.sk\/wp-content\/uploads\/2025\/08\/Sliezsky-dom_na-bicykli-552x736.jpg 552w\" sizes=\"(max-width: 768px) 100vw, 768px\" \/><\/figure>\n\n\n\n<figure class=\"wp-block-image size-large\"><img loading=\"lazy\" decoding=\"async\" width=\"768\" height=\"1024\" data-id=\"10399985\" src=\"https:\/\/regiontatry.sk\/wp-content\/uploads\/2025\/08\/Hrebienok_na-bicykli-2-768x1024.jpg\" alt=\"\" class=\"wp-image-10399985\" srcset=\"https:\/\/regiontatry.sk\/wp-content\/uploads\/2025\/08\/Hrebienok_na-bicykli-2-768x1024.jpg 768w, https:\/\/regiontatry.sk\/wp-content\/uploads\/2025\/08\/Hrebienok_na-bicykli-2-225x300.jpg 225w, https:\/\/regiontatry.sk\/wp-content\/uploads\/2025\/08\/Hrebienok_na-bicykli-2-1152x1536.jpg 1152w, https:\/\/regiontatry.sk\/wp-content\/uploads\/2025\/08\/Hrebienok_na-bicykli-2-1536x2048.jpg 1536w, https:\/\/regiontatry.sk\/wp-content\/uploads\/2025\/08\/Hrebienok_na-bicykli-2-scaled.jpg 1920w, https:\/\/regiontatry.sk\/wp-content\/uploads\/2025\/08\/Hrebienok_na-bicykli-2-1705x2273.jpg 1705w, https:\/\/regiontatry.sk\/wp-content\/uploads\/2025\/08\/Hrebienok_na-bicykli-2-860x1147.jpg 860w, https:\/\/regiontatry.sk\/wp-content\/uploads\/2025\/08\/Hrebienok_na-bicykli-2-698x931.jpg 698w, https:\/\/regiontatry.sk\/wp-content\/uploads\/2025\/08\/Hrebienok_na-bicykli-2-552x736.jpg 552w\" sizes=\"(max-width: 768px) 100vw, 768px\" \/><\/figure>\n<\/figure>\n\n\n\n<h2 class=\"wp-block-heading\"><strong><br><br>2. Ehemalige mittelalterliche Siedlung \u0160oldov<\/strong><\/h2>\n\n\n\n<p><strong>Route:<\/strong> \u0160trbsk\u00e9 Pleso \u2013 Bahnhof \u2013 alte Stra\u00dfe von Tatransk\u00e1 \u0160trba \u2013 \u0160trbsk\u00e9 Pleso \u2013 Tatransk\u00fd Lieskovec \u2013 \u0160oldov und zur\u00fcck.<\/p>\n\n\n\n<p><strong>L\u00e4nge 18 km, H\u00f6henprofil in Richtung \u0160oldov \u2197 494 m \u2198 494 m<\/strong><br><\/p>\n\n\n\n<p><strong>\u00dcber \u0160oldov:<\/strong><br>Am Rand des Dorfes \u0160trba befinden sich die \u00dcberreste der untergegangenen mittelalterlichen Siedlung \u0160oldov. Die Siedlung ist von Geheimnissen umgeben, in den Quellen finden sich kaum Hinweise. Man nimmt an, dass sie sehr alt war, \u00e4lter als die umliegenden Ortschaften. Neben Wohnh\u00e4usern gab es hier auch eine kleine Kirche, m\u00f6glicherweise sogar ein Benediktinerkloster.<\/p>\n\n\n\n<p>\u0160oldov gilt als bedeutende Fundst\u00e4tte wertvoller historischer \u00dcberreste. Es wurden z. B. Skelette von Menschen mit einer K\u00f6rpergr\u00f6\u00dfe von \u00fcber 2 Metern entdeckt, was f\u00fcr die damalige Zeit eine unglaubliche Gr\u00f6\u00dfe war. Vielleicht deshalb entstand die Legende, hier h\u00e4tten Riesen gelebt. Heute findet man hier teilweise rekonstruierte Geb\u00e4ude, ein Denkmal, eine Informationstafel und Sitzm\u00f6glichkeiten.<\/p>\n\n\n\n<figure class=\"wp-block-gallery has-nested-images columns-default is-cropped wp-block-gallery-4 is-layout-flex wp-block-gallery-is-layout-flex\">\n<figure class=\"wp-block-image size-large\"><img loading=\"lazy\" decoding=\"async\" width=\"1024\" height=\"576\" data-id=\"10399992\" src=\"https:\/\/regiontatry.sk\/wp-content\/uploads\/2025\/08\/Soldov-6-1024x576.jpg\" alt=\"\" class=\"wp-image-10399992\" srcset=\"https:\/\/regiontatry.sk\/wp-content\/uploads\/2025\/08\/Soldov-6-1024x576.jpg 1024w, https:\/\/regiontatry.sk\/wp-content\/uploads\/2025\/08\/Soldov-6-300x169.jpg 300w, https:\/\/regiontatry.sk\/wp-content\/uploads\/2025\/08\/Soldov-6-768x432.jpg 768w, https:\/\/regiontatry.sk\/wp-content\/uploads\/2025\/08\/Soldov-6-1536x864.jpg 1536w, https:\/\/regiontatry.sk\/wp-content\/uploads\/2025\/08\/Soldov-6-1705x959.jpg 1705w, https:\/\/regiontatry.sk\/wp-content\/uploads\/2025\/08\/Soldov-6-860x484.jpg 860w, https:\/\/regiontatry.sk\/wp-content\/uploads\/2025\/08\/Soldov-6-698x393.jpg 698w, https:\/\/regiontatry.sk\/wp-content\/uploads\/2025\/08\/Soldov-6-552x311.jpg 552w, https:\/\/regiontatry.sk\/wp-content\/uploads\/2025\/08\/Soldov-6.jpg 1920w\" sizes=\"(max-width: 1024px) 100vw, 1024px\" \/><\/figure>\n\n\n\n<figure class=\"wp-block-image size-large\"><img loading=\"lazy\" decoding=\"async\" width=\"1024\" height=\"576\" data-id=\"10399999\" src=\"https:\/\/regiontatry.sk\/wp-content\/uploads\/2025\/08\/Soldov-7-1024x576.jpg\" alt=\"\" class=\"wp-image-10399999\" srcset=\"https:\/\/regiontatry.sk\/wp-content\/uploads\/2025\/08\/Soldov-7-1024x576.jpg 1024w, https:\/\/regiontatry.sk\/wp-content\/uploads\/2025\/08\/Soldov-7-300x169.jpg 300w, https:\/\/regiontatry.sk\/wp-content\/uploads\/2025\/08\/Soldov-7-768x432.jpg 768w, https:\/\/regiontatry.sk\/wp-content\/uploads\/2025\/08\/Soldov-7-1536x864.jpg 1536w, https:\/\/regiontatry.sk\/wp-content\/uploads\/2025\/08\/Soldov-7-1705x959.jpg 1705w, https:\/\/regiontatry.sk\/wp-content\/uploads\/2025\/08\/Soldov-7-860x484.jpg 860w, https:\/\/regiontatry.sk\/wp-content\/uploads\/2025\/08\/Soldov-7-698x393.jpg 698w, https:\/\/regiontatry.sk\/wp-content\/uploads\/2025\/08\/Soldov-7-552x311.jpg 552w, https:\/\/regiontatry.sk\/wp-content\/uploads\/2025\/08\/Soldov-7.jpg 1920w\" sizes=\"(max-width: 1024px) 100vw, 1024px\" \/><\/figure>\n<\/figure>\n\n\n\n<h2 class=\"wp-block-heading\"><strong>3.\u00a0Poprad Zentrum \u2013 Kvetnica<\/strong><\/h2>\n\n\n\n<p><strong>Route<\/strong>: Poprader Radmagistrale (Rot 008) \u2013 Poprad Schie\u00dfplatz (Blau 2872) \u2013 Kvetnica-Rundweg (Gelb 8914)<br><strong>L\u00e4nge <\/strong><strong>14 km, <\/strong>H\u00f6henprofil<strong>\u2197 307 m \u2198 247 m<\/strong><\/p>\n\n\n\n<p><strong>KVETNICA<\/strong><\/p>\n\n\n\n<p>Kvetnica ist ein Stadtteil von Poprad und zugleich ein beliebtes Naherholungsgebiet im Gebirge Kozie chrbty. Hier findet man:<\/p>\n\n\n\n<ul class=\"wp-block-list\">\n<li>einen Park mit einem See und der Kirche der hl. Helena<\/li>\n\n\n\n<li>den Lehrpfad Kvetnica \u2013 9 Stationen, die Vegetationsstufen der Slowakei pr\u00e4sentieren, die arch\u00e4ologische St\u00e4tte Z\u00e1m\u010disko und das Naturschutzgebiet Hranovn\u00edcka dubina<\/li>\n\n\n\n<li>zahlreiche Wanderwege<\/li>\n\n\n\n<li>ein Wildgehege mit Mufflons und Wildschweinen<\/li>\n\n\n\n<li>zwei Steinbr\u00fcche mit Vorkommen von Mineralien, vor allem Achaten (ca. 250 Mio. Jahre alt); einer davon ist geflutet und wird zur Erholung genutzt<\/li>\n\n\n\n<li>Bergwerksstollen \u2013 Hl. Helena und Silberstollen.<\/li>\n<\/ul>\n\n\n\n<p><\/p>\n\n\n\n<figure class=\"wp-block-gallery has-nested-images columns-default is-cropped wp-block-gallery-5 is-layout-flex wp-block-gallery-is-layout-flex\">\n<figure class=\"wp-block-image size-large\"><img loading=\"lazy\" decoding=\"async\" width=\"1024\" height=\"768\" data-id=\"10400006\" src=\"https:\/\/regiontatry.sk\/wp-content\/uploads\/2025\/08\/Poprad-cyklochodnik-1024x768.jpg\" alt=\"\" class=\"wp-image-10400006\" srcset=\"https:\/\/regiontatry.sk\/wp-content\/uploads\/2025\/08\/Poprad-cyklochodnik-1024x768.jpg 1024w, https:\/\/regiontatry.sk\/wp-content\/uploads\/2025\/08\/Poprad-cyklochodnik-300x225.jpg 300w, https:\/\/regiontatry.sk\/wp-content\/uploads\/2025\/08\/Poprad-cyklochodnik-768x576.jpg 768w, https:\/\/regiontatry.sk\/wp-content\/uploads\/2025\/08\/Poprad-cyklochodnik-1536x1152.jpg 1536w, https:\/\/regiontatry.sk\/wp-content\/uploads\/2025\/08\/Poprad-cyklochodnik-2048x1536.jpg 2048w, https:\/\/regiontatry.sk\/wp-content\/uploads\/2025\/08\/Poprad-cyklochodnik-1920x1440.jpg 1920w, https:\/\/regiontatry.sk\/wp-content\/uploads\/2025\/08\/Poprad-cyklochodnik-1705x1279.jpg 1705w, https:\/\/regiontatry.sk\/wp-content\/uploads\/2025\/08\/Poprad-cyklochodnik-860x645.jpg 860w, https:\/\/regiontatry.sk\/wp-content\/uploads\/2025\/08\/Poprad-cyklochodnik-698x524.jpg 698w, https:\/\/regiontatry.sk\/wp-content\/uploads\/2025\/08\/Poprad-cyklochodnik-552x414.jpg 552w\" sizes=\"(max-width: 1024px) 100vw, 1024px\" \/><\/figure>\n\n\n\n<figure class=\"wp-block-image size-large\"><img loading=\"lazy\" decoding=\"async\" width=\"1024\" height=\"940\" data-id=\"10400020\" src=\"https:\/\/regiontatry.sk\/wp-content\/uploads\/2025\/08\/Kvetnica_lom-1024x940.jpg\" alt=\"\" class=\"wp-image-10400020\" srcset=\"https:\/\/regiontatry.sk\/wp-content\/uploads\/2025\/08\/Kvetnica_lom-1024x940.jpg 1024w, https:\/\/regiontatry.sk\/wp-content\/uploads\/2025\/08\/Kvetnica_lom-300x275.jpg 300w, https:\/\/regiontatry.sk\/wp-content\/uploads\/2025\/08\/Kvetnica_lom-768x705.jpg 768w, https:\/\/regiontatry.sk\/wp-content\/uploads\/2025\/08\/Kvetnica_lom-1536x1410.jpg 1536w, https:\/\/regiontatry.sk\/wp-content\/uploads\/2025\/08\/Kvetnica_lom-2048x1880.jpg 2048w, https:\/\/regiontatry.sk\/wp-content\/uploads\/2025\/08\/Kvetnica_lom-1920x1763.jpg 1920w, https:\/\/regiontatry.sk\/wp-content\/uploads\/2025\/08\/Kvetnica_lom-1705x1565.jpg 1705w, https:\/\/regiontatry.sk\/wp-content\/uploads\/2025\/08\/Kvetnica_lom-860x790.jpg 860w, https:\/\/regiontatry.sk\/wp-content\/uploads\/2025\/08\/Kvetnica_lom-698x641.jpg 698w, https:\/\/regiontatry.sk\/wp-content\/uploads\/2025\/08\/Kvetnica_lom-552x507.jpg 552w\" sizes=\"(max-width: 1024px) 100vw, 1024px\" \/><\/figure>\n\n\n\n<figure class=\"wp-block-image size-large\"><img loading=\"lazy\" decoding=\"async\" width=\"1000\" height=\"750\" data-id=\"10400013\" src=\"https:\/\/regiontatry.sk\/wp-content\/uploads\/2025\/08\/Zamcisko_cyklo.jpeg\" alt=\"\" class=\"wp-image-10400013\" srcset=\"https:\/\/regiontatry.sk\/wp-content\/uploads\/2025\/08\/Zamcisko_cyklo.jpeg 1000w, https:\/\/regiontatry.sk\/wp-content\/uploads\/2025\/08\/Zamcisko_cyklo-300x225.jpeg 300w, https:\/\/regiontatry.sk\/wp-content\/uploads\/2025\/08\/Zamcisko_cyklo-768x576.jpeg 768w, https:\/\/regiontatry.sk\/wp-content\/uploads\/2025\/08\/Zamcisko_cyklo-860x645.jpeg 860w, https:\/\/regiontatry.sk\/wp-content\/uploads\/2025\/08\/Zamcisko_cyklo-698x524.jpeg 698w, https:\/\/regiontatry.sk\/wp-content\/uploads\/2025\/08\/Zamcisko_cyklo-552x414.jpeg 552w\" sizes=\"(max-width: 1000px) 100vw, 1000px\" \/><\/figure>\n<\/figure>\n\n\n\n<p><\/p>\n\n\n\n<h2 class=\"wp-block-heading has-vivid-green-cyan-color has-text-color has-link-color wp-elements-d0e076870ee6fcaf871fb90070c286dd\">\u201eBIKE &amp; HIKE\u201c \u2013Radfahren &amp; Wandern in der Tatra<\/h2>\n\n\n\n<p>M\u00f6chten Sie das Beste aus Radfahren und Wandern kombinieren? In der Region der Hohen Tatra finden Sie ideale Bedingungen f\u00fcr <strong>\u201eBike &amp; Hike\u201c-Touren<\/strong>, die Radtouren mit Wanderungen in Bergt\u00e4ler, zu Wasserf\u00e4llen oder Bergh\u00fctten verbinden.<\/p>\n\n\n\n<p><strong>Solche Touren erm\u00f6glichen es, l\u00e4ngere oder weniger attraktive Abschnitte mit dem Rad zur\u00fcckzulegen und anschlie\u00dfend zu Fu\u00df weiterzugehen<\/strong> <strong>\u2013 dorthin, wo Radfahren nicht mehr erlaubt oder m\u00f6glich ist<\/strong>, etwa in hochalpines Gel\u00e4nde oder zu gesch\u00fctzten Naturgebieten.<\/p>\n\n\n\n<h3 class=\"wp-block-heading\"><strong>Vorschl\u00e4ge f\u00fcr \u201eBike &amp; Hike\u201c-Touren in der Tatra<\/strong><\/h3>\n\n\n\n<p class=\"has-vivid-green-cyan-color has-text-color has-link-color wp-elements-02224166b60df54c89442e4e023d6513\"><strong>Star\u00fd Smokovec \u2013 Hrebienok \u2013 <\/strong><strong>Wasserf\u00e4lle von<\/strong> <strong>Studen\u00fd potok (Bach)<\/strong><\/p>\n\n\n\n<ul class=\"wp-block-list\">\n<li>Rad: von Star\u00fd Smokovec \u00fcber eine asphaltierte Stra\u00dfe sanft bergauf bis Hrebienok (Seilbahn m\u00f6glich).<\/li>\n\n\n\n<li>Wandern: von Hrebienok zu den Wasserf\u00e4llen von Studen\u00fd potok und ggf. bis zur Rainers H\u00fctte.<\/li>\n\n\n\n<li>Schwierigkeit: leicht bis mittelschwer.<\/li>\n\n\n\n<li>Ideal f\u00fcr: gem\u00fctliche Wanderer.<\/li>\n<\/ul>\n\n\n\n<p class=\"has-vivid-green-cyan-color has-text-color has-link-color wp-elements-d919a197b7d1620d6390ec9e189f1271\"><strong>Tatransk\u00e1 Polianka \u2013 Sliezsky dom<\/strong><\/p>\n\n\n\n<ul class=\"wp-block-list\">\n<li>Rad: Asphaltstra\u00dfe von Tatransk\u00e1 Polianka bis zu Sliezsky dom (starker Anstieg).<\/li>\n\n\n\n<li>Wandern: Rundgang um Velick\u00e9 pleso (Bergsee) und Velick\u00fd vodop\u00e1d (Wasserfall), ggf. weiter Richtung Po\u013esk\u00fd hrebe\u0148 (Bergsattel) oder Spitze von V\u00fdchodn\u00e1 Vysok\u00e1.<\/li>\n\n\n\n<li>Schwierigkeit: mittelschwer (mit E-Bike deutlich einfacher).<\/li>\n\n\n\n<li>Ideal f\u00fcr: erfahrene Radfahrer mit Lust auf alpines Terrain.<\/li>\n<\/ul>\n\n\n\n<p class=\"has-vivid-green-cyan-color has-text-color has-link-color wp-elements-62be3b60e5dc14c2d90ed66ae1a015bf\"><strong>Podbansk\u00e9 \u2013 Tich\u00e1 alebo K\u00f4prov\u00e1 dolina<\/strong> <strong>(T\u00e4ler)<\/strong><\/p>\n\n\n\n<ul class=\"wp-block-list\">\n<li>Rad: Durch beide T\u00e4ler bis zum Ende der asphaltierten Wege.<\/li>\n\n\n\n<li>Wandern: weiter zu Fu\u00df in Richtung Kme\u0165ov vodop\u00e1d (Wasserfall).<\/li>\n\n\n\n<li>Schwierigkeit: leicht, mit sch\u00f6nen Ausblicken.<\/li>\n\n\n\n<li>Ideal f\u00fcr: Naturliebhaber und Ruhesuchende.<\/li>\n<\/ul>\n\n\n\n<p class=\"has-vivid-green-cyan-color has-text-color has-link-color wp-elements-58e14055f5fde0a0fd928003a2109abc\"><strong>\u0160trbsk\u00e9 Pleso \u2013 Popradsk\u00e9 pleso<\/strong> <strong>(Bergsee)<\/strong><\/p>\n\n\n\n<ul class=\"wp-block-list\">\n<li>Rad: von \u0160trbsk\u00e9 Pleso \u00fcber die Asphaltstra\u00dfe zu Popradsk\u00e9 pleso.<\/li>\n\n\n\n<li>Wandern: ab Abzweigung zum Symbolischen Friedhof bis zu Popradsk\u00e9 pleso und zur\u00fcck, ggf. weiter zur Spitze von Ostrva oder Rysy.<\/li>\n\n\n\n<li>Schwierigkeit: mittelschwer, auch mit E-Bike geeignet.<\/li>\n<\/ul>\n\n\n\n<p><\/p>\n\n\n\n<figure class=\"wp-block-gallery has-nested-images columns-default is-cropped wp-block-gallery-6 is-layout-flex wp-block-gallery-is-layout-flex\">\n<figure class=\"wp-block-image size-large\"><img loading=\"lazy\" decoding=\"async\" width=\"800\" height=\"534\" data-id=\"17597\" src=\"https:\/\/regiontatry.sk\/wp-content\/uploads\/2019\/05\/cyklo.jpg\" alt=\"\" class=\"wp-image-17597\" srcset=\"https:\/\/regiontatry.sk\/wp-content\/uploads\/2019\/05\/cyklo.jpg 800w, https:\/\/regiontatry.sk\/wp-content\/uploads\/2019\/05\/cyklo-300x200.jpg 300w, https:\/\/regiontatry.sk\/wp-content\/uploads\/2019\/05\/cyklo-768x513.jpg 768w, https:\/\/regiontatry.sk\/wp-content\/uploads\/2019\/05\/cyklo-698x466.jpg 698w, https:\/\/regiontatry.sk\/wp-content\/uploads\/2019\/05\/cyklo-552x368.jpg 552w\" sizes=\"(max-width: 800px) 100vw, 800px\" \/><\/figure>\n\n\n\n<figure class=\"wp-block-image size-large\"><img loading=\"lazy\" decoding=\"async\" width=\"1024\" height=\"684\" data-id=\"8876110\" src=\"https:\/\/regiontatry.sk\/wp-content\/uploads\/2023\/04\/17_11zon-1024x684.jpg\" alt=\"\" class=\"wp-image-8876110\" srcset=\"https:\/\/regiontatry.sk\/wp-content\/uploads\/2023\/04\/17_11zon-1024x684.jpg 1024w, https:\/\/regiontatry.sk\/wp-content\/uploads\/2023\/04\/17_11zon-300x200.jpg 300w, https:\/\/regiontatry.sk\/wp-content\/uploads\/2023\/04\/17_11zon-768x513.jpg 768w, https:\/\/regiontatry.sk\/wp-content\/uploads\/2023\/04\/17_11zon-1536x1025.jpg 1536w, https:\/\/regiontatry.sk\/wp-content\/uploads\/2023\/04\/17_11zon-1920x1282.jpg 1920w, https:\/\/regiontatry.sk\/wp-content\/uploads\/2023\/04\/17_11zon-1705x1138.jpg 1705w, https:\/\/regiontatry.sk\/wp-content\/uploads\/2023\/04\/17_11zon-860x574.jpg 860w, https:\/\/regiontatry.sk\/wp-content\/uploads\/2023\/04\/17_11zon-698x466.jpg 698w, https:\/\/regiontatry.sk\/wp-content\/uploads\/2023\/04\/17_11zon-552x368.jpg 552w, https:\/\/regiontatry.sk\/wp-content\/uploads\/2023\/04\/17_11zon.jpg 2048w\" sizes=\"(max-width: 1024px) 100vw, 1024px\" \/><\/figure>\n\n\n\n<figure class=\"wp-block-image size-large\"><img loading=\"lazy\" decoding=\"async\" width=\"1024\" height=\"684\" data-id=\"9885942\" src=\"https:\/\/regiontatry.sk\/wp-content\/uploads\/2024\/09\/13-1-1024x684.jpg\" alt=\"\" class=\"wp-image-9885942\" srcset=\"https:\/\/regiontatry.sk\/wp-content\/uploads\/2024\/09\/13-1-1024x684.jpg 1024w, https:\/\/regiontatry.sk\/wp-content\/uploads\/2024\/09\/13-1-300x200.jpg 300w, https:\/\/regiontatry.sk\/wp-content\/uploads\/2024\/09\/13-1-768x513.jpg 768w, https:\/\/regiontatry.sk\/wp-content\/uploads\/2024\/09\/13-1-1536x1025.jpg 1536w, https:\/\/regiontatry.sk\/wp-content\/uploads\/2024\/09\/13-1-1920x1282.jpg 1920w, https:\/\/regiontatry.sk\/wp-content\/uploads\/2024\/09\/13-1-1705x1138.jpg 1705w, https:\/\/regiontatry.sk\/wp-content\/uploads\/2024\/09\/13-1-860x574.jpg 860w, https:\/\/regiontatry.sk\/wp-content\/uploads\/2024\/09\/13-1-698x466.jpg 698w, https:\/\/regiontatry.sk\/wp-content\/uploads\/2024\/09\/13-1-552x368.jpg 552w, https:\/\/regiontatry.sk\/wp-content\/uploads\/2024\/09\/13-1.jpg 2048w\" sizes=\"(max-width: 1024px) 100vw, 1024px\" \/><\/figure>\n<\/figure>\n","protected":false},"excerpt":{"rendered":"<p>Wenn Sie aktive Bewegung mit unvergesslichen Ausblicken verbinden m\u00f6chten, sind Radtouren in der Hohen Tatra genau die richtige Wahl. Die Hohe Tatra bietet eine einzigartige Kombination von alpiner Natur, klarer Luft und \u00fcber 300 Kilometern Radwegen, die Radbegeisterte aller Niveaus ansprechen \u2013 von Freizeitradlern bis zu sportlich ambitionierten Fahrern. Mit dem Rad entdecken Sie stille [&hellip;]<\/p>\n","protected":false},"author":12,"featured_media":10400050,"parent":0,"menu_order":0,"comment_status":"closed","ping_status":"closed","template":"template-simple-page.php","meta":{"footnotes":""},"class_list":["post-11138047","page","type-page","status-publish","has-post-thumbnail","hentry"],"_links":{"self":[{"href":"https:\/\/regiontatry.sk\/de\/wp-json\/wp\/v2\/pages\/11138047"}],"collection":[{"href":"https:\/\/regiontatry.sk\/de\/wp-json\/wp\/v2\/pages"}],"about":[{"href":"https:\/\/regiontatry.sk\/de\/wp-json\/wp\/v2\/types\/page"}],"author":[{"embeddable":true,"href":"https:\/\/regiontatry.sk\/de\/wp-json\/wp\/v2\/users\/12"}],"replies":[{"embeddable":true,"href":"https:\/\/regiontatry.sk\/de\/wp-json\/wp\/v2\/comments?post=11138047"}],"version-history":[{"count":7,"href":"https:\/\/regiontatry.sk\/de\/wp-json\/wp\/v2\/pages\/11138047\/revisions"}],"predecessor-version":[{"id":11138059,"href":"https:\/\/regiontatry.sk\/de\/wp-json\/wp\/v2\/pages\/11138047\/revisions\/11138059"}],"wp:featuredmedia":[{"embeddable":true,"href":"https:\/\/regiontatry.sk\/de\/wp-json\/wp\/v2\/media\/10400050"}],"wp:attachment":[{"href":"https:\/\/regiontatry.sk\/de\/wp-json\/wp\/v2\/media?parent=11138047"}],"curies":[{"name":"wp","href":"https:\/\/api.w.org\/{rel}","templated":true}]}}