{"id":13239228,"date":"2026-01-14T08:19:56","date_gmt":"2026-01-14T07:19:56","guid":{"rendered":"https:\/\/regiontatry.sk\/enjoy-tatras-2\/"},"modified":"2026-01-20T09:19:04","modified_gmt":"2026-01-20T08:19:04","slug":"enjoy-tatras-2","status":"publish","type":"page","link":"https:\/\/regiontatry.sk\/de\/enjoy-tatras-2\/","title":{"rendered":"Enjoy Tatras"},"content":{"rendered":"\n<p><strong>Enjoy Tatras<\/strong> ist eine exklusive Marke einer Destinationsmanagementorganisation (DMO), die zwei der st\u00e4rksten Regionen der Slowakei vertritt \u2013 die <strong>Hohe Tatra <\/strong>und die <strong>Liptau<\/strong>. Wir f\u00f6rdern unvergessliche Erlebnisse f\u00fcr jeden Geschmack.<\/p>\n\n\n\n<p>Planen Sie Skiferien in den bekanntesten Skigebieten der Slowakei, m\u00f6chten Sie ein luxuri\u00f6ses Berghaus mieten, beeindruckende Gebirgslandschaften entdecken oder Orte voller kulturellen Erbes erkunden?<\/p>\n\n\n\n<p>Oder m\u00f6chten Sie \u00fcber den Liptauer Stausee Liptovsk\u00e1 Mara schippern und spektakul\u00e4re Schluchten, Wasserf\u00e4lle und H\u00f6hlen bewundern? Wir helfen Ihnen dabei, die verborgenen Sch\u00e4tze unseres au\u00dfergew\u00f6hnlichen Landes zu entdecken.<\/p>\n\n\n\n<p>Unsere Leidenschaft ist es, <strong>authentische lokale Erlebnisse<\/strong> zu pr\u00e4sentieren, damit Sie <em>die Slowakei wirklich erleben<\/em> k\u00f6nnen.<\/p>\n\n\n\n<figure class=\"wp-block-gallery has-nested-images columns-default is-cropped wp-block-gallery-2 is-layout-flex wp-block-gallery-is-layout-flex\">\n<figure class=\"wp-block-image size-large\"><img loading=\"lazy\" decoding=\"async\" width=\"1024\" height=\"684\" data-id=\"8876110\" src=\"https:\/\/regiontatry.sk\/wp-content\/uploads\/2023\/04\/17_11zon-1024x684.jpg\" alt=\"\" class=\"wp-image-8876110\" srcset=\"https:\/\/regiontatry.sk\/wp-content\/uploads\/2023\/04\/17_11zon-1024x684.jpg 1024w, https:\/\/regiontatry.sk\/wp-content\/uploads\/2023\/04\/17_11zon-300x200.jpg 300w, https:\/\/regiontatry.sk\/wp-content\/uploads\/2023\/04\/17_11zon-768x513.jpg 768w, https:\/\/regiontatry.sk\/wp-content\/uploads\/2023\/04\/17_11zon-1536x1025.jpg 1536w, https:\/\/regiontatry.sk\/wp-content\/uploads\/2023\/04\/17_11zon-1920x1282.jpg 1920w, https:\/\/regiontatry.sk\/wp-content\/uploads\/2023\/04\/17_11zon-1705x1138.jpg 1705w, https:\/\/regiontatry.sk\/wp-content\/uploads\/2023\/04\/17_11zon-860x574.jpg 860w, https:\/\/regiontatry.sk\/wp-content\/uploads\/2023\/04\/17_11zon-698x466.jpg 698w, https:\/\/regiontatry.sk\/wp-content\/uploads\/2023\/04\/17_11zon-552x368.jpg 552w, https:\/\/regiontatry.sk\/wp-content\/uploads\/2023\/04\/17_11zon.jpg 2048w\" sizes=\"(max-width: 1024px) 100vw, 1024px\" \/><\/figure>\n\n\n\n<figure class=\"wp-block-image size-large\"><img loading=\"lazy\" decoding=\"async\" width=\"1024\" height=\"683\" data-id=\"13227962\" src=\"https:\/\/regiontatry.sk\/wp-content\/uploads\/2026\/01\/09-small-1024x683.jpg\" alt=\"\" class=\"wp-image-13227962\" srcset=\"https:\/\/regiontatry.sk\/wp-content\/uploads\/2026\/01\/09-small-1024x683.jpg 1024w, https:\/\/regiontatry.sk\/wp-content\/uploads\/2026\/01\/09-small-300x200.jpg 300w, https:\/\/regiontatry.sk\/wp-content\/uploads\/2026\/01\/09-small-768x512.jpg 768w, https:\/\/regiontatry.sk\/wp-content\/uploads\/2026\/01\/09-small-1536x1024.jpg 1536w, https:\/\/regiontatry.sk\/wp-content\/uploads\/2026\/01\/09-small-2048x1365.jpg 2048w, https:\/\/regiontatry.sk\/wp-content\/uploads\/2026\/01\/09-small-1920x1280.jpg 1920w, https:\/\/regiontatry.sk\/wp-content\/uploads\/2026\/01\/09-small-1705x1137.jpg 1705w, https:\/\/regiontatry.sk\/wp-content\/uploads\/2026\/01\/09-small-860x573.jpg 860w, https:\/\/regiontatry.sk\/wp-content\/uploads\/2026\/01\/09-small-698x465.jpg 698w, https:\/\/regiontatry.sk\/wp-content\/uploads\/2026\/01\/09-small-552x368.jpg 552w\" sizes=\"(max-width: 1024px) 100vw, 1024px\" \/><\/figure>\n\n\n\n<figure class=\"wp-block-image size-large\"><img loading=\"lazy\" decoding=\"async\" width=\"1024\" height=\"722\" data-id=\"13227942\" src=\"https:\/\/regiontatry.sk\/wp-content\/uploads\/2026\/01\/MalyJavorovystit_01-1024x722.jpg\" alt=\"\" class=\"wp-image-13227942\" srcset=\"https:\/\/regiontatry.sk\/wp-content\/uploads\/2026\/01\/MalyJavorovystit_01-1024x722.jpg 1024w, https:\/\/regiontatry.sk\/wp-content\/uploads\/2026\/01\/MalyJavorovystit_01-300x212.jpg 300w, https:\/\/regiontatry.sk\/wp-content\/uploads\/2026\/01\/MalyJavorovystit_01-768x541.jpg 768w, https:\/\/regiontatry.sk\/wp-content\/uploads\/2026\/01\/MalyJavorovystit_01-1536x1083.jpg 1536w, https:\/\/regiontatry.sk\/wp-content\/uploads\/2026\/01\/MalyJavorovystit_01-2048x1444.jpg 2048w, https:\/\/regiontatry.sk\/wp-content\/uploads\/2026\/01\/MalyJavorovystit_01-1920x1354.jpg 1920w, https:\/\/regiontatry.sk\/wp-content\/uploads\/2026\/01\/MalyJavorovystit_01-1705x1202.jpg 1705w, https:\/\/regiontatry.sk\/wp-content\/uploads\/2026\/01\/MalyJavorovystit_01-860x606.jpg 860w, https:\/\/regiontatry.sk\/wp-content\/uploads\/2026\/01\/MalyJavorovystit_01-698x492.jpg 698w, https:\/\/regiontatry.sk\/wp-content\/uploads\/2026\/01\/MalyJavorovystit_01-552x389.jpg 552w\" sizes=\"(max-width: 1024px) 100vw, 1024px\" \/><\/figure>\n<\/figure>\n\n\n\n<p><\/p>\n\n\n\n<p><strong>ENJOY TATRAS<\/strong> ist ein Pilotprojekt und das erste seiner Art in der Slowakei. Als Destinationsmanagementgesellschaft vereint es zwei starke und verl\u00e4ssliche regionale Tourismusorganisationen \u2013 <strong>die Tourismusorganisation Region Liptau (OOCR Regi\u00f3n Liptov) und die Tourismusorganisation Region Hohe Tatra (OOCR Regi\u00f3n\u00a0Vysok\u00e9 Tatry)<\/strong> und b\u00fcndelt deren Wissen und Erfahrung. Das Hauptziel ist die F\u00f6rderung der einzigartigen Tatra-Region in der Slowakei.<\/p>\n\n\n\n<p>Wir m\u00f6chten keine leeren Klischees wiederholen. Stattdessen zeigen wir die Tatra so, wie wir sie kennen, und unterstreichen ihre besondere Bedeutung innerhalb Mittel- und Osteuropas. Unsere treibende Kraft ist Begeisterung. Wir sind bereit, die Einzigartigkeit dieser Region hervorzuheben und au\u00dfergew\u00f6hnliche sowie besondere Erlebnisse anzubieten.<\/p>\n\n\n\n<p>Gerne unterst\u00fctzen wir Besucher bei der Planung ihres Aufenthalts in der Hohen Tatra und in der Region Liptau, zum Beispiel mit:&nbsp;<\/p>\n\n\n\n<ul class=\"wp-block-list\">\n<li>Tipps f\u00fcr die sch\u00f6nsten Wanderungen<\/li>\n\n\n\n<li>Empfehlungen f\u00fcr die besten Unterk\u00fcnfte in Pensionen, Bergh\u00fctten, Hotels und Ferienanlagen aller Kategorien \u2013 von einfach bis luxuri\u00f6s<\/li>\n<\/ul>\n\n\n\n<ul class=\"wp-block-list\">\n<li>Dienstleistungen in der Region: Skip\u00e4sse, Sportverleih, Transport, Mietwagen, F\u00fchrungen, Eintritt in Wasserparks, Freizeitaktivit\u00e4ten<\/li>\n\n\n\n<li>Skischulunterricht, Fresh-Track-Skifahren, H\u00f6hlenbesichtigungen, Rundfl\u00fcge, Apr\u00e8s-Ski-Unterhaltung, Golf<\/li>\n<\/ul>\n\n\n\n<p><\/p>\n\n\n\n<figure class=\"wp-block-gallery has-nested-images columns-default is-cropped wp-block-gallery-3 is-layout-flex wp-block-gallery-is-layout-flex\">\n<figure class=\"wp-block-image size-large\"><img loading=\"lazy\" decoding=\"async\" width=\"1024\" height=\"719\" data-id=\"9994770\" src=\"https:\/\/regiontatry.sk\/wp-content\/uploads\/2024\/11\/\u00a9-Marek-Hajkovsky-foto-VT-kampan-zima-2024_115-e1732222566500-1024x719.jpg\" alt=\"ly\u017eovanie Skalnat\u00e9 pleso\" class=\"wp-image-9994770\" srcset=\"https:\/\/regiontatry.sk\/wp-content\/uploads\/2024\/11\/\u00a9-Marek-Hajkovsky-foto-VT-kampan-zima-2024_115-e1732222566500-1024x719.jpg 1024w, https:\/\/regiontatry.sk\/wp-content\/uploads\/2024\/11\/\u00a9-Marek-Hajkovsky-foto-VT-kampan-zima-2024_115-e1732222566500-300x211.jpg 300w, https:\/\/regiontatry.sk\/wp-content\/uploads\/2024\/11\/\u00a9-Marek-Hajkovsky-foto-VT-kampan-zima-2024_115-e1732222566500-768x540.jpg 768w, https:\/\/regiontatry.sk\/wp-content\/uploads\/2024\/11\/\u00a9-Marek-Hajkovsky-foto-VT-kampan-zima-2024_115-e1732222566500-860x604.jpg 860w, https:\/\/regiontatry.sk\/wp-content\/uploads\/2024\/11\/\u00a9-Marek-Hajkovsky-foto-VT-kampan-zima-2024_115-e1732222566500-698x490.jpg 698w, https:\/\/regiontatry.sk\/wp-content\/uploads\/2024\/11\/\u00a9-Marek-Hajkovsky-foto-VT-kampan-zima-2024_115-e1732222566500-552x388.jpg 552w, https:\/\/regiontatry.sk\/wp-content\/uploads\/2024\/11\/\u00a9-Marek-Hajkovsky-foto-VT-kampan-zima-2024_115-e1732222566500.jpg 1096w\" sizes=\"(max-width: 1024px) 100vw, 1024px\" \/><\/figure>\n\n\n\n<figure class=\"wp-block-image size-large\"><img loading=\"lazy\" decoding=\"async\" width=\"1024\" height=\"662\" data-id=\"10270045\" src=\"https:\/\/regiontatry.sk\/wp-content\/uploads\/2025\/06\/c-Marek-Hajkovsky-foto-VT-letna-kampan-2024_39-1024x662.jpg\" alt=\"\" class=\"wp-image-10270045\" srcset=\"https:\/\/regiontatry.sk\/wp-content\/uploads\/2025\/06\/c-Marek-Hajkovsky-foto-VT-letna-kampan-2024_39-1024x662.jpg 1024w, https:\/\/regiontatry.sk\/wp-content\/uploads\/2025\/06\/c-Marek-Hajkovsky-foto-VT-letna-kampan-2024_39-300x194.jpg 300w, https:\/\/regiontatry.sk\/wp-content\/uploads\/2025\/06\/c-Marek-Hajkovsky-foto-VT-letna-kampan-2024_39-768x496.jpg 768w, https:\/\/regiontatry.sk\/wp-content\/uploads\/2025\/06\/c-Marek-Hajkovsky-foto-VT-letna-kampan-2024_39-860x556.jpg 860w, https:\/\/regiontatry.sk\/wp-content\/uploads\/2025\/06\/c-Marek-Hajkovsky-foto-VT-letna-kampan-2024_39-698x451.jpg 698w, https:\/\/regiontatry.sk\/wp-content\/uploads\/2025\/06\/c-Marek-Hajkovsky-foto-VT-letna-kampan-2024_39-552x357.jpg 552w, https:\/\/regiontatry.sk\/wp-content\/uploads\/2025\/06\/c-Marek-Hajkovsky-foto-VT-letna-kampan-2024_39.jpg 1400w\" sizes=\"(max-width: 1024px) 100vw, 1024px\" \/><\/figure>\n\n\n\n<figure class=\"wp-block-image size-full\"><img loading=\"lazy\" decoding=\"async\" width=\"800\" height=\"480\" data-id=\"13228816\" src=\"https:\/\/regiontatry.sk\/wp-content\/uploads\/2026\/01\/c-Marek-Hajkovsky-foto-VT-letna-kampan-2024_179-1.webp\" alt=\"\" class=\"wp-image-13228816\" srcset=\"https:\/\/regiontatry.sk\/wp-content\/uploads\/2026\/01\/c-Marek-Hajkovsky-foto-VT-letna-kampan-2024_179-1.webp 800w, https:\/\/regiontatry.sk\/wp-content\/uploads\/2026\/01\/c-Marek-Hajkovsky-foto-VT-letna-kampan-2024_179-1-300x180.webp 300w, https:\/\/regiontatry.sk\/wp-content\/uploads\/2026\/01\/c-Marek-Hajkovsky-foto-VT-letna-kampan-2024_179-1-768x461.webp 768w, https:\/\/regiontatry.sk\/wp-content\/uploads\/2026\/01\/c-Marek-Hajkovsky-foto-VT-letna-kampan-2024_179-1-698x419.webp 698w, https:\/\/regiontatry.sk\/wp-content\/uploads\/2026\/01\/c-Marek-Hajkovsky-foto-VT-letna-kampan-2024_179-1-552x331.webp 552w\" sizes=\"(max-width: 800px) 100vw, 800px\" \/><\/figure>\n<\/figure>\n\n\n\n<h3 class=\"wp-block-heading\"><strong><br>MIT WEM ARBEITEN WIR ZUSAMMEN?<\/strong><br><\/h3>\n\n\n\n<p>Als Destinationsmanagementorganisation, gegr\u00fcndet von zwei der st\u00e4rksten Tourismusorganisationen der Slowakei, vernetzen wir alle wichtigen Partner in den Regionen Liptau und Hohe Tatra. Wir kooperieren mit Hotels und Pensionen aller Kategorien, mit Skigebieten, Wasser- und Thermalparks, Kurb\u00e4dern, Anbietern von Winter- und Sommeraktivit\u00e4ten, kommunalen Einrichtungen, Freizeitparks sowie allen Dienstleistungen, die G\u00e4ste f\u00fcr einen perfekten Urlaub ben\u00f6tigen.<\/p>\n\n\n\n<figure class=\"wp-block-gallery has-nested-images columns-default is-cropped wp-block-gallery-4 is-layout-flex wp-block-gallery-is-layout-flex\">\n<figure class=\"wp-block-image size-large\"><img loading=\"lazy\" decoding=\"async\" width=\"1024\" height=\"693\" data-id=\"10345533\" src=\"https:\/\/regiontatry.sk\/wp-content\/uploads\/2025\/07\/AquaCity_Poprad_Leto_MH_web_013-1024x693.jpg\" alt=\"\" class=\"wp-image-10345533\" srcset=\"https:\/\/regiontatry.sk\/wp-content\/uploads\/2025\/07\/AquaCity_Poprad_Leto_MH_web_013-1024x693.jpg 1024w, https:\/\/regiontatry.sk\/wp-content\/uploads\/2025\/07\/AquaCity_Poprad_Leto_MH_web_013-300x203.jpg 300w, https:\/\/regiontatry.sk\/wp-content\/uploads\/2025\/07\/AquaCity_Poprad_Leto_MH_web_013-768x520.jpg 768w, https:\/\/regiontatry.sk\/wp-content\/uploads\/2025\/07\/AquaCity_Poprad_Leto_MH_web_013-1536x1039.jpg 1536w, https:\/\/regiontatry.sk\/wp-content\/uploads\/2025\/07\/AquaCity_Poprad_Leto_MH_web_013-1705x1154.jpg 1705w, https:\/\/regiontatry.sk\/wp-content\/uploads\/2025\/07\/AquaCity_Poprad_Leto_MH_web_013-860x582.jpg 860w, https:\/\/regiontatry.sk\/wp-content\/uploads\/2025\/07\/AquaCity_Poprad_Leto_MH_web_013-698x472.jpg 698w, https:\/\/regiontatry.sk\/wp-content\/uploads\/2025\/07\/AquaCity_Poprad_Leto_MH_web_013-552x373.jpg 552w, https:\/\/regiontatry.sk\/wp-content\/uploads\/2025\/07\/AquaCity_Poprad_Leto_MH_web_013.jpg 1920w\" sizes=\"(max-width: 1024px) 100vw, 1024px\" \/><\/figure>\n\n\n\n<figure class=\"wp-block-image size-large\"><img loading=\"lazy\" decoding=\"async\" width=\"1024\" height=\"684\" data-id=\"9214198\" src=\"https:\/\/regiontatry.sk\/wp-content\/uploads\/2023\/08\/15-1024x684.jpg\" alt=\"\" class=\"wp-image-9214198\" srcset=\"https:\/\/regiontatry.sk\/wp-content\/uploads\/2023\/08\/15-1024x684.jpg 1024w, https:\/\/regiontatry.sk\/wp-content\/uploads\/2023\/08\/15-300x200.jpg 300w, https:\/\/regiontatry.sk\/wp-content\/uploads\/2023\/08\/15-768x513.jpg 768w, https:\/\/regiontatry.sk\/wp-content\/uploads\/2023\/08\/15-1920x1282.jpg 1920w, https:\/\/regiontatry.sk\/wp-content\/uploads\/2023\/08\/15-1705x1138.jpg 1705w, https:\/\/regiontatry.sk\/wp-content\/uploads\/2023\/08\/15-698x466.jpg 698w, https:\/\/regiontatry.sk\/wp-content\/uploads\/2023\/08\/15-552x368.jpg 552w, https:\/\/regiontatry.sk\/wp-content\/uploads\/2023\/08\/15.jpg 2048w\" sizes=\"(max-width: 1024px) 100vw, 1024px\" \/><\/figure>\n\n\n\n<figure class=\"wp-block-image size-large\"><img loading=\"lazy\" decoding=\"async\" width=\"1024\" height=\"671\" data-id=\"8927744\" src=\"https:\/\/regiontatry.sk\/wp-content\/uploads\/2023\/04\/Kempinski_exterier_zima_11zon-1024x671.jpg\" alt=\"\" class=\"wp-image-8927744\" srcset=\"https:\/\/regiontatry.sk\/wp-content\/uploads\/2023\/04\/Kempinski_exterier_zima_11zon-1024x671.jpg 1024w, https:\/\/regiontatry.sk\/wp-content\/uploads\/2023\/04\/Kempinski_exterier_zima_11zon-300x197.jpg 300w, https:\/\/regiontatry.sk\/wp-content\/uploads\/2023\/04\/Kempinski_exterier_zima_11zon-768x504.jpg 768w, https:\/\/regiontatry.sk\/wp-content\/uploads\/2023\/04\/Kempinski_exterier_zima_11zon-1920x1259.jpg 1920w, https:\/\/regiontatry.sk\/wp-content\/uploads\/2023\/04\/Kempinski_exterier_zima_11zon-1705x1118.jpg 1705w, https:\/\/regiontatry.sk\/wp-content\/uploads\/2023\/04\/Kempinski_exterier_zima_11zon-698x458.jpg 698w, https:\/\/regiontatry.sk\/wp-content\/uploads\/2023\/04\/Kempinski_exterier_zima_11zon-552x362.jpg 552w\" sizes=\"(max-width: 1024px) 100vw, 1024px\" \/><\/figure>\n<\/figure>\n\n\n\n<h4 class=\"elementor-icon-box-title\"><img loading=\"lazy\" decoding=\"async\" class=\"alignnone size-medium wp-image-13157589\" src=\"https:\/\/regiontatry.sk\/wp-content\/uploads\/2025\/12\/EnjoyTatras_logo_color_final-300x160.jpg\" alt=\"\" width=\"300\" height=\"160\" srcset=\"https:\/\/regiontatry.sk\/wp-content\/uploads\/2025\/12\/EnjoyTatras_logo_color_final-300x160.jpg 300w, https:\/\/regiontatry.sk\/wp-content\/uploads\/2025\/12\/EnjoyTatras_logo_color_final-1024x545.jpg 1024w, https:\/\/regiontatry.sk\/wp-content\/uploads\/2025\/12\/EnjoyTatras_logo_color_final-768x409.jpg 768w, https:\/\/regiontatry.sk\/wp-content\/uploads\/2025\/12\/EnjoyTatras_logo_color_final-860x458.jpg 860w, https:\/\/regiontatry.sk\/wp-content\/uploads\/2025\/12\/EnjoyTatras_logo_color_final-698x371.jpg 698w, https:\/\/regiontatry.sk\/wp-content\/uploads\/2025\/12\/EnjoyTatras_logo_color_final-552x294.jpg 552w, https:\/\/regiontatry.sk\/wp-content\/uploads\/2025\/12\/EnjoyTatras_logo_color_final.jpg 1231w\" sizes=\"(max-width: 300px) 100vw, 300px\" \/><\/h4>\n<h4 class=\"elementor-icon-box-title\">Email: info@enjoytatras.com<br \/>web: <a href=\"https:\/\/enjoytatras.com\/\">www.enjoytatras.com<\/a><\/h4>\n<p>\u00a0<\/p>\n<p>\u00a0<\/p>\n","protected":false},"excerpt":{"rendered":"<p>Enjoy Tatras ist eine exklusive Marke einer Destinationsmanagementorganisation (DMO), die zwei der st\u00e4rksten Regionen der Slowakei vertritt \u2013 die Hohe Tatra und die Liptau. Wir f\u00f6rdern unvergessliche Erlebnisse f\u00fcr jeden Geschmack. Planen Sie Skiferien in den bekanntesten Skigebieten der Slowakei, m\u00f6chten Sie ein luxuri\u00f6ses Berghaus mieten, beeindruckende Gebirgslandschaften entdecken oder Orte voller kulturellen Erbes erkunden? [&hellip;]<\/p>\n","protected":false},"author":12,"featured_media":0,"parent":0,"menu_order":0,"comment_status":"closed","ping_status":"closed","template":"template-simple-page.php","meta":{"footnotes":""},"class_list":["post-13239228","page","type-page","status-publish","hentry"],"_links":{"self":[{"href":"https:\/\/regiontatry.sk\/de\/wp-json\/wp\/v2\/pages\/13239228"}],"collection":[{"href":"https:\/\/regiontatry.sk\/de\/wp-json\/wp\/v2\/pages"}],"about":[{"href":"https:\/\/regiontatry.sk\/de\/wp-json\/wp\/v2\/types\/page"}],"author":[{"embeddable":true,"href":"https:\/\/regiontatry.sk\/de\/wp-json\/wp\/v2\/users\/12"}],"replies":[{"embeddable":true,"href":"https:\/\/regiontatry.sk\/de\/wp-json\/wp\/v2\/comments?post=13239228"}],"version-history":[{"count":1,"href":"https:\/\/regiontatry.sk\/de\/wp-json\/wp\/v2\/pages\/13239228\/revisions"}],"predecessor-version":[{"id":13239229,"href":"https:\/\/regiontatry.sk\/de\/wp-json\/wp\/v2\/pages\/13239228\/revisions\/13239229"}],"wp:attachment":[{"href":"https:\/\/regiontatry.sk\/de\/wp-json\/wp\/v2\/media?parent=13239228"}],"curies":[{"name":"wp","href":"https:\/\/api.w.org\/{rel}","templated":true}]}}