{"id":21158,"date":"2018-07-30T09:09:16","date_gmt":"2018-07-30T07:09:16","guid":{"rendered":"https:\/\/regiontatry.sk\/lyzovanie\/"},"modified":"2025-10-07T22:34:09","modified_gmt":"2025-10-07T20:34:09","slug":"skifahren","status":"publish","type":"page","link":"https:\/\/regiontatry.sk\/de\/skifahren\/","title":{"rendered":"Skifahren"},"content":{"rendered":"\n<p>Erleben\nSie einen unvergesslichen Urlaub voll von tollen Wintererlebnissen. Fahren Sie\nSki in der Hohen Tatra, die <strong>24 Kilometer perfekt pr\u00e4parierte Skipisten bietet und Schnee f\u00fcr 5\nMonate pro Jahr garantiert. <\/strong>In erstklassigen Skigebieten Tatransk\u00e1\nLomnica, \u0160trbsk\u00e9 Pleso und Star\u00fd Smokovec fahren Sie <strong>20 moderne\nSeilbahnen und Skilifte<\/strong> hoch zu den Wolken&nbsp;.<\/p>\n\n\n\n<p>Tatransk\u00e1 Lomnica ist besonders stolz auf die l\u00e4ngste &#8211; &nbsp;<strong>5,5 km lange und bis zu 60 m breite erstklassige Carving-Strecke und die M\u00f6glichkeit in der Meeresh\u00f6he von 2190 m auf der steilsten Piste im Bergsattel Lomnick\u00e9 sedlo Ski zu fahren. <\/strong>\u0160trbsk\u00e9 Pleso hat 9 km Skipisten und einen modernen Snowpark. In beiden Skigebieten sind umz\u00e4unte Skikinderg\u00e4rten zur Verf\u00fcgung, die als Maxiland bekannt sind. Star\u00fd Smokovec ist mit einfacheren Pisten ideal f\u00fcr kleine Kinder und Anf\u00e4nger. Zum Skifahren geh\u00f6rt auch toller Spa\u00df in Apr\u00e8s Ski Bars in jedem Skigebiet und Transport mit&nbsp;<strong><a href=\"https:\/\/regiontatry.sk\/de\/skifahren\/ski-aqua-bus\/\" target=\"_blank\" rel=\"noreferrer noopener\" aria-label=\" (otvor\u00ed sa v novej karte)\">\u00f6kologischen Skibussen<\/a><\/strong>&nbsp;vom Hotel direkt zu Skipisten. In der ganzen Hohen Tatra gilt ein <strong>gemeinsamer Skipass<\/strong>. <\/p>\n\n\n\n<p>In der Region der Hohen Tatra kommen auch <strong><a href=\"https:\/\/regiontatry.sk\/de\/skifahren\/langlauf\/\">Langlauf<\/a><\/strong>-Fans auf ihre Kosten. In\u00a0<strong>\u0160trbsk\u00e9 Pleso<\/strong>\u00a0sind verschiedene Langlaufstrecken <strong>mit der Gesamtl\u00e4nge von 25 km <\/strong>zur Verf\u00fcgung. Weitere Langlaufstrecken befinden sich auch in Tatransk\u00e1 Lomnica, Star\u00fd Smokovec sowie im Vorgebirgsgebiet. Auch das Golfresort Black Stork in Ve\u013ek\u00e1 Lomnica bietet im Winter mehr als 10 km Langlaufstrecken. In jedem Tatra-Dorf sind hervorragende Langlaufloipen mit einer Gesamtl\u00e4nge von \u00fcber 72 km f\u00fcr Sie pr\u00e4pariert.<\/p>\n\n\n\n<p>Keine eigene Ausr\u00fcstung? Kein Problem! In der Hohen Tatra k\u00f6nnen Sie ganz einfach alles mieten, was Sie brauchen \u2013 von modernen Skiern und Snowboards bis hin zu Helmen und Zubeh\u00f6r.<br>Die <a href=\"https:\/\/regiontatry.sk\/de\/skifahren\/ski-und-skiausrustungsverleihe\/\" target=\"_blank\" rel=\"noreferrer noopener\">Skiverleihe bieten <\/a>hochwertige und moderne Ausr\u00fcstung f\u00fcr jeden.<\/p>\n\n\n\n<p>Und wenn Sie gerade erst das Skifahren lernen, sorgen <a href=\"https:\/\/regiontatry.sk\/de\/skifahren\/skischulen\/\" target=\"_blank\" rel=\"noreferrer noopener\"><strong>erfahrene Skilehrer<\/strong> <\/a>in den Skischulen direkt in den Tatra-Skigebieten f\u00fcr Ihre ersten unvergesslichen Momente im Schnee.<\/p>\n\n\n\n<p>Die winterliche Tatra ist ein Paradies f\u00fcr Skiliebhaber. Wir bieten Ihnen einen \u00dcberblick \u00fcber die besten Pisten \u2013 geeignet f\u00fcr Anf\u00e4nger und Fortgeschrittene.<br>Bereiten Sie sich auf ein Winterabenteuer vor, das Ihnen den Atem rauben wird!<\/p>\n\n\n\n<p>Genie\u00dfen\nSie atemberaubende Hochgebirgspanoramen und die fantastische Atmosph\u00e4re, die\ndas <strong>kleinste Hochgebirge der Welt <\/strong>im\nWinter bietet. <\/p>\n\n\n\n<p>&nbsp;<\/p>\n\n\n\n\n\t<div class=\"wp-block-cgb-block-creanet-grid category-list cell small-12 medium-4 cg\">\n\t\t<div class=\"cell small-12 medium-12 large-12 medium-order-1\">\n\t\t\t<a href=\"\/de\/skifahren\/tatranska-lomnica\/\">\n\t\t\t\t<div class=\"background-grid-color\"><\/div>\n\t\t\t\t\t\t\t\t\t<figure><img decoding=\"async\" src=\"https:\/\/regiontatry.sk\/wp-content\/uploads\/2024\/11\/\u00a9-Marek-Hajkovsky-foto-VT-kampan-zima-2024_115-1024x563.jpg\" alt=\"ly\u017eovanie Skalnat\u00e9 pleso\n\"\n\t\t\t\t\t\t\t\t title=\"\u00a9 Marek Hajkovsky foto VT kampan zima 2024_115\"\/><\/figure>\n\t\t\t\t\t\t\t\t<h3>Tatransk\u00e1 Lomnica<\/h3>\t\t\t\t\t\t\t<\/a>\n\t\t<\/div>\n\t<\/div>\n\t\n\n\t<div class=\"wp-block-cgb-block-creanet-grid category-list cell small-12 medium-4 cg\">\n\t\t<div class=\"cell small-12 medium-12 large-12 medium-order-1\">\n\t\t\t<a href=\"\/de\/skifahren\/strbske-pleso\/\">\n\t\t\t\t<div class=\"background-grid-color\"><\/div>\n\t\t\t\t\t\t\t\t\t<figure><img decoding=\"async\" src=\"https:\/\/regiontatry.sk\/wp-content\/uploads\/2024\/11\/c-Marek-Hajkovsky-foto-STRBSKE-PLESO-lyziar-2020-19_11zon-1024x581.jpg\" alt=\"\"\n\t\t\t\t\t\t\t\t title=\"c Marek Hajkovsky foto STRBSKE PLESO lyziar 2020 19_11zon\"\/><\/figure>\n\t\t\t\t\t\t\t\t<h3>\u0160trbsk\u00e9 Pleso<\/h3>\t\t\t\t\t\t\t<\/a>\n\t\t<\/div>\n\t<\/div>\n\t\n\n\t<div class=\"wp-block-cgb-block-creanet-grid category-list cell small-12 medium-4 cg\">\n\t\t<div class=\"cell small-12 medium-12 large-12 medium-order-1\">\n\t\t\t<a href=\"\/de\/skifahren\/stary-smokovec\/\">\n\t\t\t\t<div class=\"background-grid-color\"><\/div>\n\t\t\t\t\t\t\t\t\t<figure><img decoding=\"async\" src=\"https:\/\/regiontatry.sk\/wp-content\/uploads\/2018\/09\/Maxiland-for-children_800.jpg\" alt=\"\"\n\t\t\t\t\t\t\t\t title=\"Maxiland-for-children_800\"\/><\/figure>\n\t\t\t\t\t\t\t\t<h3>Star\u00fd Smokovec<\/h3>\t\t\t\t\t\t\t<\/a>\n\t\t<\/div>\n\t<\/div>\n\t\n\n\t<div class=\"wp-block-cgb-block-creanet-grid category-list cell small-12 medium-4 cg\">\n\t\t<div class=\"cell small-12 medium-12 large-12 medium-order-1\">\n\t\t\t<a href=\"\/de\/skifahren\/langlauf\/\">\n\t\t\t\t<div class=\"background-grid-color\"><\/div>\n\t\t\t\t\t\t\t\t\t<figure><img decoding=\"async\" src=\"https:\/\/regiontatry.sk\/wp-content\/uploads\/2018\/09\/P1110316.jpg\" alt=\"\"\n\t\t\t\t\t\t\t\t title=\"P1110316\"\/><\/figure>\n\t\t\t\t\t\t\t\t<h3>Langlauf<\/h3>\t\t\t\t\t\t\t<\/a>\n\t\t<\/div>\n\t<\/div>\n\t\n\n\t<div class=\"wp-block-cgb-block-creanet-grid category-list cell small-12 medium-4 cg\">\n\t\t<div class=\"cell small-12 medium-12 large-12 medium-order-1\">\n\t\t\t<a href=\"\/de\/skifahren\/ski-aqua-bus\/\">\n\t\t\t\t<div class=\"background-grid-color\"><\/div>\n\t\t\t\t\t\t\t\t\t<figure><img decoding=\"async\" src=\"https:\/\/regiontatry.sk\/wp-content\/uploads\/2024\/02\/ski-bus-foto-1024x547.png\" alt=\"\"\n\t\t\t\t\t\t\t\t title=\"ski bus foto\"\/><\/figure>\n\t\t\t\t\t\t\t\t<h3>SKI &amp; AQUA BUS<\/h3>\t\t\t\t\t\t\t<\/a>\n\t\t<\/div>\n\t<\/div>\n\t","protected":false},"excerpt":{"rendered":"<p>Erleben Sie einen unvergesslichen Urlaub voll von tollen Wintererlebnissen. Fahren Sie Ski in der Hohen Tatra, die 24 Kilometer perfekt pr\u00e4parierte Skipisten bietet und Schnee f\u00fcr 5 Monate pro Jahr garantiert. In erstklassigen Skigebieten Tatransk\u00e1 Lomnica, \u0160trbsk\u00e9 Pleso und Star\u00fd Smokovec fahren Sie 20 moderne Seilbahnen und Skilifte hoch zu den Wolken&nbsp;. Tatransk\u00e1 Lomnica ist [&hellip;]<\/p>\n","protected":false},"author":1,"featured_media":9487902,"parent":0,"menu_order":0,"comment_status":"closed","ping_status":"closed","template":"template-list.php","meta":{"footnotes":""},"class_list":["post-21158","page","type-page","status-publish","has-post-thumbnail","hentry"],"_links":{"self":[{"href":"https:\/\/regiontatry.sk\/de\/wp-json\/wp\/v2\/pages\/21158"}],"collection":[{"href":"https:\/\/regiontatry.sk\/de\/wp-json\/wp\/v2\/pages"}],"about":[{"href":"https:\/\/regiontatry.sk\/de\/wp-json\/wp\/v2\/types\/page"}],"author":[{"embeddable":true,"href":"https:\/\/regiontatry.sk\/de\/wp-json\/wp\/v2\/users\/1"}],"replies":[{"embeddable":true,"href":"https:\/\/regiontatry.sk\/de\/wp-json\/wp\/v2\/comments?post=21158"}],"version-history":[{"count":4,"href":"https:\/\/regiontatry.sk\/de\/wp-json\/wp\/v2\/pages\/21158\/revisions"}],"predecessor-version":[{"id":11140479,"href":"https:\/\/regiontatry.sk\/de\/wp-json\/wp\/v2\/pages\/21158\/revisions\/11140479"}],"wp:featuredmedia":[{"embeddable":true,"href":"https:\/\/regiontatry.sk\/de\/wp-json\/wp\/v2\/media\/9487902"}],"wp:attachment":[{"href":"https:\/\/regiontatry.sk\/de\/wp-json\/wp\/v2\/media?parent=21158"}],"curies":[{"name":"wp","href":"https:\/\/api.w.org\/{rel}","templated":true}]}}