{"id":21173,"date":"2018-09-27T13:10:04","date_gmt":"2018-09-27T11:10:04","guid":{"rendered":"https:\/\/regiontatry.sk\/skifahren\/tatranska-lomnica\/"},"modified":"2025-11-28T14:46:08","modified_gmt":"2025-11-28T13:46:08","slug":"tatranska-lomnica","status":"publish","type":"page","link":"https:\/\/regiontatry.sk\/de\/skifahren\/tatranska-lomnica\/","title":{"rendered":"Tatransk\u00e1 Lomnica"},"content":{"rendered":"\n<p>In\ndem modernsten slowakischen Skigebiet Tatransk\u00e1 Lomnica sind 12 Skipisten\nverschiedener Schwierigkeitsgrade. <\/p>\n\n\n\n<p>Ein H\u00f6henunterschied bis zu 1 300 m, 5-Monate-Schneegarantie,&nbsp;<strong>eine top-moderne 15-Personen-Gondelbahn<\/strong>&nbsp;und erweiterte Skipisten versprechen tolle Erlebnisse auf <strong>einer erstklassigen 5,5 km langen und 60 m breiten Carving-Strecke<\/strong>. Das Gebiet bietet auch fast <strong>6 km einfachere Pisten<\/strong>, was vor allem Familien mit Kindern sch\u00e4tzen werden. <\/p>\n\n\n\n<p>Sonnige Skiabenteuer kann man <strong>auf der h\u00f6chstgelegenen und steilsten slowakischen Skipiste im Bergsattel Lomnick\u00e9 sedlo<\/strong> (2190 M \u00fc.M.) erleben, der auch als das Herz der Skifahrer bekannt ist. Im Sattel k\u00f6nnen sich auch Fans von Freeride und Adrenalin voll austoben. <\/p>\n\n\n\n<figure class=\"wp-block-gallery has-nested-images columns-default is-cropped wp-block-gallery-2 is-layout-flex wp-block-gallery-is-layout-flex\">\n<figure class=\"wp-block-image size-large\"><img loading=\"lazy\" decoding=\"async\" width=\"1024\" height=\"511\" data-id=\"11191253\" src=\"https:\/\/regiontatry.sk\/wp-content\/uploads\/2025\/11\/\u00a9-Marek-Hajkovsky-foto-VT-kampan-zima-2024_3-1024x511.jpg\" alt=\"\" class=\"wp-image-11191253\" srcset=\"https:\/\/regiontatry.sk\/wp-content\/uploads\/2025\/11\/\u00a9-Marek-Hajkovsky-foto-VT-kampan-zima-2024_3-1024x511.jpg 1024w, https:\/\/regiontatry.sk\/wp-content\/uploads\/2025\/11\/\u00a9-Marek-Hajkovsky-foto-VT-kampan-zima-2024_3-300x150.jpg 300w, https:\/\/regiontatry.sk\/wp-content\/uploads\/2025\/11\/\u00a9-Marek-Hajkovsky-foto-VT-kampan-zima-2024_3-768x384.jpg 768w, https:\/\/regiontatry.sk\/wp-content\/uploads\/2025\/11\/\u00a9-Marek-Hajkovsky-foto-VT-kampan-zima-2024_3-1536x767.jpg 1536w, https:\/\/regiontatry.sk\/wp-content\/uploads\/2025\/11\/\u00a9-Marek-Hajkovsky-foto-VT-kampan-zima-2024_3-860x429.jpg 860w, https:\/\/regiontatry.sk\/wp-content\/uploads\/2025\/11\/\u00a9-Marek-Hajkovsky-foto-VT-kampan-zima-2024_3-698x349.jpg 698w, https:\/\/regiontatry.sk\/wp-content\/uploads\/2025\/11\/\u00a9-Marek-Hajkovsky-foto-VT-kampan-zima-2024_3-552x276.jpg 552w, https:\/\/regiontatry.sk\/wp-content\/uploads\/2025\/11\/\u00a9-Marek-Hajkovsky-foto-VT-kampan-zima-2024_3.jpg 1600w\" sizes=\"(max-width: 1024px) 100vw, 1024px\" \/><\/figure>\n\n\n\n<figure class=\"wp-block-image\"><img loading=\"lazy\" decoding=\"async\" width=\"1024\" height=\"683\" data-id=\"9487984\" src=\"https:\/\/regiontatry.sk\/wp-content\/uploads\/2024\/02\/TAT-220-1-1-1024x683.jpg\" alt=\"\" class=\"wp-image-9487984\" srcset=\"https:\/\/regiontatry.sk\/wp-content\/uploads\/2024\/02\/TAT-220-1-1-1024x683.jpg 1024w, https:\/\/regiontatry.sk\/wp-content\/uploads\/2024\/02\/TAT-220-1-1-300x200.jpg 300w, https:\/\/regiontatry.sk\/wp-content\/uploads\/2024\/02\/TAT-220-1-1-768x512.jpg 768w, https:\/\/regiontatry.sk\/wp-content\/uploads\/2024\/02\/TAT-220-1-1-698x466.jpg 698w, https:\/\/regiontatry.sk\/wp-content\/uploads\/2024\/02\/TAT-220-1-1-552x368.jpg 552w, https:\/\/regiontatry.sk\/wp-content\/uploads\/2024\/02\/TAT-220-1-1.jpg 1318w\" sizes=\"(max-width: 1024px) 100vw, 1024px\" \/><\/figure>\n\n\n\n<figure class=\"wp-block-image\"><img loading=\"lazy\" decoding=\"async\" width=\"900\" height=\"600\" data-id=\"13508\" src=\"https:\/\/regiontatry.sk\/wp-content\/uploads\/2018\/11\/Lomnicke-sedlo-Vysoke\u0301-Tatry-TMR-Autor-Marek-Hajkovsky_900x600.jpg\" alt=\"\" class=\"wp-image-13508\" srcset=\"https:\/\/regiontatry.sk\/wp-content\/uploads\/2018\/11\/Lomnicke-sedlo-Vysoke\u0301-Tatry-TMR-Autor-Marek-Hajkovsky_900x600.jpg 900w, https:\/\/regiontatry.sk\/wp-content\/uploads\/2018\/11\/Lomnicke-sedlo-Vysoke\u0301-Tatry-TMR-Autor-Marek-Hajkovsky_900x600-300x200.jpg 300w, https:\/\/regiontatry.sk\/wp-content\/uploads\/2018\/11\/Lomnicke-sedlo-Vysoke\u0301-Tatry-TMR-Autor-Marek-Hajkovsky_900x600-768x512.jpg 768w, https:\/\/regiontatry.sk\/wp-content\/uploads\/2018\/11\/Lomnicke-sedlo-Vysoke\u0301-Tatry-TMR-Autor-Marek-Hajkovsky_900x600-698x465.jpg 698w, https:\/\/regiontatry.sk\/wp-content\/uploads\/2018\/11\/Lomnicke-sedlo-Vysoke\u0301-Tatry-TMR-Autor-Marek-Hajkovsky_900x600-552x368.jpg 552w\" sizes=\"(max-width: 900px) 100vw, 900px\" \/><\/figure>\n<\/figure>\n\n\n\n<p>Auf\nder Lomnitzer Spitze in der Meeresh\u00f6he von 2 634 m k\u00f6nnen Sie im stilvollen\nDedo Caf\u00e9 k\u00f6stlichen Kaffee und dazu eine luxuri\u00f6se Atmosph\u00e4re und\nunvergessliche panoramatische Ausblicke genie\u00dfen. <\/p>\n\n\n\n<p>Zur\nEntspannung und Sch\u00f6pfung neuer Energie sind hochqualitative Restaurants wie\ngemacht \u2013 Restaurant Skalnat\u00e9 pleso, Pizza \u2013 Pasta Restaurant an der\nZwischenstation \u0160tart und die gr\u00f6\u00dfte Apr\u00e8s Ski Bar in der Tatra und der\nSlowakei, die sich an der Talstation der Seilbahn befindet. <\/p>\n\n\n\n<figure class=\"wp-block-gallery has-nested-images columns-default is-cropped wp-block-gallery-3 is-layout-flex wp-block-gallery-is-layout-flex\">\n<figure class=\"wp-block-image size-large\"><img loading=\"lazy\" decoding=\"async\" width=\"1024\" height=\"755\" data-id=\"9487956\" src=\"https:\/\/regiontatry.sk\/wp-content\/uploads\/2024\/02\/c-Marek-Hajkovsky-foto-LS-2018_11_11zon-1-1024x755.jpg\" alt=\"\" class=\"wp-image-9487956\" srcset=\"https:\/\/regiontatry.sk\/wp-content\/uploads\/2024\/02\/c-Marek-Hajkovsky-foto-LS-2018_11_11zon-1-1024x755.jpg 1024w, https:\/\/regiontatry.sk\/wp-content\/uploads\/2024\/02\/c-Marek-Hajkovsky-foto-LS-2018_11_11zon-1-300x221.jpg 300w, https:\/\/regiontatry.sk\/wp-content\/uploads\/2024\/02\/c-Marek-Hajkovsky-foto-LS-2018_11_11zon-1-768x566.jpg 768w, https:\/\/regiontatry.sk\/wp-content\/uploads\/2024\/02\/c-Marek-Hajkovsky-foto-LS-2018_11_11zon-1-1920x1415.jpg 1920w, https:\/\/regiontatry.sk\/wp-content\/uploads\/2024\/02\/c-Marek-Hajkovsky-foto-LS-2018_11_11zon-1-1705x1257.jpg 1705w, https:\/\/regiontatry.sk\/wp-content\/uploads\/2024\/02\/c-Marek-Hajkovsky-foto-LS-2018_11_11zon-1-698x514.jpg 698w, https:\/\/regiontatry.sk\/wp-content\/uploads\/2024\/02\/c-Marek-Hajkovsky-foto-LS-2018_11_11zon-1-552x407.jpg 552w\" sizes=\"(max-width: 1024px) 100vw, 1024px\" \/><\/figure>\n\n\n\n<figure class=\"wp-block-image size-large\"><img loading=\"lazy\" decoding=\"async\" width=\"1024\" height=\"663\" data-id=\"9487970\" src=\"https:\/\/regiontatry.sk\/wp-content\/uploads\/2024\/02\/c-Marek-Hajkovsky-foto-LS-2018_14_11zon-1-1024x663.jpg\" alt=\"\" class=\"wp-image-9487970\" srcset=\"https:\/\/regiontatry.sk\/wp-content\/uploads\/2024\/02\/c-Marek-Hajkovsky-foto-LS-2018_14_11zon-1-1024x663.jpg 1024w, https:\/\/regiontatry.sk\/wp-content\/uploads\/2024\/02\/c-Marek-Hajkovsky-foto-LS-2018_14_11zon-1-300x194.jpg 300w, https:\/\/regiontatry.sk\/wp-content\/uploads\/2024\/02\/c-Marek-Hajkovsky-foto-LS-2018_14_11zon-1-768x497.jpg 768w, https:\/\/regiontatry.sk\/wp-content\/uploads\/2024\/02\/c-Marek-Hajkovsky-foto-LS-2018_14_11zon-1-1920x1243.jpg 1920w, https:\/\/regiontatry.sk\/wp-content\/uploads\/2024\/02\/c-Marek-Hajkovsky-foto-LS-2018_14_11zon-1-1705x1104.jpg 1705w, https:\/\/regiontatry.sk\/wp-content\/uploads\/2024\/02\/c-Marek-Hajkovsky-foto-LS-2018_14_11zon-1-698x452.jpg 698w, https:\/\/regiontatry.sk\/wp-content\/uploads\/2024\/02\/c-Marek-Hajkovsky-foto-LS-2018_14_11zon-1-552x357.jpg 552w\" sizes=\"(max-width: 1024px) 100vw, 1024px\" \/><\/figure>\n\n\n\n<figure class=\"wp-block-image size-large\"><img loading=\"lazy\" decoding=\"async\" width=\"1024\" height=\"681\" data-id=\"9487992\" src=\"https:\/\/regiontatry.sk\/wp-content\/uploads\/2024\/02\/c-Marek-Hajkovsky-foto-LS-2020_134_11zon-1024x681.jpg\" alt=\"\" class=\"wp-image-9487992\" srcset=\"https:\/\/regiontatry.sk\/wp-content\/uploads\/2024\/02\/c-Marek-Hajkovsky-foto-LS-2020_134_11zon-1024x681.jpg 1024w, https:\/\/regiontatry.sk\/wp-content\/uploads\/2024\/02\/c-Marek-Hajkovsky-foto-LS-2020_134_11zon-300x200.jpg 300w, https:\/\/regiontatry.sk\/wp-content\/uploads\/2024\/02\/c-Marek-Hajkovsky-foto-LS-2020_134_11zon-768x511.jpg 768w, https:\/\/regiontatry.sk\/wp-content\/uploads\/2024\/02\/c-Marek-Hajkovsky-foto-LS-2020_134_11zon-1920x1278.jpg 1920w, https:\/\/regiontatry.sk\/wp-content\/uploads\/2024\/02\/c-Marek-Hajkovsky-foto-LS-2020_134_11zon-1705x1135.jpg 1705w, https:\/\/regiontatry.sk\/wp-content\/uploads\/2024\/02\/c-Marek-Hajkovsky-foto-LS-2020_134_11zon-698x464.jpg 698w, https:\/\/regiontatry.sk\/wp-content\/uploads\/2024\/02\/c-Marek-Hajkovsky-foto-LS-2020_134_11zon-552x367.jpg 552w\" sizes=\"(max-width: 1024px) 100vw, 1024px\" \/><\/figure>\n<\/figure>\n\n\n\n<p>Beliebt ist auch die Audi Ski Arena \u2013 eine Slalomstrecke mit Zeitmessung, die w\u00e4hrend des ganzen Winters <strong>auf der Piste \u010cu\u010doriedky z\u00e1pad (Ostseite der Piste)<\/strong> zur Verf\u00fcgung steht. <\/p>\n\n\n\n<figure class=\"wp-block-image size-large\"><img loading=\"lazy\" decoding=\"async\" width=\"1024\" height=\"738\" src=\"https:\/\/regiontatry.sk\/wp-content\/uploads\/2025\/11\/mapa-TL_2025-26_rozmery_press_420-x-297_page-1024x738.jpg\" alt=\"\" class=\"wp-image-13150343\" srcset=\"https:\/\/regiontatry.sk\/wp-content\/uploads\/2025\/11\/mapa-TL_2025-26_rozmery_press_420-x-297_page-1024x738.jpg 1024w, https:\/\/regiontatry.sk\/wp-content\/uploads\/2025\/11\/mapa-TL_2025-26_rozmery_press_420-x-297_page-300x216.jpg 300w, https:\/\/regiontatry.sk\/wp-content\/uploads\/2025\/11\/mapa-TL_2025-26_rozmery_press_420-x-297_page-768x554.jpg 768w, https:\/\/regiontatry.sk\/wp-content\/uploads\/2025\/11\/mapa-TL_2025-26_rozmery_press_420-x-297_page-1536x1107.jpg 1536w, https:\/\/regiontatry.sk\/wp-content\/uploads\/2025\/11\/mapa-TL_2025-26_rozmery_press_420-x-297_page-2048x1476.jpg 2048w, https:\/\/regiontatry.sk\/wp-content\/uploads\/2025\/11\/mapa-TL_2025-26_rozmery_press_420-x-297_page-1920x1384.jpg 1920w, https:\/\/regiontatry.sk\/wp-content\/uploads\/2025\/11\/mapa-TL_2025-26_rozmery_press_420-x-297_page-1705x1229.jpg 1705w, https:\/\/regiontatry.sk\/wp-content\/uploads\/2025\/11\/mapa-TL_2025-26_rozmery_press_420-x-297_page-860x620.jpg 860w, https:\/\/regiontatry.sk\/wp-content\/uploads\/2025\/11\/mapa-TL_2025-26_rozmery_press_420-x-297_page-698x503.jpg 698w, https:\/\/regiontatry.sk\/wp-content\/uploads\/2025\/11\/mapa-TL_2025-26_rozmery_press_420-x-297_page-552x398.jpg 552w\" sizes=\"(max-width: 1024px) 100vw, 1024px\" \/><\/figure>\n\n\n\n<h3 class=\"wp-block-heading\"><br><strong><a href=\"https:\/\/www.vt.sk\/\" target=\"_blank\" rel=\"noreferrer noopener\">Resort-Webseite <br><\/a><\/strong><\/h3>\n\n\n\n<p><\/p>\n","protected":false},"excerpt":{"rendered":"<p>In dem modernsten slowakischen Skigebiet Tatransk\u00e1 Lomnica sind 12 Skipisten verschiedener Schwierigkeitsgrade. Ein H\u00f6henunterschied bis zu 1 300 m, 5-Monate-Schneegarantie,&nbsp;eine top-moderne 15-Personen-Gondelbahn&nbsp;und erweiterte Skipisten versprechen tolle Erlebnisse auf einer erstklassigen 5,5 km langen und 60 m breiten Carving-Strecke. Das Gebiet bietet auch fast 6 km einfachere Pisten, was vor allem Familien mit Kindern sch\u00e4tzen werden. [&hellip;]<\/p>\n","protected":false},"author":2,"featured_media":11191244,"parent":21158,"menu_order":0,"comment_status":"closed","ping_status":"closed","template":"template-list.php","meta":{"footnotes":""},"class_list":["post-21173","page","type-page","status-publish","has-post-thumbnail","hentry"],"_links":{"self":[{"href":"https:\/\/regiontatry.sk\/de\/wp-json\/wp\/v2\/pages\/21173"}],"collection":[{"href":"https:\/\/regiontatry.sk\/de\/wp-json\/wp\/v2\/pages"}],"about":[{"href":"https:\/\/regiontatry.sk\/de\/wp-json\/wp\/v2\/types\/page"}],"author":[{"embeddable":true,"href":"https:\/\/regiontatry.sk\/de\/wp-json\/wp\/v2\/users\/2"}],"replies":[{"embeddable":true,"href":"https:\/\/regiontatry.sk\/de\/wp-json\/wp\/v2\/comments?post=21173"}],"version-history":[{"count":6,"href":"https:\/\/regiontatry.sk\/de\/wp-json\/wp\/v2\/pages\/21173\/revisions"}],"predecessor-version":[{"id":13150350,"href":"https:\/\/regiontatry.sk\/de\/wp-json\/wp\/v2\/pages\/21173\/revisions\/13150350"}],"up":[{"embeddable":true,"href":"https:\/\/regiontatry.sk\/de\/wp-json\/wp\/v2\/pages\/21158"}],"wp:featuredmedia":[{"embeddable":true,"href":"https:\/\/regiontatry.sk\/de\/wp-json\/wp\/v2\/media\/11191244"}],"wp:attachment":[{"href":"https:\/\/regiontatry.sk\/de\/wp-json\/wp\/v2\/media?parent=21173"}],"curies":[{"name":"wp","href":"https:\/\/api.w.org\/{rel}","templated":true}]}}