{"id":21180,"date":"2018-09-27T13:15:10","date_gmt":"2018-09-27T11:15:10","guid":{"rendered":"https:\/\/regiontatry.sk\/skifahren\/strbske-pleso\/"},"modified":"2025-11-28T14:57:17","modified_gmt":"2025-11-28T13:57:17","slug":"strbske-pleso","status":"publish","type":"page","link":"https:\/\/regiontatry.sk\/de\/skifahren\/strbske-pleso\/","title":{"rendered":"\u0160trbsk\u00e9 Pleso"},"content":{"rendered":"\n<p>\u0160trbsk\u00e9\nPleso ist&nbsp;<strong>das h\u00f6chstgelegene Skigebiet <\/strong>mit der Seilbahntalstation in der Meeresh\u00f6he von 1400 m und <strong>der\nl\u00e4ngsten Skisaison in der Slowakei. <\/strong>Skifahrer lockt es an tolle Slalom-,\nAbfahrt- und Langlaufstrecken sowie erstklassige Dienstleistungen.<\/p>\n\n\n\n<figure class=\"wp-block-image is-resized\"><img loading=\"lazy\" decoding=\"async\" width=\"3017\" height=\"1266\" src=\"https:\/\/regiontatry.sk\/wp-content\/uploads\/2018\/11\/NJf9YprQ.jpeg\" alt=\"\" class=\"wp-image-13540\" style=\"width:546px;height:auto\" srcset=\"https:\/\/regiontatry.sk\/wp-content\/uploads\/2018\/11\/NJf9YprQ.jpeg 3017w, https:\/\/regiontatry.sk\/wp-content\/uploads\/2018\/11\/NJf9YprQ-300x126.jpeg 300w, https:\/\/regiontatry.sk\/wp-content\/uploads\/2018\/11\/NJf9YprQ-768x322.jpeg 768w, https:\/\/regiontatry.sk\/wp-content\/uploads\/2018\/11\/NJf9YprQ-1024x430.jpeg 1024w, https:\/\/regiontatry.sk\/wp-content\/uploads\/2018\/11\/NJf9YprQ-1920x806.jpeg 1920w, https:\/\/regiontatry.sk\/wp-content\/uploads\/2018\/11\/NJf9YprQ-1705x715.jpeg 1705w, https:\/\/regiontatry.sk\/wp-content\/uploads\/2018\/11\/NJf9YprQ-698x293.jpeg 698w, https:\/\/regiontatry.sk\/wp-content\/uploads\/2018\/11\/NJf9YprQ-552x232.jpeg 552w\" sizes=\"(max-width: 3017px) 100vw, 3017px\" \/><\/figure>\n\n\n\n<h3 class=\"wp-block-heading\">Neue 8er-Sesselbahn am \u0160trbsk\u00e9 Pleso<\/h3>\n\n\n\n<p>Ab Dezember 2025 wird am \u0160trbsk\u00e9 Pleso eine <strong>neue 8er-Sesselbahn<\/strong> von Leitner in Betrieb gehen, die den alten Lift aus dem Jahr 1976 ersetzt. Die moderne Technologie mit kuppelbaren Sesseln sorgt f\u00fcr eine komfortable Bef\u00f6rderung mit einer Kapazit\u00e4t von 2.400 Personen pro Stunde. Die Bahn bringt Skifahrer auf die <strong>Medvedia Kopa<\/strong>, von wo aus sie die <strong>Furkota-Bahn oder die Pisten Interski und Turistick\u00e1 erreichen. <\/strong>Auch bei ung\u00fcnstigen Bedingungen ist ein sicherer Transport gew\u00e4hrleistet, und dank der Wetterschutzhaube ist die Fahrt besonders angenehm \u2013 ideal f\u00fcr Familien mit Kindern.<\/p>\n\n\n\n<figure class=\"wp-block-gallery has-nested-images columns-default is-cropped wp-block-gallery-2 is-layout-flex wp-block-gallery-is-layout-flex\">\n<figure class=\"wp-block-image size-large\"><img loading=\"lazy\" decoding=\"async\" width=\"570\" height=\"428\" data-id=\"11193945\" src=\"https:\/\/regiontatry.sk\/wp-content\/uploads\/2025\/11\/csm_Nova_lanovka_na_Strbskom_Plese_3bb17c9101-edited-1.png\" alt=\"\" class=\"wp-image-11193945\" srcset=\"https:\/\/regiontatry.sk\/wp-content\/uploads\/2025\/11\/csm_Nova_lanovka_na_Strbskom_Plese_3bb17c9101-edited-1.png 570w, https:\/\/regiontatry.sk\/wp-content\/uploads\/2025\/11\/csm_Nova_lanovka_na_Strbskom_Plese_3bb17c9101-edited-1-300x225.png 300w, https:\/\/regiontatry.sk\/wp-content\/uploads\/2025\/11\/csm_Nova_lanovka_na_Strbskom_Plese_3bb17c9101-edited-1-552x414.png 552w\" sizes=\"(max-width: 570px) 100vw, 570px\" \/><\/figure>\n\n\n\n<figure class=\"wp-block-image size-large\"><img loading=\"lazy\" decoding=\"async\" width=\"1024\" height=\"657\" data-id=\"11193919\" src=\"https:\/\/regiontatry.sk\/wp-content\/uploads\/2025\/11\/\u00a9-Marek-Hajkovsky-foto-VT-strbske-pleso-1-1024x657.jpg\" alt=\"\" class=\"wp-image-11193919\" srcset=\"https:\/\/regiontatry.sk\/wp-content\/uploads\/2025\/11\/\u00a9-Marek-Hajkovsky-foto-VT-strbske-pleso-1-1024x657.jpg 1024w, https:\/\/regiontatry.sk\/wp-content\/uploads\/2025\/11\/\u00a9-Marek-Hajkovsky-foto-VT-strbske-pleso-1-300x193.jpg 300w, https:\/\/regiontatry.sk\/wp-content\/uploads\/2025\/11\/\u00a9-Marek-Hajkovsky-foto-VT-strbske-pleso-1-768x493.jpg 768w, https:\/\/regiontatry.sk\/wp-content\/uploads\/2025\/11\/\u00a9-Marek-Hajkovsky-foto-VT-strbske-pleso-1-1536x986.jpg 1536w, https:\/\/regiontatry.sk\/wp-content\/uploads\/2025\/11\/\u00a9-Marek-Hajkovsky-foto-VT-strbske-pleso-1-860x552.jpg 860w, https:\/\/regiontatry.sk\/wp-content\/uploads\/2025\/11\/\u00a9-Marek-Hajkovsky-foto-VT-strbske-pleso-1-698x448.jpg 698w, https:\/\/regiontatry.sk\/wp-content\/uploads\/2025\/11\/\u00a9-Marek-Hajkovsky-foto-VT-strbske-pleso-1-552x354.jpg 552w, https:\/\/regiontatry.sk\/wp-content\/uploads\/2025\/11\/\u00a9-Marek-Hajkovsky-foto-VT-strbske-pleso-1.jpg 1600w\" sizes=\"(max-width: 1024px) 100vw, 1024px\" \/><\/figure>\n<\/figure>\n\n\n\n<p>\u0160trbsk\u00e9 Pleso ist eines der begehrtesten Skigebiete der Slowakei. Es bietet&nbsp;<strong>9 Kilometer einfache und mittelschwere Skipisten, <\/strong>die vor allem Familien mit Kindern aber auch erfahrene Skifahrer lieben. Vom Auffangparkplatz und von Hotels fahren ins Gebiet regelm\u00e4\u00dfig <a href=\"https:\/\/regiontatry.sk\/de\/skifahren\/ski-aqua-bus\/\">\u00f6kologische Skibusse.<\/a><\/p>\n\n\n\n<figure class=\"wp-block-gallery has-nested-images columns-default is-cropped wp-block-gallery-3 is-layout-flex wp-block-gallery-is-layout-flex\">\n<figure class=\"wp-block-image size-large\"><img loading=\"lazy\" decoding=\"async\" width=\"1024\" height=\"391\" data-id=\"21188\" src=\"https:\/\/regiontatry.sk\/wp-content\/uploads\/2018\/11\/strbske_ski_2-1024x391.jpeg\" alt=\"\" class=\"wp-image-21188\" srcset=\"https:\/\/regiontatry.sk\/wp-content\/uploads\/2018\/11\/strbske_ski_2-1024x391.jpeg 1024w, https:\/\/regiontatry.sk\/wp-content\/uploads\/2018\/11\/strbske_ski_2-300x114.jpeg 300w, https:\/\/regiontatry.sk\/wp-content\/uploads\/2018\/11\/strbske_ski_2-768x293.jpeg 768w, https:\/\/regiontatry.sk\/wp-content\/uploads\/2018\/11\/strbske_ski_2-1920x732.jpeg 1920w, https:\/\/regiontatry.sk\/wp-content\/uploads\/2018\/11\/strbske_ski_2-1705x650.jpeg 1705w, https:\/\/regiontatry.sk\/wp-content\/uploads\/2018\/11\/strbske_ski_2-698x266.jpeg 698w, https:\/\/regiontatry.sk\/wp-content\/uploads\/2018\/11\/strbske_ski_2-552x211.jpeg 552w\" sizes=\"(max-width: 1024px) 100vw, 1024px\" \/><\/figure>\n\n\n\n<figure class=\"wp-block-image size-large\"><img loading=\"lazy\" decoding=\"async\" width=\"1024\" height=\"683\" data-id=\"9488002\" src=\"https:\/\/regiontatry.sk\/wp-content\/uploads\/2024\/02\/c-Marek-Hajkovsky-foto-VT-2017_176_11zon-1024x683.jpg\" alt=\"\" class=\"wp-image-9488002\" srcset=\"https:\/\/regiontatry.sk\/wp-content\/uploads\/2024\/02\/c-Marek-Hajkovsky-foto-VT-2017_176_11zon-1024x683.jpg 1024w, https:\/\/regiontatry.sk\/wp-content\/uploads\/2024\/02\/c-Marek-Hajkovsky-foto-VT-2017_176_11zon-300x200.jpg 300w, https:\/\/regiontatry.sk\/wp-content\/uploads\/2024\/02\/c-Marek-Hajkovsky-foto-VT-2017_176_11zon-768x513.jpg 768w, https:\/\/regiontatry.sk\/wp-content\/uploads\/2024\/02\/c-Marek-Hajkovsky-foto-VT-2017_176_11zon-1920x1281.jpg 1920w, https:\/\/regiontatry.sk\/wp-content\/uploads\/2024\/02\/c-Marek-Hajkovsky-foto-VT-2017_176_11zon-1705x1138.jpg 1705w, https:\/\/regiontatry.sk\/wp-content\/uploads\/2024\/02\/c-Marek-Hajkovsky-foto-VT-2017_176_11zon-698x466.jpg 698w, https:\/\/regiontatry.sk\/wp-content\/uploads\/2024\/02\/c-Marek-Hajkovsky-foto-VT-2017_176_11zon-552x368.jpg 552w\" sizes=\"(max-width: 1024px) 100vw, 1024px\" \/><\/figure>\n\n\n\n<figure class=\"wp-block-image size-large\"><img decoding=\"async\" data-id=\"11191263\" src=\"https:\/\/regiontatry.sk\/wp-content\/uploads\/2025\/11\/\u00a9-Marek-Hajkovsky-foto-VT-strbske-pleso-1024x581.jpg\" alt=\"\" class=\"wp-image-11191263\"\/><\/figure>\n<\/figure>\n\n\n\n<p>\u0160trbsk\u00e9 Pleso ist das gr\u00f6\u00dfte Langlaufzentrum in der Tatra mit <strong>20 km<\/strong>&nbsp;<strong><a href=\"https:\/\/regiontatry.sk\/de\/skifahren\/langlauf\/\" target=\"_blank\" rel=\"noreferrer noopener\" aria-label=\" (otvor\u00ed sa v novej karte)\">Langlaufstrecken<\/a><\/strong>, also 8 professionell pr\u00e4parierten, von 0,5 bis 5 km langen Langlaufstrecken. Das SNOW-Langlaufareal steht dank Beschneiung w\u00e4hrend der ganzen Wintersaison zur Verf\u00fcgung. Mit verschiedenen Schwierigkeitsgraden und der Auswahl der Strecken k\u00f6nnen Anf\u00e4nger sowie Professionale zufrieden sein. Vollen Gas kann man im FIS-Areal geben, sich beim langsameren Lauf um den Bergsee \u0160trbsk\u00e9 pleso herum dann erholen oder mit touristischem Tempo das Tal Furkotsk\u00e1 dolina bewundern.<\/p>\n\n\n\n<figure class=\"wp-block-gallery has-nested-images columns-default is-cropped wp-block-gallery-4 is-layout-flex wp-block-gallery-is-layout-flex\">\n<figure class=\"wp-block-image size-large\"><img loading=\"lazy\" decoding=\"async\" width=\"1024\" height=\"633\" data-id=\"8600543\" src=\"https:\/\/regiontatry.sk\/wp-content\/uploads\/2022\/11\/c-Marek-Hajkovsky-foto-BEZKY-2021-16_11zon-1-1024x633.jpg\" alt=\"\" class=\"wp-image-8600543\" srcset=\"https:\/\/regiontatry.sk\/wp-content\/uploads\/2022\/11\/c-Marek-Hajkovsky-foto-BEZKY-2021-16_11zon-1-1024x633.jpg 1024w, https:\/\/regiontatry.sk\/wp-content\/uploads\/2022\/11\/c-Marek-Hajkovsky-foto-BEZKY-2021-16_11zon-1-300x186.jpg 300w, https:\/\/regiontatry.sk\/wp-content\/uploads\/2022\/11\/c-Marek-Hajkovsky-foto-BEZKY-2021-16_11zon-1-768x475.jpg 768w, https:\/\/regiontatry.sk\/wp-content\/uploads\/2022\/11\/c-Marek-Hajkovsky-foto-BEZKY-2021-16_11zon-1-1920x1187.jpg 1920w, https:\/\/regiontatry.sk\/wp-content\/uploads\/2022\/11\/c-Marek-Hajkovsky-foto-BEZKY-2021-16_11zon-1-1705x1054.jpg 1705w, https:\/\/regiontatry.sk\/wp-content\/uploads\/2022\/11\/c-Marek-Hajkovsky-foto-BEZKY-2021-16_11zon-1-698x432.jpg 698w, https:\/\/regiontatry.sk\/wp-content\/uploads\/2022\/11\/c-Marek-Hajkovsky-foto-BEZKY-2021-16_11zon-1-552x341.jpg 552w\" sizes=\"(max-width: 1024px) 100vw, 1024px\" \/><\/figure>\n\n\n\n<figure class=\"wp-block-image size-large\"><img loading=\"lazy\" decoding=\"async\" width=\"1024\" height=\"609\" data-id=\"9577339\" src=\"https:\/\/regiontatry.sk\/wp-content\/uploads\/2024\/03\/c-Marek-Hajkovsky-foto-BEZKY-2021-21_11zon-1024x609.jpg\" alt=\"\" class=\"wp-image-9577339\" srcset=\"https:\/\/regiontatry.sk\/wp-content\/uploads\/2024\/03\/c-Marek-Hajkovsky-foto-BEZKY-2021-21_11zon-1024x609.jpg 1024w, https:\/\/regiontatry.sk\/wp-content\/uploads\/2024\/03\/c-Marek-Hajkovsky-foto-BEZKY-2021-21_11zon-300x178.jpg 300w, https:\/\/regiontatry.sk\/wp-content\/uploads\/2024\/03\/c-Marek-Hajkovsky-foto-BEZKY-2021-21_11zon-768x457.jpg 768w, https:\/\/regiontatry.sk\/wp-content\/uploads\/2024\/03\/c-Marek-Hajkovsky-foto-BEZKY-2021-21_11zon-1920x1142.jpg 1920w, https:\/\/regiontatry.sk\/wp-content\/uploads\/2024\/03\/c-Marek-Hajkovsky-foto-BEZKY-2021-21_11zon-1705x1014.jpg 1705w, https:\/\/regiontatry.sk\/wp-content\/uploads\/2024\/03\/c-Marek-Hajkovsky-foto-BEZKY-2021-21_11zon-698x415.jpg 698w, https:\/\/regiontatry.sk\/wp-content\/uploads\/2024\/03\/c-Marek-Hajkovsky-foto-BEZKY-2021-21_11zon-552x328.jpg 552w\" sizes=\"(max-width: 1024px) 100vw, 1024px\" \/><\/figure>\n<\/figure>\n\n\n\n<p>Adrenalin-Fans sind zum attraktiven <strong>Snowpark<\/strong> auf der linken Seite der Skipiste Interski herzlich eingeladen, wo viele beliebte Sport-Adrenalin-Wettk\u00e4mpfe stattfinden.<\/p>\n\n\n\n<p>Die wundersch\u00f6ne Umgebung der h\u00f6chstgelegenen Ortschaft der Tatra mit\nmagischer Atmosph\u00e4re, langer Geschichte und luxuri\u00f6sen Hotels garantiert die\nbesten Skifahrerlebnisse mit viel Spa\u00df. <\/p>\n\n\n\n<figure class=\"wp-block-image size-large\"><img loading=\"lazy\" decoding=\"async\" width=\"1024\" height=\"738\" src=\"https:\/\/regiontatry.sk\/wp-content\/uploads\/2025\/11\/mapa-SP_2025-26_rozmery_press_420-x-297_page-1024x738.jpg\" alt=\"\" class=\"wp-image-13150357\" srcset=\"https:\/\/regiontatry.sk\/wp-content\/uploads\/2025\/11\/mapa-SP_2025-26_rozmery_press_420-x-297_page-1024x738.jpg 1024w, https:\/\/regiontatry.sk\/wp-content\/uploads\/2025\/11\/mapa-SP_2025-26_rozmery_press_420-x-297_page-300x216.jpg 300w, https:\/\/regiontatry.sk\/wp-content\/uploads\/2025\/11\/mapa-SP_2025-26_rozmery_press_420-x-297_page-768x554.jpg 768w, https:\/\/regiontatry.sk\/wp-content\/uploads\/2025\/11\/mapa-SP_2025-26_rozmery_press_420-x-297_page-1536x1107.jpg 1536w, https:\/\/regiontatry.sk\/wp-content\/uploads\/2025\/11\/mapa-SP_2025-26_rozmery_press_420-x-297_page-2048x1476.jpg 2048w, https:\/\/regiontatry.sk\/wp-content\/uploads\/2025\/11\/mapa-SP_2025-26_rozmery_press_420-x-297_page-1920x1384.jpg 1920w, https:\/\/regiontatry.sk\/wp-content\/uploads\/2025\/11\/mapa-SP_2025-26_rozmery_press_420-x-297_page-1705x1229.jpg 1705w, https:\/\/regiontatry.sk\/wp-content\/uploads\/2025\/11\/mapa-SP_2025-26_rozmery_press_420-x-297_page-860x620.jpg 860w, https:\/\/regiontatry.sk\/wp-content\/uploads\/2025\/11\/mapa-SP_2025-26_rozmery_press_420-x-297_page-698x503.jpg 698w, https:\/\/regiontatry.sk\/wp-content\/uploads\/2025\/11\/mapa-SP_2025-26_rozmery_press_420-x-297_page-552x398.jpg 552w\" sizes=\"(max-width: 1024px) 100vw, 1024px\" \/><\/figure>\n\n\n\n<h3 class=\"wp-block-heading\"><br><strong><a href=\"https:\/\/www.vt.sk\/\" target=\"_blank\" rel=\"noreferrer noopener\">Resort-Webseite <br><\/a><\/strong><\/h3>\n","protected":false},"excerpt":{"rendered":"<p>\u0160trbsk\u00e9 Pleso ist&nbsp;das h\u00f6chstgelegene Skigebiet mit der Seilbahntalstation in der Meeresh\u00f6he von 1400 m und der l\u00e4ngsten Skisaison in der Slowakei. Skifahrer lockt es an tolle Slalom-, Abfahrt- und Langlaufstrecken sowie erstklassige Dienstleistungen. Neue 8er-Sesselbahn am \u0160trbsk\u00e9 Pleso Ab Dezember 2025 wird am \u0160trbsk\u00e9 Pleso eine neue 8er-Sesselbahn von Leitner in Betrieb gehen, die den [&hellip;]<\/p>\n","protected":false},"author":2,"featured_media":11191263,"parent":21158,"menu_order":0,"comment_status":"closed","ping_status":"closed","template":"template-simple-page.php","meta":{"footnotes":""},"class_list":["post-21180","page","type-page","status-publish","has-post-thumbnail","hentry"],"_links":{"self":[{"href":"https:\/\/regiontatry.sk\/de\/wp-json\/wp\/v2\/pages\/21180"}],"collection":[{"href":"https:\/\/regiontatry.sk\/de\/wp-json\/wp\/v2\/pages"}],"about":[{"href":"https:\/\/regiontatry.sk\/de\/wp-json\/wp\/v2\/types\/page"}],"author":[{"embeddable":true,"href":"https:\/\/regiontatry.sk\/de\/wp-json\/wp\/v2\/users\/2"}],"replies":[{"embeddable":true,"href":"https:\/\/regiontatry.sk\/de\/wp-json\/wp\/v2\/comments?post=21180"}],"version-history":[{"count":6,"href":"https:\/\/regiontatry.sk\/de\/wp-json\/wp\/v2\/pages\/21180\/revisions"}],"predecessor-version":[{"id":13150364,"href":"https:\/\/regiontatry.sk\/de\/wp-json\/wp\/v2\/pages\/21180\/revisions\/13150364"}],"up":[{"embeddable":true,"href":"https:\/\/regiontatry.sk\/de\/wp-json\/wp\/v2\/pages\/21158"}],"wp:featuredmedia":[{"embeddable":true,"href":"https:\/\/regiontatry.sk\/de\/wp-json\/wp\/v2\/media\/11191263"}],"wp:attachment":[{"href":"https:\/\/regiontatry.sk\/de\/wp-json\/wp\/v2\/media?parent=21180"}],"curies":[{"name":"wp","href":"https:\/\/api.w.org\/{rel}","templated":true}]}}