{"id":21192,"date":"2018-09-27T13:18:25","date_gmt":"2018-09-27T11:18:25","guid":{"rendered":"https:\/\/regiontatry.sk\/skifahren\/stary-smokovec\/"},"modified":"2025-11-19T22:33:43","modified_gmt":"2025-11-19T21:33:43","slug":"stary-smokovec","status":"publish","type":"page","link":"https:\/\/regiontatry.sk\/de\/skifahren\/stary-smokovec\/","title":{"rendered":"Star\u00fd Smokovec"},"content":{"rendered":"\n<p><strong>F\u00fcr weniger anspruchsvolle Skifahrer und vor allem f\u00fcr Anf\u00e4nger ist <\/strong>Star\u00fd Smokovec die ideale Destination. Jakubkova l\u00faka mit Skipisten verschiedener Schwierigkeitsgrade ist perfekt f\u00fcr Vorbereitung auf schwerere Strecken.<\/p>\n\n\n\n<p>Falls Sie Skifahren auch Ihren Kindern beibringen wollen, sind <a href=\"https:\/\/regiontatry.sk\/lyzovanie\/lyziarske-skoly\/\"><strong>Skischul<\/strong><\/a> lehrer f\u00fcr Sie da.<\/p>\n\n\n\n<p>Im Skigebiet sind auch g\u00fcnstigere Skip\u00e4sse zur Verf\u00fcgung, die nur dort\ngelten, was weniger anspruchsvolle Skifahrer und Anf\u00e4nger sch\u00e4tzen werden. <\/p>\n\n\n\n<figure class=\"wp-block-gallery has-nested-images columns-default is-cropped wp-block-gallery-2 is-layout-flex wp-block-gallery-is-layout-flex\">\n<figure class=\"wp-block-image size-large\"><img loading=\"lazy\" decoding=\"async\" width=\"648\" height=\"486\" data-id=\"11193974\" src=\"https:\/\/regiontatry.sk\/wp-content\/uploads\/2025\/11\/lyziarskaskola-edited.png\" alt=\"\" class=\"wp-image-11193974\" srcset=\"https:\/\/regiontatry.sk\/wp-content\/uploads\/2025\/11\/lyziarskaskola-edited.png 648w, https:\/\/regiontatry.sk\/wp-content\/uploads\/2025\/11\/lyziarskaskola-edited-300x225.png 300w, https:\/\/regiontatry.sk\/wp-content\/uploads\/2025\/11\/lyziarskaskola-edited-552x414.png 552w\" sizes=\"(max-width: 648px) 100vw, 648px\" \/><\/figure>\n\n\n\n<figure class=\"wp-block-image size-large\"><img loading=\"lazy\" decoding=\"async\" width=\"1024\" height=\"682\" data-id=\"11193967\" src=\"https:\/\/regiontatry.sk\/wp-content\/uploads\/2025\/11\/lyziarska-skola-1024x682.jpg\" alt=\"\" class=\"wp-image-11193967\" srcset=\"https:\/\/regiontatry.sk\/wp-content\/uploads\/2025\/11\/lyziarska-skola-1024x682.jpg 1024w, https:\/\/regiontatry.sk\/wp-content\/uploads\/2025\/11\/lyziarska-skola-300x200.jpg 300w, https:\/\/regiontatry.sk\/wp-content\/uploads\/2025\/11\/lyziarska-skola-768x511.jpg 768w, https:\/\/regiontatry.sk\/wp-content\/uploads\/2025\/11\/lyziarska-skola-1536x1022.jpg 1536w, https:\/\/regiontatry.sk\/wp-content\/uploads\/2025\/11\/lyziarska-skola-860x572.jpg 860w, https:\/\/regiontatry.sk\/wp-content\/uploads\/2025\/11\/lyziarska-skola-698x465.jpg 698w, https:\/\/regiontatry.sk\/wp-content\/uploads\/2025\/11\/lyziarska-skola-552x367.jpg 552w, https:\/\/regiontatry.sk\/wp-content\/uploads\/2025\/11\/lyziarska-skola.jpg 1600w\" sizes=\"(max-width: 1024px) 100vw, 1024px\" \/><\/figure>\n<\/figure>\n\n\n\n<p>Zur Entspannung nach dem Skifahren ist Tages- und Nacht-<a href=\"https:\/\/regiontatry.sk\/aktivity-a-atrakcie\/sankovacka\/\"><strong>Rodeln<\/strong><\/a><strong>&nbsp;auf einer 2,5 km langen Strecke von Hrebienok nach\nStar\u00fd Smokovec<\/strong> wie geschaffen. Nach oben kann\nman bequem mit einer Standseilbahn fahren. <\/p>\n\n\n\n<figure class=\"wp-block-gallery has-nested-images columns-default is-cropped wp-block-gallery-3 is-layout-flex wp-block-gallery-is-layout-flex\">\n<figure class=\"wp-block-image size-large\"><img loading=\"lazy\" decoding=\"async\" width=\"1024\" height=\"597\" data-id=\"7201005\" src=\"https:\/\/regiontatry.sk\/wp-content\/uploads\/2021\/12\/c-Marek-Hajkovsky-foto-VT-2017_255_Hrebienok-lanovka-\u2013-small-1024x597.jpg\" alt=\"\" class=\"wp-image-7201005\" srcset=\"https:\/\/regiontatry.sk\/wp-content\/uploads\/2021\/12\/c-Marek-Hajkovsky-foto-VT-2017_255_Hrebienok-lanovka-\u2013-small-1024x597.jpg 1024w, https:\/\/regiontatry.sk\/wp-content\/uploads\/2021\/12\/c-Marek-Hajkovsky-foto-VT-2017_255_Hrebienok-lanovka-\u2013-small-300x175.jpg 300w, https:\/\/regiontatry.sk\/wp-content\/uploads\/2021\/12\/c-Marek-Hajkovsky-foto-VT-2017_255_Hrebienok-lanovka-\u2013-small-768x448.jpg 768w, https:\/\/regiontatry.sk\/wp-content\/uploads\/2021\/12\/c-Marek-Hajkovsky-foto-VT-2017_255_Hrebienok-lanovka-\u2013-small-1920x1120.jpg 1920w, https:\/\/regiontatry.sk\/wp-content\/uploads\/2021\/12\/c-Marek-Hajkovsky-foto-VT-2017_255_Hrebienok-lanovka-\u2013-small-1705x995.jpg 1705w, https:\/\/regiontatry.sk\/wp-content\/uploads\/2021\/12\/c-Marek-Hajkovsky-foto-VT-2017_255_Hrebienok-lanovka-\u2013-small-698x407.jpg 698w, https:\/\/regiontatry.sk\/wp-content\/uploads\/2021\/12\/c-Marek-Hajkovsky-foto-VT-2017_255_Hrebienok-lanovka-\u2013-small-552x322.jpg 552w\" sizes=\"(max-width: 1024px) 100vw, 1024px\" \/><\/figure>\n\n\n\n<figure class=\"wp-block-image size-large\"><img loading=\"lazy\" decoding=\"async\" width=\"1024\" height=\"692\" data-id=\"9994709\" src=\"https:\/\/regiontatry.sk\/wp-content\/uploads\/2024\/11\/c-Marek-Hajkovsky-foto-sankovacka-Hrebienok-2018_15-1024x692.jpg\" alt=\"\" class=\"wp-image-9994709\" srcset=\"https:\/\/regiontatry.sk\/wp-content\/uploads\/2024\/11\/c-Marek-Hajkovsky-foto-sankovacka-Hrebienok-2018_15-1024x692.jpg 1024w, https:\/\/regiontatry.sk\/wp-content\/uploads\/2024\/11\/c-Marek-Hajkovsky-foto-sankovacka-Hrebienok-2018_15-300x203.jpg 300w, https:\/\/regiontatry.sk\/wp-content\/uploads\/2024\/11\/c-Marek-Hajkovsky-foto-sankovacka-Hrebienok-2018_15-768x519.jpg 768w, https:\/\/regiontatry.sk\/wp-content\/uploads\/2024\/11\/c-Marek-Hajkovsky-foto-sankovacka-Hrebienok-2018_15-860x581.jpg 860w, https:\/\/regiontatry.sk\/wp-content\/uploads\/2024\/11\/c-Marek-Hajkovsky-foto-sankovacka-Hrebienok-2018_15-698x472.jpg 698w, https:\/\/regiontatry.sk\/wp-content\/uploads\/2024\/11\/c-Marek-Hajkovsky-foto-sankovacka-Hrebienok-2018_15-552x373.jpg 552w, https:\/\/regiontatry.sk\/wp-content\/uploads\/2024\/11\/c-Marek-Hajkovsky-foto-sankovacka-Hrebienok-2018_15.jpg 1500w\" sizes=\"(max-width: 1024px) 100vw, 1024px\" \/><\/figure>\n<\/figure>\n\n\n\n<p>Das Gebiet Star\u00fd Smokovec ist ein<strong>&nbsp;idealer Ausgangspunkt f\u00fcr&nbsp;<\/strong><a href=\"https:\/\/regiontatry.sk\/zimne-vylety\/\"><strong>Wintertouren<\/strong><\/a>&nbsp;zu Hochgebirgsh\u00fctten und\nWasserf\u00e4llen. Touristen, die keine Angst vor K\u00e4lte haben, werden von der\nschneebedeckten m\u00e4rchenhafte Landschaft und knackendem Schnee unter den F\u00fc\u00dfen begeistert\nsein. <\/p>\n\n\n\n<p>Hrebienok wird zum Zentrum der Eisbildhauerei in Winter. Eiskunstmeisterschaften bekannt als <strong>Tatry<br>Ice Master<\/strong>\u00a0finden hier jedes Jahr statt und noch vorher wird dort ein wundersch\u00f6ner <strong><a href=\"https:\/\/regiontatry.sk\/de\/tatra-dom-aus-eis\/\">Tatra-Dom<br>aus Eis <\/a><\/strong>gebaut.<\/p>\n\n\n\n<figure class=\"wp-block-gallery has-nested-images columns-default is-cropped wp-block-gallery-4 is-layout-flex wp-block-gallery-is-layout-flex\">\n<figure class=\"wp-block-image\"><img loading=\"lazy\" decoding=\"async\" width=\"667\" height=\"1000\" data-id=\"6094\" src=\"https:\/\/regiontatry.sk\/wp-content\/uploads\/2018\/10\/53eebce974.jpg\" alt=\"\" class=\"wp-image-6094\" srcset=\"https:\/\/regiontatry.sk\/wp-content\/uploads\/2018\/10\/53eebce974.jpg 667w, https:\/\/regiontatry.sk\/wp-content\/uploads\/2018\/10\/53eebce974-200x300.jpg 200w\" sizes=\"(max-width: 667px) 100vw, 667px\" \/><\/figure>\n\n\n\n<figure class=\"wp-block-image\"><img loading=\"lazy\" decoding=\"async\" width=\"1600\" height=\"866\" data-id=\"6109\" src=\"https:\/\/regiontatry.sk\/wp-content\/uploads\/2018\/10\/XvTZRKgA.jpeg\" alt=\"\" class=\"wp-image-6109\" srcset=\"https:\/\/regiontatry.sk\/wp-content\/uploads\/2018\/10\/XvTZRKgA.jpeg 1600w, https:\/\/regiontatry.sk\/wp-content\/uploads\/2018\/10\/XvTZRKgA-300x162.jpeg 300w, https:\/\/regiontatry.sk\/wp-content\/uploads\/2018\/10\/XvTZRKgA-768x416.jpeg 768w, https:\/\/regiontatry.sk\/wp-content\/uploads\/2018\/10\/XvTZRKgA-1024x554.jpeg 1024w\" sizes=\"(max-width: 1600px) 100vw, 1600px\" \/><\/figure>\n\n\n\n<figure class=\"wp-block-image\"><img loading=\"lazy\" decoding=\"async\" width=\"1118\" height=\"1600\" data-id=\"6111\" src=\"https:\/\/regiontatry.sk\/wp-content\/uploads\/2018\/10\/PTtPz6lQ.jpeg\" alt=\"\" class=\"wp-image-6111\" srcset=\"https:\/\/regiontatry.sk\/wp-content\/uploads\/2018\/10\/PTtPz6lQ.jpeg 1118w, https:\/\/regiontatry.sk\/wp-content\/uploads\/2018\/10\/PTtPz6lQ-210x300.jpeg 210w, https:\/\/regiontatry.sk\/wp-content\/uploads\/2018\/10\/PTtPz6lQ-768x1099.jpeg 768w, https:\/\/regiontatry.sk\/wp-content\/uploads\/2018\/10\/PTtPz6lQ-716x1024.jpeg 716w\" sizes=\"(max-width: 1118px) 100vw, 1118px\" \/><\/figure>\n<\/figure>\n\n\n\n<h3 class=\"wp-block-heading\"><br><strong><a rel=\"noreferrer noopener\" href=\"https:\/\/www.vt.sk\/\" target=\"_blank\">Resort-Webseite <br><\/a><a href=\"https:\/\/www.gopass.sk\/homepage\/buying-step-products?idcategory=12&amp;idresort=2&amp;whole_season=false\" target=\"_blank\" rel=\"noreferrer noopener\" aria-label=\"Skipass auf gopass.sk kaufen (otvor\u00ed sa v novej karte)\">Skipass auf gopass.sk kaufen<\/a><\/strong><\/h3>\n\n\n\n<p><\/p>\n","protected":false},"excerpt":{"rendered":"<p>F\u00fcr weniger anspruchsvolle Skifahrer und vor allem f\u00fcr Anf\u00e4nger ist Star\u00fd Smokovec die ideale Destination. Jakubkova l\u00faka mit Skipisten verschiedener Schwierigkeitsgrade ist perfekt f\u00fcr Vorbereitung auf schwerere Strecken. Falls Sie Skifahren auch Ihren Kindern beibringen wollen, sind Skischul lehrer f\u00fcr Sie da. Im Skigebiet sind auch g\u00fcnstigere Skip\u00e4sse zur Verf\u00fcgung, die nur dort gelten, was [&hellip;]<\/p>\n","protected":false},"author":2,"featured_media":21194,"parent":21158,"menu_order":0,"comment_status":"closed","ping_status":"closed","template":"template-list.php","meta":{"footnotes":""},"class_list":["post-21192","page","type-page","status-publish","has-post-thumbnail","hentry"],"_links":{"self":[{"href":"https:\/\/regiontatry.sk\/de\/wp-json\/wp\/v2\/pages\/21192"}],"collection":[{"href":"https:\/\/regiontatry.sk\/de\/wp-json\/wp\/v2\/pages"}],"about":[{"href":"https:\/\/regiontatry.sk\/de\/wp-json\/wp\/v2\/types\/page"}],"author":[{"embeddable":true,"href":"https:\/\/regiontatry.sk\/de\/wp-json\/wp\/v2\/users\/2"}],"replies":[{"embeddable":true,"href":"https:\/\/regiontatry.sk\/de\/wp-json\/wp\/v2\/comments?post=21192"}],"version-history":[{"count":4,"href":"https:\/\/regiontatry.sk\/de\/wp-json\/wp\/v2\/pages\/21192\/revisions"}],"predecessor-version":[{"id":11193986,"href":"https:\/\/regiontatry.sk\/de\/wp-json\/wp\/v2\/pages\/21192\/revisions\/11193986"}],"up":[{"embeddable":true,"href":"https:\/\/regiontatry.sk\/de\/wp-json\/wp\/v2\/pages\/21158"}],"wp:featuredmedia":[{"embeddable":true,"href":"https:\/\/regiontatry.sk\/de\/wp-json\/wp\/v2\/media\/21194"}],"wp:attachment":[{"href":"https:\/\/regiontatry.sk\/de\/wp-json\/wp\/v2\/media?parent=21192"}],"curies":[{"name":"wp","href":"https:\/\/api.w.org\/{rel}","templated":true}]}}