{"id":21242,"date":"2018-08-24T13:41:11","date_gmt":"2018-08-24T11:41:11","guid":{"rendered":"https:\/\/regiontatry.sk\/skifahren\/bezecke-lyzovanie\/"},"modified":"2026-01-08T22:20:15","modified_gmt":"2026-01-08T21:20:15","slug":"langlauf","status":"publish","type":"page","link":"https:\/\/regiontatry.sk\/de\/skifahren\/langlauf\/","title":{"rendered":"Langlauf"},"content":{"rendered":"<div class=\"wp-block-image\">\n<figure class=\"alignright size-full is-resized\"><img loading=\"lazy\" decoding=\"async\" width=\"1024\" height=\"610\" src=\"https:\/\/regiontatry.sk\/wp-content\/uploads\/2024\/10\/image-5.png\" alt=\"\" class=\"wp-image-9952863\" style=\"width:454px;height:auto\" srcset=\"https:\/\/regiontatry.sk\/wp-content\/uploads\/2024\/10\/image-5.png 1024w, https:\/\/regiontatry.sk\/wp-content\/uploads\/2024\/10\/image-5-300x179.png 300w, https:\/\/regiontatry.sk\/wp-content\/uploads\/2024\/10\/image-5-768x458.png 768w, https:\/\/regiontatry.sk\/wp-content\/uploads\/2024\/10\/image-5-860x512.png 860w, https:\/\/regiontatry.sk\/wp-content\/uploads\/2024\/10\/image-5-698x416.png 698w, https:\/\/regiontatry.sk\/wp-content\/uploads\/2024\/10\/image-5-552x329.png 552w\" sizes=\"(max-width: 1024px) 100vw, 1024px\" \/><\/figure><\/div>\n\n\n<p>Langlauf &nbsp;geh\u00f6rt im Winter zur Hohen Tatra genauso wie Ski-Alpin oder Skitouren. <strong>In jeder Ortschaft findet man Langlaufstrecken, insgesamt mehr als 72 km. <\/strong><\/p>\n\n\n\n<p>Das gr\u00f6\u00dfte Langlaufzentrum in der Tatra ist \u0160trbsk\u00e9 Pleso mit <strong>8 professionell pr\u00e4parierten<\/strong>, von 0,5 bis 5 km langen <strong>Langlaufstrecken<\/strong>. Das SNOW-Langlaufareal steht dank Beschneiung w\u00e4hrend\nder ganzen Wintersaison zur Verf\u00fcgung und dient f\u00fcr verschiedene Wettbewerbe\nprofessioneller Langl\u00e4ufer sowie Amateure.&nbsp;\n<\/p>\n\n\n\n<p>Die Skigebiete&nbsp;<strong>Tatransk\u00e1<br>Lomnica<\/strong>&nbsp;und&nbsp;<strong>Star\u00fd Smokovec<\/strong>&nbsp;bieten zusammen <strong>42 km<\/strong> einfache und mittelschwere Langlaufstrecken f\u00fcr Anf\u00e4nger sowie Fortgeschrittene.<\/p>\n\n\n\n<p>Auch das <strong>Golfresort Black Stork in Ve\u013ek\u00e1 Lomnica<\/strong> hat mehr als 10 km\nLanglaufstrecken im Winter<strong>. <\/strong>Der <strong>Radweg\nzwischen Spi\u0161sk\u00e1 Bel\u00e1 und Tatransk\u00e1 Kotlina<\/strong>&nbsp;dient im Winter als eine einfache 9km lange\nStrecke. <\/p>\n\n\n\n<h2 class=\"wp-block-heading\">Langlaufloipen in der Hohen Tatra<\/h2>\n\n\n\n<p class=\"has-medium-font-size\"><a href=\"https:\/\/regiontatry.sk\/wp-content\/uploads\/2025\/12\/mapa-zima-2025-26.pdf\" target=\"_blank\" rel=\"noreferrer noopener\"><strong>>>>KARTE als .pdf herunterladen &lt;&lt;&lt;<\/strong><\/a><\/p>\n\n\n\n<figure data-wp-context=\"{&quot;uploadedSrc&quot;:&quot;https:\\\/\\\/regiontatry.sk\\\/wp-content\\\/uploads\\\/2025\\\/12\\\/mapa-zima-2025-26_titulka.png&quot;,&quot;figureClassNames&quot;:&quot;wp-block-image size-full&quot;,&quot;figureStyles&quot;:null,&quot;imgClassNames&quot;:&quot;wp-image-13171683&quot;,&quot;imgStyles&quot;:null,&quot;targetWidth&quot;:1131,&quot;targetHeight&quot;:802,&quot;scaleAttr&quot;:false,&quot;ariaLabel&quot;:&quot;Bild vergr\\u00f6\\u00dfern&quot;,&quot;alt&quot;:&quot;&quot;}\" data-wp-interactive=\"core\/image\" class=\"wp-block-image size-full wp-lightbox-container\"><img loading=\"lazy\" decoding=\"async\" width=\"1131\" height=\"802\" data-wp-init=\"callbacks.setButtonStyles\" data-wp-on-async--click=\"actions.showLightbox\" data-wp-on-async--load=\"callbacks.setButtonStyles\" data-wp-on-async-window--resize=\"callbacks.setButtonStyles\" src=\"https:\/\/regiontatry.sk\/wp-content\/uploads\/2025\/12\/mapa-zima-2025-26_titulka.png\" alt=\"\" class=\"wp-image-13171683\" srcset=\"https:\/\/regiontatry.sk\/wp-content\/uploads\/2025\/12\/mapa-zima-2025-26_titulka.png 1131w, https:\/\/regiontatry.sk\/wp-content\/uploads\/2025\/12\/mapa-zima-2025-26_titulka-300x213.png 300w, https:\/\/regiontatry.sk\/wp-content\/uploads\/2025\/12\/mapa-zima-2025-26_titulka-1024x726.png 1024w, https:\/\/regiontatry.sk\/wp-content\/uploads\/2025\/12\/mapa-zima-2025-26_titulka-768x545.png 768w, https:\/\/regiontatry.sk\/wp-content\/uploads\/2025\/12\/mapa-zima-2025-26_titulka-860x610.png 860w, https:\/\/regiontatry.sk\/wp-content\/uploads\/2025\/12\/mapa-zima-2025-26_titulka-698x495.png 698w, https:\/\/regiontatry.sk\/wp-content\/uploads\/2025\/12\/mapa-zima-2025-26_titulka-552x391.png 552w\" sizes=\"(max-width: 1131px) 100vw, 1131px\" \/><button\n\t\t\tclass=\"lightbox-trigger\"\n\t\t\ttype=\"button\"\n\t\t\taria-haspopup=\"dialog\"\n\t\t\taria-label=\"Bild vergr\u00f6\u00dfern\"\n\t\t\tdata-wp-init=\"callbacks.initTriggerButton\"\n\t\t\tdata-wp-on-async--click=\"actions.showLightbox\"\n\t\t\tdata-wp-style--right=\"context.imageButtonRight\"\n\t\t\tdata-wp-style--top=\"context.imageButtonTop\"\n\t\t>\n\t\t\t<svg xmlns=\"http:\/\/www.w3.org\/2000\/svg\" width=\"12\" height=\"12\" fill=\"none\" viewBox=\"0 0 12 12\">\n\t\t\t\t<path fill=\"#fff\" d=\"M2 0a2 2 0 0 0-2 2v2h1.5V2a.5.5 0 0 1 .5-.5h2V0H2Zm2 10.5H2a.5.5 0 0 1-.5-.5V8H0v2a2 2 0 0 0 2 2h2v-1.5ZM8 12v-1.5h2a.5.5 0 0 0 .5-.5V8H12v2a2 2 0 0 1-2 2H8Zm2-12a2 2 0 0 1 2 2v2h-1.5V2a.5.5 0 0 0-.5-.5H8V0h2Z\" \/>\n\t\t\t<\/svg>\n\t\t<\/button><\/figure>\n\n\n\n<h3 class=\"wp-block-heading\"><br>Are\u00e1l be\u017eeck\u00e9ho ly\u017eovania SNOW \u0160trbsk\u00e9 Pleso<\/h3>\n\n\n\n<p>Im Langlaufgebiet \u0160trbsk\u00e9 Pleso erwartet Sie ein unvergessliches Langlauferlebnis in einer der sch\u00f6nsten Gegenden der Slowakei. Es bietet Zugang zu 8 hervorragend pr\u00e4parierten Langlaufloipen, die f\u00fcr Skifahrer jeden Alters und K\u00f6nnens geeignet sind. <strong>Die Strecken werden t\u00e4glich f\u00fcr klassische (CT) und freie (FT) Laufstile pr\u00e4pariert und gepflegt<\/strong>.<\/p>\n\n\n\n<p>Die Betriebszeiten sind t\u00e4glich <strong>von 9:00 bis 18:00 Uhr<\/strong>. Nach 18:00 Uhr Die Langlaufloipen werden umgebaut, die Loipen sind GESCHLOSSEN.<\/p>\n\n\n\n<p>Der Eintritt in das Langlaufgebiet ist geb\u00fchrenpflichtig. AKTUELLE PREISLISTE<a href=\"https:\/\/sportticket.sk\/stredisko\/abl\" target=\"_blank\" rel=\"noreferrer noopener\"> HIER!<\/a><\/p>\n\n\n\n<figure class=\"wp-block-gallery has-nested-images columns-4 is-cropped wp-block-gallery-2 is-layout-flex wp-block-gallery-is-layout-flex\">\n<figure class=\"wp-block-image\"><img loading=\"lazy\" decoding=\"async\" width=\"1024\" height=\"683\" data-id=\"13216\" src=\"https:\/\/regiontatry.sk\/wp-content\/uploads\/2018\/11\/c-Marek-Hajkovsky-SPmarketing-bezkovanie-146-1-1024x683.jpg\" alt=\"\" class=\"wp-image-13216\" srcset=\"https:\/\/regiontatry.sk\/wp-content\/uploads\/2018\/11\/c-Marek-Hajkovsky-SPmarketing-bezkovanie-146-1-1024x683.jpg 1024w, https:\/\/regiontatry.sk\/wp-content\/uploads\/2018\/11\/c-Marek-Hajkovsky-SPmarketing-bezkovanie-146-1-300x200.jpg 300w, https:\/\/regiontatry.sk\/wp-content\/uploads\/2018\/11\/c-Marek-Hajkovsky-SPmarketing-bezkovanie-146-1-768x513.jpg 768w, https:\/\/regiontatry.sk\/wp-content\/uploads\/2018\/11\/c-Marek-Hajkovsky-SPmarketing-bezkovanie-146-1-698x466.jpg 698w, https:\/\/regiontatry.sk\/wp-content\/uploads\/2018\/11\/c-Marek-Hajkovsky-SPmarketing-bezkovanie-146-1-552x368.jpg 552w, https:\/\/regiontatry.sk\/wp-content\/uploads\/2018\/11\/c-Marek-Hajkovsky-SPmarketing-bezkovanie-146-1.jpg 1500w\" sizes=\"(max-width: 1024px) 100vw, 1024px\" \/><\/figure>\n\n\n\n<figure class=\"wp-block-image\"><img loading=\"lazy\" decoding=\"async\" width=\"1024\" height=\"683\" data-id=\"8847384\" src=\"https:\/\/regiontatry.sk\/wp-content\/uploads\/2023\/03\/\u0161trbsk\u00e9-be\u017eky-1024x683.jpg\" alt=\"\" class=\"wp-image-8847384\" srcset=\"https:\/\/regiontatry.sk\/wp-content\/uploads\/2023\/03\/\u0161trbsk\u00e9-be\u017eky-1024x683.jpg 1024w, https:\/\/regiontatry.sk\/wp-content\/uploads\/2023\/03\/\u0161trbsk\u00e9-be\u017eky-300x200.jpg 300w, https:\/\/regiontatry.sk\/wp-content\/uploads\/2023\/03\/\u0161trbsk\u00e9-be\u017eky-768x512.jpg 768w, https:\/\/regiontatry.sk\/wp-content\/uploads\/2023\/03\/\u0161trbsk\u00e9-be\u017eky-698x465.jpg 698w, https:\/\/regiontatry.sk\/wp-content\/uploads\/2023\/03\/\u0161trbsk\u00e9-be\u017eky-552x368.jpg 552w, https:\/\/regiontatry.sk\/wp-content\/uploads\/2023\/03\/\u0161trbsk\u00e9-be\u017eky.jpg 1600w\" sizes=\"(max-width: 1024px) 100vw, 1024px\" \/><\/figure>\n\n\n\n<figure class=\"wp-block-image\"><img loading=\"lazy\" decoding=\"async\" width=\"1024\" height=\"683\" data-id=\"8776137\" src=\"https:\/\/regiontatry.sk\/wp-content\/uploads\/2023\/02\/StrbskeBezky2022-_MG_7463-1024x683.jpg\" alt=\"\" class=\"wp-image-8776137\" srcset=\"https:\/\/regiontatry.sk\/wp-content\/uploads\/2023\/02\/StrbskeBezky2022-_MG_7463-1024x683.jpg 1024w, https:\/\/regiontatry.sk\/wp-content\/uploads\/2023\/02\/StrbskeBezky2022-_MG_7463-300x200.jpg 300w, https:\/\/regiontatry.sk\/wp-content\/uploads\/2023\/02\/StrbskeBezky2022-_MG_7463-768x512.jpg 768w, https:\/\/regiontatry.sk\/wp-content\/uploads\/2023\/02\/StrbskeBezky2022-_MG_7463-698x465.jpg 698w, https:\/\/regiontatry.sk\/wp-content\/uploads\/2023\/02\/StrbskeBezky2022-_MG_7463-552x368.jpg 552w, https:\/\/regiontatry.sk\/wp-content\/uploads\/2023\/02\/StrbskeBezky2022-_MG_7463.jpg 1620w\" sizes=\"(max-width: 1024px) 100vw, 1024px\" \/><\/figure>\n\n\n\n<figure class=\"wp-block-image\"><img loading=\"lazy\" decoding=\"async\" width=\"1024\" height=\"633\" data-id=\"8600541\" src=\"https:\/\/regiontatry.sk\/wp-content\/uploads\/2022\/11\/c-Marek-Hajkovsky-foto-BEZKY-2021-16_11zon-1-1024x633.jpg\" alt=\"\" class=\"wp-image-8600541\" srcset=\"https:\/\/regiontatry.sk\/wp-content\/uploads\/2022\/11\/c-Marek-Hajkovsky-foto-BEZKY-2021-16_11zon-1-1024x633.jpg 1024w, https:\/\/regiontatry.sk\/wp-content\/uploads\/2022\/11\/c-Marek-Hajkovsky-foto-BEZKY-2021-16_11zon-1-300x186.jpg 300w, https:\/\/regiontatry.sk\/wp-content\/uploads\/2022\/11\/c-Marek-Hajkovsky-foto-BEZKY-2021-16_11zon-1-768x475.jpg 768w, https:\/\/regiontatry.sk\/wp-content\/uploads\/2022\/11\/c-Marek-Hajkovsky-foto-BEZKY-2021-16_11zon-1-1920x1187.jpg 1920w, https:\/\/regiontatry.sk\/wp-content\/uploads\/2022\/11\/c-Marek-Hajkovsky-foto-BEZKY-2021-16_11zon-1-1705x1054.jpg 1705w, https:\/\/regiontatry.sk\/wp-content\/uploads\/2022\/11\/c-Marek-Hajkovsky-foto-BEZKY-2021-16_11zon-1-698x432.jpg 698w, https:\/\/regiontatry.sk\/wp-content\/uploads\/2022\/11\/c-Marek-Hajkovsky-foto-BEZKY-2021-16_11zon-1-552x341.jpg 552w\" sizes=\"(max-width: 1024px) 100vw, 1024px\" \/><\/figure>\n<\/figure>\n\n\n\n<h4 class=\"wp-block-heading has-text-align-center\"><a rel=\"noreferrer noopener\" aria-label=\"Aktu\u00e1lny stav be\u017eeck\u00fdch trat\u00ed (otvor\u00ed sa v novej karte)\" href=\"http:\/\/abl.sk\/zima\/trate\/\" target=\"_blank\">&gt;&gt;&gt;   Aktuelles \u00fcber Langlaufstrecken&nbsp;  <strong>&lt;&lt;&lt;<\/strong><\/a><\/h4>\n\n\n<div class=\"wp-block-image\">\n<figure class=\"aligncenter size-large\"><a href=\"https:\/\/regiontatry.sk\/wp-content\/uploads\/2021\/12\/SNOW-\u0160trbsk\u00e9-Pleso.jpg\" data-rel=\"lightbox-image-0\" data-rl_title=\"\" data-rl_caption=\"\" title=\"\"><img loading=\"lazy\" decoding=\"async\" width=\"1024\" height=\"724\" src=\"https:\/\/regiontatry.sk\/wp-content\/uploads\/2021\/12\/SNOW-\u0160trbsk\u00e9-Pleso-1024x724.jpg\" alt=\"\" class=\"wp-image-7201020\" srcset=\"https:\/\/regiontatry.sk\/wp-content\/uploads\/2021\/12\/SNOW-\u0160trbsk\u00e9-Pleso-1024x724.jpg 1024w, https:\/\/regiontatry.sk\/wp-content\/uploads\/2021\/12\/SNOW-\u0160trbsk\u00e9-Pleso-300x212.jpg 300w, https:\/\/regiontatry.sk\/wp-content\/uploads\/2021\/12\/SNOW-\u0160trbsk\u00e9-Pleso-768x543.jpg 768w, https:\/\/regiontatry.sk\/wp-content\/uploads\/2021\/12\/SNOW-\u0160trbsk\u00e9-Pleso-1920x1357.jpg 1920w, https:\/\/regiontatry.sk\/wp-content\/uploads\/2021\/12\/SNOW-\u0160trbsk\u00e9-Pleso-1705x1205.jpg 1705w, https:\/\/regiontatry.sk\/wp-content\/uploads\/2021\/12\/SNOW-\u0160trbsk\u00e9-Pleso-698x493.jpg 698w, https:\/\/regiontatry.sk\/wp-content\/uploads\/2021\/12\/SNOW-\u0160trbsk\u00e9-Pleso-552x390.jpg 552w\" sizes=\"(max-width: 1024px) 100vw, 1024px\" \/><\/a><\/figure><\/div>\n\n\n<h3 class=\"wp-block-heading\"><br>Langlaufloipen der Hohen Tatra<br><\/h3>\n\n\n\n<figure class=\"wp-block-gallery has-nested-images columns-4 is-cropped wp-block-gallery-3 is-layout-flex wp-block-gallery-is-layout-flex\">\n<figure class=\"wp-block-image\"><img loading=\"lazy\" decoding=\"async\" width=\"1024\" height=\"713\" data-id=\"9487654\" src=\"https:\/\/regiontatry.sk\/wp-content\/uploads\/2024\/02\/IMG_4303-Edit-2-1024x713.jpg\" alt=\"\" class=\"wp-image-9487654\" srcset=\"https:\/\/regiontatry.sk\/wp-content\/uploads\/2024\/02\/IMG_4303-Edit-2-1024x713.jpg 1024w, https:\/\/regiontatry.sk\/wp-content\/uploads\/2024\/02\/IMG_4303-Edit-2-300x209.jpg 300w, https:\/\/regiontatry.sk\/wp-content\/uploads\/2024\/02\/IMG_4303-Edit-2-768x535.jpg 768w, https:\/\/regiontatry.sk\/wp-content\/uploads\/2024\/02\/IMG_4303-Edit-2-1920x1337.jpg 1920w, https:\/\/regiontatry.sk\/wp-content\/uploads\/2024\/02\/IMG_4303-Edit-2-1705x1187.jpg 1705w, https:\/\/regiontatry.sk\/wp-content\/uploads\/2024\/02\/IMG_4303-Edit-2-698x486.jpg 698w, https:\/\/regiontatry.sk\/wp-content\/uploads\/2024\/02\/IMG_4303-Edit-2-552x384.jpg 552w\" sizes=\"(max-width: 1024px) 100vw, 1024px\" \/><figcaption class=\"wp-element-caption\"> Starolesniansk\u00e9 l\u00faky <\/figcaption><\/figure>\n\n\n\n<figure class=\"wp-block-image\"><img loading=\"lazy\" decoding=\"async\" width=\"1024\" height=\"768\" data-id=\"9487752\" src=\"https:\/\/regiontatry.sk\/wp-content\/uploads\/2024\/02\/bezky-kolbisko-1024x768.jpg\" alt=\"\" class=\"wp-image-9487752\" srcset=\"https:\/\/regiontatry.sk\/wp-content\/uploads\/2024\/02\/bezky-kolbisko-1024x768.jpg 1024w, https:\/\/regiontatry.sk\/wp-content\/uploads\/2024\/02\/bezky-kolbisko-300x225.jpg 300w, https:\/\/regiontatry.sk\/wp-content\/uploads\/2024\/02\/bezky-kolbisko-768x576.jpg 768w, https:\/\/regiontatry.sk\/wp-content\/uploads\/2024\/02\/bezky-kolbisko-1920x1440.jpg 1920w, https:\/\/regiontatry.sk\/wp-content\/uploads\/2024\/02\/bezky-kolbisko-1705x1279.jpg 1705w, https:\/\/regiontatry.sk\/wp-content\/uploads\/2024\/02\/bezky-kolbisko-698x524.jpg 698w, https:\/\/regiontatry.sk\/wp-content\/uploads\/2024\/02\/bezky-kolbisko-552x414.jpg 552w, https:\/\/regiontatry.sk\/wp-content\/uploads\/2024\/02\/bezky-kolbisko.jpg 2048w\" sizes=\"(max-width: 1024px) 100vw, 1024px\" \/><figcaption class=\"wp-element-caption\">Kolbisko<\/figcaption><\/figure>\n\n\n\n<figure class=\"wp-block-image\"><img loading=\"lazy\" decoding=\"async\" width=\"819\" height=\"1024\" data-id=\"9487759\" src=\"https:\/\/regiontatry.sk\/wp-content\/uploads\/2024\/02\/be\u017eky_vy\u0161n\u00e9-h\u00e1gy-819x1024.jpg\" alt=\"\" class=\"wp-image-9487759\" srcset=\"https:\/\/regiontatry.sk\/wp-content\/uploads\/2024\/02\/be\u017eky_vy\u0161n\u00e9-h\u00e1gy-819x1024.jpg 819w, https:\/\/regiontatry.sk\/wp-content\/uploads\/2024\/02\/be\u017eky_vy\u0161n\u00e9-h\u00e1gy-240x300.jpg 240w, https:\/\/regiontatry.sk\/wp-content\/uploads\/2024\/02\/be\u017eky_vy\u0161n\u00e9-h\u00e1gy-768x960.jpg 768w, https:\/\/regiontatry.sk\/wp-content\/uploads\/2024\/02\/be\u017eky_vy\u0161n\u00e9-h\u00e1gy-698x873.jpg 698w, https:\/\/regiontatry.sk\/wp-content\/uploads\/2024\/02\/be\u017eky_vy\u0161n\u00e9-h\u00e1gy-552x690.jpg 552w, https:\/\/regiontatry.sk\/wp-content\/uploads\/2024\/02\/be\u017eky_vy\u0161n\u00e9-h\u00e1gy.jpg 1440w\" sizes=\"(max-width: 819px) 100vw, 819px\" \/><figcaption class=\"wp-element-caption\">Nov\u00fd Smokovec &#8211; Vy\u0161n\u00e9 H\u00e1gy<\/figcaption><\/figure>\n\n\n\n<figure class=\"wp-block-image\"><img loading=\"lazy\" decoding=\"async\" width=\"1024\" height=\"768\" data-id=\"9487859\" src=\"https:\/\/regiontatry.sk\/wp-content\/uploads\/2024\/02\/BEZKY-1_Lenka-Rusn\u00e1kov\u00e1-1-1024x768.jpg\" alt=\"\" class=\"wp-image-9487859\" srcset=\"https:\/\/regiontatry.sk\/wp-content\/uploads\/2024\/02\/BEZKY-1_Lenka-Rusn\u00e1kov\u00e1-1-1024x768.jpg 1024w, https:\/\/regiontatry.sk\/wp-content\/uploads\/2024\/02\/BEZKY-1_Lenka-Rusn\u00e1kov\u00e1-1-300x225.jpg 300w, https:\/\/regiontatry.sk\/wp-content\/uploads\/2024\/02\/BEZKY-1_Lenka-Rusn\u00e1kov\u00e1-1-768x576.jpg 768w, https:\/\/regiontatry.sk\/wp-content\/uploads\/2024\/02\/BEZKY-1_Lenka-Rusn\u00e1kov\u00e1-1-1920x1440.jpg 1920w, https:\/\/regiontatry.sk\/wp-content\/uploads\/2024\/02\/BEZKY-1_Lenka-Rusn\u00e1kov\u00e1-1-1705x1279.jpg 1705w, https:\/\/regiontatry.sk\/wp-content\/uploads\/2024\/02\/BEZKY-1_Lenka-Rusn\u00e1kov\u00e1-1-698x524.jpg 698w, https:\/\/regiontatry.sk\/wp-content\/uploads\/2024\/02\/BEZKY-1_Lenka-Rusn\u00e1kov\u00e1-1-552x414.jpg 552w\" sizes=\"(max-width: 1024px) 100vw, 1024px\" \/><figcaption class=\"wp-element-caption\">Nov\u00fd Smokovec &#8211; Vy\u0161n\u00e9 H\u00e1gy<\/figcaption><\/figure>\n<\/figure>\n\n\n\n<h4 class=\"wp-block-heading\" id=\"mce_27\"><br><a aria-label=\"&gt;&gt;&gt; Aktu\u00e1lny stav be\u017eeck\u00fdch trat\u00ed&nbsp; &lt;&lt;&lt; (otvor\u00ed sa v novej karte)\" href=\"https:\/\/www.vysoketatry.sk\/bt.html\" target=\"_blank\" rel=\"noreferrer noopener\">&gt;&gt;&gt; Aktuelles \u00fcber Langlaufstrecken&nbsp; &lt;&lt;&lt;<\/a><\/h4>\n\n\n\n<figure class=\"wp-block-image\"><img loading=\"lazy\" decoding=\"async\" width=\"700\" height=\"362\" src=\"https:\/\/regiontatry.sk\/wp-content\/uploads\/2019\/12\/i_5927958.png\" alt=\"\" class=\"wp-image-23339\" srcset=\"https:\/\/regiontatry.sk\/wp-content\/uploads\/2019\/12\/i_5927958.png 700w, https:\/\/regiontatry.sk\/wp-content\/uploads\/2019\/12\/i_5927958-300x155.png 300w, https:\/\/regiontatry.sk\/wp-content\/uploads\/2019\/12\/i_5927958-698x361.png 698w, https:\/\/regiontatry.sk\/wp-content\/uploads\/2019\/12\/i_5927958-552x285.png 552w\" sizes=\"(max-width: 700px) 100vw, 700px\" \/><\/figure>\n\n\n\n<h3 class=\"wp-block-heading\">Langlaufloipen Schwarzstorch, Ve\u013ek\u00e1 Lomnica<\/h3>\n\n\n\n<figure class=\"wp-block-image\"><a href=\"https:\/\/regiontatry.sk\/wp-content\/uploads\/2019\/12\/bezecke-trate-black-stork-velka-lomnica-hotel-international-mapa.jpg\" data-rel=\"lightbox-image-1\" data-rl_title=\"\" data-rl_caption=\"\" title=\"\"><img loading=\"lazy\" decoding=\"async\" width=\"1024\" height=\"724\" src=\"https:\/\/regiontatry.sk\/wp-content\/uploads\/2019\/12\/bezecke-trate-black-stork-velka-lomnica-hotel-international-mapa-1024x724.jpg\" alt=\"\" class=\"wp-image-23356\" srcset=\"https:\/\/regiontatry.sk\/wp-content\/uploads\/2019\/12\/bezecke-trate-black-stork-velka-lomnica-hotel-international-mapa-1024x724.jpg 1024w, https:\/\/regiontatry.sk\/wp-content\/uploads\/2019\/12\/bezecke-trate-black-stork-velka-lomnica-hotel-international-mapa-300x212.jpg 300w, https:\/\/regiontatry.sk\/wp-content\/uploads\/2019\/12\/bezecke-trate-black-stork-velka-lomnica-hotel-international-mapa-768x543.jpg 768w, https:\/\/regiontatry.sk\/wp-content\/uploads\/2019\/12\/bezecke-trate-black-stork-velka-lomnica-hotel-international-mapa-698x493.jpg 698w, https:\/\/regiontatry.sk\/wp-content\/uploads\/2019\/12\/bezecke-trate-black-stork-velka-lomnica-hotel-international-mapa-552x390.jpg 552w, https:\/\/regiontatry.sk\/wp-content\/uploads\/2019\/12\/bezecke-trate-black-stork-velka-lomnica-hotel-international-mapa.jpg 1600w\" sizes=\"(max-width: 1024px) 100vw, 1024px\" \/><\/a><\/figure>\n\n\n\n<p>W\u00e4hlen Sie die Technik, die Ihnen am besten passt. Klassisch in einer\nausgefr\u00e4sten Spur oder Skaten auf Strecken, die mit Schneeraupen pr\u00e4pariert\nwerden. <\/p>\n\n\n\n<p>Falls Sie in Urlaub Sport treiben wollen, Gelenke dabei so wenig wie\nm\u00f6glich anstrengen, aber Kondition trainieren, ist Langlauf das Beste f\u00fcr Sie. <\/p>\n\n\n\n<figure class=\"wp-block-gallery aligncenter has-nested-images columns-default is-cropped wp-block-gallery-4 is-layout-flex wp-block-gallery-is-layout-flex\">\n<figure class=\"wp-block-image size-large\"><img loading=\"lazy\" decoding=\"async\" width=\"1024\" height=\"683\" data-id=\"13217\" src=\"https:\/\/regiontatry.sk\/wp-content\/uploads\/2018\/11\/c-Marek-Hajkovsky-SPmarketing-bezkovanie-140-1-1024x683.jpg\" alt=\"\" class=\"wp-image-13217\" style=\"aspect-ratio:1.5043478260869565\" srcset=\"https:\/\/regiontatry.sk\/wp-content\/uploads\/2018\/11\/c-Marek-Hajkovsky-SPmarketing-bezkovanie-140-1-1024x683.jpg 1024w, https:\/\/regiontatry.sk\/wp-content\/uploads\/2018\/11\/c-Marek-Hajkovsky-SPmarketing-bezkovanie-140-1-300x200.jpg 300w, https:\/\/regiontatry.sk\/wp-content\/uploads\/2018\/11\/c-Marek-Hajkovsky-SPmarketing-bezkovanie-140-1-768x513.jpg 768w, https:\/\/regiontatry.sk\/wp-content\/uploads\/2018\/11\/c-Marek-Hajkovsky-SPmarketing-bezkovanie-140-1-698x466.jpg 698w, https:\/\/regiontatry.sk\/wp-content\/uploads\/2018\/11\/c-Marek-Hajkovsky-SPmarketing-bezkovanie-140-1-552x368.jpg 552w, https:\/\/regiontatry.sk\/wp-content\/uploads\/2018\/11\/c-Marek-Hajkovsky-SPmarketing-bezkovanie-140-1.jpg 1500w\" sizes=\"(max-width: 1024px) 100vw, 1024px\" \/><\/figure>\n\n\n\n<figure class=\"wp-block-image size-large\"><img loading=\"lazy\" decoding=\"async\" width=\"1024\" height=\"633\" data-id=\"8600523\" src=\"https:\/\/regiontatry.sk\/wp-content\/uploads\/2022\/11\/c-Marek-Hajkovsky-foto-BEZKY-2021-16_11zon-1024x633.jpg\" alt=\"\" class=\"wp-image-8600523\" srcset=\"https:\/\/regiontatry.sk\/wp-content\/uploads\/2022\/11\/c-Marek-Hajkovsky-foto-BEZKY-2021-16_11zon-1024x633.jpg 1024w, https:\/\/regiontatry.sk\/wp-content\/uploads\/2022\/11\/c-Marek-Hajkovsky-foto-BEZKY-2021-16_11zon-300x186.jpg 300w, https:\/\/regiontatry.sk\/wp-content\/uploads\/2022\/11\/c-Marek-Hajkovsky-foto-BEZKY-2021-16_11zon-768x475.jpg 768w, https:\/\/regiontatry.sk\/wp-content\/uploads\/2022\/11\/c-Marek-Hajkovsky-foto-BEZKY-2021-16_11zon-1920x1187.jpg 1920w, https:\/\/regiontatry.sk\/wp-content\/uploads\/2022\/11\/c-Marek-Hajkovsky-foto-BEZKY-2021-16_11zon-1705x1054.jpg 1705w, https:\/\/regiontatry.sk\/wp-content\/uploads\/2022\/11\/c-Marek-Hajkovsky-foto-BEZKY-2021-16_11zon-698x432.jpg 698w, https:\/\/regiontatry.sk\/wp-content\/uploads\/2022\/11\/c-Marek-Hajkovsky-foto-BEZKY-2021-16_11zon-552x341.jpg 552w\" sizes=\"(max-width: 1024px) 100vw, 1024px\" \/><\/figure>\n<\/figure>\n\n\n\n<h2 class=\"wp-block-heading\"><br><strong>Langlaufski- und Langlaufausr\u00fcstungsverleihe<\/strong><\/h2>\n\n\n\n<figure class=\"wp-block-table is-style-stripes\"><table class=\"has-fixed-layout\"><tbody><tr><td><strong>INTERSPORT RENT GALFY<\/strong><\/td><td>Horn\u00fd Smokovec<br>\u0160trbsk\u00e9 Pleso, Hotel Crocus<br><\/td><td>+421 52 478 14 02<br>+421 52 446 84 35<br><\/td><td><a href=\"https:\/\/www.galfy.sk\/pozicovna\" class=\"broken_link\">www.galfy.sk\/pozicovna<\/a><\/td><\/tr><tr><td><strong>Are\u00e1l be\u017eeck\u00e9ho ly\u017eovania SNOW<\/strong> <\/td><td>ABL Snow, \u0160trbsk\u00e9 Pleso<\/td><td>+421 911 576 667<\/td><td><a href=\"http:\/\/abl.sk\/zima\/sluzby\/\">abl.sk<\/a><\/td><\/tr><tr><td><strong>PREMIERE SKI SCHOOLS<\/strong><\/td><td>&nbsp;Horn\u00fd Smokovec (Grand Hotel Bellevue)<\/td><td>&nbsp;+421 905 276 764<\/td><td><a href=\"http:\/\/www.premiere-group.sk\" target=\"_blank\" rel=\"noreferrer noopener\">www.premiere-group.sk<\/a><\/td><\/tr><tr><td><strong>KRAMER<\/strong><\/td><td>&nbsp;Tatransk\u00e1 Lomnica (Slne\u010dn\u00fd dom)<\/td><td>&nbsp;+421 917 420 976<\/td><td><a href=\"http:\/\/www.ski-tatry.sk\" target=\"_blank\" rel=\"noreferrer noopener\">www.ski-tatry.sk<\/a><\/td><\/tr><tr><td><strong>TATRA SKI SCHOOL<\/strong><\/td><td>&nbsp;\u0160trbsk\u00e9 Pleso (Are\u00e1l Snov)<\/td><td>&nbsp;+421 908 318 080<\/td><td><a href=\"https:\/\/www.skirent.sk\/\" target=\"_blank\" rel=\"noreferrer noopener\">www.skirent.sk<\/a><\/td><\/tr><\/tbody><\/table><\/figure>\n\n\n<div class=\"wp-block-image\">\n<figure class=\"alignright\"><img decoding=\"async\" src=\"http:\/\/regiontatry.sk\/wp-content\/uploads\/2017\/01\/ministerstvo-dopravy-a-vystavby-sr.jpg\" alt=\"\"\/><\/figure><\/div>\n\n\n<p><br>Pr\u00e4parierung der Langlaufstrecken in den Gebieten \u0160trbsk\u00e9 Pleso, Star\u00fd Smokovec und&nbsp;Tatransk\u00e1 Lomnica wird mit Unterst\u00fctzung des Ministeriums f\u00fcr Verkehr und Ausbau der Slowakischen Republik finanziert. <\/p>\n","protected":false},"excerpt":{"rendered":"<p>Langlauf &nbsp;geh\u00f6rt im Winter zur Hohen Tatra genauso wie Ski-Alpin oder Skitouren. In jeder Ortschaft findet man Langlaufstrecken, insgesamt mehr als 72 km. Das gr\u00f6\u00dfte Langlaufzentrum in der Tatra ist \u0160trbsk\u00e9 Pleso mit 8 professionell pr\u00e4parierten, von 0,5 bis 5 km langen Langlaufstrecken. Das SNOW-Langlaufareal steht dank Beschneiung w\u00e4hrend der ganzen Wintersaison zur Verf\u00fcgung und [&hellip;]<\/p>\n","protected":false},"author":1,"featured_media":21244,"parent":21158,"menu_order":0,"comment_status":"closed","ping_status":"closed","template":"template-simple-page.php","meta":{"footnotes":""},"class_list":["post-21242","page","type-page","status-publish","has-post-thumbnail","hentry"],"_links":{"self":[{"href":"https:\/\/regiontatry.sk\/de\/wp-json\/wp\/v2\/pages\/21242"}],"collection":[{"href":"https:\/\/regiontatry.sk\/de\/wp-json\/wp\/v2\/pages"}],"about":[{"href":"https:\/\/regiontatry.sk\/de\/wp-json\/wp\/v2\/types\/page"}],"author":[{"embeddable":true,"href":"https:\/\/regiontatry.sk\/de\/wp-json\/wp\/v2\/users\/1"}],"replies":[{"embeddable":true,"href":"https:\/\/regiontatry.sk\/de\/wp-json\/wp\/v2\/comments?post=21242"}],"version-history":[{"count":18,"href":"https:\/\/regiontatry.sk\/de\/wp-json\/wp\/v2\/pages\/21242\/revisions"}],"predecessor-version":[{"id":13222916,"href":"https:\/\/regiontatry.sk\/de\/wp-json\/wp\/v2\/pages\/21242\/revisions\/13222916"}],"up":[{"embeddable":true,"href":"https:\/\/regiontatry.sk\/de\/wp-json\/wp\/v2\/pages\/21158"}],"wp:featuredmedia":[{"embeddable":true,"href":"https:\/\/regiontatry.sk\/de\/wp-json\/wp\/v2\/media\/21244"}],"wp:attachment":[{"href":"https:\/\/regiontatry.sk\/de\/wp-json\/wp\/v2\/media?parent=21242"}],"curies":[{"name":"wp","href":"https:\/\/api.w.org\/{rel}","templated":true}]}}