{"id":21259,"date":"2018-09-27T13:57:34","date_gmt":"2018-09-27T11:57:34","guid":{"rendered":"https:\/\/regiontatry.sk\/skifahren\/lyziarske-skoly\/"},"modified":"2023-02-26T18:35:00","modified_gmt":"2023-02-26T17:35:00","slug":"skischulen","status":"publish","type":"page","link":"https:\/\/regiontatry.sk\/de\/skifahren\/skischulen\/","title":{"rendered":"Skischulen"},"content":{"rendered":"\n<p>Wissen Sie nicht,\nwie und wo Sie beginnen sollten? Damit helfen wir Ihnen gern! Ski- und Snowboardschulen\nmit individueller Einstellung f\u00fcr Erwachsene sowie Kinder. Professionelle und\nsorgsame Ski- und Snowboardlehrer sorgen f\u00fcr Unterricht voll von Spa\u00df, damit\nSie diese wundersch\u00f6nen Sportarten voll genie\u00dfen k\u00f6nnen. <\/p>\n","protected":false},"excerpt":{"rendered":"<p>Wissen Sie nicht, wie und wo Sie beginnen sollten? Damit helfen wir Ihnen gern! Ski- und Snowboardschulen mit individueller Einstellung f\u00fcr Erwachsene sowie Kinder. Professionelle und sorgsame Ski- und Snowboardlehrer sorgen f\u00fcr Unterricht voll von Spa\u00df, damit Sie diese wundersch\u00f6nen Sportarten voll genie\u00dfen k\u00f6nnen.<\/p>\n","protected":false},"author":2,"featured_media":0,"parent":21158,"menu_order":0,"comment_status":"closed","ping_status":"closed","template":"template-objects.php","meta":{"footnotes":""},"class_list":["post-21259","page","type-page","status-publish","hentry"],"_links":{"self":[{"href":"https:\/\/regiontatry.sk\/de\/wp-json\/wp\/v2\/pages\/21259"}],"collection":[{"href":"https:\/\/regiontatry.sk\/de\/wp-json\/wp\/v2\/pages"}],"about":[{"href":"https:\/\/regiontatry.sk\/de\/wp-json\/wp\/v2\/types\/page"}],"author":[{"embeddable":true,"href":"https:\/\/regiontatry.sk\/de\/wp-json\/wp\/v2\/users\/2"}],"replies":[{"embeddable":true,"href":"https:\/\/regiontatry.sk\/de\/wp-json\/wp\/v2\/comments?post=21259"}],"version-history":[{"count":2,"href":"https:\/\/regiontatry.sk\/de\/wp-json\/wp\/v2\/pages\/21259\/revisions"}],"predecessor-version":[{"id":8814734,"href":"https:\/\/regiontatry.sk\/de\/wp-json\/wp\/v2\/pages\/21259\/revisions\/8814734"}],"up":[{"embeddable":true,"href":"https:\/\/regiontatry.sk\/de\/wp-json\/wp\/v2\/pages\/21158"}],"wp:attachment":[{"href":"https:\/\/regiontatry.sk\/de\/wp-json\/wp\/v2\/media?parent=21259"}],"curies":[{"name":"wp","href":"https:\/\/api.w.org\/{rel}","templated":true}]}}