{"id":21261,"date":"2018-09-28T08:42:02","date_gmt":"2018-09-28T06:42:02","guid":{"rendered":"https:\/\/regiontatry.sk\/skifahren\/ski-aqua-bus\/"},"modified":"2026-03-16T10:03:18","modified_gmt":"2026-03-16T09:03:18","slug":"ski-aqua-bus","status":"publish","type":"page","link":"https:\/\/regiontatry.sk\/de\/skifahren\/ski-aqua-bus\/","title":{"rendered":"SKI &#038; AQUA BUS"},"content":{"rendered":"\n<p class=\"has-text-align-center\">In der Wintersaison sind haupts\u00e4chlich f\u00fcr <strong>Skil\u00e4ufer und GOPASS-Karte-Inhaber regionale SKI &amp; AQUA BUSSE zur Verf\u00fcgung<\/strong>, um sie <strong>zwischen 6.12.2025 und 6.4.2026<\/strong>&nbsp;bequem und <strong>kostenlos in die Skigebiete Tatransk\u00e1 Lomnica, \u0160trbsk\u00e9 Pleso<\/strong>&nbsp;und zum Wasserpark <strong>AquaCity<\/strong>&nbsp;<strong>Poprad zu fahren<\/strong>.<br><\/p>\n\n\n\n<h2 class=\"wp-block-heading has-text-align-center\"><span style=\"color: #3366ff;\"><strong>\u0160TRBSK\u00c9 PLESO &#8211; Linie 1a \u2013 Pendelbus<\/strong><\/span><\/h2>\n\n\n\n<h4 class=\"wp-block-heading has-text-align-center\">\u0160trbsk\u00e9 Pleso, Zentralparkplatz \u2013 Skigebiet<\/h4>\n\n\n\n<h4 class=\"wp-block-heading\">&nbsp;<\/h4>\n\n\n\n<h2 class=\"wp-block-heading has-text-align-center\">Die Linie 1A pendelt:<\/h2>\n\n\n\n<h4 class=\"wp-block-heading has-text-align-center\"><span style=\"color: #3366ff;\">AN WOCHENENDEN 26.12.2025 &#8211; 29.03.2026<\/span><\/h4>\n\n\n\n<p><\/p>\n\n\n\n<h4 class=\"wp-block-heading has-text-align-center\"><span style=\"color: #3366ff;\">T\u00c4GLICH von 8:00 bis 16:30 Uhr zwischen 2.4.2026 und 6.4.2026<\/span>\u00a0nach dem folgenden Fahrplan:<\/h4>\n\n\n\n<figure class=\"wp-block-gallery aligncenter has-nested-images columns-default is-cropped wp-block-gallery-2 is-layout-flex wp-block-gallery-is-layout-flex\">\n<figure class=\"wp-block-image size-full\"><img loading=\"lazy\" decoding=\"async\" width=\"1326\" height=\"1839\" data-id=\"13309644\" src=\"https:\/\/regiontatry.sk\/wp-content\/uploads\/2026\/03\/Linka_1A_S.-Pleso_grafikony_-vikendova-prevadzka-do-6.4.2026.jpg\" alt=\"\" class=\"wp-image-13309644\" srcset=\"https:\/\/regiontatry.sk\/wp-content\/uploads\/2026\/03\/Linka_1A_S.-Pleso_grafikony_-vikendova-prevadzka-do-6.4.2026.jpg 1326w, https:\/\/regiontatry.sk\/wp-content\/uploads\/2026\/03\/Linka_1A_S.-Pleso_grafikony_-vikendova-prevadzka-do-6.4.2026-216x300.jpg 216w, https:\/\/regiontatry.sk\/wp-content\/uploads\/2026\/03\/Linka_1A_S.-Pleso_grafikony_-vikendova-prevadzka-do-6.4.2026-738x1024.jpg 738w, https:\/\/regiontatry.sk\/wp-content\/uploads\/2026\/03\/Linka_1A_S.-Pleso_grafikony_-vikendova-prevadzka-do-6.4.2026-768x1065.jpg 768w, https:\/\/regiontatry.sk\/wp-content\/uploads\/2026\/03\/Linka_1A_S.-Pleso_grafikony_-vikendova-prevadzka-do-6.4.2026-1108x1536.jpg 1108w, https:\/\/regiontatry.sk\/wp-content\/uploads\/2026\/03\/Linka_1A_S.-Pleso_grafikony_-vikendova-prevadzka-do-6.4.2026-860x1193.jpg 860w, https:\/\/regiontatry.sk\/wp-content\/uploads\/2026\/03\/Linka_1A_S.-Pleso_grafikony_-vikendova-prevadzka-do-6.4.2026-698x968.jpg 698w, https:\/\/regiontatry.sk\/wp-content\/uploads\/2026\/03\/Linka_1A_S.-Pleso_grafikony_-vikendova-prevadzka-do-6.4.2026-552x766.jpg 552w\" sizes=\"(max-width: 1326px) 100vw, 1326px\" \/><\/figure>\n\n\n\n<figure class=\"wp-block-image size-full\"><img loading=\"lazy\" decoding=\"async\" width=\"1264\" height=\"1778\" data-id=\"13309636\" src=\"https:\/\/regiontatry.sk\/wp-content\/uploads\/2026\/03\/grafikon-SP_Denna-prevadzka.jpg\" alt=\"\" class=\"wp-image-13309636\" srcset=\"https:\/\/regiontatry.sk\/wp-content\/uploads\/2026\/03\/grafikon-SP_Denna-prevadzka.jpg 1264w, https:\/\/regiontatry.sk\/wp-content\/uploads\/2026\/03\/grafikon-SP_Denna-prevadzka-213x300.jpg 213w, https:\/\/regiontatry.sk\/wp-content\/uploads\/2026\/03\/grafikon-SP_Denna-prevadzka-728x1024.jpg 728w, https:\/\/regiontatry.sk\/wp-content\/uploads\/2026\/03\/grafikon-SP_Denna-prevadzka-768x1080.jpg 768w, https:\/\/regiontatry.sk\/wp-content\/uploads\/2026\/03\/grafikon-SP_Denna-prevadzka-1092x1536.jpg 1092w, https:\/\/regiontatry.sk\/wp-content\/uploads\/2026\/03\/grafikon-SP_Denna-prevadzka-860x1210.jpg 860w, https:\/\/regiontatry.sk\/wp-content\/uploads\/2026\/03\/grafikon-SP_Denna-prevadzka-698x982.jpg 698w, https:\/\/regiontatry.sk\/wp-content\/uploads\/2026\/03\/grafikon-SP_Denna-prevadzka-552x776.jpg 552w\" sizes=\"(max-width: 1264px) 100vw, 1264px\" \/><\/figure>\n<\/figure>\n\n\n\n<p><strong>Helpline f\u00fcr SKIBUSSE in \u0160trbsk\u00e9 Pleso +421 910 448 970<\/strong><\/p>\n\n\n\n<p>*Falls ein Pendel-SKIBUS nicht voll besetzt ist, k\u00f6nnen ihn auch laufende Touristen nutzen. Passagiere mit Skiausr\u00fcstung haben aber immer Vorrang. <\/p>\n\n\n\n<h2 class=\"wp-block-heading has-text-align-center\"><span style=\"color: #3366ff;\"><strong>\u0160TRBSK\u00c9 PLESO<\/strong> &#8211; <\/span><strong><span style=\"color: #3366ff;\">Linie 1b \u2013 Hotellinie <\/span><br><\/strong><\/h2>\n\n\n\n<h4 class=\"wp-block-heading\">&nbsp;<\/h4>\n\n\n\n<h4 class=\"wp-block-heading has-text-align-center\">Pension Pleso \u2013 SHB Hostel \u2013 Helios- Hotel Patria**** \u2013 Skigebiet<\/h4>\n\n\n\n<h4 class=\"wp-block-heading\">&nbsp;<\/h4>\n\n\n\n<h4 class=\"wp-block-heading has-text-align-center has-vivid-red-color has-text-color has-link-color wp-elements-f3ea35161fb63a9d9f676bf5ca9412b8\">Die Linie f\u00e4hrt:<br><span style=\"color: #3366ff;\">T\u00c4GLICH 26.12.2025 &#8211; 08.03.2026<\/span> &#8211; SKIBUS-BETRIEB EINGESTELLT<\/h4>\n\n\n\n<p><\/p>\n\n\n\n<h4 class=\"wp-block-heading has-text-align-center\"><strong><span style=\"color: #3366ff;\">AN WOCHENENDEN: <\/span><\/strong><span style=\"color: #3366ff;\"> 14.-15.3., 21-22.3., 28-29.3., 3-6.4.2026 <\/span>,<strong style=\"color: revert; font-size: revert;\">nach dem folgenden Fahrplan:<\/strong><\/h4>\n\n\n\n<h4 class=\"wp-block-heading\"><strong><em>&nbsp;<\/em><\/strong><\/h4>\n\n\n\n<p> <strong>Helpline f\u00fcr SKIBUSSE in \u0160trbsk\u00e9 Pleso <\/strong> <strong>+421 910 448 970<\/strong> <br><\/p>\n\n\n<div class=\"wp-block-image\">\n<figure class=\"aligncenter size-full is-resized\"><a href=\"https:\/\/regiontatry.sk\/wp-content\/uploads\/2025\/12\/Linka-1B_S.-Pleso_grafikony.jpg\" data-rel=\"lightbox-image-0\" data-rl_title=\"\" data-rl_caption=\"\" title=\"\"><img loading=\"lazy\" decoding=\"async\" width=\"1240\" height=\"1754\" src=\"https:\/\/regiontatry.sk\/wp-content\/uploads\/2025\/12\/Linka-1B_S.-Pleso_grafikony.jpg\" alt=\"\" class=\"wp-image-13171556\" style=\"width:588px;height:auto\" srcset=\"https:\/\/regiontatry.sk\/wp-content\/uploads\/2025\/12\/Linka-1B_S.-Pleso_grafikony.jpg 1240w, https:\/\/regiontatry.sk\/wp-content\/uploads\/2025\/12\/Linka-1B_S.-Pleso_grafikony-212x300.jpg 212w, https:\/\/regiontatry.sk\/wp-content\/uploads\/2025\/12\/Linka-1B_S.-Pleso_grafikony-724x1024.jpg 724w, https:\/\/regiontatry.sk\/wp-content\/uploads\/2025\/12\/Linka-1B_S.-Pleso_grafikony-768x1086.jpg 768w, https:\/\/regiontatry.sk\/wp-content\/uploads\/2025\/12\/Linka-1B_S.-Pleso_grafikony-1086x1536.jpg 1086w, https:\/\/regiontatry.sk\/wp-content\/uploads\/2025\/12\/Linka-1B_S.-Pleso_grafikony-860x1216.jpg 860w, https:\/\/regiontatry.sk\/wp-content\/uploads\/2025\/12\/Linka-1B_S.-Pleso_grafikony-698x987.jpg 698w, https:\/\/regiontatry.sk\/wp-content\/uploads\/2025\/12\/Linka-1B_S.-Pleso_grafikony-552x781.jpg 552w\" sizes=\"(max-width: 1240px) 100vw, 1240px\" \/><\/a><\/figure><\/div>\n\n\n<h2 class=\"wp-block-heading has-text-align-center has-vivid-red-color has-text-color has-link-color wp-elements-1030aa093d41a2e4bcd6cd4344d38141\"><span style=\"color: #3366ff;\"><strong><br>TATRANSK\u00c1 LOMNICA, STAR\u00dd SMOKOVEC \u2013 MINIBUS <\/strong><\/span>&#8211; SKIBUS-BETRIEB EINGESTELLT<\/h2>\n\n\n\n<article class=\"w-full text-token-text-primary\" dir=\"auto\" data-testid=\"conversation-turn-6\" data-scroll-anchor=\"true\">\n<div class=\"text-base my-auto mx-auto py-5 px-6\">\n<div class=\"mx-auto flex flex-1 text-base gap-4 md:gap-5 lg:gap-6 md:max-w-3xl lg:max-w-[40rem] xl:max-w-[48rem] group\/turn-messages focus-visible:outline-none\" tabindex=\"-1\">\n<div class=\"group\/conversation-turn relative flex w-full min-w-0 flex-col agent-turn @xs\/thread:px-0 @sm\/thread:px-1.5 @md\/thread:px-4\">\n<div class=\"relative flex-col gap-1 md:gap-3\">\n<div class=\"mt-3 w-full empty:hidden\">\n<div class=\"text-center\">&nbsp;<\/div>\n<\/div>\n<\/div>\n<\/div>\n<\/div>\n<\/div>\n<\/article>\n\n\n\n<h4 class=\"wp-block-heading has-text-align-center\"><span style=\"color: #3366ff;\"><strong>Linie 2: <span style=\"color: #000000;\">Tatransk\u00e9 Zruby \u2013 Nov\u00fd Smokovec \u2013 Star\u00fd Smokovec \u2013 Horn\u00fd Smokovec \u2013 Tatransk\u00e1 Lesn\u00e1 \u2013 Tatransk\u00e1 Lomnica, Skigebiet und zur\u00fcck<\/span><\/strong><\/span><\/h4>\n\n\n\n<p><\/p>\n\n\n\n<h4 class=\"wp-block-heading has-text-align-center\">Die Linie f\u00e4hrt <span style=\"color: #3366ff;\">T\u00c4GLICH von 26.12.2025\u2013 08.3.2026<\/span>&nbsp;nach dem folgenden Fahrplan:<\/h4>\n\n\n\n<p><strong>Informationslinie f\u00fcr SKIBUS Richtung Tatransk\u00e1 Lomnica<\/strong> <strong>  +421 919 167 520<\/strong><\/p>\n\n\n<div class=\"wp-block-image\">\n<figure class=\"aligncenter size-full is-resized\"><a href=\"https:\/\/regiontatry.sk\/wp-content\/uploads\/2025\/12\/Linka-2_-T.-Lomnica-Zruby_grafikony.jpg\" data-rel=\"lightbox-image-1\" data-rl_title=\"\" data-rl_caption=\"\" title=\"\"><img loading=\"lazy\" decoding=\"async\" width=\"1240\" height=\"1754\" src=\"https:\/\/regiontatry.sk\/wp-content\/uploads\/2025\/12\/Linka-2_-T.-Lomnica-Zruby_grafikony.jpg\" alt=\"\" class=\"wp-image-13171564\" style=\"width:584px;height:auto\" srcset=\"https:\/\/regiontatry.sk\/wp-content\/uploads\/2025\/12\/Linka-2_-T.-Lomnica-Zruby_grafikony.jpg 1240w, https:\/\/regiontatry.sk\/wp-content\/uploads\/2025\/12\/Linka-2_-T.-Lomnica-Zruby_grafikony-212x300.jpg 212w, https:\/\/regiontatry.sk\/wp-content\/uploads\/2025\/12\/Linka-2_-T.-Lomnica-Zruby_grafikony-724x1024.jpg 724w, https:\/\/regiontatry.sk\/wp-content\/uploads\/2025\/12\/Linka-2_-T.-Lomnica-Zruby_grafikony-768x1086.jpg 768w, https:\/\/regiontatry.sk\/wp-content\/uploads\/2025\/12\/Linka-2_-T.-Lomnica-Zruby_grafikony-1086x1536.jpg 1086w, https:\/\/regiontatry.sk\/wp-content\/uploads\/2025\/12\/Linka-2_-T.-Lomnica-Zruby_grafikony-860x1216.jpg 860w, https:\/\/regiontatry.sk\/wp-content\/uploads\/2025\/12\/Linka-2_-T.-Lomnica-Zruby_grafikony-698x987.jpg 698w, https:\/\/regiontatry.sk\/wp-content\/uploads\/2025\/12\/Linka-2_-T.-Lomnica-Zruby_grafikony-552x781.jpg 552w\" sizes=\"(max-width: 1240px) 100vw, 1240px\" \/><\/a><\/figure><\/div>\n\n\n<h2 class=\"wp-block-heading has-text-align-center has-vivid-red-color has-text-color has-link-color wp-elements-a861325eee67f920baf84c4b61ccdee5\"><span style=\"color: #3366ff;\"><strong><br>TATRANSK\u00c1 LOMNICA, POPRAD AQUACITY \u2013&nbsp; MINIBUS&nbsp;<\/strong><\/span>&#8211; SKIBUS-BETRIEB EINGESTELLT<\/h2>\n\n\n\n<h3 class=\"wp-block-heading\"><strong>&nbsp;<\/strong><\/h3>\n\n\n\n<h4 class=\"wp-block-heading has-text-align-center\"><span style=\"color: #3366ff;\">Linie 3: <\/span>Aquacity, Poprad \u2013 Ve\u013ek\u00e1 Lomnica \u2013 Star\u00e1 Lesn\u00e1 \u2013 Tatransk\u00e1 Lomnica&nbsp;\u2013 1x Vormittags und 2x Nachmittags<\/h4>\n\n\n\n<h4 class=\"wp-block-heading\">&nbsp;<\/h4>\n\n\n\n<h4 class=\"wp-block-heading has-text-align-center\"><span style=\"color: #3366ff;\">Linie 3<\/span> f\u00e4hrt:<span style=\"color: #3366ff;\"> T\u00c4GLICH von 26.12.2025 bis 31.12.2025 und von 1.1. bis 07.1.2026<\/span>, <span style=\"color: #3366ff;\">14.2. bis 08.03.2026<\/span><\/h4>\n\n\n\n<p><\/p>\n\n\n\n<h4 class=\"wp-block-heading has-text-align-center\"><span style=\"color: #3366ff;\">AN WOCHENENDEN: 10.1.2026 \u2013 8.2.2026<\/span>&nbsp;nach dem folgenden Fahrplan:<\/h4>\n\n\n\n<h4 class=\"wp-block-heading\">&nbsp;<\/h4>\n\n\n\n<p><strong>Informationslinie f\u00fcr SKIBUS Richtung Tatransk\u00e1 Lomnica<\/strong>  <strong> +421 919 167 520<\/strong><\/p>\n\n\n<div class=\"wp-block-image\">\n<figure class=\"aligncenter size-full is-resized\"><a href=\"https:\/\/regiontatry.sk\/wp-content\/uploads\/2026\/02\/Linka-3_T.-Lomnica-Aquacity_-grafikony_opraveny_page-0001.jpg\" data-rel=\"lightbox-image-2\" data-rl_title=\"\" data-rl_caption=\"\" title=\"\"><img loading=\"lazy\" decoding=\"async\" width=\"1327\" height=\"1841\" src=\"https:\/\/regiontatry.sk\/wp-content\/uploads\/2026\/02\/Linka-3_T.-Lomnica-Aquacity_-grafikony_opraveny_page-0001.jpg\" alt=\"\" class=\"wp-image-13268259\" style=\"width:572px;height:auto\" srcset=\"https:\/\/regiontatry.sk\/wp-content\/uploads\/2026\/02\/Linka-3_T.-Lomnica-Aquacity_-grafikony_opraveny_page-0001.jpg 1327w, https:\/\/regiontatry.sk\/wp-content\/uploads\/2026\/02\/Linka-3_T.-Lomnica-Aquacity_-grafikony_opraveny_page-0001-216x300.jpg 216w, https:\/\/regiontatry.sk\/wp-content\/uploads\/2026\/02\/Linka-3_T.-Lomnica-Aquacity_-grafikony_opraveny_page-0001-738x1024.jpg 738w, https:\/\/regiontatry.sk\/wp-content\/uploads\/2026\/02\/Linka-3_T.-Lomnica-Aquacity_-grafikony_opraveny_page-0001-768x1065.jpg 768w, https:\/\/regiontatry.sk\/wp-content\/uploads\/2026\/02\/Linka-3_T.-Lomnica-Aquacity_-grafikony_opraveny_page-0001-1107x1536.jpg 1107w, https:\/\/regiontatry.sk\/wp-content\/uploads\/2026\/02\/Linka-3_T.-Lomnica-Aquacity_-grafikony_opraveny_page-0001-860x1193.jpg 860w, https:\/\/regiontatry.sk\/wp-content\/uploads\/2026\/02\/Linka-3_T.-Lomnica-Aquacity_-grafikony_opraveny_page-0001-698x968.jpg 698w, https:\/\/regiontatry.sk\/wp-content\/uploads\/2026\/02\/Linka-3_T.-Lomnica-Aquacity_-grafikony_opraveny_page-0001-552x766.jpg 552w\" sizes=\"(max-width: 1327px) 100vw, 1327px\" \/><\/a><\/figure><\/div>\n\n\n<p><strong>Informationslinie f\u00fcr SKIBUS Richtung Tatransk\u00e1 Lomnica<\/strong>  <strong>  +421 919 167 520<\/strong><\/p>\n\n\n\n<h2 class=\"wp-block-heading has-text-align-center has-vivid-red-color has-text-color has-link-color wp-elements-adadab8d1236f5b029f820613ae9a590\"><span style=\"color: #3366ff;\"><strong><br>TATRANSK\u00c1 LOMNICA &#8211; linie 4 \u2013 Pendelbus<\/strong><\/span> &#8211; SKIBUS-BETRIEB EINGESTELLT<\/h2>\n\n\n\n<h2 class=\"wp-block-heading\">&nbsp;<\/h2>\n\n\n\n<h4 class=\"wp-block-heading has-text-align-center\"><span style=\"color: #3366ff;\">Linie 4:<\/span> Skigebiet \u2013&nbsp; Aplend Pension Beatrice \u2013 Vila Zea \u2013 Parkplatz beim Bahnhof \u2013 Kremenec \u2013 Herberge 1. m\u00e1j \u2013 Parkplatz beim Fu\u00dfballspielplatz \u2013 Hotel Sorea Hutn\u00edk \u2013 Busstation \u2013 Skigebiet<\/h4>\n\n\n\n<h4 class=\"wp-block-heading\">&nbsp;<\/h4>\n\n\n\n<h4 class=\"wp-block-heading has-text-align-center\">Die Linie pendelt <span style=\"color: #3366ff;\">T\u00c4GLICH von 8:00 bis 16:30 Uhr: 26.12.2025 \u2013 7.1.2026 und 14.2. \u2013 08.3.2026<\/span>&nbsp;<\/h4>\n\n\n\n<p><\/p>\n\n\n\n<h4 class=\"wp-block-heading has-text-align-center\"><span style=\"color: #3366ff;\">AN WOCHENENDEN: 10.1.2026 \u2013 14.2.2026<\/span>&nbsp;nach dem folgenden Fahrplan:<\/h4>\n\n\n\n<p><strong>Informationslinie f\u00fcr SKIBUS Richtung Tatransk\u00e1 Lomnica  +421 919 167 520<\/strong><\/p>\n\n\n<div class=\"wp-block-image\">\n<figure class=\"aligncenter size-full is-resized\"><a href=\"https:\/\/regiontatry.sk\/wp-content\/uploads\/2025\/12\/Linka-4_T.-Lomnica-_grafikony.jpg\" data-rel=\"lightbox-image-3\" data-rl_title=\"\" data-rl_caption=\"\" title=\"\"><img loading=\"lazy\" decoding=\"async\" width=\"1240\" height=\"1754\" src=\"https:\/\/regiontatry.sk\/wp-content\/uploads\/2025\/12\/Linka-4_T.-Lomnica-_grafikony.jpg\" alt=\"\" class=\"wp-image-13171584\" style=\"width:654px;height:auto\" srcset=\"https:\/\/regiontatry.sk\/wp-content\/uploads\/2025\/12\/Linka-4_T.-Lomnica-_grafikony.jpg 1240w, https:\/\/regiontatry.sk\/wp-content\/uploads\/2025\/12\/Linka-4_T.-Lomnica-_grafikony-212x300.jpg 212w, https:\/\/regiontatry.sk\/wp-content\/uploads\/2025\/12\/Linka-4_T.-Lomnica-_grafikony-724x1024.jpg 724w, https:\/\/regiontatry.sk\/wp-content\/uploads\/2025\/12\/Linka-4_T.-Lomnica-_grafikony-768x1086.jpg 768w, https:\/\/regiontatry.sk\/wp-content\/uploads\/2025\/12\/Linka-4_T.-Lomnica-_grafikony-1086x1536.jpg 1086w, https:\/\/regiontatry.sk\/wp-content\/uploads\/2025\/12\/Linka-4_T.-Lomnica-_grafikony-860x1216.jpg 860w, https:\/\/regiontatry.sk\/wp-content\/uploads\/2025\/12\/Linka-4_T.-Lomnica-_grafikony-698x987.jpg 698w, https:\/\/regiontatry.sk\/wp-content\/uploads\/2025\/12\/Linka-4_T.-Lomnica-_grafikony-552x781.jpg 552w\" sizes=\"(max-width: 1240px) 100vw, 1240px\" \/><\/a><\/figure><\/div>\n\n\n<p><strong>Der Skibus wird auch zum Bahnhof fahren und die Ankunft\/Abfahrt sind so angepasst, damit Passagiere in die\/von der Tatra-Elektrobahn umsteigen k\u00f6nnen. <\/strong><\/p>\n\n\n\n<p>* Falls ein Pendel-SKIBUS nicht voll besetzt ist, k\u00f6nnen ihn auch laufende Touristen nutzen. Passagiere mit Skiausr\u00fcstung haben aber immer Vorrang. <br><\/p>\n\n\n\n<p><strong>ANWEISUNGEN F\u00dcR PASSAGIERE:<\/strong><\/p>\n\n\n\n<ol class=\"wp-block-list\">\n<li><strong>SKI &amp; AQUA BUSSE dienen haupts\u00e4chlich f\u00fcr Skil\u00e4ufer und GOPASS-Karte-Inhabe<\/strong>r (falls ein Pendel-SKIBUS in Skigebieten \u0160trbsk\u00e9 Pleso und Tatransk\u00e1 Lomnica nicht voll besetzt ist, k\u00f6nnen ihn auch laufende Touristen nutzen.)<\/li>\n\n\n\n<li><strong>Wir bitten hiermit alle Passagiere um R\u00fccksicht auf andere beim Einsteigen und Aussteigen. Passagiere mit Skiausr\u00fcstung haben immer Vorrang in Skibussen.<\/strong><\/li>\n\n\n\n<li>Bei schlechtem Wetter, wenn die Seilbahnen in Skizentren nicht fahren, ist der SKI &amp; AQUA BUS-Verehr begrenzt. Aktuelle Informationen \u00fcber den Verkehr bekommen Sie bei Ihren Unterkunftsanbietern, in Informationszentren, auf www.regiontatry.sk, www.vt.sk und im Morgen-Newsletter.<\/li>\n\n\n\n<li><strong>Der Betreiber der SKI &amp; AQUA BUSSE beh\u00e4lt sich das Recht vor die Fahrpl\u00e4ne individueller Buslinien wegen schlechten Wetters, Fahrzeugpannen und anderer unvorhergesehener Situationen zu \u00e4ndern. Bitte, informieren Sie sich bei Ihrem Unterkunftsanbieter \u00fcber eventuelle \u00c4nderungen.<\/strong><\/li>\n\n\n\n<li>Die Helpline f\u00fcr die SKI &amp; AQUA BUSSE ist t\u00e4glich von <strong>6.12.2025 bis 6.4.2026 <\/strong>nur w\u00e4hrend den Busfahrzeiten, also von <strong>9:00 bis 16:00 Uhr <\/strong>zur Verf\u00fcgung.<\/li>\n<\/ol>\n\n\n\n<p>Informationen \u00fcber die Skigebiete in der Hohen Tatra finden Sie <a href=\"https:\/\/www.vt.sk\/\">HIER! <\/a><\/p>\n\n\n\n<p><strong>Die Skibusse werden von OOCR Regi\u00f3n Vysok\u00e9 Tatry (Tourismusorganisation) betrieben und mit finanzieller Unterst\u00fctzung des Ministeriums f\u00fcr Tourismus und Sport der Slowakischen Republik.<\/strong><\/p>\n\n\n\n<figure class=\"wp-block-gallery has-nested-images columns-default is-cropped alignleft wp-block-gallery-3 is-layout-flex wp-block-gallery-is-layout-flex\">\n<figure class=\"wp-block-image size-full\"><img loading=\"lazy\" decoding=\"async\" width=\"709\" height=\"283\" data-id=\"9511184\" src=\"https:\/\/regiontatry.sk\/wp-content\/uploads\/2024\/02\/Ministerstvo_cestovneho-ruchu-a-sportu_SR_EN_Farebne.jpg\" alt=\"\" class=\"wp-image-9511184\" srcset=\"https:\/\/regiontatry.sk\/wp-content\/uploads\/2024\/02\/Ministerstvo_cestovneho-ruchu-a-sportu_SR_EN_Farebne.jpg 709w, https:\/\/regiontatry.sk\/wp-content\/uploads\/2024\/02\/Ministerstvo_cestovneho-ruchu-a-sportu_SR_EN_Farebne-300x120.jpg 300w, https:\/\/regiontatry.sk\/wp-content\/uploads\/2024\/02\/Ministerstvo_cestovneho-ruchu-a-sportu_SR_EN_Farebne-698x279.jpg 698w, https:\/\/regiontatry.sk\/wp-content\/uploads\/2024\/02\/Ministerstvo_cestovneho-ruchu-a-sportu_SR_EN_Farebne-552x220.jpg 552w\" sizes=\"(max-width: 709px) 100vw, 709px\" \/><\/figure>\n<\/figure>\n\n\n<p><!--EndFragment--><\/p>\n<\/p>","protected":false},"excerpt":{"rendered":"<p>In der Wintersaison sind haupts\u00e4chlich f\u00fcr Skil\u00e4ufer und GOPASS-Karte-Inhaber regionale SKI &amp; AQUA BUSSE zur Verf\u00fcgung, um sie zwischen 6.12.2025 und 6.4.2026&nbsp;bequem und kostenlos in die Skigebiete Tatransk\u00e1 Lomnica, \u0160trbsk\u00e9 Pleso&nbsp;und zum Wasserpark AquaCity&nbsp;Poprad zu fahren. \u0160TRBSK\u00c9 PLESO &#8211; Linie 1a \u2013 Pendelbus \u0160trbsk\u00e9 Pleso, Zentralparkplatz \u2013 Skigebiet &nbsp; Die Linie 1A pendelt: AN WOCHENENDEN [&hellip;]<\/p>\n","protected":false},"author":12,"featured_media":5419245,"parent":21158,"menu_order":7,"comment_status":"closed","ping_status":"closed","template":"template-simple-page.php","meta":{"footnotes":""},"class_list":["post-21261","page","type-page","status-publish","has-post-thumbnail","hentry"],"_links":{"self":[{"href":"https:\/\/regiontatry.sk\/de\/wp-json\/wp\/v2\/pages\/21261"}],"collection":[{"href":"https:\/\/regiontatry.sk\/de\/wp-json\/wp\/v2\/pages"}],"about":[{"href":"https:\/\/regiontatry.sk\/de\/wp-json\/wp\/v2\/types\/page"}],"author":[{"embeddable":true,"href":"https:\/\/regiontatry.sk\/de\/wp-json\/wp\/v2\/users\/12"}],"replies":[{"embeddable":true,"href":"https:\/\/regiontatry.sk\/de\/wp-json\/wp\/v2\/comments?post=21261"}],"version-history":[{"count":73,"href":"https:\/\/regiontatry.sk\/de\/wp-json\/wp\/v2\/pages\/21261\/revisions"}],"predecessor-version":[{"id":13309657,"href":"https:\/\/regiontatry.sk\/de\/wp-json\/wp\/v2\/pages\/21261\/revisions\/13309657"}],"up":[{"embeddable":true,"href":"https:\/\/regiontatry.sk\/de\/wp-json\/wp\/v2\/pages\/21158"}],"wp:featuredmedia":[{"embeddable":true,"href":"https:\/\/regiontatry.sk\/de\/wp-json\/wp\/v2\/media\/5419245"}],"wp:attachment":[{"href":"https:\/\/regiontatry.sk\/de\/wp-json\/wp\/v2\/media?parent=21261"}],"curies":[{"name":"wp","href":"https:\/\/api.w.org\/{rel}","templated":true}]}}