{"id":21264,"date":"2018-07-13T11:15:31","date_gmt":"2018-07-13T09:15:31","guid":{"rendered":"https:\/\/regiontatry.sk\/skifahren\/tatranska-lyzovacka\/"},"modified":"2020-02-10T14:11:50","modified_gmt":"2020-02-10T13:11:50","slug":"skifahren-in-der-tatra","status":"publish","type":"page","link":"https:\/\/regiontatry.sk\/de\/skifahren\/skifahren-in-der-tatra\/","title":{"rendered":"Skifahren in der Tatra"},"content":{"rendered":"\n<p>Erleben Sie einen unvergesslichen Urlaub voll von tollen Wintererlebnissen. Fahren Sie Ski in der Hohen Tatra, die <strong>24 Kilometer perfekt pr\u00e4parierte Skipisten bietet und Schnee f\u00fcr 5 Monate pro Jahr garantiert. <\/strong>In erstklassigen Skigebieten Tatransk\u00e1 Lomnica, \u0160trbsk\u00e9 Pleso und Star\u00fd Smokovec fahren Sie <strong>20 moderne Seilbahnen und Skilifte<\/strong> hoch zu den Wolken.<\/p>\n\n\n\n<p>In der ganzen Hohen Tatra gilt ein <strong>gemeinsamer Skipass,\u00a0<\/strong>angenehme Erw\u00e4rmung und Spa\u00df bieten\u00a0<strong>Apr\u00e8s Ski Bars\u00a0<\/strong>in jedem Skigebiet und zum Transport sind\u00a0<strong><a href=\"https:\/\/regiontatry.sk\/de\/skifahren\/ski-aqua-bus\/\" target=\"_blank\" rel=\"noreferrer noopener\" aria-label=\"\u00f6kologische Skibusse (otvor\u00ed sa v novej karte)\">\u00f6kologische Skibusse<\/a><\/strong> da.<\/p>\n\n\n\n<p>Genie\u00dfen Sie atemberaubende Hochgebirgspanoramen und die fantastische Atmosph\u00e4re, die das <strong>kleinste Hochgebirge der Welt <\/strong>im Winter bietet.<\/p>\n\n\n\t<a href=\"\/de\/skifahren\/tatranska-lomnica\/\" class=\"wp-block-cgb-block-creanet-list category-list grid-x grid-padding-x align-middle\">\n\t\t\t\t\t<div class=\"small-12 medium-6 large-5\">\n\t\t\t\t<figure><img src='https:\/\/regiontatry.sk\/wp-content\/uploads\/2018\/10\/c_Marek_Hajkovsky_foto_Tatry_zimna_sezona_3000.jpg'\n\t\t\t\t\t\talt=''\n\t\t\t\t\t\ttitle='c_Marek_Hajkovsky_foto_Tatry_zimna_sezona_3000'\n\t\t\t\t\t\/><\/figure>\n\t\t\t<\/div>\n\t\t\n\n\t\t<div class=\"cell small-12 medium-5 large-7\">\n\t\t\t<h3>Die steilste Skipiste in der Slowakei<\/h3>\n\t\t\t<p>Im top-modernen Skigebiet Tatransk\u00e1 Lomnica kann man <strong>in der Meeresh\u00f6he von 2190 m auf der steilsten Piste im Bergsattel Lomnick\u00e9 sedlo Ski fahren<\/strong>. <br>Ein H\u00f6henunterschied bis zu 1 300 m, 5-Monate-Schneegarantie, <strong>ein top-moderne 15-Personen-Gondelbahn<\/strong> und erweiterte Skipisten versprechen tolle Erlebnisse auf einer <strong>erstklassigen 5,5 km lange<\/strong>n und 60 m breiten Carving-Strecke. <br><\/p>\n\t\t<\/div>\n\t<\/a>\n\n\t\n\n\t<a href=\"\/de\/skifahren\/strbske-pleso\/\" class=\"wp-block-cgb-block-creanet-list category-list grid-x grid-padding-x align-middle\">\n\t\t\t\t\t<div class=\"small-12 medium-6 large-5\">\n\t\t\t\t<figure><img src='https:\/\/regiontatry.sk\/wp-content\/uploads\/2018\/10\/ski_strbske.jpeg'\n\t\t\t\t\t\talt=''\n\t\t\t\t\t\ttitle='ski_strbske'\n\t\t\t\t\t\/><\/figure>\n\t\t\t<\/div>\n\t\t\n\n\t\t<div class=\"cell small-12 medium-5 large-7\">\n\t\t\t<h3>\u0160trbsk\u00e9 Pleso beliebt unter Skil\u00e4ufern<\/h3>\n\t\t\t<p>\u0160trbsk\u00e9 Pleso ist <strong>das h\u00f6chstgelegene Skigebiet<\/strong> mit der Seilbahntalstation in der Meeresh\u00f6he von 1400 m und <strong>der l\u00e4ngsten Skisaison in der Slowakei<\/strong>. <br>Es bietet <strong>9 Kilometer einfache und mittelschwere Skipisten<\/strong>, die vor allem Familien mit Kindern aber auch erfahrene Skifahrer lieben. <br><\/p>\n\t\t<\/div>\n\t<\/a>\n\n\t\n\n\t<a href=\"\/de\/skifahren\/stary-smokovec\/\" class=\"wp-block-cgb-block-creanet-list category-list grid-x grid-padding-x align-middle\">\n\t\t\t\t\t<div class=\"small-12 medium-6 large-5\">\n\t\t\t\t<figure><img src='https:\/\/regiontatry.sk\/wp-content\/uploads\/2018\/09\/Maxiland-for-children_800.jpg'\n\t\t\t\t\t\talt=''\n\t\t\t\t\t\ttitle='Maxiland-for-children_800'\n\t\t\t\t\t\/><\/figure>\n\t\t\t<\/div>\n\t\t\n\n\t\t<div class=\"cell small-12 medium-5 large-7\">\n\t\t\t<h3>F\u00fcr entschlossene Anf\u00e4nger<\/h3>\n\t\t\t<p>Star\u00fd Smokovec ist mit einfacheren Pisten ideal f\u00fcr kleine Kinder und Anf\u00e4nger. Professionelle <strong>Skischule-Lehrer<\/strong> sind bereit diesen wundersch\u00f6nen Sport vorzustellen und Ihnen die richtige Technik beizubringen. <br><\/p>\n\t\t<\/div>\n\t<\/a>\n\n\t\n\n\t<a href=\"\/de\/skifahren\/langlauf\/\" class=\"wp-block-cgb-block-creanet-list category-list grid-x grid-padding-x align-middle\">\n\t\t\t\t\t<div class=\"small-12 medium-6 large-5\">\n\t\t\t\t<figure><img src='https:\/\/regiontatry.sk\/wp-content\/uploads\/2018\/10\/Sni\u0301mka-obrazovky-2018-10-05-o-14.00.00.png'\n\t\t\t\t\t\talt=''\n\t\t\t\t\t\ttitle='Sni\u0301mka obrazovky 2018-10-05 o\u00a014.00.00'\n\t\t\t\t\t\/><\/figure>\n\t\t\t<\/div>\n\t\t\n\n\t\t<div class=\"cell small-12 medium-5 large-7\">\n\t\t\t<h3>Auf Langlaufskiern durch das Vorgebirge der Tatra<br><\/h3>\n\t\t\t<p>In der Region der Hohen Tatra k\u00f6nnen Sie <strong>mehr als 61 km pr\u00e4parierter Langlaufstrecken<\/strong> probieren. Das gr\u00f6\u00dfte Langlaufzentrum ist <strong>\u0160trbsk\u00e9 Pleso<\/strong>. Es bietet 8 professionell pr\u00e4parierte, von 0,5 bis 5 km lange Langlaufstrecken. In Tatransk\u00e1 Lomnica, Star\u00fd Smokovec und der Umgebung sind zusammen 30 km einfache bis mittelschwere Langlaufstrecken zur Verf\u00fcgung. Auf ihre Kosten kommen hier erfahrene Langl\u00e4ufer sowie Anf\u00e4nger. <br><\/p>\n\t\t<\/div>\n\t<\/a>\n\n\t\n\n<div class=\"wp-block-cgb-block-creanet-featured-links\">\n<h3>Wichtige Informationen:<\/h3>\n<ul class=\"featured-links menu vertical\">\n<li><strong><a href=\"\/lyzovanie\/pozicovne\">Ski- und Skiausr\u00fcstungsverleihe<\/a><\/strong><\/li>\n<li><strong><a href=\"https:\/\/regiontatry.sk\/de\/skifahren\/skischulen\/\">Skischulen<\/a><\/strong><\/li>\n<li><strong><a href=\"https:\/\/regiontatry.sk\/de\/skifahren\/ski-aqua-bus\/\">SKI &amp; AQUA BUS<\/a><\/strong><\/li>\n<li><strong><a href=\"\/?page_id=6059\">Ratschl\u00e4ge eines Bergf\u00fchrers, wie man Skifahren ohne Unf\u00e4llen genie\u00dfen kannn<\/a><\/strong><\/li>\n<\/ul>\n<\/div>\n<p><!-- \/wp:cgb\/block-creanet-featured-links --><\/p>","protected":false},"excerpt":{"rendered":"<p>Erleben Sie einen unvergesslichen Urlaub voll von tollen Wintererlebnissen. Fahren Sie Ski in der Hohen Tatra, die 24 Kilometer perfekt pr\u00e4parierte Skipisten bietet und Schnee f\u00fcr 5 Monate pro Jahr garantiert. In erstklassigen Skigebieten Tatransk\u00e1 Lomnica, \u0160trbsk\u00e9 Pleso und Star\u00fd Smokovec fahren Sie 20 moderne Seilbahnen und Skilifte hoch zu den Wolken. In der ganzen [&hellip;]<\/p>\n","protected":false},"author":1,"featured_media":21266,"parent":21158,"menu_order":0,"comment_status":"closed","ping_status":"closed","template":"template-simple-page.php","meta":{"footnotes":""},"class_list":["post-21264","page","type-page","status-publish","has-post-thumbnail","hentry"],"_links":{"self":[{"href":"https:\/\/regiontatry.sk\/de\/wp-json\/wp\/v2\/pages\/21264"}],"collection":[{"href":"https:\/\/regiontatry.sk\/de\/wp-json\/wp\/v2\/pages"}],"about":[{"href":"https:\/\/regiontatry.sk\/de\/wp-json\/wp\/v2\/types\/page"}],"author":[{"embeddable":true,"href":"https:\/\/regiontatry.sk\/de\/wp-json\/wp\/v2\/users\/1"}],"replies":[{"embeddable":true,"href":"https:\/\/regiontatry.sk\/de\/wp-json\/wp\/v2\/comments?post=21264"}],"version-history":[{"count":7,"href":"https:\/\/regiontatry.sk\/de\/wp-json\/wp\/v2\/pages\/21264\/revisions"}],"predecessor-version":[{"id":24350,"href":"https:\/\/regiontatry.sk\/de\/wp-json\/wp\/v2\/pages\/21264\/revisions\/24350"}],"up":[{"embeddable":true,"href":"https:\/\/regiontatry.sk\/de\/wp-json\/wp\/v2\/pages\/21158"}],"wp:featuredmedia":[{"embeddable":true,"href":"https:\/\/regiontatry.sk\/de\/wp-json\/wp\/v2\/media\/21266"}],"wp:attachment":[{"href":"https:\/\/regiontatry.sk\/de\/wp-json\/wp\/v2\/media?parent=21264"}],"curies":[{"name":"wp","href":"https:\/\/api.w.org\/{rel}","templated":true}]}}