{"id":21425,"date":"2019-11-11T10:50:28","date_gmt":"2019-11-11T09:50:28","guid":{"rendered":"https:\/\/regiontatry.sk\/zveladenie-naucneho-chodnika-turistickej-atrakcie-krizova-cesta-a-udrzba-cyklotras-v-lokalite-vysoke-tatry\/"},"modified":"2019-11-11T10:50:28","modified_gmt":"2019-11-11T09:50:28","slug":"zveladenie-naucneho-chodnika-turistickej-atrakcie-krizova-cesta-a-udrzba-cyklotras-v-lokalite-vysoke-tatry","status":"publish","type":"page","link":"https:\/\/regiontatry.sk\/de\/offenlegungspflicht\/zveladenie-naucneho-chodnika-turistickej-atrakcie-krizova-cesta-a-udrzba-cyklotras-v-lokalite-vysoke-tatry\/","title":{"rendered":"Zve\u013eadenie n\u00e1u\u010dn\u00e9ho chodn\u00edka \u2013 turistickej atrakcie Kr\u00ed\u017eov\u00e1 cesta a \u00fadr\u017eba cyklotr\u00e1s v lokalite Vysok\u00e9 Tatry"},"content":{"rendered":"\n<p><a rel=\"noreferrer noopener\" aria-label=\"V\u00fdzva na predlo\u017eenie cenovej ponuky  (otvor\u00ed sa v novej karte)\" href=\"https:\/\/regiontatry.sk\/wp-content\/uploads\/2019\/11\/Z%CC%8Ciadost%CC%8C-o-predloz%CC%8Cenie-cenovy%CC%81ch-ponu%CC%81k_kri%CC%81z%CC%8Cova%CC%81-cesta_cyklo.pdf\" target=\"_blank\">V\u00fdzva na predlo\u017eenie cenovej ponuky <\/a><\/p>\n\n\n\n<figure class=\"wp-block-image\"><a href=\"https:\/\/regiontatry.sk\/wp-content\/uploads\/2019\/11\/Sni\u0301mka-obrazovky-2019-11-11-o-10.46.51.png\" data-rel=\"lightbox-image-0\" data-rl_title=\"\" data-rl_caption=\"\" title=\"\"><img loading=\"lazy\" decoding=\"async\" width=\"1024\" height=\"185\" src=\"https:\/\/regiontatry.sk\/wp-content\/uploads\/2019\/11\/Sni\u0301mka-obrazovky-2019-11-11-o-10.46.51-1024x185.png\" alt=\"\" class=\"wp-image-21057\" srcset=\"https:\/\/regiontatry.sk\/wp-content\/uploads\/2019\/11\/Sni\u0301mka-obrazovky-2019-11-11-o-10.46.51-1024x185.png 1024w, https:\/\/regiontatry.sk\/wp-content\/uploads\/2019\/11\/Sni\u0301mka-obrazovky-2019-11-11-o-10.46.51-300x54.png 300w, https:\/\/regiontatry.sk\/wp-content\/uploads\/2019\/11\/Sni\u0301mka-obrazovky-2019-11-11-o-10.46.51-768x139.png 768w, https:\/\/regiontatry.sk\/wp-content\/uploads\/2019\/11\/Sni\u0301mka-obrazovky-2019-11-11-o-10.46.51-698x126.png 698w, https:\/\/regiontatry.sk\/wp-content\/uploads\/2019\/11\/Sni\u0301mka-obrazovky-2019-11-11-o-10.46.51-552x100.png 552w, https:\/\/regiontatry.sk\/wp-content\/uploads\/2019\/11\/Sni\u0301mka-obrazovky-2019-11-11-o-10.46.51.png 1404w\" sizes=\"(max-width: 1024px) 100vw, 1024px\" \/><\/a><\/figure>\n","protected":false},"excerpt":{"rendered":"<p>V\u00fdzva na predlo\u017eenie cenovej ponuky<\/p>\n","protected":false},"author":2,"featured_media":0,"parent":21582,"menu_order":0,"comment_status":"closed","ping_status":"closed","template":"template-simple-page.php","meta":{"footnotes":""},"class_list":["post-21425","page","type-page","status-publish","hentry"],"_links":{"self":[{"href":"https:\/\/regiontatry.sk\/de\/wp-json\/wp\/v2\/pages\/21425"}],"collection":[{"href":"https:\/\/regiontatry.sk\/de\/wp-json\/wp\/v2\/pages"}],"about":[{"href":"https:\/\/regiontatry.sk\/de\/wp-json\/wp\/v2\/types\/page"}],"author":[{"embeddable":true,"href":"https:\/\/regiontatry.sk\/de\/wp-json\/wp\/v2\/users\/2"}],"replies":[{"embeddable":true,"href":"https:\/\/regiontatry.sk\/de\/wp-json\/wp\/v2\/comments?post=21425"}],"version-history":[{"count":0,"href":"https:\/\/regiontatry.sk\/de\/wp-json\/wp\/v2\/pages\/21425\/revisions"}],"up":[{"embeddable":true,"href":"https:\/\/regiontatry.sk\/de\/wp-json\/wp\/v2\/pages\/21582"}],"wp:attachment":[{"href":"https:\/\/regiontatry.sk\/de\/wp-json\/wp\/v2\/media?parent=21425"}],"curies":[{"name":"wp","href":"https:\/\/api.w.org\/{rel}","templated":true}]}}