{"id":21426,"date":"2019-11-07T09:42:41","date_gmt":"2019-11-07T08:42:41","guid":{"rendered":"https:\/\/regiontatry.sk\/zabezpecenie-a-podpora-prepravy-navstevnikov-do-stredisk-cr-v-regione-vysoke-tatry-2019-2020\/"},"modified":"2019-11-07T09:42:41","modified_gmt":"2019-11-07T08:42:41","slug":"zabezpecenie-a-podpora-prepravy-navstevnikov-do-stredisk-cr-v-regione-vysoke-tatry-2019-2020","status":"publish","type":"page","link":"https:\/\/regiontatry.sk\/de\/zabezpecenie-a-podpora-prepravy-navstevnikov-do-stredisk-cr-v-regione-vysoke-tatry-2019-2020\/","title":{"rendered":"Zabezpe\u010denie a podpora prepravy n\u00e1v\u0161tevn\u00edkov do stred\u00edsk CR v regi\u00f3ne Vysok\u00e9 Tatry 2019\/2020"},"content":{"rendered":"\n<figure class=\"wp-block-image\"><img loading=\"lazy\" decoding=\"async\" width=\"1024\" height=\"330\" src=\"https:\/\/regiontatry.sk\/wp-content\/uploads\/2018\/11\/SKIBUS-logo-1024x330.jpg\" alt=\"\" class=\"wp-image-14181\" srcset=\"https:\/\/regiontatry.sk\/wp-content\/uploads\/2018\/11\/SKIBUS-logo-1024x330.jpg 1024w, https:\/\/regiontatry.sk\/wp-content\/uploads\/2018\/11\/SKIBUS-logo-300x97.jpg 300w, https:\/\/regiontatry.sk\/wp-content\/uploads\/2018\/11\/SKIBUS-logo-768x248.jpg 768w, https:\/\/regiontatry.sk\/wp-content\/uploads\/2018\/11\/SKIBUS-logo-1920x619.jpg 1920w, https:\/\/regiontatry.sk\/wp-content\/uploads\/2018\/11\/SKIBUS-logo-1705x550.jpg 1705w, https:\/\/regiontatry.sk\/wp-content\/uploads\/2018\/11\/SKIBUS-logo-698x225.jpg 698w, https:\/\/regiontatry.sk\/wp-content\/uploads\/2018\/11\/SKIBUS-logo-552x178.jpg 552w\" sizes=\"(max-width: 1024px) 100vw, 1024px\" \/><\/figure>\n\n\n\n<ul class=\"wp-block-list\"><li><a rel=\"noreferrer noopener\" aria-label=\"V\u00fdzva na predlo\u017eenie ponuky SkiBus (otvor\u00ed sa v novej karte)\" href=\"https:\/\/regiontatry.sk\/wp-content\/uploads\/2019\/11\/Vy\u0301zva-na-predloz\u030cenie-ponuky_SkiBus_2019.pdf\" target=\"_blank\">V\u00fdzva na predlo\u017eenie ponuky SkiBus<\/a><\/li><li><a rel=\"noreferrer noopener\" aria-label=\"AQUA SKI bus 2019 2020 n\u00e1vrh zmluvy (otvor\u00ed sa v novej karte)\" href=\"https:\/\/regiontatry.sk\/wp-content\/uploads\/2019\/11\/AQUA-SKI-bus-2019_2020-na\u0301vrh-zmluvy.pdf\" target=\"_blank\">AQUA SKI bus 2019 2020 n\u00e1vrh zmluvy<\/a><\/li><li><a href=\"https:\/\/regiontatry.sk\/wp-content\/uploads\/2019\/11\/Grafikony-skibus.pdf\" target=\"_blank\" rel=\"noreferrer noopener\" aria-label=\"Grafikony skibus (otvor\u00ed sa v novej karte)\">Grafikony skibus<\/a><\/li><li><a rel=\"noreferrer noopener\" aria-label=\"Rozpo\u010det skibus (otvor\u00ed sa v novej karte)\" href=\"https:\/\/regiontatry.sk\/wp-content\/uploads\/2019\/11\/rozpoc\u030cet-skibus.pdf\" target=\"_blank\">Rozpo\u010det skibus<\/a><\/li><li><a rel=\"noreferrer noopener\" aria-label=\"Vizu\u00e1l predpokladan\u00e9ho polepu skibusu (otvor\u00ed sa v novej karte)\" href=\"https:\/\/regiontatry.sk\/wp-content\/uploads\/2019\/11\/VIZUA\u0301L-PREDPOKLADANE\u0301HO-POLEPU-SKIBUSU.pdf\" target=\"_blank\">Vizu\u00e1l predpokladan\u00e9ho polepu skibusu<\/a><\/li><\/ul>\n","protected":false},"excerpt":{"rendered":"<p>V\u00fdzva na predlo\u017eenie ponuky SkiBus AQUA SKI bus 2019 2020 n\u00e1vrh zmluvy Grafikony skibus Rozpo\u010det skibus Vizu\u00e1l predpokladan\u00e9ho polepu skibusu<\/p>\n","protected":false},"author":2,"featured_media":0,"parent":0,"menu_order":0,"comment_status":"closed","ping_status":"closed","template":"template-simple-page.php","meta":{"footnotes":""},"class_list":["post-21426","page","type-page","status-publish","hentry"],"_links":{"self":[{"href":"https:\/\/regiontatry.sk\/de\/wp-json\/wp\/v2\/pages\/21426"}],"collection":[{"href":"https:\/\/regiontatry.sk\/de\/wp-json\/wp\/v2\/pages"}],"about":[{"href":"https:\/\/regiontatry.sk\/de\/wp-json\/wp\/v2\/types\/page"}],"author":[{"embeddable":true,"href":"https:\/\/regiontatry.sk\/de\/wp-json\/wp\/v2\/users\/2"}],"replies":[{"embeddable":true,"href":"https:\/\/regiontatry.sk\/de\/wp-json\/wp\/v2\/comments?post=21426"}],"version-history":[{"count":0,"href":"https:\/\/regiontatry.sk\/de\/wp-json\/wp\/v2\/pages\/21426\/revisions"}],"wp:attachment":[{"href":"https:\/\/regiontatry.sk\/de\/wp-json\/wp\/v2\/media?parent=21426"}],"curies":[{"name":"wp","href":"https:\/\/api.w.org\/{rel}","templated":true}]}}