{"id":21427,"date":"2019-06-07T10:26:16","date_gmt":"2019-06-07T08:26:16","guid":{"rendered":"https:\/\/regiontatry.sk\/letna-sezona-v-regione-vysoke-tatry\/"},"modified":"2019-06-07T10:26:16","modified_gmt":"2019-06-07T08:26:16","slug":"letna-sezona-v-regione-vysoke-tatry","status":"publish","type":"page","link":"https:\/\/regiontatry.sk\/de\/letna-sezona-v-regione-vysoke-tatry\/","title":{"rendered":"Letn\u00e1 sez\u00f3na v regi\u00f3ne Vysok\u00e9 Tatry"},"content":{"rendered":"\n<p>Od\u0161tartujte s&nbsp;nami letn\u00fa sez\u00f3nu v&nbsp;Regi\u00f3ne Vysok\u00e9 Tatry a&nbsp;vychutnajte si programy kult\u00farneho leta a&nbsp;podujatia pre deti aj dospel\u00fdch.<\/p>\n\n\n\n<div class=\"wp-block-image\"><figure class=\"aligncenter\"><img loading=\"lazy\" decoding=\"async\" width=\"958\" height=\"768\" src=\"https:\/\/regiontatry.sk\/wp-content\/uploads\/2019\/06\/BD080E51-EA96-4481-9C95-02ABCAC59F05.jpeg\" alt=\"\" class=\"wp-image-18905\" srcset=\"https:\/\/regiontatry.sk\/wp-content\/uploads\/2019\/06\/BD080E51-EA96-4481-9C95-02ABCAC59F05.jpeg 958w, https:\/\/regiontatry.sk\/wp-content\/uploads\/2019\/06\/BD080E51-EA96-4481-9C95-02ABCAC59F05-300x241.jpeg 300w, https:\/\/regiontatry.sk\/wp-content\/uploads\/2019\/06\/BD080E51-EA96-4481-9C95-02ABCAC59F05-768x616.jpeg 768w, https:\/\/regiontatry.sk\/wp-content\/uploads\/2019\/06\/BD080E51-EA96-4481-9C95-02ABCAC59F05-698x560.jpeg 698w, https:\/\/regiontatry.sk\/wp-content\/uploads\/2019\/06\/BD080E51-EA96-4481-9C95-02ABCAC59F05-552x443.jpeg 552w\" sizes=\"(max-width: 958px) 100vw, 958px\" \/><\/figure><\/div>\n\n\n\n<div class=\"wp-block-image\"><figure class=\"aligncenter\"><img loading=\"lazy\" decoding=\"async\" width=\"732\" height=\"1024\" src=\"https:\/\/regiontatry.sk\/wp-content\/uploads\/2019\/06\/E6DD4F22-04C0-4E5A-8DE3-54A720A12B85-732x1024.jpeg\" alt=\"\" class=\"wp-image-18908\" srcset=\"https:\/\/regiontatry.sk\/wp-content\/uploads\/2019\/06\/E6DD4F22-04C0-4E5A-8DE3-54A720A12B85-732x1024.jpeg 732w, https:\/\/regiontatry.sk\/wp-content\/uploads\/2019\/06\/E6DD4F22-04C0-4E5A-8DE3-54A720A12B85-214x300.jpeg 214w, https:\/\/regiontatry.sk\/wp-content\/uploads\/2019\/06\/E6DD4F22-04C0-4E5A-8DE3-54A720A12B85-768x1074.jpeg 768w, https:\/\/regiontatry.sk\/wp-content\/uploads\/2019\/06\/E6DD4F22-04C0-4E5A-8DE3-54A720A12B85-698x976.jpeg 698w, https:\/\/regiontatry.sk\/wp-content\/uploads\/2019\/06\/E6DD4F22-04C0-4E5A-8DE3-54A720A12B85-552x772.jpeg 552w, https:\/\/regiontatry.sk\/wp-content\/uploads\/2019\/06\/E6DD4F22-04C0-4E5A-8DE3-54A720A12B85.jpeg 1442w\" sizes=\"(max-width: 732px) 100vw, 732px\" \/><\/figure><\/div>\n\n\n\n<div class=\"wp-block-image\"><figure class=\"aligncenter is-resized\"><img decoding=\"async\" src=\"https:\/\/regiontatry.sk\/wp-content\/uploads\/2019\/06\/BAC2EC08-5B4E-4F3F-88CD-28E248B25FCF.jpeg\" alt=\"\" class=\"wp-image-18983\" width=\"732\" srcset=\"https:\/\/regiontatry.sk\/wp-content\/uploads\/2019\/06\/BAC2EC08-5B4E-4F3F-88CD-28E248B25FCF.jpeg 678w, https:\/\/regiontatry.sk\/wp-content\/uploads\/2019\/06\/BAC2EC08-5B4E-4F3F-88CD-28E248B25FCF-212x300.jpeg 212w, https:\/\/regiontatry.sk\/wp-content\/uploads\/2019\/06\/BAC2EC08-5B4E-4F3F-88CD-28E248B25FCF-552x782.jpeg 552w\" sizes=\"(max-width: 678px) 100vw, 678px\" \/><\/figure><\/div>\n\n\n\n<div class=\"wp-block-image\"><figure class=\"aligncenter is-resized\"><img decoding=\"async\" src=\"https:\/\/regiontatry.sk\/wp-content\/uploads\/2019\/06\/4817FC85-210A-4DC1-B822-D4EAE00C2F59-715x1024.jpeg\" alt=\"\" class=\"wp-image-19007\" width=\"732\" srcset=\"https:\/\/regiontatry.sk\/wp-content\/uploads\/2019\/06\/4817FC85-210A-4DC1-B822-D4EAE00C2F59-715x1024.jpeg 715w, https:\/\/regiontatry.sk\/wp-content\/uploads\/2019\/06\/4817FC85-210A-4DC1-B822-D4EAE00C2F59-209x300.jpeg 209w, https:\/\/regiontatry.sk\/wp-content\/uploads\/2019\/06\/4817FC85-210A-4DC1-B822-D4EAE00C2F59-768x1100.jpeg 768w, https:\/\/regiontatry.sk\/wp-content\/uploads\/2019\/06\/4817FC85-210A-4DC1-B822-D4EAE00C2F59-1705x2442.jpeg 1705w, https:\/\/regiontatry.sk\/wp-content\/uploads\/2019\/06\/4817FC85-210A-4DC1-B822-D4EAE00C2F59-698x1000.jpeg 698w, https:\/\/regiontatry.sk\/wp-content\/uploads\/2019\/06\/4817FC85-210A-4DC1-B822-D4EAE00C2F59-552x791.jpeg 552w, https:\/\/regiontatry.sk\/wp-content\/uploads\/2019\/06\/4817FC85-210A-4DC1-B822-D4EAE00C2F59.jpeg 1880w\" sizes=\"(max-width: 715px) 100vw, 715px\" \/><\/figure><\/div>\n\n\n\n<div class=\"wp-block-image\"><figure class=\"aligncenter\"><img loading=\"lazy\" decoding=\"async\" width=\"733\" height=\"1024\" src=\"https:\/\/regiontatry.sk\/wp-content\/uploads\/2019\/06\/CBEF9514-D452-4812-A8AE-EA012B6DFD7C-733x1024.jpeg\" alt=\"\" class=\"wp-image-18976\" srcset=\"https:\/\/regiontatry.sk\/wp-content\/uploads\/2019\/06\/CBEF9514-D452-4812-A8AE-EA012B6DFD7C-733x1024.jpeg 733w, https:\/\/regiontatry.sk\/wp-content\/uploads\/2019\/06\/CBEF9514-D452-4812-A8AE-EA012B6DFD7C-215x300.jpeg 215w, https:\/\/regiontatry.sk\/wp-content\/uploads\/2019\/06\/CBEF9514-D452-4812-A8AE-EA012B6DFD7C-768x1073.jpeg 768w, https:\/\/regiontatry.sk\/wp-content\/uploads\/2019\/06\/CBEF9514-D452-4812-A8AE-EA012B6DFD7C-1920x2684.jpeg 1920w, https:\/\/regiontatry.sk\/wp-content\/uploads\/2019\/06\/CBEF9514-D452-4812-A8AE-EA012B6DFD7C-1705x2383.jpeg 1705w, https:\/\/regiontatry.sk\/wp-content\/uploads\/2019\/06\/CBEF9514-D452-4812-A8AE-EA012B6DFD7C-698x976.jpeg 698w, https:\/\/regiontatry.sk\/wp-content\/uploads\/2019\/06\/CBEF9514-D452-4812-A8AE-EA012B6DFD7C-552x772.jpeg 552w\" sizes=\"(max-width: 733px) 100vw, 733px\" \/><\/figure><\/div>\n\n\n\n<div class=\"wp-block-image\"><figure class=\"aligncenter is-resized\"><img decoding=\"async\" src=\"https:\/\/regiontatry.sk\/wp-content\/uploads\/2019\/06\/3124BD57-1DDC-4B86-A508-F0807B4B21E2.png\" alt=\"\" class=\"wp-image-18953\" width=\"732\" srcset=\"https:\/\/regiontatry.sk\/wp-content\/uploads\/2019\/06\/3124BD57-1DDC-4B86-A508-F0807B4B21E2.png 608w, https:\/\/regiontatry.sk\/wp-content\/uploads\/2019\/06\/3124BD57-1DDC-4B86-A508-F0807B4B21E2-212x300.png 212w, https:\/\/regiontatry.sk\/wp-content\/uploads\/2019\/06\/3124BD57-1DDC-4B86-A508-F0807B4B21E2-552x782.png 552w\" sizes=\"(max-width: 608px) 100vw, 608px\" \/><\/figure><\/div>\n\n\n\n<div class=\"wp-block-image\"><figure class=\"aligncenter is-resized\"><img decoding=\"async\" src=\"https:\/\/regiontatry.sk\/wp-content\/uploads\/2019\/06\/AB4A856A-1A97-4B86-BFE6-3C880372BABE-724x1024.jpeg\" alt=\"\" class=\"wp-image-18994\" width=\"732\" srcset=\"https:\/\/regiontatry.sk\/wp-content\/uploads\/2019\/06\/AB4A856A-1A97-4B86-BFE6-3C880372BABE-724x1024.jpeg 724w, https:\/\/regiontatry.sk\/wp-content\/uploads\/2019\/06\/AB4A856A-1A97-4B86-BFE6-3C880372BABE-212x300.jpeg 212w, https:\/\/regiontatry.sk\/wp-content\/uploads\/2019\/06\/AB4A856A-1A97-4B86-BFE6-3C880372BABE-768x1086.jpeg 768w, https:\/\/regiontatry.sk\/wp-content\/uploads\/2019\/06\/AB4A856A-1A97-4B86-BFE6-3C880372BABE-1705x2410.jpeg 1705w, https:\/\/regiontatry.sk\/wp-content\/uploads\/2019\/06\/AB4A856A-1A97-4B86-BFE6-3C880372BABE-698x987.jpeg 698w, https:\/\/regiontatry.sk\/wp-content\/uploads\/2019\/06\/AB4A856A-1A97-4B86-BFE6-3C880372BABE-552x780.jpeg 552w, https:\/\/regiontatry.sk\/wp-content\/uploads\/2019\/06\/AB4A856A-1A97-4B86-BFE6-3C880372BABE.jpeg 1912w\" sizes=\"(max-width: 724px) 100vw, 724px\" \/><\/figure><\/div>\n\n\n\n<p style=\"text-align:center\"><strong>Podujatia s\u00fa realizovan\u00e9 s&nbsp;finan\u010dnou podporou Ministerstva dopravy a&nbsp;v\u00fdstavby Slovenskej republiky.<\/strong><\/p>\n","protected":false},"excerpt":{"rendered":"<p>Od\u0161tartujte s&nbsp;nami letn\u00fa sez\u00f3nu v&nbsp;Regi\u00f3ne Vysok\u00e9 Tatry a&nbsp;vychutnajte si programy kult\u00farneho leta a&nbsp;podujatia pre deti aj dospel\u00fdch. Podujatia s\u00fa realizovan\u00e9 s&nbsp;finan\u010dnou podporou Ministerstva dopravy a&nbsp;v\u00fdstavby Slovenskej republiky.<\/p>\n","protected":false},"author":2,"featured_media":0,"parent":0,"menu_order":0,"comment_status":"closed","ping_status":"closed","template":"template-simple-page.php","meta":{"footnotes":""},"class_list":["post-21427","page","type-page","status-publish","hentry"],"_links":{"self":[{"href":"https:\/\/regiontatry.sk\/de\/wp-json\/wp\/v2\/pages\/21427"}],"collection":[{"href":"https:\/\/regiontatry.sk\/de\/wp-json\/wp\/v2\/pages"}],"about":[{"href":"https:\/\/regiontatry.sk\/de\/wp-json\/wp\/v2\/types\/page"}],"author":[{"embeddable":true,"href":"https:\/\/regiontatry.sk\/de\/wp-json\/wp\/v2\/users\/2"}],"replies":[{"embeddable":true,"href":"https:\/\/regiontatry.sk\/de\/wp-json\/wp\/v2\/comments?post=21427"}],"version-history":[{"count":0,"href":"https:\/\/regiontatry.sk\/de\/wp-json\/wp\/v2\/pages\/21427\/revisions"}],"wp:attachment":[{"href":"https:\/\/regiontatry.sk\/de\/wp-json\/wp\/v2\/media?parent=21427"}],"curies":[{"name":"wp","href":"https:\/\/api.w.org\/{rel}","templated":true}]}}