{"id":21429,"date":"2019-05-14T12:04:59","date_gmt":"2019-05-14T10:04:59","guid":{"rendered":"https:\/\/regiontatry.sk\/leto-v-tatrach\/"},"modified":"2022-05-31T13:44:21","modified_gmt":"2022-05-31T11:44:21","slug":"leto-v-tatrach","status":"publish","type":"page","link":"https:\/\/regiontatry.sk\/de\/leto-v-tatrach\/","title":{"rendered":"Leto v Tatr\u00e1ch"},"content":{"rendered":"\n<p>U\u017eite si \u00fachvatn\u00fa krajinu &#8211; spoznajte najmen\u0161ie ve\u013ehory sveta v srdci Eur\u00f3py. Objavte jedine\u010dn\u00fa pr\u00edrodu, v ktorej n\u00e1jdete belas\u00e9 ples\u00e1, rozb\u00faren\u00e9 vodop\u00e1dy, pokojn\u00e9 horsk\u00e9 doliny, ostr\u00e9 \u0161t\u00edty n\u00e1rodn\u00e9ho parku, ako aj fascinuj\u00faci svet zvierat a rastl\u00edn. <\/p>\n\n\n\n<div style=\"height:100px\" aria-hidden=\"true\" class=\"wp-block-spacer\"><\/div>\n\n\n\n<iframe loading=\"lazy\" width=\"49%\" height=\"300\" src=\"https:\/\/www.youtube.com\/embed\/WOdnl5jNlAg\" frameborder=\"0\" allow=\"accelerometer; autoplay; encrypted-media; gyroscope; picture-in-picture\" allowfullscreen=\"\"><\/iframe>\n\n\n\n<iframe loading=\"lazy\" width=\"49%\" height=\"300\" src=\"https:\/\/www.youtube.com\/embed\/wLSUy_J_Ls8\" frameborder=\"0\" allow=\"accelerometer; autoplay; encrypted-media; gyroscope; picture-in-picture\" allowfullscreen=\"\"><\/iframe>\n\n\n\n<iframe loading=\"lazy\" width=\"49%\" height=\"300\" src=\"https:\/\/www.youtube.com\/embed\/NisuSROxz0w\" frameborder=\"0\" allow=\"accelerometer; autoplay; encrypted-media; gyroscope; picture-in-picture\" allowfullscreen=\"\"><\/iframe>\n\n\n\n<iframe loading=\"lazy\" width=\"49%\" height=\"300\" src=\"https:\/\/www.youtube.com\/embed\/KNZcfxIT11g\" frameborder=\"0\" allow=\"accelerometer; autoplay; encrypted-media; gyroscope; picture-in-picture\" allowfullscreen=\"\"><\/iframe>\n\n\n\n<div style=\"height:100px\" aria-hidden=\"true\" class=\"wp-block-spacer\"><\/div>\n\n\n\t<a href=\"https:\/\/regiontatry.sk\/turistika\/horska-turistika\/\" class=\"wp-block-cgb-block-creanet-list category-list grid-x grid-padding-x align-middle\">\n\t\t\t\t\t<div class=\"small-12 medium-6 large-5\">\n\t\t\t\t<figure><img src='https:\/\/regiontatry.sk\/wp-content\/uploads\/2019\/05\/DSC_3847_stitch-ko\u0301pia.jpg'\n\t\t\t\t\t\talt=''\n\t\t\t\t\t\ttitle='DSC_3847_stitch - ko\u0301pia'\n\t\t\t\t\t\/><\/figure>\n\t\t\t<\/div>\n\t\t\n\n\t\t<div class=\"cell small-12 medium-5 large-7\">\n\t\t\t<h3><strong>V\u00fdstupy na vrcholy i\u00a0prech\u00e1dzky dolinami<\/strong><\/h3>\n\t\t\t<p>Vo Vysok\u00fdch Tatr\u00e1ch sa nach\u00e1dza pribli\u017ene\u00a0<strong>600\u2005km zna\u010dkovan\u00fdch chodn\u00edkov<\/strong>, ktor\u00e9 v\u00e1s poved\u00fa po dolin\u00e1ch, k horsk\u00fdm chat\u00e1m \u010di dvojtis\u00edcov\u00fdm \u0161t\u00edtom. Za kr\u00e1snymi v\u00fdh\u013eadmi v\u00e1s vyvez\u00fa i tatransk\u00e9 lanovky, najzn\u00e1mej\u0161ia z nich &#8211; visut\u00e1 lanovka v\u00e1s odvezie zo Skalnat\u00e9ho plesa na druh\u00fd najvy\u0161\u0161\u00ed vrch Tatier &#8211; Lomnick\u00fd \u0161t\u00edt.<\/p>\n\t\t<\/div>\n\t<\/a>\n\n\t\n\n\t<a href=\"https:\/\/regiontatry.sk\/cyklistika\/cyklotrasy\/\" class=\"wp-block-cgb-block-creanet-list category-list grid-x grid-padding-x align-middle\">\n\t\t\t\t\t<div class=\"small-12 medium-6 large-5\">\n\t\t\t\t<figure><img src='https:\/\/regiontatry.sk\/wp-content\/uploads\/2022\/05\/02-leto-cyklistika_2.jpg'\n\t\t\t\t\t\talt=''\n\t\t\t\t\t\ttitle='02-leto-cyklistika_2'\n\t\t\t\t\t\/><\/figure>\n\t\t\t<\/div>\n\t\t\n\n\t\t<div class=\"cell small-12 medium-5 large-7\">\n\t\t\t<h3>Cyklov\u00fdlety v regi\u00f3ne<\/h3>\n\t\t\t<p>Viac ako 300 km dobre zna\u010den\u00fdch cyklotr\u00e1s v\u00e1m umo\u017e\u00ed pozn\u00e1va\u0165 Regi\u00f3n Vysok\u00e9 Tatry aj na dvoch koles\u00e1ch. Vyda\u0165 sa m\u00f4\u017eete na rovinat\u00e9 trate v podhor\u00ed, exponovan\u00e9 v\u00fdstupy a\u017e pod najvy\u0161\u0161ie \u0161t\u00edty Tatier \u010di cyklomagistr\u00e1lu ved\u00faca takmer okolo cel\u00e9ho pohoria Vysok\u00fdch Tatier.<\/p>\n\t\t<\/div>\n\t<\/a>\n\n\t\n\n\t<a href=\"https:\/\/regiontatry.sk\/wellness-a-relax\/vodny-svet-aquacity-poprad\/\" class=\"wp-block-cgb-block-creanet-list category-list grid-x grid-padding-x align-middle\">\n\t\t\t\t\t<div class=\"small-12 medium-6 large-5\">\n\t\t\t\t<figure><img src='https:\/\/regiontatry.sk\/wp-content\/uploads\/2018\/10\/AquaCity_Poprad_panorama_2017_3000.jpg'\n\t\t\t\t\t\talt=''\n\t\t\t\t\t\ttitle='AquaCity_Poprad_panorama_2017_3000'\n\t\t\t\t\t\/><\/figure>\n\t\t\t<\/div>\n\t\t\n\n\t\t<div class=\"cell small-12 medium-5 large-7\">\n\t\t\t<h3><strong>Vodn\u00fd raj pod Tatrami<\/strong><\/h3>\n\t\t\t<p>Objavte<strong>\u00a0unik\u00e1tny vodn\u00fd svet pod Vysok\u00fdmi Tatrami<\/strong>\u00a0&#8211; aquapark AquaCity Poprad v\u00e1m pon\u00fakne 13 vonkaj\u0161\u00edch a\u00a0vn\u00fatorn\u00fdch baz\u00e9nov s\u00a0term\u00e1lnou vodou s\u00a0teplotou 28\u00b0C \u2013 38\u00b0C, tobog\u00e1ny, viac ako 350 vodn\u00fdch atrakci\u00ed, najv\u00e4\u010d\u0161ie dvojpodla\u017en\u00e9 wellness centrum na Slovensku a anima\u010dn\u00fd program.<br><\/p>\n\t\t<\/div>\n\t<\/a>\n\n\t\n\n\t<a href=\"https:\/\/regiontatry.sk\/rodina-a-deti-leto\/tatranska-divocina-2\/\" class=\"wp-block-cgb-block-creanet-list category-list grid-x grid-padding-x align-middle\">\n\t\t\t\t\t<div class=\"small-12 medium-6 large-5\">\n\t\t\t\t<figure><img src='https:\/\/regiontatry.sk\/wp-content\/uploads\/2019\/05\/csm_medved_kubo_7c2db2a5d4-ko\u0301pia.jpg'\n\t\t\t\t\t\talt=''\n\t\t\t\t\t\ttitle='csm_medved_kubo_7c2db2a5d4 - ko\u0301pia'\n\t\t\t\t\t\/><\/figure>\n\t\t\t<\/div>\n\t\t\n\n\t\t<div class=\"cell small-12 medium-5 large-7\">\n\t\t\t<h3><strong>Tatransk\u00e1 divo\u010dina<\/strong><\/h3>\n\t\t\t<p>Deti a rodinky \u010dakaj\u00fa v lete na Skalnatom plese skvel\u00e9\u00a0<strong>v\u00fdlety so z\u00e1bavno-n\u00e1u\u010dn\u00fdm programom<\/strong>. V\u00a0Tatranskej divo\u010dine za\u017eite tatransk\u00e9 pr\u00edbehy a sk\u00fa\u0161ky, s ktor\u00fdmi spozn\u00e1te najkraj\u0161ie a najzauj\u00edmavej\u0161ie miesta Tatier.<\/p>\n\t\t<\/div>\n\t<\/a>\n\n\t\n\n\t<a href=\"https:\/\/regiontatry.sk\/sport\/golf\/\" class=\"wp-block-cgb-block-creanet-list category-list grid-x grid-padding-x align-middle\">\n\t\t\t\t\t<div class=\"small-12 medium-6 large-5\">\n\t\t\t\t<figure><img src='https:\/\/regiontatry.sk\/wp-content\/uploads\/2018\/09\/golf.jpg'\n\t\t\t\t\t\talt=''\n\t\t\t\t\t\ttitle='golf'\n\t\t\t\t\t\/><\/figure>\n\t\t\t<\/div>\n\t\t\n\n\t\t<div class=\"cell small-12 medium-5 large-7\">\n\t\t\t<h3>Golf<\/h3>\n\t\t\t<p>Obklopen\u00ed horami si vzne\u0161ene za\u0161porujete s rozpr\u00e1vkov\u00fdm v\u00fdh\u013eadom na mas\u00edv Tatier. 27 jamkov\u00e9 ihrisko s prest\u00ed\u017enou zna\u010dkou A PGA Golf Course je \u00a0jedn\u00fdm z 19 najkvalitnej\u0161\u00edch ihr\u00edsk na svete.<\/p>\n\t\t<\/div>\n\t<\/a>\n\n\t\n\n\t<a href=\"https:\/\/regiontatry.sk\/rodina-a-deti-leto\/clnkovanie-na-strbskom-plese\/\" class=\"wp-block-cgb-block-creanet-list category-list grid-x grid-padding-x align-middle\">\n\t\t\t\t\t<div class=\"small-12 medium-6 large-5\">\n\t\t\t\t<figure><img src='https:\/\/regiontatry.sk\/wp-content\/uploads\/2018\/08\/Boating-at-the-lake2-1024x681.jpg'\n\t\t\t\t\t\talt=''\n\t\t\t\t\t\ttitle='Boating-at-the-lake2-1024x681'\n\t\t\t\t\t\/><\/figure>\n\t\t\t<\/div>\n\t\t\n\n\t\t<div class=\"cell small-12 medium-5 large-7\">\n\t\t\t<h3><strong>\u010clnkovanie na \u0160trbskom plese<\/strong><\/h3>\n\t\t\t<p>Jedine\u010dn\u00e9 chv\u00edle nostalgie i\u00a0romantiku na tatranskom jazere pon\u00faka \u010dlnkovanie. Pr\u00ed\u010fte sa pokocha\u0165 n\u00e1dhern\u00fdm poh\u013eadom na Solisko a u\u017e\u00edva\u0165 si pokojn\u00fa hladinu tohto v\u00fdnimo\u010dn\u00e9ho unik\u00e1tu, ktor\u00fd bojoval aj o jeden zo siedmich divov sveta.<\/p>\n\t\t<\/div>\n\t<\/a>\n\n\t\n\n\t<a href=\"https:\/\/regiontatry.sk\/region\/potulky-za-historiou-a-tradiciami\/\" class=\"wp-block-cgb-block-creanet-list category-list grid-x grid-padding-x align-middle\">\n\t\t\t\t\t<div class=\"small-12 medium-6 large-5\">\n\t\t\t\t<figure><img src='https:\/\/regiontatry.sk\/wp-content\/uploads\/2019\/05\/DSC_05701.jpg'\n\t\t\t\t\t\talt=''\n\t\t\t\t\t\ttitle='DSC_05701'\n\t\t\t\t\t\/><\/figure>\n\t\t\t<\/div>\n\t\t\n\n\t\t<div class=\"cell small-12 medium-5 large-7\">\n\t\t\t<h3><strong>Kult\u00fara a pamiatky<\/strong><\/h3>\n\t\t\t<p>Vychutnajte si aj kult\u00faru regi\u00f3nu Vysok\u00e9 Tatry \u2013 nav\u0161t\u00edvte historick\u00e9 centr\u00e1 miest, spoznajte\u00a0<strong>historick\u00e9 pamiatky<\/strong>\u00a0a\u00a0zabavte sa na kult\u00farnych a folkl\u00f3rnych podujatiach.<\/p>\n\t\t<\/div>\n\t<\/a>\n\n\t\n\n\t<a href=\"https:\/\/regiontatry.sk\/event\/\" class=\"wp-block-cgb-block-creanet-list category-list grid-x grid-padding-x align-middle\">\n\t\t\t\t\t<div class=\"small-12 medium-6 large-5\">\n\t\t\t\t<figure><img src='https:\/\/regiontatry.sk\/wp-content\/uploads\/2021\/06\/photo-013.jpg'\n\t\t\t\t\t\talt=''\n\t\t\t\t\t\ttitle='photo-013'\n\t\t\t\t\t\/><\/figure>\n\t\t\t<\/div>\n\t\t\n\n\t\t<div class=\"cell small-12 medium-5 large-7\">\n\t\t\t<h3>Ob\u013e\u00faben\u00e9 podujatia<\/h3>\n\t\t\t<p>Ani bohat\u00e1 eventov\u00e1 n\u00e1dielka n\u00e1s v\u00a0lete neminie. Nenechajte si ujs\u0165 tradi\u010dn\u00e9 podujatia ako Made in Slovakia, Rezb\u00e1rske symp\u00f3zium \u010di jazdu\u00a0historick\u00fdmi elektri\u010dkami, bohat\u00fd kult\u00farny program v\u00a0r\u00e1mci Popradsk\u00e9ho\u00a0a Tatransk\u00e9ho kult\u00farneho leta, ale aj \u0161portov\u00e9 podujatia v\u00a0r\u00e1mci \u00a0s\u00e9rie Tatry v\u00a0pohybe\u00a0a organizovan\u00e9 cvi\u010denia v\u00a0r\u00e1mci kampane Tatry ako liek. <\/p>\n\t\t<\/div>\n\t<\/a>\n\n\t\n\n\n<div style=\"height:100px\" aria-hidden=\"true\" class=\"wp-block-spacer\"><\/div>\n\n\n\n<p>Nechajte sa o\u010dari\u0165 tatransk\u00fdm letom!<br><br><\/p>\n\n\n\n<p><\/p>\n","protected":false},"excerpt":{"rendered":"<p>U\u017eite si \u00fachvatn\u00fa krajinu &#8211; spoznajte najmen\u0161ie ve\u013ehory sveta v srdci Eur\u00f3py. Objavte jedine\u010dn\u00fa pr\u00edrodu, v ktorej n\u00e1jdete belas\u00e9 ples\u00e1, rozb\u00faren\u00e9 vodop\u00e1dy, pokojn\u00e9 horsk\u00e9 doliny, ostr\u00e9 \u0161t\u00edty n\u00e1rodn\u00e9ho parku, ako aj fascinuj\u00faci svet zvierat a rastl\u00edn. Nechajte sa o\u010dari\u0165 tatransk\u00fdm letom!<\/p>\n","protected":false},"author":2,"featured_media":21430,"parent":0,"menu_order":0,"comment_status":"closed","ping_status":"closed","template":"template-simple-page.php","meta":{"footnotes":""},"class_list":["post-21429","page","type-page","status-publish","has-post-thumbnail","hentry"],"_links":{"self":[{"href":"https:\/\/regiontatry.sk\/de\/wp-json\/wp\/v2\/pages\/21429"}],"collection":[{"href":"https:\/\/regiontatry.sk\/de\/wp-json\/wp\/v2\/pages"}],"about":[{"href":"https:\/\/regiontatry.sk\/de\/wp-json\/wp\/v2\/types\/page"}],"author":[{"embeddable":true,"href":"https:\/\/regiontatry.sk\/de\/wp-json\/wp\/v2\/users\/2"}],"replies":[{"embeddable":true,"href":"https:\/\/regiontatry.sk\/de\/wp-json\/wp\/v2\/comments?post=21429"}],"version-history":[{"count":4,"href":"https:\/\/regiontatry.sk\/de\/wp-json\/wp\/v2\/pages\/21429\/revisions"}],"predecessor-version":[{"id":8216127,"href":"https:\/\/regiontatry.sk\/de\/wp-json\/wp\/v2\/pages\/21429\/revisions\/8216127"}],"wp:featuredmedia":[{"embeddable":true,"href":"https:\/\/regiontatry.sk\/de\/wp-json\/wp\/v2\/media\/21430"}],"wp:attachment":[{"href":"https:\/\/regiontatry.sk\/de\/wp-json\/wp\/v2\/media?parent=21429"}],"curies":[{"name":"wp","href":"https:\/\/api.w.org\/{rel}","templated":true}]}}