{"id":21431,"date":"2019-05-09T22:45:41","date_gmt":"2019-05-09T20:45:41","guid":{"rendered":"https:\/\/regiontatry.sk\/zmluvy-faktury-a-objednavky-rok-2018\/"},"modified":"2019-05-09T22:45:41","modified_gmt":"2019-05-09T20:45:41","slug":"zmluvy-faktury-a-objednavky-rok-2018","status":"publish","type":"page","link":"https:\/\/regiontatry.sk\/de\/offenlegungspflicht\/zmluvy-faktury-a-objednavky-rok-2018\/","title":{"rendered":"Zmluvy, fakt\u00fary <\/br>a objedn\u00e1vky"},"content":{"rendered":"\n<h2 class=\"wp-block-heading\" id=\"mce_21\"><strong>ROK 2018<\/strong><br><br><\/h2>\n\n\n\n<h4 class=\"wp-block-heading\" id=\"mce_22\">Zmluvy<\/h4>\n\n\n\n<ul class=\"wp-block-list\"><li><a rel=\"noreferrer noopener\" aria-label=\"Zmluva o realiz\u00e1cii propag\u00e1cie \u010d. 20180102 - Propag\u00e1cia objedn\u00e1vate\u013ea v r\u00e1mci Zimn\u00fdch \u0161portov\u00fdch hier Tourism X Games 2018 (otvor\u00ed sa v novej karte)\" href=\"https:\/\/regiontatry.sk\/wp-content\/uploads\/2019\/05\/TXGMS_Zmluva-o-propag\u2020cii.pdf\" target=\"_blank\">Zmluva o realiz\u00e1cii propag\u00e1cie \u010d. 20180102 &#8211; Propag\u00e1cia objedn\u00e1vate\u013ea v r\u00e1mci Zimn\u00fdch \u0161portov\u00fdch hier Tourism X Games 2018<\/a><\/li><li><a rel=\"noreferrer noopener\" aria-label=\"Zmluva o dielo - \u00fadr\u017eba miestnych komunik\u00e1ci\u00ed chodn\u00edkov a verejn\u00fdch priestranstiev na \u0160trbskom Plese (otvor\u00ed sa v novej karte)\" href=\"https:\/\/regiontatry.sk\/wp-content\/uploads\/2019\/05\/Komunikacie-Strba-zmluva-2018.pdf\" target=\"_blank\">Zmluva o dielo &#8211; \u00fadr\u017eba miestnych komunik\u00e1ci\u00ed chodn\u00edkov a verejn\u00fdch priestranstiev na \u0160trbskom Plese<\/a><\/li><li><a rel=\"noreferrer noopener\" aria-label=\"Zmluva o spolupr\u00e1ci - Organiza\u010dn\u00e9 zabezpe\u010denie a koncept projektu Medzin\u00e1rodnej s\u00fa\u0165a\u017ee vo vyrez\u00e1van\u00ed \u013eadov\u00fdch s\u00f4ch\u2028 (otvor\u00ed sa v novej karte)\" href=\"https:\/\/regiontatry.sk\/wp-content\/uploads\/2019\/05\/Zmluva-PROJEKT-OOCR-2018-final.pdf\" target=\"_blank\">Zmluva o spolupr\u00e1ci &#8211; Organiza\u010dn\u00e9 zabezpe\u010denie a koncept projektu Medzin\u00e1rodnej s\u00fa\u0165a\u017ee vo vyrez\u00e1van\u00ed \u013eadov\u00fdch s\u00f4ch<\/a><\/li><li><a rel=\"noreferrer noopener\" aria-label=\"Zmluva o poskytnut\u00ed finan\u010dn\u00e9ho pr\u00edspevku - Podpora a krytie v\u00fddavkov spojen\u00fdch s prev\u00e1dzkou bezplatn\u00fdch verejn\u00fdch soci\u00e1lnych zariaden\u00ed na \u0160trbskom Plese (otvor\u00ed sa v novej karte)\" href=\"https:\/\/regiontatry.sk\/wp-content\/uploads\/2019\/05\/Public_tenders_Manda\u0301tna_zmluva.pdf\" target=\"_blank\">Zmluva o poskytnut\u00ed finan\u010dn\u00e9ho pr\u00edspevku &#8211; Podpora a krytie v\u00fddavkov spojen\u00fdch s prev\u00e1dzkou bezplatn\u00fdch verejn\u00fdch soci\u00e1lnych zariaden\u00ed na \u0160trbskom Plese<\/a><\/li><li><a rel=\"noreferrer noopener\" aria-label=\"Mand\u00e1tna zmluva - Zabezpe\u010denie poradensk\u00fdch slu\u017eieb pre VO a zabezpe\u010dnie procesov s VO pre z\u00e1kazky - \u00fadr\u017eba verejnej zelene 2018 a verejnej zelene 2018 (otvor\u00ed sa v novej karte)\" href=\"https:\/\/regiontatry.sk\/wp-content\/uploads\/2019\/05\/Public_tenders_Mand\u2020tna_zmluva.pdf\" target=\"_blank\">Mand\u00e1tna zmluva &#8211; Zabezpe\u010denie poradensk\u00fdch slu\u017eieb pre VO a zabezpe\u010dnie procesov s VO pre z\u00e1kazky &#8211; \u00fadr\u017eba verejnej zelene 2018 a verejnej zelene 2018<\/a><\/li><li><a rel=\"noreferrer noopener\" aria-label=\"Zmluva o dielo \u010d. 01\/2018 - \u00dadr\u017eba verejnej zelene 2018 (otvor\u00ed sa v novej karte)\" href=\"https:\/\/regiontatry.sk\/wp-content\/uploads\/2019\/05\/Zmluva-ZoD-ZeleS\u0301-2018.pdf\" target=\"_blank\">Zmluva o dielo \u010d. 01\/2018 &#8211; \u00dadr\u017eba verejnej zelene 2018<\/a><\/li><li><a rel=\"noreferrer noopener\" aria-label=\"Dodatok \u010d.4 k zmluve zo d\u0148a 1.12.2015 - Ukon\u010denie n\u00e1jmu motorov\u00e9ho vozidla ku d\u0148u 22.3.2018 (otvor\u00ed sa v novej karte)\" href=\"https:\/\/regiontatry.sk\/wp-content\/uploads\/2019\/05\/AUTONOVA-Dodatok-u\u0308.4-k-zmluve-zo-dS\u0301a-01_12_2015.pdf\" target=\"_blank\">Dodatok \u010d.4 k zmluve zo d\u0148a 1.12.2015 &#8211; Ukon\u010denie n\u00e1jmu motorov\u00e9ho vozidla ku d\u0148u 22.3.2018<\/a><\/li><li><a rel=\"noreferrer noopener\" aria-label=\"Zmluva o dielo - Reklamn\u00fd videospot #POPRADSKELETO\u2028 (otvor\u00ed sa v novej karte)\" href=\"https:\/\/regiontatry.sk\/wp-content\/uploads\/2019\/05\/Peter_Ziman_Zmluva_o_dielo.pdf\" target=\"_blank\">Zmluva o dielo &#8211; Reklamn\u00fd videospot #POPRADSKELETO<\/a><\/li><li><a rel=\"noreferrer noopener\" aria-label=\"Zmluva o n\u00e1jme nebytov\u00fdch priestorov \u010d. 259R\/2018 - Pren\u00e1jom nebytov\u00fdch priestorov v budove na Karpatskej ulici 3256\/15 v Poprade (otvor\u00ed sa v novej karte)\" href=\"https:\/\/regiontatry.sk\/wp-content\/uploads\/2019\/05\/KTAG_Zmluva_o_n\u2020jme_nebytovz\u030cch_priestorov.pdf\" target=\"_blank\">Zmluva o n\u00e1jme nebytov\u00fdch priestorov \u010d. 259R\/2018 &#8211; Pren\u00e1jom nebytov\u00fdch priestorov v budove na Karpatskej ulici 3256\/15 v Poprade<\/a><\/li><li><a rel=\"noreferrer noopener\" aria-label=\"N\u00e1jomn\u00e1 zmluva k motorov\u00e9mu vozidlu PP604DZ (otvor\u00ed sa v novej karte)\" href=\"https:\/\/regiontatry.sk\/wp-content\/uploads\/2019\/05\/AUTONOVA_N\u2020jomn\u2020_zmluva_k_motorova\u0304mu_vozidlu-PP604DZ.pdf\" target=\"_blank\">N\u00e1jomn\u00e1 zmluva k motorov\u00e9mu vozidlu PP604DZ<\/a><\/li><li><a rel=\"noreferrer noopener\" aria-label=\"Zmluva o dielo - Dodanie 50 ks fotografi\u00ed s t\u00e9matikou Vysok\u00fdch Tatier (otvor\u00ed sa v novej karte)\" href=\"https:\/\/regiontatry.sk\/wp-content\/uploads\/2019\/05\/Pavol_Barab\u2020A\u0301_Zmluva_o_dielo.pdf\" target=\"_blank\">Zmluva o dielo &#8211; Dodanie 50 ks fotografi\u00ed s t\u00e9matikou Vysok\u00fdch Tatier<\/a><\/li><li><a rel=\"noreferrer noopener\" aria-label=\"Zmluva spolupr\u00e1ci - Nato\u010denie a odvysielanie rel\u00e1cie Cyklopotulky regi\u00f3nom Poprad - Tatry (otvor\u00ed sa v novej karte)\" href=\"https:\/\/regiontatry.sk\/wp-content\/uploads\/2019\/05\/Egomotion_Zmluva_o_spolupr\u2020ci.pdf\" target=\"_blank\">Zmluva spolupr\u00e1ci &#8211; Nato\u010denie a odvysielanie rel\u00e1cie Cyklopotulky regi\u00f3nom Poprad &#8211; Tatry<\/a><\/li><li><a rel=\"noreferrer noopener\" aria-label=\"Zmluva o dielo \u010d. 03\/2018 - Zhotovenie grafick\u00fdch n\u00e1vrhov a tla\u010dov\u00fdch v\u00fdstupov\u2028 (otvor\u00ed sa v novej karte)\" href=\"https:\/\/regiontatry.sk\/wp-content\/uploads\/2019\/05\/Navrh-zmluva-o-dielo_OOCR-final.pdf\" target=\"_blank\">Zmluva o dielo \u010d. 03\/2018 &#8211; Zhotovenie grafick\u00fdch n\u00e1vrhov a tla\u010dov\u00fdch v\u00fdstupov<\/a><\/li><li><a rel=\"noreferrer noopener\" aria-label=\"Zmluva o dielo \u010d. 02\/2018 - \u00dadr\u017eba miestnych komunik\u00e1ci\u00ed 2018 (otvor\u00ed sa v novej karte)\" href=\"https:\/\/regiontatry.sk\/wp-content\/uploads\/2019\/05\/ZoD-MK-2018-final.pdf\" target=\"_blank\">Zmluva o dielo \u010d. 02\/2018 &#8211; \u00dadr\u017eba miestnych komunik\u00e1ci\u00ed 2018<\/a><\/li><li><a rel=\"noreferrer noopener\" aria-label=\"Zmluva o spolupr\u00e1ci POPRAD - TATRY CHALLENGER TOUR - Vymedzenie pr\u00e1v a povinnost\u00ed Zmluvn\u00fdch str\u00e1n v r\u00e1mci Tenisov\u00e9ho turnaja (otvor\u00ed sa v novej karte)\" href=\"https:\/\/regiontatry.sk\/wp-content\/uploads\/2019\/05\/Zmluva-o-spolupraci-OOCR-_-TenSta-2018.pdf\" target=\"_blank\">Zmluva o spolupr\u00e1ci POPRAD &#8211; TATRY CHALLENGER TOUR &#8211; Vymedzenie pr\u00e1v a povinnost\u00ed Zmluvn\u00fdch str\u00e1n v r\u00e1mci Tenisov\u00e9ho turnaja<\/a><\/li><li><a rel=\"noreferrer noopener\" aria-label=\"Zmluva o spolupr\u00e1ci - Zabezpe\u010denie festivalu VIVA ITALIA (otvor\u00ed sa v novej karte)\" href=\"https:\/\/regiontatry.sk\/wp-content\/uploads\/2019\/05\/PRE-MESTO_Zmluva_o_spolupr\u2020ci_VIVA_ITALIA.pdf\" target=\"_blank\">Zmluva o spolupr\u00e1ci &#8211; Zabezpe\u010denie festivalu VIVA ITALIA<\/a><\/li><li><a rel=\"noreferrer noopener\" aria-label=\"Obchodn\u00e1 zmluva - Vysielanie rekl\u00e1m pod\u013ea \u0161pecifik\u00e1cie (otvor\u00ed sa v novej karte)\" href=\"https:\/\/regiontatry.sk\/wp-content\/uploads\/2019\/05\/FUN-MEDIA-GROUP_Obchodn\u2020-zmluva.pdf\" target=\"_blank\">Obchodn\u00e1 zmluva &#8211; Vysielanie rekl\u00e1m pod\u013ea \u0161pecifik\u00e1cie<\/a><\/li><li><a rel=\"noreferrer noopener\" aria-label=\"Obchodn\u00e1 zmluva - V\u00fdroba reklamy pod\u013ea \u0161pecifik\u00e1cie (otvor\u00ed sa v novej karte)\" href=\"https:\/\/regiontatry.sk\/wp-content\/uploads\/2019\/05\/FUN-MEDIA-GROUP_Obchodn\u2020-zmluva_vyroba-produktu.pdf\" target=\"_blank\">Obchodn\u00e1 zmluva &#8211; V\u00fdroba reklamy pod\u013ea \u0161pecifik\u00e1cie<\/a><\/li><li><a href=\"https:\/\/regiontatry.sk\/wp-content\/uploads\/2019\/05\/TMR_S\u00a3hlas_so_zasielan\u00b0m_daS\u0301ovz\u030cch_dokladov_v_elektronickej_podobe.pdf\">S\u00fahlas so zasielan\u00edm da\u0148ov\u00fdch dokladov v elektronickej podobe<\/a><\/li><li><a rel=\"noreferrer noopener\" aria-label=\"Zmluva o dielo \u010d. 2018\/GD\/01\/016 - Oprava pr\u00edstupovej cesty k archeologick\u00e9mu n\u00e1lezisku \u0160oldov (otvor\u00ed sa v novej karte)\" href=\"https:\/\/regiontatry.sk\/wp-content\/uploads\/2019\/05\/STRABAG_Zmluva_o_dielo.pdf\" target=\"_blank\">Zmluva o dielo \u010d. 2018\/GD\/01\/016 &#8211; Oprava pr\u00edstupovej cesty k archeologick\u00e9mu n\u00e1lezisku \u0160oldov<\/a><\/li><li><a rel=\"noreferrer noopener\" aria-label=\"Zmluva o spolupr\u00e1ci - Zabezpe\u010denie festivalu MADE IN SLOVAKIA (otvor\u00ed sa v novej karte)\" href=\"https:\/\/regiontatry.sk\/wp-content\/uploads\/2019\/05\/PRE-MESTO_Zmliuva_o_spolupr\u2020ci_MADE_IN_SLOVAKIA.pdf\" target=\"_blank\">Zmluva o spolupr\u00e1ci &#8211; Zabezpe\u010denie festivalu MADE IN SLOVAKIA<\/a><\/li><li><a rel=\"noreferrer noopener\" aria-label=\"Zmluva o n\u00e1jme - U\u017e\u00edvanie ve\u017ee kostola sv. Eg\u00eddia v Poprade (otvor\u00ed sa v novej karte)\" href=\"https:\/\/regiontatry.sk\/wp-content\/uploads\/2019\/05\/R\u00b0mskokatol\u00b0cka-cirkev_Zmluva_o_n\u2020jme.pdf\" target=\"_blank\">Zmluva o n\u00e1jme &#8211; U\u017e\u00edvanie ve\u017ee kostola sv. Eg\u00eddia v Poprade<\/a><\/li><li><a rel=\"noreferrer noopener\" aria-label=\"Zmluva o dielo - Oprava chodn\u00edkov k Ozubnicovej \u017eeleznici v Tatranskej \u0160trbe (otvor\u00ed sa v novej karte)\" href=\"https:\/\/regiontatry.sk\/wp-content\/uploads\/2019\/05\/Michalko_Zmluva_o_dielo.pdf\" target=\"_blank\">Zmluva o dielo &#8211; Oprava chodn\u00edkov k Ozubnicovej \u017eeleznici v Tatranskej \u0160trbe<\/a><\/li><li><a rel=\"noreferrer noopener\" aria-label=\"Zmluva o spolupr\u00e1ci - Zabezpe\u010denie pretekov v r\u00e1mci podujatia Cyklistick\u00e9 preteky - Cyklokros v kateg\u00f3ri\u00ed Svetov\u00e9ho poh\u00e1ra 1. kateg\u00f3rie (C1) (otvor\u00ed sa v novej karte)\" href=\"https:\/\/regiontatry.sk\/wp-content\/uploads\/2019\/05\/CKM_Poprad_Zmluva_o_spolupr\u2020ci.pdf\" target=\"_blank\">Zmluva o spolupr\u00e1ci &#8211; Zabezpe\u010denie pretekov v r\u00e1mci podujatia Cyklistick\u00e9 preteky &#8211; Cyklokros v kateg\u00f3ri\u00ed Svetov\u00e9ho poh\u00e1ra 1. kateg\u00f3rie (C1)<\/a><\/li><li><a rel=\"noreferrer noopener\" aria-label=\"Zmluva o spolupr\u00e1ci pri poskytnut\u00ed slu\u017eieb - Preklady a sprostredkovanie prekladov textov na webov\u00fa str\u00e1nku www.regiontatry.sk (otvor\u00ed sa v novej karte)\" href=\"https:\/\/regiontatry.sk\/wp-content\/uploads\/2019\/05\/zmluva-o-spolupraci_preklady-final.pdf\" target=\"_blank\">Zmluva o spolupr\u00e1ci pri poskytnut\u00ed slu\u017eieb &#8211; Preklady a sprostredkovanie prekladov textov na webov\u00fa str\u00e1nku www.regiontatry.sk<\/a><\/li><li><a rel=\"noreferrer noopener\" aria-label=\"Zmluva o dielo \u010d. 19\/2018\/0PS - 101 - Model spravovania cie\u013eov\u00e9ho miesta cestovn\u00e9ho ruchu Vysok\u00e9 Tatry (otvor\u00ed sa v novej karte)\" href=\"https:\/\/regiontatry.sk\/wp-content\/uploads\/2019\/05\/UMB_Zmluva_o_dielo_u\u0308.19-2018-OPS-101.pdf\" target=\"_blank\">Zmluva o dielo \u010d. 19\/2018\/0PS &#8211; 101 &#8211; Model spravovania cie\u013eov\u00e9ho miesta cestovn\u00e9ho ruchu Vysok\u00e9 Tatry<\/a><\/li><li><a rel=\"noreferrer noopener\" aria-label=\"Framework Agreement General Contract of Co-operation - Mutual rights and responsibilities of contracting parties in promoting the Liptov\/Tatry region in the market for the SCANDINAVIAN countries (otvor\u00ed sa v novej karte)\" href=\"https:\/\/regiontatry.sk\/wp-content\/uploads\/2019\/05\/Creative_Gotland_AB_Framework_Agreement_General_Contract_of_Co-operation.pdf\" target=\"_blank\">Framework Agreement General Contract of Co-operation &#8211; Mutual rights and responsibilities of contracting parties in promoting the Liptov\/Tatry region in the market for the SCANDINAVIAN countries<\/a><\/li><li><a rel=\"noreferrer noopener\" aria-label=\"Dohoda o ukon\u010den\u00ed Zmluvy o n\u00e1jme reklamnej plochy (otvor\u00ed sa v novej karte)\" href=\"https:\/\/regiontatry.sk\/wp-content\/uploads\/2019\/05\/AUTONOVA_Dohoda_o_ukonu\u0308en\u00b0_zmluvy_o_n\u2020jme_reklamnej_plochy.pdf\" target=\"_blank\">Dohoda o ukon\u010den\u00ed Zmluvy o n\u00e1jme reklamnej plochy<\/a><\/li><li><a rel=\"noreferrer noopener\" aria-label=\"Zmluva o spolupr\u00e1ci - z\u013eavy z cien poskytovan\u00fdch slu\u017eieb (otvor\u00ed sa v novej karte)\" href=\"https:\/\/regiontatry.sk\/wp-content\/uploads\/2019\/05\/EUROCOM-Investment_Zmluva_o_spolupr\u2020ci.pdf\" target=\"_blank\">Zmluva o spolupr\u00e1ci &#8211; z\u013eavy z cien poskytovan\u00fdch slu\u017eieb<\/a><\/li><li><a rel=\"noreferrer noopener\" aria-label=\"Zmluva o spolupr\u00e1ci - z\u013eavy z cien poskytovan\u00fdch slu\u017eieb (otvor\u00ed sa v novej karte)\" href=\"https:\/\/regiontatry.sk\/wp-content\/uploads\/2019\/05\/TMR_Zmluva_o_spolupr\u2020ci.pdf\" target=\"_blank\">Zmluva o spolupr\u00e1ci &#8211; z\u013eavy z cien poskytovan\u00fdch slu\u017eieb<\/a><\/li><li><a rel=\"noreferrer noopener\" aria-label=\"Zmluva o zabezpe\u010den\u00ed osobitnej autobusovej dopravy a pr\u00edle\u017eitostnej autobusovej dopravy -Zabezpe\u010dnie prepravy medzi strediskami CR v regi\u00f3ne VT po\u010das zimnej turistickej sez\u00f3ny 2018\/2019 (otvor\u00ed sa v novej karte)\" href=\"https:\/\/regiontatry.sk\/wp-content\/uploads\/2019\/05\/AQUA-SKI-bus-2018_2019-final.pdf\" target=\"_blank\">Zmluva o zabezpe\u010den\u00ed osobitnej autobusovej dopravy a pr\u00edle\u017eitostnej autobusovej dopravy -Zabezpe\u010dnie prepravy medzi strediskami CR v regi\u00f3ne VT po\u010das zimnej turistickej sez\u00f3ny 2018\/2019<\/a><\/li><li><a rel=\"noreferrer noopener\" aria-label=\"Zmluva o dielo \u010d. 03\/2018 - Dopracovanie u\u017e vypracovanej projektovej dokument\u00e1cie stavby pre stavebn\u00e9 povolenie &quot;N\u00e1mestie pod lanovkou v Tatranskej Lomnici&quot; (otvor\u00ed sa v novej karte)\" href=\"https:\/\/regiontatry.sk\/wp-content\/uploads\/2019\/05\/Zmluva_PD_Namestie_T.-Lomnica.pdf\" target=\"_blank\">Zmluva o dielo \u010d. 03\/2018 &#8211; Dopracovanie u\u017e vypracovanej projektovej dokument\u00e1cie stavby pre stavebn\u00e9 povolenie &#8222;N\u00e1mestie pod lanovkou v Tatranskej Lomnici&#8220;<\/a><\/li><li><a rel=\"noreferrer noopener\" aria-label=\"Zmluva o dielo - Realiz\u00e1cia pyromuzik\u00e1lneho oh\u0148ostroja (otvor\u00ed sa v novej karte)\" href=\"https:\/\/regiontatry.sk\/wp-content\/uploads\/2019\/05\/PRIVATEX-PYRO_Zmluva_o_dielo.pdf\" target=\"_blank\">Zmluva o dielo &#8211; Realiz\u00e1cia pyromuzik\u00e1lneho oh\u0148ostroja<\/a><\/li><li><a rel=\"noreferrer noopener\" aria-label=\"Zmluva o \u00fadr\u017ebe - Zimn\u00e1 \u00fadr\u017eba a zabezpe\u010denie prev\u00e1dzky telov\u00fdchovn\u00fdch zariaden\u00ed - ihr\u00edsk. (otvor\u00ed sa v novej karte)\" href=\"https:\/\/regiontatry.sk\/wp-content\/uploads\/2019\/05\/TATRY-TEPLO_Zmluva_o_\u00a3dr\u00dfbe-klz\u00b0sk.pdf\" target=\"_blank\">Zmluva o \u00fadr\u017ebe &#8211; Zimn\u00e1 \u00fadr\u017eba a zabezpe\u010denie prev\u00e1dzky telov\u00fdchovn\u00fdch zariaden\u00ed &#8211; ihr\u00edsk.<\/a><\/li><li><a rel=\"noreferrer noopener\" aria-label=\"Zmluva \u010d. NZ\/TAT\/OEU\/38\/2018 o pren\u00e1jme plochy na umiestnenie reklamy a propag\u00e1ci\u00ed v projekte airBaltic (otvor\u00ed sa v novej karte)\" href=\"https:\/\/regiontatry.sk\/wp-content\/uploads\/2019\/05\/Letisko_Poprad-Tatry_Zmluva-o-pren\u2020jme-plochy-na-umiestnenie-reklamy-a-propag\u2020ci\u00b0-v-projekte-airBaltic.pdf\" target=\"_blank\">Zmluva \u010d. NZ\/TAT\/OEU\/38\/2018 o pren\u00e1jme plochy na umiestnenie reklamy a propag\u00e1ci\u00ed v projekte airBaltic<\/a><\/li><li><a rel=\"noreferrer noopener\" aria-label=\"Zmluva o poskytnut\u00ed slu\u017eieb komer\u010dnej komunik\u00e1cie -v (otvor\u00ed sa v novej karte)\" href=\"https:\/\/regiontatry.sk\/wp-content\/uploads\/2019\/05\/EXPRES_MEDIA_Obchodn\u2020_zmluva.pdf\" target=\"_blank\">Zmluva o poskytnut\u00ed slu\u017eieb komer\u010dnej komunik\u00e1cie<\/a><\/li><li><a rel=\"noreferrer noopener\" aria-label=\"Obchodn\u00e1 zmluva - EXPRES_MEDIA_Obchodn\u00e1_zmluva (otvor\u00ed sa v novej karte)\" href=\"https:\/\/regiontatry.sk\/wp-content\/uploads\/2019\/05\/EXPRES_MEDIA_Zmluva-o-poskytnut\u00b0-slu\u00dfieb-komeru\u0308nej-komunik\u2020cie.pdf\" target=\"_blank\">Obchodn\u00e1 zmluva &#8211; EXPRES_MEDIA_Obchodn\u00e1_zmluva<\/a><\/li><li><a rel=\"noreferrer noopener\" aria-label=\"Zmluva o zabezpe\u010den\u00ed telev\u00edzneho vysielania - Zabezpe\u010dnie telev\u00edzneho vysielania a \u00fahrada (otvor\u00ed sa v novej karte)\" href=\"https:\/\/regiontatry.sk\/wp-content\/uploads\/2019\/05\/Slovensk\u2020_produku\u0308n\u2020_Zmluva_o_zabezpeu\u0308en\u00b0_telev\u00b0zneho_vysielania.pdf\" target=\"_blank\">Zmluva o zabezpe\u010den\u00ed telev\u00edzneho vysielania<\/a><\/li><li><a rel=\"noreferrer noopener\" aria-label=\"Zmluva o poskytnut\u00ed finan\u010dn\u00e9ho pr\u00edspevku - Poskytnuie finan\u010dn\u00e9ho pr\u00edspevku na prev\u00e1dzku bezplatn\u00fdch verejn\u00fdch soci\u00e1lnych zariaden\u00ed na \u0160trbskom Plese (otvor\u00ed sa v novej karte)\" href=\"https:\/\/regiontatry.sk\/wp-content\/uploads\/2019\/05\/OTV_Zmluva_o_poskytnut\u00b0_finanu\u0308na\u0304ho_pr\u00b0spevku.pdf\" target=\"_blank\">Zmluva o poskytnut\u00ed finan\u010dn\u00e9ho pr\u00edspevku &#8211; Poskytnuie finan\u010dn\u00e9ho pr\u00edspevku na prev\u00e1dzku bezplatn\u00fdch verejn\u00fdch soci\u00e1lnych zariaden\u00ed na \u0160trbskom Plese<\/a><\/li><li><a rel=\"noreferrer noopener\" aria-label=\"Dodatok k zmluve - vysielanie \u017eiv\u00e1 panor\u00e1ma (otvor\u00ed sa v novej karte)\" href=\"https:\/\/regiontatry.sk\/wp-content\/uploads\/2019\/05\/SITOUR_Dodatok_k_zmluve_o_spolupr\u2020ci.pdf\" target=\"_blank\">Dodatok k zmluve &#8211; vysielanie \u017eiv\u00e1 panor\u00e1ma<\/a><\/li><li><a rel=\"noreferrer noopener\" aria-label=\"Zmluva o\u00a0spolupr\u00e1ci \u2013 \u00a0TIKy (otvor\u00ed sa v novej karte)\" href=\"https:\/\/regiontatry.sk\/wp-content\/uploads\/2019\/07\/ZCR-VT-zmluva-o-spolupra\u0301ci-TIKy.pdf\" target=\"_blank\">Zmluva o\u00a0spolupr\u00e1ci \u2013 \u00a0TIKy<\/a><\/li><\/ul>\n\n\n\n<h4 class=\"wp-block-heading\" id=\"mce_23\">Fakt\u00fary<\/h4>\n\n\n\n<p><a href=\"https:\/\/regiontatry.sk\/wp-content\/uploads\/2019\/05\/dodavatelske-fa-2018.pdf\" target=\"_blank\" rel=\"noreferrer noopener\" aria-label=\"Zoznam fakt\u00far za rok 2018 (otvor\u00ed sa v novej karte)\">Zoznam fakt\u00far za rok 2018<\/a><\/p>\n\n\n\n<h4 class=\"wp-block-heading\" id=\"mce_24\">Objedn\u00e1vky<\/h4>\n\n\n\n<p><a href=\"https:\/\/regiontatry.sk\/wp-content\/uploads\/2019\/05\/objednavky-2018.pdf\" target=\"_blank\" rel=\"noreferrer noopener\" aria-label=\"Zoznam objedn\u00e1vok za rok 2018 (otvor\u00ed sa v novej karte)\">Zoznam objedn\u00e1vok za rok 2018<\/a><\/p>\n","protected":false},"excerpt":{"rendered":"<p>ROK 2018 Zmluvy Zmluva o realiz\u00e1cii propag\u00e1cie \u010d. 20180102 &#8211; Propag\u00e1cia objedn\u00e1vate\u013ea v r\u00e1mci Zimn\u00fdch \u0161portov\u00fdch hier Tourism X Games 2018 Zmluva o dielo &#8211; \u00fadr\u017eba miestnych komunik\u00e1ci\u00ed chodn\u00edkov a verejn\u00fdch priestranstiev na \u0160trbskom Plese Zmluva o spolupr\u00e1ci &#8211; Organiza\u010dn\u00e9 zabezpe\u010denie a koncept projektu Medzin\u00e1rodnej s\u00fa\u0165a\u017ee vo vyrez\u00e1van\u00ed \u013eadov\u00fdch s\u00f4ch Zmluva o poskytnut\u00ed finan\u010dn\u00e9ho pr\u00edspevku [&hellip;]<\/p>\n","protected":false},"author":2,"featured_media":21432,"parent":21582,"menu_order":0,"comment_status":"closed","ping_status":"closed","template":"template-simple-page.php","meta":{"footnotes":""},"class_list":["post-21431","page","type-page","status-publish","has-post-thumbnail","hentry"],"_links":{"self":[{"href":"https:\/\/regiontatry.sk\/de\/wp-json\/wp\/v2\/pages\/21431"}],"collection":[{"href":"https:\/\/regiontatry.sk\/de\/wp-json\/wp\/v2\/pages"}],"about":[{"href":"https:\/\/regiontatry.sk\/de\/wp-json\/wp\/v2\/types\/page"}],"author":[{"embeddable":true,"href":"https:\/\/regiontatry.sk\/de\/wp-json\/wp\/v2\/users\/2"}],"replies":[{"embeddable":true,"href":"https:\/\/regiontatry.sk\/de\/wp-json\/wp\/v2\/comments?post=21431"}],"version-history":[{"count":0,"href":"https:\/\/regiontatry.sk\/de\/wp-json\/wp\/v2\/pages\/21431\/revisions"}],"up":[{"embeddable":true,"href":"https:\/\/regiontatry.sk\/de\/wp-json\/wp\/v2\/pages\/21582"}],"wp:featuredmedia":[{"embeddable":true,"href":"https:\/\/regiontatry.sk\/de\/wp-json\/wp\/v2\/media\/21432"}],"wp:attachment":[{"href":"https:\/\/regiontatry.sk\/de\/wp-json\/wp\/v2\/media?parent=21431"}],"curies":[{"name":"wp","href":"https:\/\/api.w.org\/{rel}","templated":true}]}}