{"id":21433,"date":"2019-05-06T11:06:21","date_gmt":"2019-05-06T09:06:21","guid":{"rendered":"https:\/\/regiontatry.sk\/priroda-a-turistika\/"},"modified":"2020-11-02T15:07:50","modified_gmt":"2020-11-02T14:07:50","slug":"natur-und-touristik","status":"publish","type":"page","link":"https:\/\/regiontatry.sk\/de\/touristik\/natur-und-touristik\/","title":{"rendered":"Natur und Touristik"},"content":{"rendered":"\n<p>Die Hohe Tatra ist eine einzigartige Gegend mit 25 Spitzen \u00fcber 2&nbsp;500m Meeresh\u00f6he, Gletscherbergseen, gesch\u00fctzten Pflanzen und einmaliger Fauna.<\/p>\n\n\n\n<p>Besuchen Sie die sch\u00f6nsten Stellen der Region, atmen Sie frische Bergluft ein und bewundern Sie in Stille die faszinierende Welt der Fauna und Flora in unber\u00fchrter Natur. <\/p>\n\n\n\t<a href=\"\/de\/touristik\/bergtouristik\" class=\"wp-block-cgb-block-creanet-list category-list grid-x grid-padding-x align-middle\">\n\t\t\t\t\t<div class=\"small-12 medium-6 large-5\">\n\t\t\t\t<figure><img src='https:\/\/regiontatry.sk\/wp-content\/uploads\/2019\/05\/c-Marek-Hajkovsky-foto-Skalnate-pleso-rodina-leto_207_GG-ko\u0301pia.jpg'\n\t\t\t\t\t\talt=''\n\t\t\t\t\t\ttitle='c Marek Hajkovsky-foto-Skalnate pleso rodina-leto_207_GG - ko\u0301pia'\n\t\t\t\t\t\/><\/figure>\n\t\t\t<\/div>\n\t\t\n\n\t\t<div class=\"cell small-12 medium-5 large-7\">\n\t\t\t<h3>Bergtouristik<br><\/h3>\n\t\t\t<p>Die Hohe Tatra bietet ungef\u00e4hr <strong>600km markierte Touristenpfade<\/strong>, die zu den sch\u00f6nsten Stellen des Gebiets f\u00fchren \u2013 durch <strong>T\u00e4ler<\/strong>,  zu <strong>Bergh\u00fctten<\/strong>, den sch\u00f6nsten <strong>Bergseen, Tatra-Spitzen, Zweitausendern<\/strong> und <strong>Bergs\u00e4tteln<\/strong> mit himmlischen Ausblicken, in die faszinierende Welt der Fauna und Flora.<br><\/p>\n\t\t<\/div>\n\t<\/a>\n\n\t\n\n\t<a href=\"\/de\/touristik\/hochgebirgshutten\" class=\"wp-block-cgb-block-creanet-list category-list grid-x grid-padding-x align-middle\">\n\t\t\t\t\t<div class=\"small-12 medium-6 large-5\">\n\t\t\t\t<figure><img src='https:\/\/regiontatry.sk\/wp-content\/uploads\/2019\/05\/Skalnatachata.jpg'\n\t\t\t\t\t\talt=''\n\t\t\t\t\t\ttitle='Skalnatachata'\n\t\t\t\t\t\/><\/figure>\n\t\t\t<\/div>\n\t\t\n\n\t\t<div class=\"cell small-12 medium-5 large-7\">\n\t\t\t<h3>Hochgebirgsh\u00fctten<br><\/h3>\n\t\t\t<p>Touristenpfade f\u00fchren zu <strong>13 Hochgebirgsh\u00fctten<\/strong> und bieten wundersch\u00f6ne Ausblicke auf Bergspitzen, breite T\u00e4ler und himmelblaue Bergseen. <br><\/p>\n\t\t<\/div>\n\t<\/a>\n\n\t\n\n\t<a href=\"\/de\/touristik\/mit-seilbahnen-zu-wunderschonen-ausblicken\/\" class=\"wp-block-cgb-block-creanet-list category-list grid-x grid-padding-x align-middle\">\n\t\t\t\t\t<div class=\"small-12 medium-6 large-5\">\n\t\t\t\t<figure><img src='https:\/\/regiontatry.sk\/wp-content\/uploads\/2019\/05\/DSC_8130-OK-ko\u0301pia.jpg'\n\t\t\t\t\t\talt=''\n\t\t\t\t\t\ttitle='DSC_8130-OK - ko\u0301pia'\n\t\t\t\t\t\/><\/figure>\n\t\t\t<\/div>\n\t\t\n\n\t\t<div class=\"cell small-12 medium-5 large-7\">\n\t\t\t<h3>Mit Seilbahnen zu Abenteuern<br><\/h3>\n\t\t\t<p>Mit Seilbahnen kann man die Tatra sehr bequem bewundern und Ausfl\u00fcge einfacher machen. Die Berge sehen von Kabinen und Sesselliften etwas anders aus. Fahren Sie zu wundersch\u00f6nen Panoramen der Tatra bequem mit Seilbahnen und atmen Sie frische Luft innerhalb weniger Minuten.<br><\/p>\n\t\t<\/div>\n\t<\/a>\n\n\t\n\n\t<a href=\"\/de\/touristik\/lehrpfade\" class=\"wp-block-cgb-block-creanet-list category-list grid-x grid-padding-x align-middle\">\n\t\t\t\t\t<div class=\"small-12 medium-6 large-5\">\n\t\t\t\t<figure><img src='https:\/\/regiontatry.sk\/wp-content\/uploads\/2019\/05\/pramenisko.jpg'\n\t\t\t\t\t\talt=''\n\t\t\t\t\t\ttitle='pramenisko'\n\t\t\t\t\t\/><\/figure>\n\t\t\t<\/div>\n\t\t\n\n\t\t<div class=\"cell small-12 medium-5 large-7\">\n\t\t\t<h3>Lehrpfade<br><\/h3>\n\t\t\t<p>Falls Sie in der Tatra auch etwas Interessantes erfahren und die Flora und Fauna der Hohen Tatra besser kennenlernen wollen, w\u00e4hlen Sie einen der Lehrpfade. <br><\/p>\n\t\t<\/div>\n\t<\/a>\n\n\t\n\n\t<a href=\"\/region\/10-prirodnych-naj\/\" class=\"wp-block-cgb-block-creanet-list category-list grid-x grid-padding-x align-middle\">\n\t\t\t\t\t<div class=\"small-12 medium-6 large-5\">\n\t\t\t\t<figure><img src='https:\/\/regiontatry.sk\/wp-content\/uploads\/2018\/10\/vodopadskok.jpg'\n\t\t\t\t\t\talt=''\n\t\t\t\t\t\ttitle='vodopadskok'\n\t\t\t\t\t\/><\/figure>\n\t\t\t<\/div>\n\t\t\n\n\t\t<div class=\"cell small-12 medium-5 large-7\">\n\t\t\t<h3>10 pr\u00edrodn\u00fdch NAJ<br><\/h3>\n\t\t\t<p>Kr\u00e1sy a zauj\u00edmavosti Vysok\u00fdch Tatier sa nedaj\u00fa spo\u010d\u00edta\u0165 ani na prstoch dvoch r\u00fak. Aj napriek tomu sme pre v\u00e1s vybrali desa\u0165 pr\u00edrodn\u00fdch kr\u00e1s, ktor\u00e9 sa oplat\u00ed vidie\u0165. O\u010daria v\u00e1s svojou majest\u00e1tnos\u0165ou.<\/p>\n\t\t<\/div>\n\t<\/a>\n\n\t\n\n\t<a href=\"\/region\/priroda-a-krajina\/?poi=419\" class=\"wp-block-cgb-block-creanet-list category-list grid-x grid-padding-x align-middle\">\n\t\t\t\t\t<div class=\"small-12 medium-6 large-5\">\n\t\t\t\t<figure><img src='https:\/\/regiontatry.sk\/wp-content\/uploads\/2018\/09\/belianska-jaskyna.jpeg'\n\t\t\t\t\t\talt=''\n\t\t\t\t\t\ttitle='belianska-jaskyna'\n\t\t\t\t\t\/><\/figure>\n\t\t\t<\/div>\n\t\t\n\n\t\t<div class=\"cell small-12 medium-5 large-7\">\n\t\t\t<h3>Belaer H\u00f6hle<br><\/h3>\n\t\t\t<p>Entdecken Sie die unterirdische Welt der Tatra in der einzigen zug\u00e4nglichen H\u00f6hle der Hohen Tatra \u2013 der Belaer H\u00f6hle. Besuchen Sie diese einmalige Naturerscheinung w\u00e4hrend des ganzen Jahres, zum Beispiel beim schlechten Wetter. <br><\/p>\n\t\t<\/div>\n\t<\/a>\n\n\t\n\n\t<a href=\"\/region\/priroda-a-krajina\/?poi=354\" class=\"wp-block-cgb-block-creanet-list category-list grid-x grid-padding-x align-middle\">\n\t\t\t\t\t<div class=\"small-12 medium-6 large-5\">\n\t\t\t\t<figure><img src='https:\/\/regiontatry.sk\/wp-content\/uploads\/2019\/05\/botanickazahrada.jpg'\n\t\t\t\t\t\talt=''\n\t\t\t\t\t\ttitle='botanickazahrada'\n\t\t\t\t\t\/><\/figure>\n\t\t\t<\/div>\n\t\t\n\n\t\t<div class=\"cell small-12 medium-5 large-7\">\n\t\t\t<h3>Botanick\u00e1 z\u00e1hrada<br><\/h3>\n\t\t\t<p>Na ploche 3,2 hekt\u00e1ra pr\u00edrodnej z\u00e1hrady sa m\u00f4\u017eete poprech\u00e1dza\u0165 a z\u00e1rove\u0148 spozna\u0165\u00a0a\u017e 270 druhov tatransk\u00fdch rastl\u00edn os\u00edd\u013euj\u00facich r\u00f4zne biotopy Tatier. Priamo\u00a0tu si sadenice a semienka niektor\u00fdch tatransk\u00fdch rastl\u00edn m\u00f4\u017eete zak\u00fapi\u0165 a posadi\u0165\u00a0vo vlastnej z\u00e1hradke.<br><\/p>\n\t\t<\/div>\n\t<\/a>\n\n\t\n\n\n<div style=\"height:100px\" aria-hidden=\"true\" class=\"wp-block-spacer\"><\/div>\n\n\n\n<iframe loading=\"lazy\" width=\"100%\" height=\"700\" src=\"https:\/\/www.youtube.com\/embed\/WOdnl5jNlAg\" frameborder=\"0\" allow=\"accelerometer; autoplay; encrypted-media; gyroscope; picture-in-picture\" allowfullscreen=\"\"><\/iframe>\n","protected":false},"excerpt":{"rendered":"<p>Die Hohe Tatra ist eine einzigartige Gegend mit 25 Spitzen \u00fcber 2&nbsp;500m Meeresh\u00f6he, Gletscherbergseen, gesch\u00fctzten Pflanzen und einmaliger Fauna. Besuchen Sie die sch\u00f6nsten Stellen der Region, atmen Sie frische Bergluft ein und bewundern Sie in Stille die faszinierende Welt der Fauna und Flora in unber\u00fchrter Natur.<\/p>\n","protected":false},"author":2,"featured_media":21435,"parent":21701,"menu_order":0,"comment_status":"closed","ping_status":"closed","template":"template-simple-page.php","meta":{"footnotes":""},"class_list":["post-21433","page","type-page","status-publish","has-post-thumbnail","hentry"],"_links":{"self":[{"href":"https:\/\/regiontatry.sk\/de\/wp-json\/wp\/v2\/pages\/21433"}],"collection":[{"href":"https:\/\/regiontatry.sk\/de\/wp-json\/wp\/v2\/pages"}],"about":[{"href":"https:\/\/regiontatry.sk\/de\/wp-json\/wp\/v2\/types\/page"}],"author":[{"embeddable":true,"href":"https:\/\/regiontatry.sk\/de\/wp-json\/wp\/v2\/users\/2"}],"replies":[{"embeddable":true,"href":"https:\/\/regiontatry.sk\/de\/wp-json\/wp\/v2\/comments?post=21433"}],"version-history":[{"count":2,"href":"https:\/\/regiontatry.sk\/de\/wp-json\/wp\/v2\/pages\/21433\/revisions"}],"predecessor-version":[{"id":5235835,"href":"https:\/\/regiontatry.sk\/de\/wp-json\/wp\/v2\/pages\/21433\/revisions\/5235835"}],"up":[{"embeddable":true,"href":"https:\/\/regiontatry.sk\/de\/wp-json\/wp\/v2\/pages\/21701"}],"wp:featuredmedia":[{"embeddable":true,"href":"https:\/\/regiontatry.sk\/de\/wp-json\/wp\/v2\/media\/21435"}],"wp:attachment":[{"href":"https:\/\/regiontatry.sk\/de\/wp-json\/wp\/v2\/media?parent=21433"}],"curies":[{"name":"wp","href":"https:\/\/api.w.org\/{rel}","templated":true}]}}