{"id":21438,"date":"2019-04-25T11:55:26","date_gmt":"2019-04-25T09:55:26","guid":{"rendered":"https:\/\/regiontatry.sk\/vyzvy-na-predkladanie-cenovych-ponuk-rok-2015-a-2014\/"},"modified":"2019-04-25T11:55:26","modified_gmt":"2019-04-25T09:55:26","slug":"vyzvy-na-predkladanie-cenovych-ponuk-rok-2015-a-2014","status":"publish","type":"page","link":"https:\/\/regiontatry.sk\/de\/offenlegungspflicht\/vyzvy-na-predkladanie-cenovych-ponuk-rok-2015-a-2014\/","title":{"rendered":"V\u00fdzvy na predkladanie cenov\u00fdch pon\u00fak"},"content":{"rendered":"\n<h2 class=\"wp-block-heading\">ROK 2015 a ROK 2014<br><br><\/h2>\n\n\n\n<ul class=\"wp-block-list\"><li><a rel=\"noopener\" href=\"\/wp-content\/uploads\/2018\/10\/vyzva_oprava-povrchu-cyklochodnika-novy-smokovec-1.pdf\" target=\"_blank\">Rekon\u0161trukcia povrchu cyklochodn\u00edka Tatransk\u00e1 Lomnica \u2013 Star\u00fd Smokovec, \u010das\u0165 Nov\u00fd Smokovec<\/a><\/li><li><a rel=\"noopener\" href=\"\/wp-content\/uploads\/2018\/10\/vyzva_oprava-povrchu-cyklochodnika-horny-smokovec-1.pdf\" target=\"_blank\">Rekon\u0161trukcia cyklochodn\u00edka Tatransk\u00e1 Lomnica \u2013 Star\u00fd Smokovec, \u010das\u0165 Horn\u00fd Smokovec<\/a><\/li><li><a rel=\"noopener\" href=\"\/wp-content\/uploads\/2018\/10\/vyzva_redizajn-loga-zcr-vt-1.pdf\" target=\"_blank\">Redizajn loga Zdru\u017eenia cestovn\u00e9ho ruchu Vysok\u00e9 Tatry<\/a><\/li><li><a rel=\"noopener\" href=\"\/wp-content\/uploads\/2018\/10\/vyzva_aktualizacia-tatry-sk-a-support-1.pdf\" target=\"_blank\">Aktualiz\u00e1cia web str\u00e1nky a support<\/a><\/li><li><a rel=\"noopener\" href=\"\/wp-content\/uploads\/2018\/10\/vyzva_spracovanie-preklady-2015-1.pdf\" target=\"_blank\">Preklady textov do a z cudz\u00edch jazykov v roku 2015<\/a><\/li><li><a rel=\"noopener\" href=\"\/wp-content\/uploads\/2018\/10\/vyzva_zimna-internet-kampan-2015.pdf\" target=\"_blank\">Reklamn\u00e1 internetov\u00e1 kampa\u0148 na zimn\u00fa sez\u00f3nu 2015 v Po\u013esku<\/a><\/li><li><a rel=\"noopener\" href=\"\/wp-content\/uploads\/2018\/10\/vyzva_graficke-prace-1.pdf\" target=\"_blank\">Zabezpe\u010denie grafick\u00fdch slu\u017eieb reklamn\u00fdch kampan\u00ed<\/a><\/li><li><a rel=\"noopener\" href=\"\/wp-content\/uploads\/2018\/10\/tlac-prop-materialov-leto-2015-1.pdf\" target=\"_blank\">Tla\u010d propaga\u010dn\u00fdch materi\u00e1lov LETO 2015<\/a><\/li><li><a rel=\"noopener\" href=\"\/wp-content\/uploads\/2018\/10\/vyzva_spracovanie-prop-materialov-rok-2015-1.pdf\" target=\"_blank\">Komplexn\u00e9 spracovanie propaga\u010dn\u00fdch materi\u00e1lov LETO 2015 a ZIMA 2015\/2016<\/a><\/li><li><a rel=\"noopener\" href=\"\/wp-content\/uploads\/2018\/10\/vyzva_vyroba-videospotu-2015.pdf\" target=\"_blank\">Nat\u00e1\u010danie, produkcia a postprodukcia reklamn\u00e9ho videospotu<\/a><\/li><li><a rel=\"noopener\" href=\"\/wp-content\/uploads\/2018\/10\/vyzva_public-relations-rvt-1.pdf\" target=\"_blank\">Public relations zna\u010dky Regi\u00f3n Vysok\u00e9 Tatry na po\u013eskom trhu<\/a><\/li><li><a rel=\"noopener\" href=\"\/wp-content\/uploads\/2018\/10\/vyzva_vyroba-zimnych-video-klipov.pdf\" target=\"_blank\">V\u00fdroba zimn\u00fdch videoklipov pre Regi\u00f3n Vysok\u00e9 Tatry na po\u013eskom trhu<\/a><\/li><li><a rel=\"noopener\" href=\"\/wp-content\/uploads\/2018\/10\/vyzva_infocesta-pl-novinarov-1.pdf\" target=\"_blank\">Infocesta po\u013esk\u00fdch novin\u00e1rov v Regi\u00f3ne Vysok\u00e9 Tatry<\/a><\/li><li><a rel=\"noreferrer noopener\" aria-label=\"LETO V POPRADE 2015 \u2013 MADE IN SLOVAKIA (otvor\u00ed sa v novej karte)\" href=\"https:\/\/regiontatry.sk\/wp-content\/uploads\/2019\/04\/vyzva_leto-v-pp-2015-Made-in-SLovakia.pdf\" target=\"_blank\">LETO V POPRADE 2015 \u2013 MADE IN SLOVAKIA<\/a><\/li><li><a rel=\"noopener\" href=\"\/wp-content\/uploads\/2018\/10\/vyzva_tlac-propagacnych-materialov-aqp-2015-1.pdf\" target=\"_blank\">Tla\u010d propaga\u010dn\u00fdch materi\u00e1lov pre produktov\u00fa l\u00edniu AQUAPARK \u2013 2015<\/a><\/li><li><a rel=\"noopener\" href=\"\/wp-content\/uploads\/2018\/10\/vyzva_leto-v-pp-2015-viva-italia-1.pdf\" target=\"_blank\">Podujatie VIVA ITALIA 2015<\/a><\/li><li><a rel=\"noopener\" href=\"\/wp-content\/uploads\/2018\/10\/vyzva_vikend-anim-programy-v-aqp-2015.pdf\" target=\"_blank\">Zabezpe\u010denie v\u00edkendov\u00fdch anima\u010dn\u00fdch programov, denn\u00e9ho letn\u00e9ho t\u00e1bora a anima\u010dn\u00fdch programov na podujatia pre n\u00e1v\u0161tevn\u00edkov regi\u00f3nu v aquaparku<\/a><\/li><li><a rel=\"noopener\" href=\"\/wp-content\/uploads\/2018\/10\/vyzva_letne-anim-programy-v-aqp-2015-1.pdf\" target=\"_blank\">Zabezpe\u010denie letn\u00e9ho anima\u010dn\u00e9ho programu<\/a><\/li><li><a rel=\"noopener\" href=\"\/wp-content\/uploads\/2018\/10\/vyzva_fairyland-v-aqp-2015-1.pdf\" target=\"_blank\">Zabezpe\u010denie anima\u010dn\u00e9ho programu pre podujatie Fairyland<\/a><\/li><li><a rel=\"noopener\" href=\"\/wp-content\/uploads\/2018\/10\/vyzva_oprava-povrchu-cyklistickeho-chodnika-1-1.pdf\" target=\"_blank\">Rekon\u0161trukcia a \u00faprava cyklochodn\u00edka v \u00faseku Tatransk\u00e1 Lomnica \u2013 Star\u00e1 Lesn\u00e1<\/a><\/li><li><a rel=\"noopener\" href=\"\/wp-content\/uploads\/2018\/10\/vyzva_gr-podklady-pre-tlacene-mapy-1.pdf\" target=\"_blank\">Grafick\u00e9 podklady be\u017eeck\u00fdch trat\u00ed pre tla\u010den\u00e9 mapy<\/a><\/li><li><a rel=\"noopener\" href=\"\/wp-content\/uploads\/2018\/10\/vyzva_reklamnej-kampane-aqp-pl-1.pdf\" target=\"_blank\">Realiz\u00e1cia reklamnej marketingovej kampane pre rezort AquaCity Poprad na leto 2015 na po\u013eskom trhu<\/a><\/li><li><a rel=\"noopener\" href=\"\/wp-content\/uploads\/2018\/10\/vyzva_fotodokumentacia-1.pdf\" target=\"_blank\">Fotodokument\u00e1cia podujat\u00ed a vyhotovenie imid\u017eov\u00fdch z\u00e1berov pre Regi\u00f3n Vysok\u00e9 Tatry<\/a><\/li><li><a rel=\"noopener\" href=\"\/wp-content\/uploads\/2018\/10\/vyzva_videodokumentacia-1.pdf\" target=\"_blank\">Videodokument\u00e1cia podujat\u00ed a vyhotovenie imid\u017eov\u00fdch videoz\u00e1berov pre Regi\u00f3n Vysok\u00e9 Tatry<\/a><\/li><li><a rel=\"noopener\" href=\"\/wp-content\/uploads\/2018\/10\/vyzva_realizacia-kampane-adwords-a-reklamy-na-webe-facebook-polsko-1.pdf\" target=\"_blank\">Realiz\u00e1cia kampane Adwords a reklamy na webe Facebook v Po\u013esku<\/a><\/li><li><a rel=\"noopener\" href=\"\/wp-content\/uploads\/2018\/10\/vyzva_prieskum-trhu-lyziarskych-stredisk-1.pdf\" target=\"_blank\">Realiz\u00e1cia marketingov\u00e9ho prieskumu stred\u00edsk v oblasti Vysok\u00e9 Tatry<\/a><\/li><li><a rel=\"noopener\" href=\"\/wp-content\/uploads\/2018\/10\/vyzva_svetelna-vyzdoba-strbske-pleso-1.pdf\" target=\"_blank\">Sveteln\u00e1 v\u00fdzdoba v stredisku \u0160trbsk\u00e9 Pleso<\/a><\/li><li><a rel=\"noreferrer noopener\" aria-label=\"Sveteln\u00e1 v\u00fdzdoba Vy\u0161n\u00e9 H\u00e1gy, Polianka a Tatransk\u00e1 Lomnica (otvor\u00ed sa v novej karte)\" href=\"https:\/\/regiontatry.sk\/wp-content\/uploads\/2019\/04\/vyzva_svetelna-vyzdoba-Vysoke\u0301-Tatry.pdf\" target=\"_blank\">Sveteln\u00e1 v\u00fdzdoba Vy\u0161n\u00e9 H\u00e1gy, Polianka a Tatransk\u00e1 Lomnica<\/a><\/li><li><a rel=\"noopener\" href=\"\/wp-content\/uploads\/2018\/10\/vyzva_virtualne-strbske-pleso.pdf\" target=\"_blank\">Virtu\u00e1lne \u0160trbsk\u00e9 Pleso<\/a><\/li><li><a rel=\"noopener\" href=\"\/wp-content\/uploads\/2018\/10\/vyzva_tlac-prop-materialov-zima-2014-15-1.pdf\" target=\"_blank\">Spracovanie a tla\u010d propaga\u010dn\u00fdch materi\u00e1lov ZIMA 2014\/2015<\/a><\/li><li><a rel=\"noopener\" href=\"\/wp-content\/uploads\/2018\/10\/vyzva_rezervacny-system-2-faza-rozsirenie-sluzieb-1.pdf\" target=\"_blank\">Rezerva\u010dn\u00fd syst\u00e9m \u2013 roz\u0161\u00edrenie slu\u017eieb<\/a><\/li><li><a rel=\"noopener\" href=\"\/wp-content\/uploads\/2018\/10\/vyzva_vy-cc-81roba-a-monta-cc-81z-cc-8c-dreveny-cc-81ch-sta-cc-81nkov.pdf\" target=\"_blank\">V\u00fdroba dreven\u00fdch st\u00e1nkov<\/a><\/li><li><a rel=\"noopener\" href=\"\/wp-content\/uploads\/2018\/10\/vyzva-public-relations-rvt-pl-1.pdf\" target=\"_blank\">Realiz\u00e1cia slu\u017eieb v oblasti Public Relations pre Regi\u00f3n Vysok\u00e9 Tatry v Po\u013esku<\/a><\/li><li><a rel=\"noopener\" href=\"\/wp-content\/uploads\/2018\/10\/vyzva_kamerovy-cc-81-syste-cc-81m-s-cc-8ctrbske-cc-81-pleso-1.pdf\" target=\"_blank\">Kamerov\u00fd syst\u00e9m na \u0160trbskom Plese<\/a><\/li><li><a rel=\"noopener\" href=\"\/wp-content\/uploads\/2018\/10\/vyzva_udzba-bezeckych-trati-sp-1.pdf\" target=\"_blank\">Zabezpe\u010denie \u00fadr\u017eby be\u017eeck\u00fdch trat\u00ed v zimnej sez\u00f3ne na \u0160trbskom Plese<\/a><\/li><li><a rel=\"noopener\" href=\"\/wp-content\/uploads\/2018\/10\/vyzva_udzba-bezeckych-trati-tl-1.pdf\" target=\"_blank\">Zabezpe\u010denie \u00fadr\u017eby be\u017eeck\u00fdch trat\u00ed v zimnej sez\u00f3ne v Tatranskej Lomnici v lokalit\u00e1ch Tatransk\u00e1 Lomnica \u2013 Star\u00e1 Lesn\u00e1 camp a v lokalite Tatransk\u00e1 Lomnica \u2013 kolbisko \u2013 Tatransk\u00e9 Matliare<\/a><\/li><li><a rel=\"noopener\" href=\"\/wp-content\/uploads\/2018\/10\/vyzva_udzba-bezeckych-trati-s-smokovec-1.pdf\" target=\"_blank\">Zabezpe\u010denie \u00fadr\u017eby be\u017eeck\u00fdch trat\u00ed v zimnej sez\u00f3ne v \u00faseku Star\u00fd Smokovec \u2013 kyselka a Star\u00fd Smokovec \u2013 Vy\u0161n\u00e9 H\u00e1gy<\/a><\/li><li><a rel=\"noopener\" href=\"\/wp-content\/uploads\/2018\/10\/vy-cc-81zva_detske-cc-81-ihrisko-relax-park-jazierko-1.pdf\" target=\"_blank\">V\u00fdzva na realiz\u00e1ciu detsk\u00e9ho ihriska Tatransk\u00e1 Lomnica, Relax Park Jazierko<\/a><\/li><li><a href=\"\/wp-content\/uploads\/2018\/10\/sutazne-podklady-ihriska-zima-mat-1.pdf\" target=\"_blank\">Zimn\u00e1 \u00fadr\u017eba ihr\u00edsk v majetku mesta Vysok\u00e9 Tatry \u2013 ihrisko Z\u0160 Tatransk\u00e1 Lomnica, ihrisko pri Z\u0160 a M\u0160 Doln\u00fd Smokovec, \u0160portov\u00e9 ihrisko v Novom Smokovci a \u0160portov\u00e9 ihrisko vo Vy\u0161n\u00fdch H\u00e1goch<\/a><\/li><li><a href=\"\/wp-content\/uploads\/2018\/10\/vyzva_dobudovanie-osvetlenia-sp-1.pdf\" target=\"_blank\">Dobudovanie osvetlenia chodn\u00edka v \u0161portovom are\u00e1li na \u0160trbskom Plese<\/a><\/li><li><a href=\"\/wp-content\/uploads\/2018\/10\/vyzva_rezervacny-system-staticky-a-intranet2-1.pdf\" target=\"_blank\">Rezerva\u010dn\u00fd syst\u00e9m &#8211; f\u00e1za statick\u00e1 a intranet<\/a><\/li><li><a href=\"\/wp-content\/uploads\/2018\/10\/vyzva_oprava-povrchu-cyklistickeho-chodnika-2.pdf\" target=\"_blank\">Oprava povrchu cyklistick\u00e9ho chodn\u00edka<\/a><\/li><li><a href=\"\/wp-content\/uploads\/2018\/10\/vyzva_internetova-aplikacia-strbske-pleso-na-google-earth-1.pdf\" target=\"_blank\">Internetov\u00e1 aplik\u00e1cia &#8222;\u0160trbsk\u00e9 Pleso na Google Earth&#8220;<\/a><\/li><li><a href=\"\/wp-content\/uploads\/2018\/10\/vyzva_vyroba-a-montaz-grafickych-tabul.pdf\" target=\"_blank\">V\u00fdroba a mont\u00e1\u017e grafick\u00fdch tab\u00fa\u013e<\/a><\/li><li><a href=\"\/wp-content\/uploads\/2018\/10\/vyzva-rekl-kampan-rmf-fm-1.pdf\" target=\"_blank\">Celo\u0161t\u00e1tna letn\u00e1 reklamn\u00e1 kampa\u0148 v r\u00e1diu RMF FM \u2013 Po\u013esko<\/a><\/li><li><a href=\"\/wp-content\/uploads\/2018\/10\/vyzva_czart-1.pdf\" target=\"_blank\">Medi\u00e1lna kampa\u0148 v Po\u013eskej republike \u2013 leto 2014<\/a><\/li><li><a href=\"\/wp-content\/uploads\/2018\/10\/vyzva_spracovanie-prop-materialov-leto-2014-1.pdf\" target=\"_blank\">Komplexn\u00e9 spracovanie propaga\u010dn\u00fdch materi\u00e1lov LETO 2014<\/a><\/li><li><a href=\"\/wp-content\/uploads\/2018\/10\/nakup-fotografii-1.pdf\" target=\"_blank\">N\u00e1kup s\u00faboru fotografi\u00ed<\/a><\/li><li><a href=\"\/wp-content\/uploads\/2018\/10\/tlac-propagacnych-materialov-pre-produktovu-liniu-aquapark-leto-2014-1.pdf\" target=\"_blank\">Tla\u010d&nbsp;propaga\u010dn\u00fdch materi\u00e1lov pre produktov\u00fa l\u00edniu AQUAPARK \u2013 leto 2014<\/a><\/li><li><a href=\"\/wp-content\/uploads\/2018\/10\/vyzva_vikendovy-animacny-program-2014-world-of-events.pdf\" target=\"_blank\">Zabezpe\u010denie v\u00edkendov\u00fdch anima\u010dn\u00fdch programov pre n\u00e1v\u0161tevn\u00edkov regi\u00f3nu v aquaparku<\/a><\/li><li><a href=\"https:\/\/regiontatry.sk\/wp-content\/uploads\/2019\/04\/vyzva_TATRY-Card.pdf\" target=\"_blank\" rel=\"noreferrer noopener\" aria-label=\"Komplexn\u00e9 dodanie online turistick\u00e9ho syst\u00e9mu (otvor\u00ed sa v novej karte)\">Komplexn\u00e9 dodanie online turistick\u00e9ho syst\u00e9mu<\/a><\/li><\/ul>\n","protected":false},"excerpt":{"rendered":"<p>ROK 2015 a ROK 2014 Rekon\u0161trukcia povrchu cyklochodn\u00edka Tatransk\u00e1 Lomnica \u2013 Star\u00fd Smokovec, \u010das\u0165 Nov\u00fd Smokovec Rekon\u0161trukcia cyklochodn\u00edka Tatransk\u00e1 Lomnica \u2013 Star\u00fd Smokovec, \u010das\u0165 Horn\u00fd Smokovec Redizajn loga Zdru\u017eenia cestovn\u00e9ho ruchu Vysok\u00e9 Tatry Aktualiz\u00e1cia web str\u00e1nky a support Preklady textov do a z cudz\u00edch jazykov v roku 2015 Reklamn\u00e1 internetov\u00e1 kampa\u0148 na zimn\u00fa sez\u00f3nu 2015 [&hellip;]<\/p>\n","protected":false},"author":2,"featured_media":21432,"parent":21582,"menu_order":0,"comment_status":"closed","ping_status":"closed","template":"template-simple-page.php","meta":{"footnotes":""},"class_list":["post-21438","page","type-page","status-publish","has-post-thumbnail","hentry"],"_links":{"self":[{"href":"https:\/\/regiontatry.sk\/de\/wp-json\/wp\/v2\/pages\/21438"}],"collection":[{"href":"https:\/\/regiontatry.sk\/de\/wp-json\/wp\/v2\/pages"}],"about":[{"href":"https:\/\/regiontatry.sk\/de\/wp-json\/wp\/v2\/types\/page"}],"author":[{"embeddable":true,"href":"https:\/\/regiontatry.sk\/de\/wp-json\/wp\/v2\/users\/2"}],"replies":[{"embeddable":true,"href":"https:\/\/regiontatry.sk\/de\/wp-json\/wp\/v2\/comments?post=21438"}],"version-history":[{"count":0,"href":"https:\/\/regiontatry.sk\/de\/wp-json\/wp\/v2\/pages\/21438\/revisions"}],"up":[{"embeddable":true,"href":"https:\/\/regiontatry.sk\/de\/wp-json\/wp\/v2\/pages\/21582"}],"wp:featuredmedia":[{"embeddable":true,"href":"https:\/\/regiontatry.sk\/de\/wp-json\/wp\/v2\/media\/21432"}],"wp:attachment":[{"href":"https:\/\/regiontatry.sk\/de\/wp-json\/wp\/v2\/media?parent=21438"}],"curies":[{"name":"wp","href":"https:\/\/api.w.org\/{rel}","templated":true}]}}