{"id":21439,"date":"2019-04-25T11:51:33","date_gmt":"2019-04-25T09:51:33","guid":{"rendered":"https:\/\/regiontatry.sk\/vyzvy-na-predkladanie-cenovych-ponuk-rok-2016\/"},"modified":"2019-04-25T11:51:33","modified_gmt":"2019-04-25T09:51:33","slug":"vyzvy-na-predkladanie-cenovych-ponuk-rok-2016","status":"publish","type":"page","link":"https:\/\/regiontatry.sk\/de\/offenlegungspflicht\/vyzvy-na-predkladanie-cenovych-ponuk-rok-2016\/","title":{"rendered":"V\u00fdzvy na predkladanie cenov\u00fdch pon\u00fak"},"content":{"rendered":"\n<h2 class=\"wp-block-heading\">ROK 2016<br><br><\/h2>\n\n\n\n<ul class=\"wp-block-list\"><li><a rel=\"noopener\" href=\"\/wp-content\/uploads\/2018\/10\/vyzva_svetelna-vyzdoba-vt-ss-tl-2.pdf\" target=\"_blank\">Sveteln\u00e1 v\u00fdzdoba Star\u00fd Smokovec a&nbsp;Tatransk\u00e1 Lomnica<\/a><\/li><li><a rel=\"noopener\" href=\"\/wp-content\/uploads\/2018\/10\/vyzva_public-relations-rvt_pre-ukrajinu-1.pdf\" target=\"_blank\">Oslovenie ukrajinsk\u00e9ho trhu po\u010das zimnej sez\u00f3ny 2016\/2017 cielen\u00fdmi PR aktivitami<\/a><\/li><li><a rel=\"noopener\" href=\"\/wp-content\/uploads\/2018\/10\/vyzva_cykloznacenie-vt-1.pdf\" target=\"_blank\">Obnova a doplnenie cykloturistick\u00e9ho zna\u010denia v Regi\u00f3ne Vysok\u00e9 Tatry<\/a><\/li><li><a rel=\"noopener\" href=\"\/wp-content\/uploads\/2018\/10\/vyzva_uprava-bezeckych-trati-mesto-VT.pdf\" target=\"_blank\">\u00daprava ly\u017eiarskych be\u017eeck\u00fdch trat\u00ed na \u00fazem\u00ed mesta Vysok\u00e9 Tatry<\/a><\/li><li><a rel=\"noopener\" href=\"\/wp-content\/uploads\/2018\/10\/vyzva_oprava-cyklochodnika-VT.pdf\" target=\"_blank\">Oprava povrchu cyklochodn\u00edka Star\u00fd Smokovec Tatransk\u00e1 Lomnica , \u00fasek Nov\u00fd Smokovec \u2013 Sib\u00edr<\/a><\/li><li><a rel=\"noopener\" href=\"\/wp-content\/uploads\/2018\/10\/vyzva_svetelna-vyzdoba-vt-ss-tl-1-1.pdf\" target=\"_blank\">Internetov\u00e1 kampa\u0148 pre Regi\u00f3n Vysok\u00e9 Tatry<\/a><\/li><li><a rel=\"noopener\" href=\"\/wp-content\/uploads\/2018\/10\/vyzva_uprava-bezeckych-trati-SP.pdf\" target=\"_blank\">Zimn\u00e1 \u00fadr\u017eba&nbsp; ly\u017eiarskych be\u017eeck\u00fdch trat\u00ed na \u0160trbskom Plese<\/a><\/li><li><a rel=\"noopener\" href=\"\/wp-content\/uploads\/2018\/10\/vyzva_public-relations-rvt_pre-polsko-1.pdf\" target=\"_blank\">Public relations zna\u010dky Regi\u00f3n Vysok\u00e9 Tatry na po\u013eskom trhu pre zimn\u00fa sez\u00f3nu 2016\/2017<\/a><\/li><li><a rel=\"noopener\" href=\"\/wp-content\/uploads\/2018\/10\/vyzva_start-a-ciel-bez-arealu-SP.pdf\" target=\"_blank\">Stavebn\u00e9 \u00fapravy plochy v priestore \u0161tartu a cie\u013ea be\u017eeck\u00e9ho are\u00e1lu na \u0160trbskom Plese<\/a><\/li><li><a rel=\"noopener\" href=\"\/wp-content\/uploads\/2018\/10\/vyzva_tlac-zimnych-materialov-2016-1.pdf\" target=\"_blank\">Tla\u010d zimn\u00fdch propaga\u010dn\u00fdch materi\u00e1lov na sez\u00f3nu 2016\/2017<\/a><\/li><li><a rel=\"noopener\" href=\"\/wp-content\/uploads\/2018\/10\/Vyzva_zimna-udrzba-ihrisk-VT.pdf\" target=\"_blank\">Zimn\u00e1 \u00fadr\u017eba ihr\u00edsk v&nbsp;majetku mesta Vysok\u00e9 Tatry \u2013 ihrisko Z\u0160 Tatransk\u00e1 Lomnica, ihrisko pri Z\u0160 a&nbsp;M\u0160 Doln\u00fd Smokovec, \u0160portov\u00e9 ihrisko v&nbsp;Novom Smokovci a&nbsp;\u0160portov\u00e9 ihrisko vo Vy\u0161n\u00fdch H\u00e1goch<\/a><\/li><li><a rel=\"noopener\" href=\"\/wp-content\/uploads\/2018\/10\/Vyzva_publikacia-fotografie-Poprad.pdf\" target=\"_blank\">Prezenta\u010dn\u00fd materi\u00e1l na realiz\u00e1ciu direct marketingu formou publik\u00e1cie aktu\u00e1lnych fotografi\u00ed mesta Poprad a bl\u00edzkeho okolia so sprievodn\u00fdm textom<\/a><\/li><li><a href=\"https:\/\/regiontatry.sk\/wp-content\/uploads\/2019\/04\/Vyzva_interaktivna-online-komunikacia.pdf\" target=\"_blank\" rel=\"noreferrer noopener\" aria-label=\"Interakt\u00edvna online komunik\u00e1cia ved\u00faca k tvorbe marketingovej kampane na podporu dom\u00e1ceho a&nbsp;pr\u00edjazdov\u00e9ho cestovn\u00e9ho ruchu (otvor\u00ed sa v novej karte)\">Interakt\u00edvna online komunik\u00e1cia ved\u00faca k tvorbe marketingovej kampane na podporu dom\u00e1ceho a&nbsp;pr\u00edjazdov\u00e9ho cestovn\u00e9ho ruchu<\/a><\/li><li><a rel=\"noopener\" href=\"\/wp-content\/uploads\/2018\/10\/vyzva_spracovanie-prospektu-VT1-1.pdf\" target=\"_blank\">Reprezenta\u010dn\u00fd prospekt Mesta Vysok\u00e9 Tatry a \u0161ir\u0161ieho okolia<\/a><\/li><li><a rel=\"noopener\" href=\"\/wp-content\/uploads\/2018\/10\/vyzva_vyroba-medaili-soldov.pdf\" target=\"_blank\">V\u00fdroba pam\u00e4tn\u00fdch medail\u00ed s mot\u00edvom \u0161oldovsk\u00e9ho kr\u00ed\u017ea<\/a><\/li><li><a rel=\"noopener\" href=\"\/wp-content\/uploads\/2018\/10\/vyzva_uprava-komunikacie-SP-k-OZ1.pdf\" target=\"_blank\">\u00daprava pr\u00edstupovej komunik\u00e1cie k ozubnicovej \u017eeleznici Tatransk\u00e1 \u0160trba \u2013 \u0160trbsk\u00e9 Pleso\u201c<\/a><\/li><li><a rel=\"noopener\" href=\"\/wp-content\/uploads\/2018\/10\/vyzva_moderniza-cc-81cia-arevitaliza-cc-81cia-s-cc-8cp-1.pdf\" target=\"_blank\">Moderniz\u00e1cia a revitaliz\u00e1cia \u0161portov\u00e9ho are\u00e1lu \u0160trbsk\u00e9 Pleso\u201c<\/a><\/li><li><a rel=\"noopener\" href=\"\/wp-content\/uploads\/2018\/10\/Vyzva_vyskumny-projekt-k-MKT-kampani.pdf\" target=\"_blank\">Koncept a&nbsp;realiz\u00e1cia v\u00fdskumn\u00e9ho projektu k&nbsp;tvorbe marketingovej kampane<\/a><\/li><li><a rel=\"noopener\" href=\"\/wp-content\/uploads\/2018\/10\/Vyzva_letne-anim-programy-Smolkocity-AQP_20161.pdf\" target=\"_blank\">Zabezpe\u010denie letn\u00e9ho anima\u010dn\u00e9ho programu \u201e\u0160molkocity\u201c<\/a><\/li><li><a rel=\"noopener\" href=\"\/wp-content\/uploads\/2018\/10\/Vyzva_Promo-spot-Izrael-2016-1.pdf\" target=\"_blank\">V\u00fdroba promo spotu o Tatr\u00e1ch a okol\u00ed pre izraelsk\u00fd trh a jeho nasadenie v online priestore izraelsk\u00fdch webov\u00fdch str\u00e1nok<\/a><\/li><li><a rel=\"noopener\" href=\"\/wp-content\/uploads\/2018\/10\/Vyzva_tlac-letnych-materialov-2016.pdf\" target=\"_blank\">Tla\u010d letn\u00fdch propaga\u010dn\u00fdch materi\u00e1lov<\/a><\/li><li><a rel=\"noopener\" href=\"\/wp-content\/uploads\/2018\/10\/Vyzva_PR-clanok-Izrael-2016.pdf\" target=\"_blank\">PR \u010dl\u00e1nok do izraelsk\u00e9ho \u010dasopisu a&nbsp;jeho zverejnenie<\/a><\/li><li><a rel=\"noopener\" href=\"\/wp-content\/uploads\/2018\/10\/vyzva_polievanie-kvetov-SP.pdf\" target=\"_blank\">Pravideln\u00e1 letn\u00e1 \u00fadr\u017eba kvetinovej v\u00fdzdoby na \u0160trbskom Plese<br><\/a><\/li><li><a rel=\"noopener\" href=\"\/wp-content\/uploads\/2018\/10\/vyzva_spracovanie-preklady-2016-1.pdf\" target=\"_blank\">Preklady textov do a z cudz\u00edch jazykov v roku 2016<\/a><\/li><li><a rel=\"noopener\" href=\"\/wp-content\/uploads\/2018\/10\/vyzva_udrzba-komunikacii-sp-1.pdf\" target=\"_blank\">\u00dadr\u017eba miestnych komunik\u00e1ci\u00ed na \u0160trbskom Plese<\/a><\/li><li><a rel=\"noopener\" href=\"\/wp-content\/uploads\/2018\/10\/vyzva_graficke-prace-pre-aquapark_2016.pdf\" target=\"_blank\">Zabezpe\u010denie komplexn\u00fdch grafick\u00fdch slu\u017eieb pre aquapark<\/a><\/li><\/ul>\n","protected":false},"excerpt":{"rendered":"<p>ROK 2016 Sveteln\u00e1 v\u00fdzdoba Star\u00fd Smokovec a&nbsp;Tatransk\u00e1 Lomnica Oslovenie ukrajinsk\u00e9ho trhu po\u010das zimnej sez\u00f3ny 2016\/2017 cielen\u00fdmi PR aktivitami Obnova a doplnenie cykloturistick\u00e9ho zna\u010denia v Regi\u00f3ne Vysok\u00e9 Tatry \u00daprava ly\u017eiarskych be\u017eeck\u00fdch trat\u00ed na \u00fazem\u00ed mesta Vysok\u00e9 Tatry Oprava povrchu cyklochodn\u00edka Star\u00fd Smokovec Tatransk\u00e1 Lomnica , \u00fasek Nov\u00fd Smokovec \u2013 Sib\u00edr Internetov\u00e1 kampa\u0148 pre Regi\u00f3n Vysok\u00e9 Tatry [&hellip;]<\/p>\n","protected":false},"author":2,"featured_media":21432,"parent":21582,"menu_order":0,"comment_status":"closed","ping_status":"closed","template":"template-simple-page.php","meta":{"footnotes":""},"class_list":["post-21439","page","type-page","status-publish","has-post-thumbnail","hentry"],"_links":{"self":[{"href":"https:\/\/regiontatry.sk\/de\/wp-json\/wp\/v2\/pages\/21439"}],"collection":[{"href":"https:\/\/regiontatry.sk\/de\/wp-json\/wp\/v2\/pages"}],"about":[{"href":"https:\/\/regiontatry.sk\/de\/wp-json\/wp\/v2\/types\/page"}],"author":[{"embeddable":true,"href":"https:\/\/regiontatry.sk\/de\/wp-json\/wp\/v2\/users\/2"}],"replies":[{"embeddable":true,"href":"https:\/\/regiontatry.sk\/de\/wp-json\/wp\/v2\/comments?post=21439"}],"version-history":[{"count":0,"href":"https:\/\/regiontatry.sk\/de\/wp-json\/wp\/v2\/pages\/21439\/revisions"}],"up":[{"embeddable":true,"href":"https:\/\/regiontatry.sk\/de\/wp-json\/wp\/v2\/pages\/21582"}],"wp:featuredmedia":[{"embeddable":true,"href":"https:\/\/regiontatry.sk\/de\/wp-json\/wp\/v2\/media\/21432"}],"wp:attachment":[{"href":"https:\/\/regiontatry.sk\/de\/wp-json\/wp\/v2\/media?parent=21439"}],"curies":[{"name":"wp","href":"https:\/\/api.w.org\/{rel}","templated":true}]}}