{"id":21441,"date":"2019-04-25T11:03:44","date_gmt":"2019-04-25T09:03:44","guid":{"rendered":"https:\/\/regiontatry.sk\/vyzvy-na-predkladanie-cenovych-ponuk-rok-2018\/"},"modified":"2019-04-25T11:03:44","modified_gmt":"2019-04-25T09:03:44","slug":"vyzvy-na-predkladanie-cenovych-ponuk-rok-2018","status":"publish","type":"page","link":"https:\/\/regiontatry.sk\/de\/offenlegungspflicht\/vyzvy-na-predkladanie-cenovych-ponuk-rok-2018\/","title":{"rendered":"V\u00fdzvy na predkladanie cenov\u00fdch pon\u00fak"},"content":{"rendered":"\n<h2 class=\"wp-block-heading\"><strong>ROK 2018<\/strong><br><br><\/h2>\n\n\n\n<ul class=\"wp-block-list\"><li><a rel=\"noreferrer noopener\" aria-label=\"Celoro\u010dn\u00e1 \u00fadr\u017eba chodn\u00edka okolo jazera \u0160trbsk\u00e9 pleso (otvor\u00ed sa v novej karte)\" href=\"https:\/\/regiontatry.sk\/wp-content\/uploads\/2019\/04\/vyzva_udrzba-chodnika-okolo-jazera-S\u030cP-2018.pdf\" target=\"_blank\">Celoro\u010dn\u00e1 \u00fadr\u017eba chodn\u00edka okolo jazera \u0160trbsk\u00e9 pleso<\/a><\/li><li><a rel=\"noreferrer noopener\" aria-label=\"\u00dadr\u017eba miestnych komunik\u00e1ci\u00ed, chodn\u00edkov a verejn\u00fdch priestranstiev na \u0160trbskom Plese (otvor\u00ed sa v novej karte)\" href=\"https:\/\/regiontatry.sk\/wp-content\/uploads\/2019\/04\/vyzva_udrzba-komunikacii-S\u030cP-2018.pdf\" target=\"_blank\">\u00dadr\u017eba miestnych komunik\u00e1ci\u00ed, chodn\u00edkov a verejn\u00fdch priestranstiev na \u0160trbskom Plese<\/a><\/li><li><a rel=\"noreferrer noopener\" aria-label=\"Ponuka koncertov do Tatransk\u00e9ho d\u00f3mu na Hrebienku od 7.1. \u2013 1.4.2018 (otvor\u00ed sa v novej karte)\" href=\"https:\/\/regiontatry.sk\/wp-content\/uploads\/2019\/04\/vyzva_zabezpecenie-koncertov-TD-2017_18.pdf\" target=\"_blank\">Ponuka koncertov do Tatransk\u00e9ho d\u00f3mu na Hrebienku od 7.1. \u2013 1.4.2018<\/a><\/li><li><a rel=\"noreferrer noopener\" aria-label=\"Zabezpe\u010denie medail\u00ed na vybran\u00fa \u010das\u0165 s\u00e9rie \u0161portov\u00fdch podujat\u00ed TATRY V POHYBE 2018 (otvor\u00ed sa v novej karte)\" href=\"https:\/\/regiontatry.sk\/wp-content\/uploads\/2019\/04\/vyzva_medaile-Tatry-v-pohybe.pdf\" target=\"_blank\">Zabezpe\u010denie medail\u00ed na vybran\u00fa \u010das\u0165 s\u00e9rie \u0161portov\u00fdch podujat\u00ed TATRY V POHYBE 2018<\/a><\/li><li><a rel=\"noreferrer noopener\" aria-label=\"Zabezpe\u010denie novej responzibilnej web str\u00e1nky (otvor\u00ed sa v novej karte)\" href=\"https:\/\/regiontatry.sk\/wp-content\/uploads\/2019\/04\/Vy\u0301zva-na-predloz\u030cenie-cenovy\u0301ch-ponu\u0301k-WEB-a-IT.pdf\" target=\"_blank\">Zabezpe\u010denie novej responzibilnej web str\u00e1nky<\/a><\/li><li><a href=\"https:\/\/regiontatry.sk\/wp-content\/uploads\/2019\/04\/vyzva_facebook-marketing-AQP.pdf\" target=\"_blank\" rel=\"noreferrer noopener\" aria-label=\"Reklamn\u00e1 kampa\u0148 na soci\u00e1lnych sie\u0165ach na po\u013eskom trhu (otvor\u00ed sa v novej karte)\">Reklamn\u00e1 kampa\u0148 na soci\u00e1lnych sie\u0165ach na po\u013eskom trhu<\/a><\/li><li><a rel=\"noreferrer noopener\" aria-label=\"Grafick\u00e9 spracovanie a tla\u010d propaga\u010dn\u00fdch materi\u00e1lov pre Regi\u00f3n Vysok\u00e9 Tatry (otvor\u00ed sa v novej karte)\" href=\"https:\/\/regiontatry.sk\/wp-content\/uploads\/2019\/04\/Vyzva_grafika-a-tlac\u030c-RVT.pdf\" target=\"_blank\">Grafick\u00e9 spracovanie a tla\u010d propaga\u010dn\u00fdch materi\u00e1lov pre Regi\u00f3n Vysok\u00e9 Tatry<\/a><\/li><li><a rel=\"noreferrer noopener\" aria-label=\"Podujatie CITY TRAIL \u2013 05.05.2018 -Smokovce (otvor\u00ed sa v novej karte)\" href=\"https:\/\/regiontatry.sk\/wp-content\/uploads\/2019\/04\/Z\u030ciadost\u030c-o-predloz\u030cenie-cenovy\u0301ch-ponu\u0301k_City-trail-2018.pdf\" target=\"_blank\">Podujatie CITY TRAIL \u2013 05.05.2018 -Smokovce<\/a><\/li><li><a rel=\"noreferrer noopener\" aria-label=\"TATRANSK\u00dd DE\u0147 DET\u00cd -  26.5.2018 \u2013 \u0160trbsk\u00e9 Pleso (otvor\u00ed sa v novej karte)\" href=\"https:\/\/regiontatry.sk\/wp-content\/uploads\/2019\/04\/Z\u030ciadost\u030c-o-predloz\u030cenie-cenovy\u0301ch-ponu\u0301k_Tatransky\u0301-den\u030c-deti\u0301_03062017.pdf\" target=\"_blank\">TATRANSK\u00dd DE\u0147 DET\u00cd &#8211;  26.5.2018 \u2013 \u0160trbsk\u00e9 Pleso<\/a><\/li><li><a rel=\"noreferrer noopener\" aria-label=\"Pravideln\u00e1 letn\u00e1 \u00fadr\u017eba kvetinovej v\u00fdzdoby na \u0160trbskom Plese (otvor\u00ed sa v novej karte)\" href=\"https:\/\/regiontatry.sk\/wp-content\/uploads\/2019\/04\/vyzva_letna-udrzba-kvetov-S\u030cP-2018.pdf\" target=\"_blank\">Pravideln\u00e1 letn\u00e1 \u00fadr\u017eba kvetinovej v\u00fdzdoby na \u0160trbskom Plese<\/a><\/li><li><a rel=\"noreferrer noopener\" aria-label=\"Zabezpe\u010denie dodania leteck\u00fdch m\u00e1p na \u0160trbsk\u00e9 Pleso (otvor\u00ed sa v novej karte)\" href=\"https:\/\/regiontatry.sk\/wp-content\/uploads\/2019\/04\/vyzva_letecke-tabule-SP.pdf\" target=\"_blank\">Zabezpe\u010denie dodania leteck\u00fdch m\u00e1p na \u0160trbsk\u00e9 Pleso<\/a><\/li><li><a rel=\"noreferrer noopener\" aria-label=\"Technick\u00e9 zabezpe\u010denie programov Tatransk\u00e9ho kult\u00farneho leta 2018 (otvor\u00ed sa v novej karte)\" href=\"https:\/\/regiontatry.sk\/wp-content\/uploads\/2019\/04\/vyzva_technicke-zabezpecenie-TKL-2018.pdf\" target=\"_blank\">Technick\u00e9 zabezpe\u010denie programov Tatransk\u00e9ho kult\u00farneho leta 2018<\/a><\/li><li><a rel=\"noreferrer noopener\" aria-label=\"Zabezpe\u010denie letn\u00e9ho a v\u00edkendov\u00e9ho anima\u010dn\u00e9ho programu (otvor\u00ed sa v novej karte)\" href=\"https:\/\/regiontatry.sk\/wp-content\/uploads\/2019\/04\/vyzva_animacne-programy-2018.pdf\" target=\"_blank\">Zabezpe\u010denie letn\u00e9ho a v\u00edkendov\u00e9ho anima\u010dn\u00e9ho programu<\/a><\/li><li><a rel=\"noreferrer noopener\" aria-label=\"Reklamn\u00e1 internetov\u00e1 kampa\u0148 \u2013 e-mail marketing (otvor\u00ed sa v novej karte)\" href=\"https:\/\/regiontatry.sk\/wp-content\/uploads\/2019\/04\/vyzva_email-marketing-AQP.pdf\" target=\"_blank\">Reklamn\u00e1 internetov\u00e1 kampa\u0148 \u2013 e-mail marketing<\/a><\/li><li><a rel=\"noreferrer noopener\" aria-label=\"Zabezpe\u010denie celodenn\u00e9ho programu na podujatie Megaotv\u00e1ra\u010dka letnej sez\u00f3ny \u2013 30.6.- 01.07.2018 \u2013 Aquacity Poprad (otvor\u00ed sa v novej karte)\" href=\"https:\/\/regiontatry.sk\/wp-content\/uploads\/2019\/04\/Vy\u0301zva-na-predloz\u030cenie-cenovy\u0301ch-ponu\u0301k-Megazatva\u0301rac\u030cka.pdf\" target=\"_blank\">Zabezpe\u010denie celodenn\u00e9ho programu na podujatie Megaotv\u00e1ra\u010dka letnej sez\u00f3ny \u2013 30.6.- 01.07.2018 \u2013 Aquacity Poprad<\/a><\/li><li><a rel=\"noreferrer noopener\" aria-label=\"Oprava chodn\u00edka k Ozubnicovej \u017eeleznici na Tatranskej \u0160trbe (otvor\u00ed sa v novej karte)\" href=\"https:\/\/regiontatry.sk\/wp-content\/uploads\/2019\/04\/vyzva_oprava-chodni\u0301ka-k-OZ\u030c-Tatr-S\u030ctrba.pdf\" target=\"_blank\">Oprava chodn\u00edka k Ozubnicovej \u017eeleznici na Tatranskej \u0160trbe<\/a><\/li><li><a rel=\"noreferrer noopener\" aria-label=\"FESTIVAL ZDRAVIA ,PR\u00cdRODY A REGENER\u00c1CIE (otvor\u00ed sa v novej karte)\" href=\"https:\/\/regiontatry.sk\/wp-content\/uploads\/2019\/04\/vyzva_festival-zdravia-regeneracie.pdf\" target=\"_blank\">FESTIVAL ZDRAVIA ,PR\u00cdRODY A REGENER\u00c1CIE<\/a><\/li><li><a rel=\"noreferrer noopener\" aria-label=\"Megazatv\u00e1ra\u010dka letnej sez\u00f3ny 1.-2.9.2018 (otvor\u00ed sa v novej karte)\" href=\"https:\/\/regiontatry.sk\/wp-content\/uploads\/2019\/04\/Vy\u0301zva-na-predloz\u030cenie-cenovy\u0301ch-ponu\u0301k-Megazatva\u0301rac\u030cka.pdf\" target=\"_blank\">Megazatv\u00e1ra\u010dka letnej sez\u00f3ny 1.-2.9.2018<\/a><\/li><li><a rel=\"noreferrer noopener\" aria-label=\"Zimn\u00e1 \u00fadr\u017eba ihr\u00edsk v majetku mesta Vysok\u00e9 Tatry \u2013 ihrisko Z\u0160 Tatransk\u00e1 Lomnica, ihrisko pri Z\u0160 a M\u0160 Doln\u00fd Smokovec, \u0161portov\u00e9 ihrisko v Novom Smokovci (otvor\u00ed sa v novej karte)\" href=\"https:\/\/regiontatry.sk\/wp-content\/uploads\/2019\/04\/Vyzva_zimna\u0301-u\u0301drz\u030cba-ihri\u0301sk-VT.pdf\" target=\"_blank\">Zimn\u00e1 \u00fadr\u017eba ihr\u00edsk v majetku mesta Vysok\u00e9 Tatry \u2013 ihrisko Z\u0160 Tatransk\u00e1 Lomnica, ihrisko pri Z\u0160 a M\u0160 Doln\u00fd Smokovec, \u0161portov\u00e9 ihrisko v Novom Smokovci<\/a><\/li><li><a rel=\"noreferrer noopener\" aria-label=\"Marketingov\u00e1 kampa\u0148 v \u0160kandin\u00e1vii (otvor\u00ed sa v novej karte)\" href=\"https:\/\/regiontatry.sk\/wp-content\/uploads\/2019\/04\/Vy\u0301zva-na-predloz\u030cenie-cenovy\u0301ch-ponu\u0301k_Skandina\u0301via.pdf\" target=\"_blank\">Marketingov\u00e1 kampa\u0148 v \u0160kandin\u00e1vii<\/a><\/li><li><a rel=\"noreferrer noopener\" aria-label=\"Popradsk\u00e9 Vianoce \u2013 Viano\u010dn\u00e1 akcia Fashion charity night (otvor\u00ed sa v novej karte)\" href=\"https:\/\/regiontatry.sk\/wp-content\/uploads\/2019\/04\/Vy\u0301zva-na-predloz\u030cenie-cenovy\u0301ch-ponu\u0301k-Popradske\u0301-Vianoce-Fashion-Charity-Night.pdf\" target=\"_blank\">Popradsk\u00e9 Vianoce \u2013 Viano\u010dn\u00e1 akcia Fashion charity night<\/a><\/li><li><a rel=\"noreferrer noopener\" aria-label=\"Zabezpe\u010denie silvestrovsk\u00e9ho programu 2018 (otvor\u00ed sa v novej karte)\" href=\"https:\/\/regiontatry.sk\/wp-content\/uploads\/2019\/04\/Vy\u0301zva-na-predloz\u030cenie-cenovy\u0301ch-ponu\u0301k-Silvestrovsky\u0301-program-2018.pdf\" target=\"_blank\">Zabezpe\u010denie silvestrovsk\u00e9ho programu 2018<\/a><\/li><li><a rel=\"noreferrer noopener\" aria-label=\"Zimn\u00e1 \u00fadr\u017eba ly\u017eiarskych be\u017eeck\u00fdch trat\u00ed na \u0160trbskom Plese (otvor\u00ed sa v novej karte)\" href=\"https:\/\/regiontatry.sk\/wp-content\/uploads\/2019\/04\/vyzva_uprava-bez\u030ceckych-trati-S\u030cP.pdf\" target=\"_blank\">Zimn\u00e1 \u00fadr\u017eba ly\u017eiarskych be\u017eeck\u00fdch trat\u00ed na \u0160trbskom Plese<\/a><\/li><li><a rel=\"noreferrer noopener\" aria-label=\"\u00daprava ly\u017eiarskych be\u017eeck\u00fdch trat\u00ed na \u00fazem\u00ed mesta Vysok\u00e9 Tatry v sez\u00f3ne 2018\/2019 (otvor\u00ed sa v novej karte)\" href=\"https:\/\/regiontatry.sk\/wp-content\/uploads\/2019\/04\/vyzva_uprava-bez\u030ceckych-trati-mesto-VT.pdf\" target=\"_blank\">\u00daprava ly\u017eiarskych be\u017eeck\u00fdch trat\u00ed na \u00fazem\u00ed mesta Vysok\u00e9 Tatry v sez\u00f3ne 2018\/2019<\/a><\/li><\/ul>\n","protected":false},"excerpt":{"rendered":"<p>ROK 2018 Celoro\u010dn\u00e1 \u00fadr\u017eba chodn\u00edka okolo jazera \u0160trbsk\u00e9 pleso \u00dadr\u017eba miestnych komunik\u00e1ci\u00ed, chodn\u00edkov a verejn\u00fdch priestranstiev na \u0160trbskom Plese Ponuka koncertov do Tatransk\u00e9ho d\u00f3mu na Hrebienku od 7.1. \u2013 1.4.2018 Zabezpe\u010denie medail\u00ed na vybran\u00fa \u010das\u0165 s\u00e9rie \u0161portov\u00fdch podujat\u00ed TATRY V POHYBE 2018 Zabezpe\u010denie novej responzibilnej web str\u00e1nky Reklamn\u00e1 kampa\u0148 na soci\u00e1lnych sie\u0165ach na po\u013eskom trhu [&hellip;]<\/p>\n","protected":false},"author":2,"featured_media":21432,"parent":21582,"menu_order":0,"comment_status":"closed","ping_status":"closed","template":"template-simple-page.php","meta":{"footnotes":""},"class_list":["post-21441","page","type-page","status-publish","has-post-thumbnail","hentry"],"_links":{"self":[{"href":"https:\/\/regiontatry.sk\/de\/wp-json\/wp\/v2\/pages\/21441"}],"collection":[{"href":"https:\/\/regiontatry.sk\/de\/wp-json\/wp\/v2\/pages"}],"about":[{"href":"https:\/\/regiontatry.sk\/de\/wp-json\/wp\/v2\/types\/page"}],"author":[{"embeddable":true,"href":"https:\/\/regiontatry.sk\/de\/wp-json\/wp\/v2\/users\/2"}],"replies":[{"embeddable":true,"href":"https:\/\/regiontatry.sk\/de\/wp-json\/wp\/v2\/comments?post=21441"}],"version-history":[{"count":0,"href":"https:\/\/regiontatry.sk\/de\/wp-json\/wp\/v2\/pages\/21441\/revisions"}],"up":[{"embeddable":true,"href":"https:\/\/regiontatry.sk\/de\/wp-json\/wp\/v2\/pages\/21582"}],"wp:featuredmedia":[{"embeddable":true,"href":"https:\/\/regiontatry.sk\/de\/wp-json\/wp\/v2\/media\/21432"}],"wp:attachment":[{"href":"https:\/\/regiontatry.sk\/de\/wp-json\/wp\/v2\/media?parent=21441"}],"curies":[{"name":"wp","href":"https:\/\/api.w.org\/{rel}","templated":true}]}}