{"id":21443,"date":"2019-03-19T13:14:30","date_gmt":"2019-03-19T12:14:30","guid":{"rendered":"https:\/\/regiontatry.sk\/jarna-dovolenka-vo-vysokych-tatrach\/"},"modified":"2023-05-22T21:54:31","modified_gmt":"2023-05-22T19:54:31","slug":"jarna-dovolenka-vo-vysokych-tatrach","status":"publish","type":"page","link":"https:\/\/regiontatry.sk\/de\/jarna-dovolenka-vo-vysokych-tatrach\/","title":{"rendered":"Jarn\u00e1 dovolenka <br> vo Vysok\u00fdch Tatr\u00e1ch"},"content":{"rendered":"\n<p>Prijmite pozvanie na jarn\u00fa dovolenku v Tatr\u00e1ch a nechajte sa zavali\u0165 horami z\u00e1\u017eitkov! \u010cak\u00e1 v\u00e1s jarn\u00e1 ly\u017eova\u010dka, turistika, n\u00e1v\u0161teva m\u00faze\u00ed a gal\u00e9ri\u00ed i ob\u013e\u00faben\u00e9 podujatia. Vychutnajte si najv\u00e4\u010d\u0161ie tatransk\u00e9 atrakcie.<br><br><\/p>\n\n\n\t<a href=\"\/zimne-vylety\/vysokohorske-chaty\/\" class=\"wp-block-cgb-block-creanet-list category-list grid-x grid-padding-x align-middle\">\n\t\t\t\t\t<div class=\"small-12 medium-6 large-5\">\n\t\t\t\t<figure><img src='https:\/\/regiontatry.sk\/wp-content\/uploads\/2021\/05\/19-1.jpg'\n\t\t\t\t\t\talt=''\n\t\t\t\t\t\ttitle='19 (1)'\n\t\t\t\t\t\/><\/figure>\n\t\t\t<\/div>\n\t\t\n\n\t\t<div class=\"cell small-12 medium-5 large-7\">\n\t\t\t<h3>HORY A V\u00ddH\u013dADY<\/h3>\n\t\t\t<p>Prekr\u00e1sne v\u00fdh\u013eady na zasne\u017een\u00e9 tatransk\u00e9 vrcholy l\u00e1kaj\u00fa turistov aj na jar. Spr\u00edstupnen\u00fdch je nieko\u013eko turistick\u00fdch chodn\u00edkov k <strong>12-tim vysokohorsk\u00fdm chat\u00e1m<\/strong>. Sez\u00f3nna uz\u00e1vera vysokohorsk\u00fdch chodn\u00edkov potrv\u00e1 do 15.06.2021.<br><\/p>\n\t\t<\/div>\n\t<\/a>\n\n\t\n\n\t<a href=\"\/zimne-vylety\/lanovkami-za-vyhladmi\/\" class=\"wp-block-cgb-block-creanet-list category-list grid-x grid-padding-x align-middle\">\n\t\t\t\t\t<div class=\"small-12 medium-6 large-5\">\n\t\t\t\t<figure><img src='https:\/\/regiontatry.sk\/wp-content\/uploads\/2018\/10\/69YdhY0w-1.jpeg'\n\t\t\t\t\t\talt=''\n\t\t\t\t\t\ttitle='69YdhY0w'\n\t\t\t\t\t\/><\/figure>\n\t\t\t<\/div>\n\t\t\n\n\t\t<div class=\"cell small-12 medium-5 large-7\">\n\t\t\t<h3>V\u00ddLETY LANOVKAMI<\/h3>\n\t\t\t<p>Na druh\u00fd najvy\u0161\u0161\u00ed \u0161t\u00edt,\u00a0<strong>Lomni\u010d\u00e1k<\/strong>, ob\u013e\u00faben\u00fd\u00a0<strong>Hrebienok<\/strong>\u00a0a zn\u00e1me\u00a0<strong>Solisko<\/strong>\u00a0v\u00e1s pohodlne vyvez\u00fa\u00a0lanovky.<\/p>\n\t\t<\/div>\n\t<\/a>\n\n\t\n\n\t<a href=\"\/wellness-a-relax\/vodny-svet-aquacity-poprad-zima\/\" class=\"wp-block-cgb-block-creanet-list category-list grid-x grid-padding-x align-middle\">\n\t\t\t\t\t<div class=\"small-12 medium-6 large-5\">\n\t\t\t\t<figure><img src='https:\/\/regiontatry.sk\/wp-content\/uploads\/2018\/08\/AquaCity_Poprad_Sapphire_1000.jpg'\n\t\t\t\t\t\talt=''\n\t\t\t\t\t\ttitle='AquaCity_Poprad_Sapphire_1000'\n\t\t\t\t\t\/><\/figure>\n\t\t\t<\/div>\n\t\t\n\n\t\t<div class=\"cell small-12 medium-5 large-7\">\n\t\t\t<h3>RELAX V AQUAPARKU<\/h3>\n\t\t\t<p>Spestrite si dovolenku n\u00e1v\u0161tevou jedine\u010dn\u00e9ho komplexu, ktor\u00fd v\u00e1m poskytne viac ne\u017e len oddych a\u00a0relax. Term\u00e1lna voda prameniaca z h\u013abky 1300 m obsahuje viac ako 20 r\u00f4znych miner\u00e1lov priaznivo p\u00f4sobiacich na zdravie \u010dloveka. Na\u010derpajte silu v\u00a0<strong>modernom celoro\u010dne otvorenom aquaparku\u00a0AquaCity Poprad<\/strong>\u00a0\u2013 v centre vodnej z\u00e1bavy\u00a0a wellness relaxu pod Tatrami.<br><\/p>\n\t\t<\/div>\n\t<\/a>\n\n\t\n\n\t<a href=\"https:\/\/regiontatry.sk\/region\/potulky-za-historiou-a-tradiciami\/\" class=\"wp-block-cgb-block-creanet-list category-list grid-x grid-padding-x align-middle\">\n\t\t\t\t\t<div class=\"small-12 medium-6 large-5\">\n\t\t\t\t<figure><img src='https:\/\/regiontatry.sk\/wp-content\/uploads\/2018\/10\/Ski-Muzeum-Tatranska-Lomnica.jpg'\n\t\t\t\t\t\talt=''\n\t\t\t\t\t\ttitle='Ski Muzeum Tatranska Lomnica'\n\t\t\t\t\t\/><\/figure>\n\t\t\t<\/div>\n\t\t\n\n\t\t<div class=\"cell small-12 medium-5 large-7\">\n\t\t\t<h3>KULT\u00daRA A HIST\u00d3RIA<\/h3>\n\t\t\t<p>Nielen v nepriaznivom po\u010das\u00ed v\u00e1s priv\u00edtaj\u00fa pr\u00edrodn\u00e9 aj historick\u00e9 expoz\u00edcie m\u00faze\u00ed Tatransk\u00e9ho n\u00e1rodn\u00e9ho parku, ly\u017eovania, fotografie a kinematografie a hist\u00f3rie podtatransk\u00e9ho regi\u00f3nu. Pre deti sa o z\u00e1bavu sa postar\u00e1 gal\u00e9ria Tricklandia, Dobr\u00e1 hra\u010dka, r\u00f4zne herne, lezeck\u00e1 stena, golfov\u00e9 trena\u017e\u00e9ry, Adventure minigolf a \u010fal\u0161ie. Na svoje si pr\u00eddu aj priaznivci v\u00fdtvarn\u00e9ho umenia v Tatranskej gal\u00e9rii a Vile Fl\u00f3ra alebo ned\u00e1vno otvorenom Poliankove. <\/p>\n\t\t<\/div>\n\t<\/a>\n\n\t\n\n\t<a href=\"\/event\/\" class=\"wp-block-cgb-block-creanet-list category-list grid-x grid-padding-x align-middle\">\n\t\t\t\t\t<div class=\"small-12 medium-6 large-5\">\n\t\t\t\t<figure><img src='https:\/\/regiontatry.sk\/wp-content\/uploads\/2021\/05\/foto-beh-kalvaria.jpeg'\n\t\t\t\t\t\talt=''\n\t\t\t\t\t\ttitle='foto beh kalvaria'\n\t\t\t\t\t\/><\/figure>\n\t\t\t<\/div>\n\t\t\n\n\t\t<div class=\"cell small-12 medium-5 large-7\">\n\t\t\t<h3>OB\u013d\u00daBEN\u00c9 PODUJATIA<\/h3>\n\t\t\t<p>Po\u010das tejto jari sme pre v\u00e1s pred\u013a\u017eili prev\u00e1dzku Tatransk\u00e9ho \u013eadov\u00e9ho d\u00f3mu a\u017e do konca m\u00e1ja. Te\u0161i\u0165 sa m\u00f4\u017eete aj na viacer\u00e9 be\u017eeck\u00e9 podujatia, otvoren\u00e9 gal\u00e9rie \u010di m\u00faze\u00e1.\u00a0<br><\/p>\n\t\t<\/div>\n\t<\/a>\n\n\t\n\n\n<p><br>Te\u0161\u00edme sa na Va\u0161u jarn\u00fa n\u00e1v\u0161tevu v&nbsp;Tatr\u00e1ch!<\/p>\n","protected":false},"excerpt":{"rendered":"<p>Prijmite pozvanie na jarn\u00fa dovolenku v Tatr\u00e1ch a nechajte sa zavali\u0165 horami z\u00e1\u017eitkov! \u010cak\u00e1 v\u00e1s jarn\u00e1 ly\u017eova\u010dka, turistika, n\u00e1v\u0161teva m\u00faze\u00ed a gal\u00e9ri\u00ed i ob\u013e\u00faben\u00e9 podujatia. Vychutnajte si najv\u00e4\u010d\u0161ie tatransk\u00e9 atrakcie. Te\u0161\u00edme sa na Va\u0161u jarn\u00fa n\u00e1v\u0161tevu v&nbsp;Tatr\u00e1ch!<\/p>\n","protected":false},"author":2,"featured_media":21445,"parent":0,"menu_order":0,"comment_status":"closed","ping_status":"closed","template":"template-simple-page.php","meta":{"footnotes":""},"class_list":["post-21443","page","type-page","status-publish","has-post-thumbnail","hentry"],"_links":{"self":[{"href":"https:\/\/regiontatry.sk\/de\/wp-json\/wp\/v2\/pages\/21443"}],"collection":[{"href":"https:\/\/regiontatry.sk\/de\/wp-json\/wp\/v2\/pages"}],"about":[{"href":"https:\/\/regiontatry.sk\/de\/wp-json\/wp\/v2\/types\/page"}],"author":[{"embeddable":true,"href":"https:\/\/regiontatry.sk\/de\/wp-json\/wp\/v2\/users\/2"}],"replies":[{"embeddable":true,"href":"https:\/\/regiontatry.sk\/de\/wp-json\/wp\/v2\/comments?post=21443"}],"version-history":[{"count":3,"href":"https:\/\/regiontatry.sk\/de\/wp-json\/wp\/v2\/pages\/21443\/revisions"}],"predecessor-version":[{"id":8981848,"href":"https:\/\/regiontatry.sk\/de\/wp-json\/wp\/v2\/pages\/21443\/revisions\/8981848"}],"wp:featuredmedia":[{"embeddable":true,"href":"https:\/\/regiontatry.sk\/de\/wp-json\/wp\/v2\/media\/21445"}],"wp:attachment":[{"href":"https:\/\/regiontatry.sk\/de\/wp-json\/wp\/v2\/media?parent=21443"}],"curies":[{"name":"wp","href":"https:\/\/api.w.org\/{rel}","templated":true}]}}