{"id":21446,"date":"2018-11-04T11:39:14","date_gmt":"2018-11-04T10:39:14","guid":{"rendered":"https:\/\/regiontatry.sk\/pozvanka-na-zimu\/"},"modified":"2020-12-17T15:58:52","modified_gmt":"2020-12-17T14:58:52","slug":"winter-in-der-tatra","status":"publish","type":"page","link":"https:\/\/regiontatry.sk\/de\/winter-in-der-tatra\/","title":{"rendered":"Winter in der Tatra"},"content":{"rendered":"\n<p>Verbringen Sie Ihren Winterurlaub in der Tatra und genie\u00dfen Sie Berge unvergesslicher Erlebnissen! Mit Skip\u00e4ssen, die in der ganzen Hohen Tatra gelten, entdecken Sie die gr\u00f6\u00dften Winterattraktionen in der Tatra. <br><\/p>\n\n\n\t<a href=\"\/de\/skifahren\/\" class=\"wp-block-cgb-block-creanet-list category-list grid-x grid-padding-x align-middle\">\n\t\t\t\t\t<div class=\"small-12 medium-6 large-5\">\n\t\t\t\t<figure><img src='https:\/\/regiontatry.sk\/wp-content\/uploads\/2018\/11\/DSC_3343c1_resize-1.jpg'\n\t\t\t\t\t\talt=''\n\t\t\t\t\t\ttitle='DSC_3343c1_resize'\n\t\t\t\t\t\/><\/figure>\n\t\t\t<\/div>\n\t\t\n\n\t\t<div class=\"cell small-12 medium-5 large-7\">\n\t\t\t<h3>SKIFAHREN F\u00dcR ALLE<\/h3>\n\t\t\t<p>Fahren Sie in der Tatra Ski \u2013 mit besseren Dienstleistungen und mehr Spa\u00df!<br>Genie\u00dfen Sie erstklassige Skifahrabenteuer auf 24 km pr\u00e4parierten Pisten \u2013 13 km einfachen blauen Pisten, 10 km roten, etwas schwereren Pisten oder einer 1,2 km langen h\u00f6chstgelegenen schwarzen Piste im Bergsattel Lomnick\u00e9 sedlo in Skalnat\u00e9 pleso. 20 km technisch beschneite Pisten garantieren Skifahren f\u00fcr 5 Monate pro Jahr. <\/p>\n\t\t<\/div>\n\t<\/a>\n\n\t\n\n\t<a href=\"\/de\/skifahren\/langlauf\/\" class=\"wp-block-cgb-block-creanet-list category-list grid-x grid-padding-x align-middle\">\n\t\t\t\t\t<div class=\"small-12 medium-6 large-5\">\n\t\t\t\t<figure><img src='https:\/\/regiontatry.sk\/wp-content\/uploads\/2018\/11\/c-Marek-Hajkovsky-SPmarketing-bezkovanie-146-1.jpg'\n\t\t\t\t\t\talt=''\n\t\t\t\t\t\ttitle='c Marek Hajkovsky SPmarketing bezkovanie 146'\n\t\t\t\t\t\/><\/figure>\n\t\t\t<\/div>\n\t\t\n\n\t\t<div class=\"cell small-12 medium-5 large-7\">\n\t\t\t<h3>LANGLAUF UNTER DER TATRA<\/h3>\n\t\t\t<p>Entdecken Sie die Tatra mit Langlaufskiern!<br>Das gr\u00f6\u00dfte Langlaufareal in \u0160trbsk\u00e9 Pleso bietet 20 km Langlaufstrecken. <br>In den Skigebieten Tatransk\u00e1 Lomnica und Star\u00fd Smokovec und im Golfresort von Ve\u013ek\u00e1 Lomnica findet man mehr als 40 km einfache und mittelschwere Langlaufstrecken. Egal ob Sie zu Professionalen oder Anf\u00e4ngern geh\u00f6ren. Die Auswahl ist gro\u00df!<\/p>\n\t\t<\/div>\n\t<\/a>\n\n\t\n\n\t<a href=\"\/de\/winterausfluge\/hochgebirgshutten\/\" class=\"wp-block-cgb-block-creanet-list category-list grid-x grid-padding-x align-middle\">\n\t\t\t\t\t<div class=\"small-12 medium-6 large-5\">\n\t\t\t\t<figure><img src='https:\/\/regiontatry.sk\/wp-content\/uploads\/2018\/10\/popradske-pleso.jpeg'\n\t\t\t\t\t\talt=''\n\t\t\t\t\t\ttitle='popradske-pleso'\n\t\t\t\t\t\/><\/figure>\n\t\t\t<\/div>\n\t\t\n\n\t\t<div class=\"cell small-12 medium-5 large-7\">\n\t\t\t<h3>BERGE UND AUSBLICKE<\/h3>\n\t\t\t<p>Wundersch\u00f6ne Ausblicke auf schneebedecke Spitzen der Tatra locken Touristen auch im Sommer. Zug\u00e4nglich sind einige Pfade, die zu 12 Bergh\u00fctten f\u00fchren. <\/p>\n\t\t<\/div>\n\t<\/a>\n\n\t\n\n\t<a href=\"\/de\/winterausfluge\/mit-seilbahnen-zu-wunderschonen-ausblicken\/\" class=\"wp-block-cgb-block-creanet-list category-list grid-x grid-padding-x align-middle\">\n\t\t\t\t\t<div class=\"small-12 medium-6 large-5\">\n\t\t\t\t<figure><img src='https:\/\/regiontatry.sk\/wp-content\/uploads\/2018\/10\/69YdhY0w-1.jpeg'\n\t\t\t\t\t\talt=''\n\t\t\t\t\t\ttitle='69YdhY0w'\n\t\t\t\t\t\/><\/figure>\n\t\t\t<\/div>\n\t\t\n\n\t\t<div class=\"cell small-12 medium-5 large-7\">\n\t\t\t<h3>SEILBAHNAUSFL\u00dcGE<\/h3>\n\t\t\t<p>Zu zweith\u00f6chster Spitze \u2013 Lomnitzer Spitze, beliebtem Hrebienok und bekanntem Berg Solisko verkehren bequeme Seilbahnen. <\/p>\n\t\t<\/div>\n\t<\/a>\n\n\t\n\n\t<a href=\"\/de\/aktivitaten-und-attraktionen\/rodeln\/?tour=824\" class=\"wp-block-cgb-block-creanet-list category-list grid-x grid-padding-x align-middle\">\n\t\t\t\t\t<div class=\"small-12 medium-6 large-5\">\n\t\t\t\t<figure><img src='https:\/\/regiontatry.sk\/wp-content\/uploads\/2018\/10\/sankovacka.jpeg'\n\t\t\t\t\t\talt=''\n\t\t\t\t\t\ttitle='sankovacka'\n\t\t\t\t\t\/><\/figure>\n\t\t\t<\/div>\n\t\t\n\n\t\t<div class=\"cell small-12 medium-5 large-7\">\n\t\t\t<h3>SPA\u00df MIT RODELN<\/h3>\n\t\t\t<p>Tages- und Nachtrodeln von Hrebienok nach Star\u00fd Smokovec auf einer pr\u00e4parierten, beleuchteten und 2,5 km langen Strecke geh\u00f6ren zu den besten Attraktionen in der Hohen Tatra. Genie\u00dfen Sie eine frostige Fahrt!<\/p>\n\t\t<\/div>\n\t<\/a>\n\n\t\n\n\t<a href=\"\/de\/touristik\/bergfuhrer\/\" class=\"wp-block-cgb-block-creanet-list category-list grid-x grid-padding-x align-middle\">\n\t\t\t\t\t<div class=\"small-12 medium-6 large-5\">\n\t\t\t\t<figure><img src='https:\/\/regiontatry.sk\/wp-content\/uploads\/2018\/10\/skialp-1-1.jpg'\n\t\t\t\t\t\talt=''\n\t\t\t\t\t\ttitle='skialp (1)'\n\t\t\t\t\t\/><\/figure>\n\t\t\t<\/div>\n\t\t\n\n\t\t<div class=\"cell small-12 medium-5 large-7\">\n\t\t\t<h3>ERLEBNISSE UND ERSTKLASSIGE DIENSTLEISTUNGEN<\/h3>\n\t\t\t<p>Viel Spa\u00df garantieren professionelle Teams von F\u00fchrern, mit denen Sie Schneeschuhwanderungen oder Skitouren probieren k\u00f6nnen. In Skigebieten warten auf Sie beliebte Produkte wie Tages-Apr\u00e8s-Ski-Programm, eine Fun-Zone, ein Snowpark und viel mehr. <\/p>\n\t\t<\/div>\n\t<\/a>\n\n\t\n\n\t<a href=\"\/de\/wellness-und-entspannung\/wasserpark-aquacity-poprad-winter\/\" class=\"wp-block-cgb-block-creanet-list category-list grid-x grid-padding-x align-middle\">\n\t\t\t\t\t<div class=\"small-12 medium-6 large-5\">\n\t\t\t\t<figure><img src='https:\/\/regiontatry.sk\/wp-content\/uploads\/2018\/08\/AquaCity_Poprad_Sapphire_1000.jpg'\n\t\t\t\t\t\talt=''\n\t\t\t\t\t\ttitle='AquaCity_Poprad_Sapphire_1000'\n\t\t\t\t\t\/><\/figure>\n\t\t\t<\/div>\n\t\t\n\n\t\t<div class=\"cell small-12 medium-5 large-7\">\n\t\t\t<h3>WASSERPARKENTSPANNUNG<\/h3>\n\t\t\t<p>Besuchen Sie w\u00e4hrend Ihres Urlaubs einen einmaligen Komplex, der mehr als nur Entspannung verspricht. Thermalwasser, das 1300 Meter unter der Erde entspringt, enth\u00e4lt mehr als 20 verschiedene Mineralien, die wohltuende Wirkungen auf menschliche Gesundheit haben. Sch\u00f6pfen Sie Kr\u00e4fte im modernen ganzj\u00e4hrigen Wasserpark AquaCity Poprad \u2013 Zentrum von Wasservergn\u00fcgung und Wellnessentspannung unter der Tatra. <\/p>\n\t\t<\/div>\n\t<\/a>\n\n\t\n\n\t<a href=\"\/de\/event\/\" class=\"wp-block-cgb-block-creanet-list category-list grid-x grid-padding-x align-middle\">\n\t\t\t\t\t<div class=\"small-12 medium-6 large-5\">\n\t\t\t\t<figure><img src='https:\/\/regiontatry.sk\/wp-content\/uploads\/2018\/10\/img-97.jpg'\n\t\t\t\t\t\talt=''\n\t\t\t\t\t\ttitle='img-97'\n\t\t\t\t\t\/><\/figure>\n\t\t\t<\/div>\n\t\t\n\n\t\t<div class=\"cell small-12 medium-5 large-7\">\n\t\t\t<h3>BELIEBTE VERANSTALTUNGEN<\/h3>\n\t\t\t<p>Eine reiche Bescherung von Events wartet auf Sie auch im Winter. Die Wintersaison wird mit dem Projekt des Tatra-Doms in Hrebienok er\u00f6ffnet. Au\u00dferdem kann man Tatry Ice Master \u2013 die 7. Eisschnitzen-Weltmeisterschaft, Schneehunde \u2013 das 10. Jahr des beliebten Multigenrefestivals, sowie die spezielle Sportserie \u201eDie Tatra in Bewegung\u201c genie\u00dfen. <\/p>\n\t\t<\/div>\n\t<\/a>\n\n\t\n\n\n<p><br>Wir freuen uns auf Sie in der Tatra im Winter!<\/p>\n","protected":false},"excerpt":{"rendered":"<p>Verbringen Sie Ihren Winterurlaub in der Tatra und genie\u00dfen Sie Berge unvergesslicher Erlebnissen! Mit Skip\u00e4ssen, die in der ganzen Hohen Tatra gelten, entdecken Sie die gr\u00f6\u00dften Winterattraktionen in der Tatra. Wir freuen uns auf Sie in der Tatra im Winter!<\/p>\n","protected":false},"author":2,"featured_media":21448,"parent":0,"menu_order":0,"comment_status":"closed","ping_status":"closed","template":"template-simple-page.php","meta":{"footnotes":""},"class_list":["post-21446","page","type-page","status-publish","has-post-thumbnail","hentry"],"_links":{"self":[{"href":"https:\/\/regiontatry.sk\/de\/wp-json\/wp\/v2\/pages\/21446"}],"collection":[{"href":"https:\/\/regiontatry.sk\/de\/wp-json\/wp\/v2\/pages"}],"about":[{"href":"https:\/\/regiontatry.sk\/de\/wp-json\/wp\/v2\/types\/page"}],"author":[{"embeddable":true,"href":"https:\/\/regiontatry.sk\/de\/wp-json\/wp\/v2\/users\/2"}],"replies":[{"embeddable":true,"href":"https:\/\/regiontatry.sk\/de\/wp-json\/wp\/v2\/comments?post=21446"}],"version-history":[{"count":2,"href":"https:\/\/regiontatry.sk\/de\/wp-json\/wp\/v2\/pages\/21446\/revisions"}],"predecessor-version":[{"id":5419443,"href":"https:\/\/regiontatry.sk\/de\/wp-json\/wp\/v2\/pages\/21446\/revisions\/5419443"}],"wp:featuredmedia":[{"embeddable":true,"href":"https:\/\/regiontatry.sk\/de\/wp-json\/wp\/v2\/media\/21448"}],"wp:attachment":[{"href":"https:\/\/regiontatry.sk\/de\/wp-json\/wp\/v2\/media?parent=21446"}],"curies":[{"name":"wp","href":"https:\/\/api.w.org\/{rel}","templated":true}]}}