{"id":21452,"date":"2018-10-11T10:00:33","date_gmt":"2018-10-11T08:00:33","guid":{"rendered":"https:\/\/regiontatry.sk\/rodina-a-zabava-zima\/"},"modified":"2019-12-13T12:39:14","modified_gmt":"2019-12-13T11:39:14","slug":"familie-und-spass-winter","status":"publish","type":"page","link":"https:\/\/regiontatry.sk\/de\/familie-und-spass-winter\/","title":{"rendered":"Familie und Spa\u00df"},"content":{"rendered":"\n<p>Verbringen Sie <strong>unvergessliche Momente mit Ihrer Familie <\/strong>und f\u00fchlen Sie sich wie in einem<strong> Winterm\u00e4rchen. <\/strong>Die Hohe Tatra kann auch Ihr Urlaubparadies sein. Spazieren Sie durch eine wundersch\u00f6ne schneebedeckte Landschaft und genie\u00dfen Sie viel Spa\u00df mit Ihren Kindern an frischer Tatra-Luft.<\/p>\n\n\n\t<a href=\"\/de\/wellness-und-entspannung\/wasserpark-aquacity-poprad-winter\/\" class=\"wp-block-cgb-block-creanet-list category-list grid-x grid-padding-x align-middle\">\n\t\t\t\t\t<div class=\"small-12 medium-6 large-5\">\n\t\t\t\t<figure><img src='https:\/\/regiontatry.sk\/wp-content\/uploads\/2018\/10\/AquaCity_Winter_2015_Panorama_15001.jpg'\n\t\t\t\t\t\talt=''\n\t\t\t\t\t\ttitle='AquaCity_Winter_2015_Panorama_15001'\n\t\t\t\t\t\/><\/figure>\n\t\t\t<\/div>\n\t\t\n\n\t\t<div class=\"cell small-12 medium-5 large-7\">\n\t\t\t<h3>Toller Spa\u00df f\u00fcr Kinder im Wasserpark <\/h3>\n\t\t\t<p>Aquacity Poprad bietet Spa\u00df ohne Grenzen! Besuchen Sie den einmaligen Komplex mit einem neuen Kinderparadies und genie\u00dfen Sie angenehme Momente mit Ihrer Familie w\u00e4hrend Ihres Urlaubs in der Hohen Tatra. <\/p>\n\t\t<\/div>\n\t<\/a>\n\n\t\n\n\t<a href=\"\/de\/winterausfluge\/mit-seilbahnen-zu-wunderschonen-ausblicken\/\" class=\"wp-block-cgb-block-creanet-list category-list grid-x grid-padding-x align-middle\">\n\t\t\t\t\t<div class=\"small-12 medium-6 large-5\">\n\t\t\t\t<figure><img src='https:\/\/regiontatry.sk\/wp-content\/uploads\/2018\/10\/bambulka_lomnicky.jpg'\n\t\t\t\t\t\talt=''\n\t\t\t\t\t\ttitle='bambulka_lomnicky'\n\t\t\t\t\t\/><\/figure>\n\t\t\t<\/div>\n\t\t\n\n\t\t<div class=\"cell small-12 medium-5 large-7\">\n\t\t\t<h3>Abenteuer mit Seilbahnen<\/h3>\n\t\t\t<p>Kinder lieben Seilbahnen. Machen Sie einen unvergesslichen Ausflug mit Ihrer Familie und fahren Sie zu wundersch\u00f6nen Panoramen unter steile Spitzen der schneebedeckten Hohen Tatra. <\/p>\n\t\t<\/div>\n\t<\/a>\n\n\t\n\n\t<a href=\"\/de\/familie-und-kinder\/winterattraktionen\/?poi=539\" class=\"wp-block-cgb-block-creanet-list category-list grid-x grid-padding-x align-middle\">\n\t\t\t\t\t<div class=\"small-12 medium-6 large-5\">\n\t\t\t\t<figure><img src='https:\/\/regiontatry.sk\/wp-content\/uploads\/2018\/10\/sankovacka.jpeg'\n\t\t\t\t\t\talt=''\n\t\t\t\t\t\ttitle='sankovacka'\n\t\t\t\t\t\/><\/figure>\n\t\t\t<\/div>\n\t\t\n\n\t\t<div class=\"cell small-12 medium-5 large-7\">\n\t\t\t<h3>Familienrodeln in Hrebienok<\/h3>\n\t\t\t<p>Wann haben Sie zum letzten Mal tollen Spa\u00df beim Schlittenfahren erlebt? Die l\u00e4ngste Strecke in der Slowakei wartet schon auf Sie! Also los, springen Sie auf Schlitten und genie\u00dfen Sie eine abenteuerliche Fahrt.<\/p>\n\t\t<\/div>\n\t<\/a>\n\n\t\n\n\t<a href=\"https:\/\/www.vt.sk\/hory\/leto-2018\/aktuality\/obrovski-snehuliaci-na-skalantom-plese\/?hp=1&#038;cHash=775f6f387b648855bee0021ed0b5b703\" class=\"wp-block-cgb-block-creanet-list category-list grid-x grid-padding-x align-middle\">\n\t\t\t\t\t<div class=\"small-12 medium-6 large-5\">\n\t\t\t\t<figure><img src='https:\/\/regiontatry.sk\/wp-content\/uploads\/2018\/10\/csm_cmarek_hajkovsky-foto-dsc_7614_stitch3_male_01_d0ad6b9dd2.jpg'\n\t\t\t\t\t\talt=''\n\t\t\t\t\t\ttitle='marek_hajkovsky_snehuliaci_skalnatepleso'\n\t\t\t\t\t\/><\/figure>\n\t\t\t<\/div>\n\t\t\n\n\t\t<div class=\"cell small-12 medium-5 large-7\">\n\t\t\t<h3>Riesenschneem\u00e4nner <\/h3>\n\t\t\t<p>In Skalnat\u00e9 pleso erwarten Sie im Winter nicht nur unbeschreibliche Skifahrerlebnisse, sondern auch eine SCHNEEMANN-Familie. Der Kopf der Familie ist 5 Meter hoch und alle wohnen bei der 15-er Gondelbahn in Skalnat\u00e9 pleso.<\/p>\n\t\t<\/div>\n\t<\/a>\n\n\t\n\n\t<a href=\"\/de\/skifahren\/skischulen\/\" class=\"wp-block-cgb-block-creanet-list category-list grid-x grid-padding-x align-middle\">\n\t\t\t\t\t<div class=\"small-12 medium-6 large-5\">\n\t\t\t\t<figure><img src='https:\/\/regiontatry.sk\/wp-content\/uploads\/2018\/10\/ss-ski-3.jpeg'\n\t\t\t\t\t\talt=''\n\t\t\t\t\t\ttitle='ss ski'\n\t\t\t\t\t\/><\/figure>\n\t\t\t<\/div>\n\t\t\n\n\t\t<div class=\"cell small-12 medium-5 large-7\">\n\t\t\t<h3>Auf den Skiern mit Professionalen <\/h3>\n\t\t\t<p>Verbinden Sie das Angenehme mit dem N\u00fctzlichen. Lassen Sie Ihre Kinder Skifahren mit professionellen Skischullehrern lernen. Sie erleben dabei viel Spa\u00df und entdecken viel Interessantes. <\/p>\n\t\t<\/div>\n\t<\/a>\n\n\t\n\n\t<a href=\"\/de\/familie-und-kinder\/winterattraktionen\/\" class=\"wp-block-cgb-block-creanet-list category-list grid-x grid-padding-x align-middle\">\n\t\t\t\t\t<div class=\"small-12 medium-6 large-5\">\n\t\t\t\t<figure><img src='https:\/\/regiontatry.sk\/wp-content\/uploads\/2018\/10\/Bez-na\u0301zvu-1-2a.jpg'\n\t\t\t\t\t\talt=''\n\t\t\t\t\t\ttitle='snowtubing'\n\t\t\t\t\t\/><\/figure>\n\t\t\t<\/div>\n\t\t\n\n\t\t<div class=\"cell small-12 medium-5 large-7\">\n\t\t\t<h3>Adrenalinabenteuer<\/h3>\n\t\t\t<p>F\u00fcr mutige Seelen und lebhafte Kinder haben wir viele Tipps f\u00fcr ein aktives Programm in der Tatra. W\u00e4hlen Sie aus dem reichen Angebot von WINTERATTRAKTIONEN.<\/p>\n\t\t<\/div>\n\t<\/a>\n\n\t\n\n\t<a href=\"\" class=\"wp-block-cgb-block-creanet-list category-list grid-x grid-padding-x align-middle\">\n\t\t\t\t\t<div class=\"small-12 medium-6 large-5\">\n\t\t\t\t<figure><img src='https:\/\/regiontatry.sk\/wp-content\/uploads\/2018\/10\/chodnik-korunami-stromov-bachledka-zima.jpg'\n\t\t\t\t\t\talt=''\n\t\t\t\t\t\ttitle='chodnik-korunami-stromov-bachledka-zima'\n\t\t\t\t\t\/><\/figure>\n\t\t\t<\/div>\n\t\t\n\n\t\t<div class=\"cell small-12 medium-5 large-7\">\n\t\t\t<h3>Baumkronenpfad<\/h3>\n\t\t\t<p>Bewundern Sie die schneebedeckte Tatra-Landschaft von Baumkronen. Genie\u00dfen Sie tolle Ausblicke von einem 32 m hohen Turm und die Umarmung gewaltiger B\u00e4ume, manche von denen \u00e4lter als wir sind. Die mehr als 600 m lange Strecke f\u00fchrt durch einen Wald mit verschiedenen Baumarten, wo auf Sie viele \u00dcberraschungen und belehrende Informationen warten.<\/p>\n\t\t<\/div>\n\t<\/a>\n\n\t\n\n\t<a href=\"\/region\/muzea-a-galerie\/?poi=411\" class=\"wp-block-cgb-block-creanet-list category-list grid-x grid-padding-x align-middle\">\n\t\t\t\t\t<div class=\"small-12 medium-6 large-5\">\n\t\t\t\t<figure><img src='https:\/\/regiontatry.sk\/wp-content\/uploads\/2018\/10\/tricklandia.jpg'\n\t\t\t\t\t\talt=''\n\t\t\t\t\t\ttitle='tricklandia'\n\t\t\t\t\t\/><\/figure>\n\t\t\t<\/div>\n\t\t\n\n\t\t<div class=\"cell small-12 medium-5 large-7\">\n\t\t\t<h3>Trick Art Galerie Tricklandia<\/h3>\n\t\t\t<p>Schalten Sie alle Ihren Sinne ein, denn nichts ist so, wie es auf den ersten Blick scheint. Entdecken Sie so viele Tricks geschickter Trick Art K\u00fcnstler wie m\u00f6glich. Toller Spa\u00df f\u00fcr Alle! Sie werden Ihren Augen nicht glauben!<\/p>\n\t\t<\/div>\n\t<\/a>\n\n\t\n\n\t<a href=\"\/region\/priroda-a-krajina\/?poi=419\" class=\"wp-block-cgb-block-creanet-list category-list grid-x grid-padding-x align-middle\">\n\t\t\t\t\t<div class=\"small-12 medium-6 large-5\">\n\t\t\t\t<figure><img src='https:\/\/regiontatry.sk\/wp-content\/uploads\/2018\/10\/balianska-jaskyna-2.jpg'\n\t\t\t\t\t\talt=''\n\t\t\t\t\t\ttitle='balianska-jaskyna-2'\n\t\t\t\t\t\/><\/figure>\n\t\t\t<\/div>\n\t\t\n\n\t\t<div class=\"cell small-12 medium-5 large-7\">\n\t\t\t<h3>Belaer H\u00f6hle<\/h3>\n\t\t\t<p>Entdecken Sie das unterirdische K\u00f6nigreich der Tatra in der einzigen zug\u00e4nglichen H\u00f6hle der Hohen Tatra \u2013 Belauer H\u00f6hle. Besuchen Sie mit Ihrer Familie das einmalige Naturunikat, zum Beispiel beim schlechten Wetter. Es ist ganzj\u00e4hrig ge\u00f6ffnet. <\/p>\n\t\t<\/div>\n\t<\/a>\n\n\t\n\n\t<a href=\"\/region\/muzea-a-galerie\/?poi=269\" class=\"wp-block-cgb-block-creanet-list category-list grid-x grid-padding-x align-middle\">\n\t\t\t\t\t<div class=\"small-12 medium-6 large-5\">\n\t\t\t\t<figure><img src='https:\/\/regiontatry.sk\/wp-content\/uploads\/2018\/10\/muzeum-tanapu2.jpg'\n\t\t\t\t\t\talt=''\n\t\t\t\t\t\ttitle='muzeum-tanapu2'\n\t\t\t\t\t\/><\/figure>\n\t\t\t<\/div>\n\t\t\n\n\t\t<div class=\"cell small-12 medium-5 large-7\">\n\t\t\t<h3>Museum des Tatranationalparks<\/h3>\n\t\t\t<p>Stellen Sie Ihren Kindern kleine und gro\u00dfe Bewohner der Tatraw\u00e4lder vor. Im Museum des TANAPs in Tatransk\u00e1 Lomnica erfahren Sie mehr \u00fcber den Charakter der Tatra-Natur, deren Schutz und wie die Tatra in der Vergangenheit den Touristen zug\u00e4nglich gemacht wurde.  <\/p>\n\t\t<\/div>\n\t<\/a>\n\n\t\n\n\t<a href=\"\/de\/event\/\" class=\"wp-block-cgb-block-creanet-list category-list grid-x grid-padding-x align-middle\">\n\t\t\t\t\t<div class=\"small-12 medium-6 large-5\">\n\t\t\t\t<figure><img src='https:\/\/regiontatry.sk\/wp-content\/uploads\/2018\/10\/c-Marek-Hajkovsky-foto-Snezne-psy-2017_39.jpg'\n\t\t\t\t\t\talt=''\n\t\t\t\t\t\ttitle='c-Marek-Hajkovsky-foto-Snezne-psy-2017_39'\n\t\t\t\t\t\/><\/figure>\n\t\t\t<\/div>\n\t\t\n\n\t\t<div class=\"cell small-12 medium-5 large-7\">\n\t\t\t<h3>Veranstaltungen f\u00fcr Familien<\/h3>\n\t\t\t<p>In der Tatra werden Sie sich nie langweilen \u2013 auch nicht im Winter. Beliebte Familienevents wie TATRY ICE MASTER und SCHNEEHUNDE werden nat\u00fcrlich nicht fehlen, aber es gibt noch viel mehr. W\u00e4hlen Sie aus unserem Veranstaltungskalender. <\/p>\n\t\t<\/div>\n\t<\/a>\n\n\t\n\n\t<a href=\"\/ubytovanie\/specialne-ponuky\/family-friendly\/\" class=\"wp-block-cgb-block-creanet-list category-list grid-x grid-padding-x align-middle\">\n\t\t\t\t\t<div class=\"small-12 medium-6 large-5\">\n\t\t\t\t<figure><img src='https:\/\/regiontatry.sk\/wp-content\/uploads\/2018\/10\/Domc\u030ceky-Tatry-Holiday.jpg'\n\t\t\t\t\t\talt=''\n\t\t\t\t\t\ttitle='Domc\u030ceky Tatry Holiday'\n\t\t\t\t\t\/><\/figure>\n\t\t\t<\/div>\n\t\t\n\n\t\t<div class=\"cell small-12 medium-5 large-7\">\n\t\t\t<h3>FAMILY Friendly Unterkunft<\/h3>\n\t\t\t<p>Finden Sie die beste Unterkunft f\u00fcr Ihre Familie in einer der FAMILY Friendly Einrichtungen und genie\u00dfen Sie einen unvergesslichen Urlaub zusammen in der Hohen Tatra!<\/p>\n\t\t<\/div>\n\t<\/a>\n\n\t","protected":false},"excerpt":{"rendered":"<p>Verbringen Sie unvergessliche Momente mit Ihrer Familie und f\u00fchlen Sie sich wie in einem Winterm\u00e4rchen. Die Hohe Tatra kann auch Ihr Urlaubparadies sein. Spazieren Sie durch eine wundersch\u00f6ne schneebedeckte Landschaft und genie\u00dfen Sie viel Spa\u00df mit Ihren Kindern an frischer Tatra-Luft.<\/p>\n","protected":false},"author":2,"featured_media":21454,"parent":0,"menu_order":0,"comment_status":"closed","ping_status":"closed","template":"template-simple-page.php","meta":{"footnotes":""},"class_list":["post-21452","page","type-page","status-publish","has-post-thumbnail","hentry"],"_links":{"self":[{"href":"https:\/\/regiontatry.sk\/de\/wp-json\/wp\/v2\/pages\/21452"}],"collection":[{"href":"https:\/\/regiontatry.sk\/de\/wp-json\/wp\/v2\/pages"}],"about":[{"href":"https:\/\/regiontatry.sk\/de\/wp-json\/wp\/v2\/types\/page"}],"author":[{"embeddable":true,"href":"https:\/\/regiontatry.sk\/de\/wp-json\/wp\/v2\/users\/2"}],"replies":[{"embeddable":true,"href":"https:\/\/regiontatry.sk\/de\/wp-json\/wp\/v2\/comments?post=21452"}],"version-history":[{"count":2,"href":"https:\/\/regiontatry.sk\/de\/wp-json\/wp\/v2\/pages\/21452\/revisions"}],"predecessor-version":[{"id":22972,"href":"https:\/\/regiontatry.sk\/de\/wp-json\/wp\/v2\/pages\/21452\/revisions\/22972"}],"wp:featuredmedia":[{"embeddable":true,"href":"https:\/\/regiontatry.sk\/de\/wp-json\/wp\/v2\/media\/21454"}],"wp:attachment":[{"href":"https:\/\/regiontatry.sk\/de\/wp-json\/wp\/v2\/media?parent=21452"}],"curies":[{"name":"wp","href":"https:\/\/api.w.org\/{rel}","templated":true}]}}