{"id":21455,"date":"2018-10-09T14:10:19","date_gmt":"2018-10-09T12:10:19","guid":{"rendered":"https:\/\/regiontatry.sk\/vodny-svet-aquacity-poprad-zima\/"},"modified":"2025-10-14T21:46:24","modified_gmt":"2025-10-14T19:46:24","slug":"thermal-aquapark-in-poprad-winter","status":"publish","type":"page","link":"https:\/\/regiontatry.sk\/de\/wellness-und-entspannung\/thermal-aquapark-in-poprad-winter\/","title":{"rendered":"Thermal-Aquapark in Poprad &#8211; Winter"},"content":{"rendered":"\n<p>Die Hohe Tatra ist die ideale Destination f\u00fcr Besucher, die Dienstleistungen auf hohem Niveau suchen und gleichzeitig aktive Entspannung lieben. Falls Sie Ihren Urlaub in den Bergen verbringen wollen, w\u00e4hlen Sie die Tatra \u2013 das h\u00f6chste und sch\u00f6nste Gebirge der Slowakei, wo man die Freizeit auf verschiedene Weisen genie\u00dfen kann. Im Sommer sind es vor allem Bergtouristik und Radtouristik in atemberaubender Natur, im Winter Skifahren auf schneebedeckten Pisten in Skigebieten. Direkt unter der Hohen Tatra, fast im Herzen Europas befindet sich ein <strong>einmaliges \u00f6kologisches Resort \u2013 Thermal-Aquapark in Poprad.<\/strong><\/p>\n\n\n\n<p>Thermal-Aquapark in Poprad ist ein einzigartiger Komplex, der eine breite Auswahl von Dienstleistungen f\u00fcr einen perfekten Urlaub, einen unvergesslichen Familienausflug, ein gesellschaftliches oder Firmenevent verspricht. Das Multifunktionsresort bietet <strong>Unterkunft, Entspannung und Wellnessdienstleistungen, Gesundheitstouristik und Sport, gastronomische und Kongressdienste f\u00fcr Businessklienten.<\/strong><\/p>\n\n\n\n<p>Der Park verbindet Spa\u00df, Entspannung und Gesundheit. Thermales Wasser in Aquapark stammt aus einer unterirdischen Quelle und wird im Areal mit Technologien von 50\u00b0C auf 36 bis 38\u00b0C abgek\u00fchlt. Die Schwimmbecken haben Edelstahloberfl\u00e4chen, um die notwendigen Chlormengen so viel wie m\u00f6glich zu reduzieren. Zur Desinfektion wird UV-Strahlung benutzt, deshalb ist das Wasser schonender f\u00fcr die Haut und Augen. Wasser in Thermalpools sprudelt 1300 m tief und enth\u00e4lt 20 Mineralien, die wohltuende Wirkungen auf menschliche Gesundheit haben. Es hilft bei Problemen mit dem Bewegungsapparat und Atemwegen, dem Blutkreislauf, dem Nervensystem und hat auch positive kosmetische Wirkungen.<br><br><\/p>\n\n\n\n<h3 class=\"wp-block-heading\">Thermal-Aquapark in Poprad<\/h3>\n\n\n\n<p>Das Herz des Resorts ist der Wasserpark mit 13 Innen- und Au\u00dfenthermalpools und Entspannungspools mit Wassertemperaturen von 28\u00b0C bis 38\u00b0C, einem 50m Hallenschwimmbad, einem Fitnessraum und einem Spinningzentrum, einem Sportareal f\u00fcr Beachfu\u00dfball und -volleyball, einem Sandstrand mit einer Strandbar, 6 Wasserrutschen und mehr als 350 Wasserattraktionen, Hydromassagen, Perlenb\u00e4der, Wasserd\u00fcsen, Kinderecken, Spielpl\u00e4tzen und einer einmaligen Lasershow in Pools. Zum Angebot von Wellnessdienstleistungen geh\u00f6ren auch Thai-Massagen und klassische Entspannungsmassagen, ein Solarium, Bio-Pedik\u00fcre mit Garra Rufa Fischen und vor allem das gr\u00f6\u00dfte zweist\u00f6ckige <strong>Fire &amp; Water Wellness &amp; Spa Zentrum<\/strong>.<\/p>\n\n\n\n<p>Im Au\u00dfenareal kann man sich im ganzj\u00e4hrigen <strong>Sitz- oder Entspannungspool<\/strong> erholen, wo man Perlenb\u00e4der, Massaged\u00fcsen und eine kleine Font\u00e4ne findet, oder im <strong>Au\u00dfenschwimmbad<\/strong> mit 33m L\u00e4nge schwimmen. Im Sommer ist eine einmalige Attraktion ge\u00f6ffnet \u2013 eine Mayapyramide mit 3 Edelstahlpools mit 1 \u2013 1,2m Tiefe, Wasserrutschen und Wasserattraktionen.&nbsp;<\/p>\n\n\n\n<figure class=\"wp-block-gallery has-nested-images columns-default is-cropped wp-block-gallery-2 is-layout-flex wp-block-gallery-is-layout-flex\">\n<figure class=\"wp-block-image\"><img loading=\"lazy\" decoding=\"async\" width=\"1024\" height=\"548\" data-id=\"22382\" src=\"https:\/\/regiontatry.sk\/wp-content\/uploads\/2019\/12\/AquaCity_Winter_2015_Panorama_C-1024x548.jpg\" alt=\"\" class=\"wp-image-22382\" srcset=\"https:\/\/regiontatry.sk\/wp-content\/uploads\/2019\/12\/AquaCity_Winter_2015_Panorama_C-1024x548.jpg 1024w, https:\/\/regiontatry.sk\/wp-content\/uploads\/2019\/12\/AquaCity_Winter_2015_Panorama_C-300x161.jpg 300w, https:\/\/regiontatry.sk\/wp-content\/uploads\/2019\/12\/AquaCity_Winter_2015_Panorama_C-768x411.jpg 768w, https:\/\/regiontatry.sk\/wp-content\/uploads\/2019\/12\/AquaCity_Winter_2015_Panorama_C-698x374.jpg 698w, https:\/\/regiontatry.sk\/wp-content\/uploads\/2019\/12\/AquaCity_Winter_2015_Panorama_C-552x296.jpg 552w, https:\/\/regiontatry.sk\/wp-content\/uploads\/2019\/12\/AquaCity_Winter_2015_Panorama_C.jpg 1500w\" sizes=\"(max-width: 1024px) 100vw, 1024px\" \/><\/figure>\n\n\n\n<figure class=\"wp-block-image\"><img loading=\"lazy\" decoding=\"async\" width=\"1024\" height=\"545\" data-id=\"22467\" src=\"https:\/\/regiontatry.sk\/wp-content\/uploads\/2019\/12\/AquaCity_Winter_2015_Panorama_3000-1-1024x545.jpg\" alt=\"\" class=\"wp-image-22467\" srcset=\"https:\/\/regiontatry.sk\/wp-content\/uploads\/2019\/12\/AquaCity_Winter_2015_Panorama_3000-1-1024x545.jpg 1024w, https:\/\/regiontatry.sk\/wp-content\/uploads\/2019\/12\/AquaCity_Winter_2015_Panorama_3000-1-300x160.jpg 300w, https:\/\/regiontatry.sk\/wp-content\/uploads\/2019\/12\/AquaCity_Winter_2015_Panorama_3000-1-768x409.jpg 768w, https:\/\/regiontatry.sk\/wp-content\/uploads\/2019\/12\/AquaCity_Winter_2015_Panorama_3000-1-698x372.jpg 698w, https:\/\/regiontatry.sk\/wp-content\/uploads\/2019\/12\/AquaCity_Winter_2015_Panorama_3000-1-552x294.jpg 552w, https:\/\/regiontatry.sk\/wp-content\/uploads\/2019\/12\/AquaCity_Winter_2015_Panorama_3000-1.jpg 1639w\" sizes=\"(max-width: 1024px) 100vw, 1024px\" \/><\/figure>\n<\/figure>\n\n\n\n<p>Im Innenraum befinden sich <strong>Blue Diamond Entspannungspools<\/strong>. Dank gem\u00fctlicher Atmosph\u00e4re, hei\u00dfem Thermalwasser und dem Halleninterieur ist die Zone ideal auch f\u00fcr kleine Kinder sowie Erwachsene. Exklusive Pools mit Bars direkt im Wasser garantieren absoluten Luxus. Man kann dort eine breite Auswahl von Mischgetr\u00e4nken genie\u00dfen und sich auf bequemen Barst\u00fchlen entspannen.<\/p>\n\n\n\n<figure class=\"wp-block-gallery has-nested-images columns-default is-cropped wp-block-gallery-3 is-layout-flex wp-block-gallery-is-layout-flex\">\n<figure class=\"wp-block-image\"><img loading=\"lazy\" decoding=\"async\" width=\"1024\" height=\"576\" data-id=\"22394\" src=\"https:\/\/regiontatry.sk\/wp-content\/uploads\/2019\/12\/AquaCity_Blue_Diamond_08-1024x576.jpg\" alt=\"\" class=\"wp-image-22394\" srcset=\"https:\/\/regiontatry.sk\/wp-content\/uploads\/2019\/12\/AquaCity_Blue_Diamond_08-1024x576.jpg 1024w, https:\/\/regiontatry.sk\/wp-content\/uploads\/2019\/12\/AquaCity_Blue_Diamond_08-300x169.jpg 300w, https:\/\/regiontatry.sk\/wp-content\/uploads\/2019\/12\/AquaCity_Blue_Diamond_08-768x432.jpg 768w, https:\/\/regiontatry.sk\/wp-content\/uploads\/2019\/12\/AquaCity_Blue_Diamond_08-698x393.jpg 698w, https:\/\/regiontatry.sk\/wp-content\/uploads\/2019\/12\/AquaCity_Blue_Diamond_08-552x311.jpg 552w, https:\/\/regiontatry.sk\/wp-content\/uploads\/2019\/12\/AquaCity_Blue_Diamond_08.jpg 1500w\" sizes=\"(max-width: 1024px) 100vw, 1024px\" \/><\/figure>\n\n\n\n<figure class=\"wp-block-image\"><img loading=\"lazy\" decoding=\"async\" width=\"1024\" height=\"576\" data-id=\"22414\" src=\"https:\/\/regiontatry.sk\/wp-content\/uploads\/2019\/12\/AquaCity_Blue_Diamond_00-1024x576.jpg\" alt=\"\" class=\"wp-image-22414\" srcset=\"https:\/\/regiontatry.sk\/wp-content\/uploads\/2019\/12\/AquaCity_Blue_Diamond_00-1024x576.jpg 1024w, https:\/\/regiontatry.sk\/wp-content\/uploads\/2019\/12\/AquaCity_Blue_Diamond_00-300x169.jpg 300w, https:\/\/regiontatry.sk\/wp-content\/uploads\/2019\/12\/AquaCity_Blue_Diamond_00-768x432.jpg 768w, https:\/\/regiontatry.sk\/wp-content\/uploads\/2019\/12\/AquaCity_Blue_Diamond_00-698x393.jpg 698w, https:\/\/regiontatry.sk\/wp-content\/uploads\/2019\/12\/AquaCity_Blue_Diamond_00-552x311.jpg 552w, https:\/\/regiontatry.sk\/wp-content\/uploads\/2019\/12\/AquaCity_Blue_Diamond_00.jpg 1500w\" sizes=\"(max-width: 1024px) 100vw, 1024px\" \/><\/figure>\n<\/figure>\n\n\n\n<p>Die <strong>Blue Sapphire Pools<\/strong> sind einzigartig nicht nur wegen den angebotenen Dienstleistungen, sondern auch was den Umweltschutz betrifft. Das moderne Geb\u00e4ude, das Thermalwasser als die prim\u00e4re Energiequelle und dazu Sonnenenergie nutzt, verspricht unvergessliche Erlebnisse f\u00fcr alle Sinne. Zwei Entspannungspools mit Wassertemperaturen von 30\u00b0C bis 35\u00b0C bieten verschiedene Wasser- und Luftmassagen, Perlenbadliegen und St\u00fchle, Font\u00e4nen, D\u00fcsen, spezielle Lichter f\u00fcr Chromotherapie \u2013 Farblichttherapie, k\u00fcnstliche Wellen und weitere Attraktionen. Im Blue Sapphire Komplex kann man eine Lasershow, Projektion auf einer 9m hohe Wasserwand und tolles Audiosystem genie\u00dfen.<\/p>\n\n\n\n<figure class=\"wp-block-gallery has-nested-images columns-default is-cropped wp-block-gallery-4 is-layout-flex wp-block-gallery-is-layout-flex\">\n<figure class=\"wp-block-image\"><img loading=\"lazy\" decoding=\"async\" width=\"1024\" height=\"576\" data-id=\"22374\" src=\"https:\/\/regiontatry.sk\/wp-content\/uploads\/2019\/12\/AquaCity_Wellness_Bazeny_08-1024x576.jpg\" alt=\"\" class=\"wp-image-22374\" srcset=\"https:\/\/regiontatry.sk\/wp-content\/uploads\/2019\/12\/AquaCity_Wellness_Bazeny_08-1024x576.jpg 1024w, https:\/\/regiontatry.sk\/wp-content\/uploads\/2019\/12\/AquaCity_Wellness_Bazeny_08-300x169.jpg 300w, https:\/\/regiontatry.sk\/wp-content\/uploads\/2019\/12\/AquaCity_Wellness_Bazeny_08-768x432.jpg 768w, https:\/\/regiontatry.sk\/wp-content\/uploads\/2019\/12\/AquaCity_Wellness_Bazeny_08-698x393.jpg 698w, https:\/\/regiontatry.sk\/wp-content\/uploads\/2019\/12\/AquaCity_Wellness_Bazeny_08-552x311.jpg 552w, https:\/\/regiontatry.sk\/wp-content\/uploads\/2019\/12\/AquaCity_Wellness_Bazeny_08.jpg 1500w\" sizes=\"(max-width: 1024px) 100vw, 1024px\" \/><\/figure>\n\n\n\n<figure class=\"wp-block-image\"><img loading=\"lazy\" decoding=\"async\" width=\"1024\" height=\"576\" data-id=\"22406\" src=\"https:\/\/regiontatry.sk\/wp-content\/uploads\/2019\/12\/AquaCity_Wellness_Bazeny_12-1024x576.jpg\" alt=\"\" class=\"wp-image-22406\" srcset=\"https:\/\/regiontatry.sk\/wp-content\/uploads\/2019\/12\/AquaCity_Wellness_Bazeny_12-1024x576.jpg 1024w, https:\/\/regiontatry.sk\/wp-content\/uploads\/2019\/12\/AquaCity_Wellness_Bazeny_12-300x169.jpg 300w, https:\/\/regiontatry.sk\/wp-content\/uploads\/2019\/12\/AquaCity_Wellness_Bazeny_12-768x432.jpg 768w, https:\/\/regiontatry.sk\/wp-content\/uploads\/2019\/12\/AquaCity_Wellness_Bazeny_12-698x393.jpg 698w, https:\/\/regiontatry.sk\/wp-content\/uploads\/2019\/12\/AquaCity_Wellness_Bazeny_12-552x311.jpg 552w, https:\/\/regiontatry.sk\/wp-content\/uploads\/2019\/12\/AquaCity_Wellness_Bazeny_12.jpg 1500w\" sizes=\"(max-width: 1024px) 100vw, 1024px\" \/><\/figure>\n<\/figure>\n\n\n\n<p>F\u00fcr Familien mit Kindern wurde der <strong>Treasure Island Kinderpool<\/strong> gebaut \u2013 eine Schatzinsel mit exotischem Buchtdesign, wo ein gestrandetes Schiff mit Rutschen und Wasserattraktionen nicht fehlen. Kinder k\u00f6nnen hier erleben, wie sich eine Fahrt mit einem historischen Schiff anf\u00fchlt, und im Salzwasser schwimmen. Die Kinderwelt mit einer Summer Lounge Entspannungsterrasse und einem Whirlpool f\u00fcr Erwachsene ist ideal f\u00fcr alle Familienmitglieder. Auf der Schatzinsel warten auf Kinder echte Nemo-Fische und Maskottchen der Schatzinsel \u2013 zwei Leguane aus den Galapagosinseln \u2013 Hugo und Boss, die die ganze Insel besch\u00fctzen.<br><\/p>\n\n\n\n<figure class=\"wp-block-gallery has-nested-images columns-default is-cropped wp-block-gallery-5 is-layout-flex wp-block-gallery-is-layout-flex\">\n<figure class=\"wp-block-image\"><img loading=\"lazy\" decoding=\"async\" width=\"1024\" height=\"646\" data-id=\"22426\" src=\"https:\/\/regiontatry.sk\/wp-content\/uploads\/2019\/12\/AquaCity_Treasure_Island_2019__18-1-1024x646.jpg\" alt=\"\" class=\"wp-image-22426\" srcset=\"https:\/\/regiontatry.sk\/wp-content\/uploads\/2019\/12\/AquaCity_Treasure_Island_2019__18-1-1024x646.jpg 1024w, https:\/\/regiontatry.sk\/wp-content\/uploads\/2019\/12\/AquaCity_Treasure_Island_2019__18-1-300x189.jpg 300w, https:\/\/regiontatry.sk\/wp-content\/uploads\/2019\/12\/AquaCity_Treasure_Island_2019__18-1-768x484.jpg 768w, https:\/\/regiontatry.sk\/wp-content\/uploads\/2019\/12\/AquaCity_Treasure_Island_2019__18-1-698x440.jpg 698w, https:\/\/regiontatry.sk\/wp-content\/uploads\/2019\/12\/AquaCity_Treasure_Island_2019__18-1-552x348.jpg 552w, https:\/\/regiontatry.sk\/wp-content\/uploads\/2019\/12\/AquaCity_Treasure_Island_2019__18-1.jpg 1500w\" sizes=\"(max-width: 1024px) 100vw, 1024px\" \/><\/figure>\n\n\n\n<figure class=\"wp-block-image\"><img loading=\"lazy\" decoding=\"async\" width=\"1000\" height=\"666\" data-id=\"2307\" src=\"https:\/\/regiontatry.sk\/wp-content\/uploads\/2018\/08\/Treasure_Island_2016.jpg\" alt=\"\" class=\"wp-image-2307\" srcset=\"https:\/\/regiontatry.sk\/wp-content\/uploads\/2018\/08\/Treasure_Island_2016.jpg 1000w, https:\/\/regiontatry.sk\/wp-content\/uploads\/2018\/08\/Treasure_Island_2016-300x200.jpg 300w, https:\/\/regiontatry.sk\/wp-content\/uploads\/2018\/08\/Treasure_Island_2016-768x511.jpg 768w\" sizes=\"(max-width: 1000px) 100vw, 1000px\" \/><\/figure>\n<\/figure>\n\n\n\n<p>In Aquapark Poprad gibt es viele Stellen, wo Kinder viel Spa\u00df erleben k\u00f6nnen. Die Hotelkinderecke gleich neben der Rezeption, eine zweist\u00f6ckige Kinderecke bei den Blue Sapphire Pools, Au\u00dfenspielpl\u00e4tze im Sommer \u2013 all das verspricht tolle Erlebnisse f\u00fcr Kinder und ruhige Momente f\u00fcr ihre Eltern. Kinder finden dort viele Spielzeuge, Kletterger\u00fcste, Rutschen. Zu ausgew\u00e4hlten Zeiten bietet die Kinderecke Betreuung und Aktivit\u00e4ten. <br><\/p>\n\n\n\n<h3 class=\"wp-block-heading\"><br><strong>WELLNESSZENTRUM&nbsp;FIRE &amp; WATER WELLNESS &amp; SPA<\/strong><\/h3>\n\n\n\n<p>Auf einer Fl\u00e4che von mehr als 1590 m<sup>2<\/sup> erstreckt sich ein <strong>Wellnesszentrum <\/strong>voll von Kontrasten und mit Feuer und Wasser als Hauptelementen. Dies sind die neuen Symbole des Zentrums, das in eine private und eine Party-Zone geteilt ist und verschiedene Arten von Saunas und Inhalationsr\u00e4umen bietet: eine einmalige Zeremonialsauna mit au\u00dfergew\u00f6hnlichen Saunaritualen und Shows jeden Tag, eine klassische finnische Sauna,&nbsp; eine Kr\u00e4utersauna, eine Dampfsauna und eine Eukalyptussauna, eine Himalayasalzsauna, Infrarotsaunas und eine Schneeh\u00f6hle. Verw\u00f6hnen Sie Ihre Sinne,&nbsp; erwecken Sie Ihren K\u00f6rper, erfrischen Sie Ihren Geist. Tadellose Entspannung finden Sie im Entspannungspool mit einer Liebesbucht, sowie in Entspannungsr\u00e4umen mit Biokaminen. Zum Zentrum geh\u00f6rt auch eine Wellnessbar mit einer trendy-Auswahl gesunder Getr\u00e4nke, Cocktails und leichten Speisen.<br><\/p>\n\n\n\n<figure class=\"wp-block-gallery has-nested-images columns-default is-cropped wp-block-gallery-6 is-layout-flex wp-block-gallery-is-layout-flex\">\n<figure class=\"wp-block-image\"><img loading=\"lazy\" decoding=\"async\" width=\"1200\" height=\"542\" data-id=\"2279\" src=\"https:\/\/regiontatry.sk\/wp-content\/uploads\/2018\/08\/Relax_Panorama1-2.jpg\" alt=\"\" class=\"wp-image-2279\" srcset=\"https:\/\/regiontatry.sk\/wp-content\/uploads\/2018\/08\/Relax_Panorama1-2.jpg 1200w, https:\/\/regiontatry.sk\/wp-content\/uploads\/2018\/08\/Relax_Panorama1-2-300x136.jpg 300w, https:\/\/regiontatry.sk\/wp-content\/uploads\/2018\/08\/Relax_Panorama1-2-768x347.jpg 768w, https:\/\/regiontatry.sk\/wp-content\/uploads\/2018\/08\/Relax_Panorama1-2-1024x463.jpg 1024w\" sizes=\"(max-width: 1200px) 100vw, 1200px\" \/><\/figure>\n\n\n\n<figure class=\"wp-block-image\"><img loading=\"lazy\" decoding=\"async\" width=\"1000\" height=\"549\" data-id=\"2290\" src=\"https:\/\/regiontatry.sk\/wp-content\/uploads\/2018\/08\/Finska_sauna_Panorama1_web-1.jpg\" alt=\"\" class=\"wp-image-2290\" srcset=\"https:\/\/regiontatry.sk\/wp-content\/uploads\/2018\/08\/Finska_sauna_Panorama1_web-1.jpg 1000w, https:\/\/regiontatry.sk\/wp-content\/uploads\/2018\/08\/Finska_sauna_Panorama1_web-1-300x165.jpg 300w, https:\/\/regiontatry.sk\/wp-content\/uploads\/2018\/08\/Finska_sauna_Panorama1_web-1-768x422.jpg 768w, https:\/\/regiontatry.sk\/wp-content\/uploads\/2018\/08\/Finska_sauna_Panorama1_web-1-860x472.jpg 860w, https:\/\/regiontatry.sk\/wp-content\/uploads\/2018\/08\/Finska_sauna_Panorama1_web-1-698x383.jpg 698w, https:\/\/regiontatry.sk\/wp-content\/uploads\/2018\/08\/Finska_sauna_Panorama1_web-1-552x303.jpg 552w\" sizes=\"(max-width: 1000px) 100vw, 1000px\" \/><\/figure>\n\n\n\n<figure class=\"wp-block-image\"><img loading=\"lazy\" decoding=\"async\" width=\"1024\" height=\"681\" data-id=\"22430\" src=\"https:\/\/regiontatry.sk\/wp-content\/uploads\/2019\/12\/DSC_6337_vitalny_svet_jaskyna_web-1-1024x681.jpg\" alt=\"\" class=\"wp-image-22430\" srcset=\"https:\/\/regiontatry.sk\/wp-content\/uploads\/2019\/12\/DSC_6337_vitalny_svet_jaskyna_web-1-1024x681.jpg 1024w, https:\/\/regiontatry.sk\/wp-content\/uploads\/2019\/12\/DSC_6337_vitalny_svet_jaskyna_web-1-300x200.jpg 300w, https:\/\/regiontatry.sk\/wp-content\/uploads\/2019\/12\/DSC_6337_vitalny_svet_jaskyna_web-1-768x511.jpg 768w, https:\/\/regiontatry.sk\/wp-content\/uploads\/2019\/12\/DSC_6337_vitalny_svet_jaskyna_web-1-698x464.jpg 698w, https:\/\/regiontatry.sk\/wp-content\/uploads\/2019\/12\/DSC_6337_vitalny_svet_jaskyna_web-1-552x367.jpg 552w, https:\/\/regiontatry.sk\/wp-content\/uploads\/2019\/12\/DSC_6337_vitalny_svet_jaskyna_web-1.jpg 1500w\" sizes=\"(max-width: 1024px) 100vw, 1024px\" \/><\/figure>\n<\/figure>\n\n\n\n<h3 class=\"wp-block-heading\"><br><strong>NEU IN&nbsp;THERMAL AQUAPARK IN POPRAD \u2013 SCH\u00d6NHEITS- UND GESUNDHEITSKLINIK<\/strong><\/h3>\n\n\n\n<p>Entdecken Sie eine erstklassige Klinik direkt in Aquapark. Das einmalige Konzept beruht auf einer Symbiose des Wasserparks, des Hotelresorts und einer Sch\u00f6nheits- und Gesundheitsklinik mit qualitativen Dienstleistungen.<\/p>\n\n\n\n<iframe loading=\"lazy\" width=\"49.7%\" height=\"315\" src=\"https:\/\/www.youtube.com\/embed\/pSx10YaxXV4\" frameborder=\"0\" allow=\"autoplay; encrypted-media\" allowfullscreen=\"\"><\/iframe>\n\n\n\n<iframe loading=\"lazy\" width=\"50%\" height=\"315\" src=\"https:\/\/www.youtube.com\/embed\/6in48RJD8KU\" frameborder=\"0\" allow=\"autoplay; encrypted-media\" allowfullscreen=\"\"><\/iframe>\n\n\n\n<h3 class=\"wp-block-heading\"><strong><br><a href=\"http:\/\/www.aquacity.sk\/\" target=\"_blank\" rel=\"noreferrer noopener\">Thermal aquapakr in Poprad<\/a><\/strong><\/h3>\n\n\n<div class=\"wp-block-image\">\n<figure class=\"aligncenter\"><a href=\"http:\/\/regiontatry.sk\/wp-content\/uploads\/2014\/10\/AquaCity_Winter_2015_Panorama_1500.jpg\" class=\"broken_link\" data-rel=\"lightbox-image-0\" data-rl_title=\"\" data-rl_caption=\"\" title=\"\"><img decoding=\"async\" src=\"http:\/\/regiontatry.sk\/wp-content\/uploads\/2014\/10\/AquaCity_Winter_2015_Panorama_1500.jpg\" alt=\"\"\/><\/a><\/figure><\/div>","protected":false},"excerpt":{"rendered":"<p>Die Hohe Tatra ist die ideale Destination f\u00fcr Besucher, die Dienstleistungen auf hohem Niveau suchen und gleichzeitig aktive Entspannung lieben. Falls Sie Ihren Urlaub in den Bergen verbringen wollen, w\u00e4hlen Sie die Tatra \u2013 das h\u00f6chste und sch\u00f6nste Gebirge der Slowakei, wo man die Freizeit auf verschiedene Weisen genie\u00dfen kann. Im Sommer sind es vor [&hellip;]<\/p>\n","protected":false},"author":2,"featured_media":21456,"parent":21505,"menu_order":0,"comment_status":"closed","ping_status":"closed","template":"template-simple-page.php","meta":{"footnotes":""},"class_list":["post-21455","page","type-page","status-publish","has-post-thumbnail","hentry"],"_links":{"self":[{"href":"https:\/\/regiontatry.sk\/de\/wp-json\/wp\/v2\/pages\/21455"}],"collection":[{"href":"https:\/\/regiontatry.sk\/de\/wp-json\/wp\/v2\/pages"}],"about":[{"href":"https:\/\/regiontatry.sk\/de\/wp-json\/wp\/v2\/types\/page"}],"author":[{"embeddable":true,"href":"https:\/\/regiontatry.sk\/de\/wp-json\/wp\/v2\/users\/2"}],"replies":[{"embeddable":true,"href":"https:\/\/regiontatry.sk\/de\/wp-json\/wp\/v2\/comments?post=21455"}],"version-history":[{"count":13,"href":"https:\/\/regiontatry.sk\/de\/wp-json\/wp\/v2\/pages\/21455\/revisions"}],"predecessor-version":[{"id":11145974,"href":"https:\/\/regiontatry.sk\/de\/wp-json\/wp\/v2\/pages\/21455\/revisions\/11145974"}],"up":[{"embeddable":true,"href":"https:\/\/regiontatry.sk\/de\/wp-json\/wp\/v2\/pages\/21505"}],"wp:featuredmedia":[{"embeddable":true,"href":"https:\/\/regiontatry.sk\/de\/wp-json\/wp\/v2\/media\/21456"}],"wp:attachment":[{"href":"https:\/\/regiontatry.sk\/de\/wp-json\/wp\/v2\/media?parent=21455"}],"curies":[{"name":"wp","href":"https:\/\/api.w.org\/{rel}","templated":true}]}}