{"id":21459,"date":"2018-10-08T15:35:55","date_gmt":"2018-10-08T13:35:55","guid":{"rendered":"https:\/\/regiontatry.sk\/lanovkami-za-vyhladmi\/"},"modified":"2025-10-07T21:49:56","modified_gmt":"2025-10-07T19:49:56","slug":"mit-seilbahnen-zu-wunderschonen-ausblicken","status":"publish","type":"page","link":"https:\/\/regiontatry.sk\/de\/winterausfluge\/mit-seilbahnen-zu-wunderschonen-ausblicken\/","title":{"rendered":"Mit Seilbahnen zu wundersch\u00f6nen Ausblicken"},"content":{"rendered":"\n<p>Mit Seilbahnen kann man die Tatra sehr bequem bewundern und Ausfl\u00fcge einfacher machen. Die Berge sehen von Kabinen und Sesselliften etwas anders aus. <strong>Fahren Sie zu wundersch\u00f6nen Panoramen und atmen Sie frische Luft &nbsp;innerhalb weniger Minuten.<\/strong><\/p>\n\n\n\n<h2 class=\"wp-block-heading has-vivid-cyan-blue-color has-text-color has-link-color wp-elements-85d905252d69881c28696a4967272cb0\"><strong><br><em>Skalnat\u00e9 pleso<\/em><\/strong><\/h2>\n\n\n\n<p>Besuchen Sie die beliebteste Touristendestination \u2013&nbsp;<a href=\"https:\/\/regiontatry.sk\/de\/touristik\/mit-seilbahnen-zu-wunderschonen-ausblicken\/cable-car-to-skalnate-tarn\/\" target=\"_blank\" rel=\"noreferrer noopener\">Skalnat\u00e9 pleso<\/a>&nbsp;in<strong>&nbsp;1&nbsp;751 m Meeresh\u00f6he. <\/strong>Von der Talstation <strong>in&nbsp;Tatransk\u00e1 Lomnica<\/strong>&nbsp; f\u00e4hrt eine <strong>4-Personen-Gondelbahn<\/strong>&nbsp;zur Zwischenstation \u0160tart und von dort eine neue <strong>moderne 15-Personen-Gondelbahn <\/strong>nach Skalnat\u00e9 pleso. Die Umgebung des Bergseen ist f\u00fcr Spazierg\u00e4nge und Gebirgstouren wie gemacht. In der N\u00e4he des Bergseen befindet sich in 1 786 m Meeresh\u00f6he ein astronomisches und meteorologisches <strong>Observatorium. <\/strong>Es wurde im Jahre 1943 gegr\u00fcndet , als dort die ersten Beobachtungen durchgef\u00fchrt wurden. Heute ist dort auch eine Sternwarte.&nbsp; Entspannen und sonnen kann man sich in einem der h\u00f6chstgelegenen Restaurants in der Hohen Tatra \u2013 Restaurant Skalnat\u00e9 pleso, dessen sonnige Terrasse <strong>wundersch\u00f6ne panoramatische Ausblicke auf die Berge und die steilste Skipiste der Slowakei<\/strong>&nbsp;\u2013 Lomnick\u00e9 sedlo (Bergsattel) bietet.<\/p>\n\n\n\n<figure class=\"wp-block-gallery has-nested-images columns-default is-cropped wp-block-gallery-2 is-layout-flex wp-block-gallery-is-layout-flex\">\n<figure class=\"wp-block-image\"><img loading=\"lazy\" decoding=\"async\" width=\"1600\" height=\"1065\" data-id=\"6373\" src=\"https:\/\/regiontatry.sk\/wp-content\/uploads\/2018\/10\/69YdhY0w.jpeg\" alt=\"\" class=\"wp-image-6373\" srcset=\"https:\/\/regiontatry.sk\/wp-content\/uploads\/2018\/10\/69YdhY0w.jpeg 1600w, https:\/\/regiontatry.sk\/wp-content\/uploads\/2018\/10\/69YdhY0w-300x200.jpeg 300w, https:\/\/regiontatry.sk\/wp-content\/uploads\/2018\/10\/69YdhY0w-768x511.jpeg 768w, https:\/\/regiontatry.sk\/wp-content\/uploads\/2018\/10\/69YdhY0w-1024x682.jpeg 1024w\" sizes=\"(max-width: 1600px) 100vw, 1600px\" \/><\/figure>\n\n\n\n<figure class=\"wp-block-image\"><img loading=\"lazy\" decoding=\"async\" width=\"1600\" height=\"808\" data-id=\"6375\" src=\"https:\/\/regiontatry.sk\/wp-content\/uploads\/2018\/10\/XQenUWBc.jpeg\" alt=\"\" class=\"wp-image-6375\" srcset=\"https:\/\/regiontatry.sk\/wp-content\/uploads\/2018\/10\/XQenUWBc.jpeg 1600w, https:\/\/regiontatry.sk\/wp-content\/uploads\/2018\/10\/XQenUWBc-300x152.jpeg 300w, https:\/\/regiontatry.sk\/wp-content\/uploads\/2018\/10\/XQenUWBc-768x388.jpeg 768w, https:\/\/regiontatry.sk\/wp-content\/uploads\/2018\/10\/XQenUWBc-1024x517.jpeg 1024w\" sizes=\"(max-width: 1600px) 100vw, 1600px\" \/><\/figure>\n<\/figure>\n\n\n\n<p>Nach Skalnat\u00e9\npleso kann man entweder mit einer Gondelbahn von&nbsp;Tatransk\u00e1 Lomnica fahren\noder zu Fu\u00df den gr\u00fcnmarkierten Touristenpfad von Tatransk\u00e1 Lomnica, den rotmarkierten\nTouristenpfad von Zamkovsk\u00fds H\u00fctte oder den rotmarkierten Touristenpfad von der\nH\u00fctte am Zelen\u00e9 pleso (Bergsee) entlang hochsteigen. <\/p>\n\n\n\n<p>Kinder k\u00f6nnen\nsich hier im <strong>Murmeltierland \u2013 <\/strong>einem\nMini-\u00d6ko-Park mit Holzstatuen, einem Murmeltierh\u00e4uschen, Kletterger\u00fcsten und\nanderen \u00dcberraschungen austoben. <\/p>\n\n\n\n<h2 class=\"wp-block-heading has-vivid-cyan-blue-color has-text-color has-link-color wp-elements-33674049fc7e9d1455809ef88d809246\"><strong><em>Lomnitzer Spitze<\/em><\/strong><\/h2>\n\n\n\n<p><\/p>\n\n\n\n<figure class=\"wp-block-gallery has-nested-images columns-default is-cropped wp-block-gallery-3 is-layout-flex wp-block-gallery-is-layout-flex\">\n<figure class=\"wp-block-image\"><img loading=\"lazy\" decoding=\"async\" width=\"1600\" height=\"1064\" data-id=\"6397\" src=\"https:\/\/regiontatry.sk\/wp-content\/uploads\/2018\/10\/CLWxmrCg.jpeg\" alt=\"\" class=\"wp-image-6397\" srcset=\"https:\/\/regiontatry.sk\/wp-content\/uploads\/2018\/10\/CLWxmrCg.jpeg 1600w, https:\/\/regiontatry.sk\/wp-content\/uploads\/2018\/10\/CLWxmrCg-300x200.jpeg 300w, https:\/\/regiontatry.sk\/wp-content\/uploads\/2018\/10\/CLWxmrCg-768x511.jpeg 768w, https:\/\/regiontatry.sk\/wp-content\/uploads\/2018\/10\/CLWxmrCg-1024x681.jpeg 1024w\" sizes=\"(max-width: 1600px) 100vw, 1600px\" \/><\/figure>\n\n\n\n<figure class=\"wp-block-image\"><img loading=\"lazy\" decoding=\"async\" width=\"4085\" height=\"2506\" data-id=\"7216\" src=\"https:\/\/regiontatry.sk\/wp-content\/uploads\/2018\/10\/bambulka_lomnicky.jpg\" alt=\"\" class=\"wp-image-7216\" srcset=\"https:\/\/regiontatry.sk\/wp-content\/uploads\/2018\/10\/bambulka_lomnicky.jpg 4085w, https:\/\/regiontatry.sk\/wp-content\/uploads\/2018\/10\/bambulka_lomnicky-300x184.jpg 300w, https:\/\/regiontatry.sk\/wp-content\/uploads\/2018\/10\/bambulka_lomnicky-768x471.jpg 768w, https:\/\/regiontatry.sk\/wp-content\/uploads\/2018\/10\/bambulka_lomnicky-1024x628.jpg 1024w\" sizes=\"(max-width: 4085px) 100vw, 4085px\" \/><\/figure>\n\n\n\n<figure class=\"wp-block-image\"><img loading=\"lazy\" decoding=\"async\" width=\"800\" height=\"266\" data-id=\"13598\" src=\"https:\/\/regiontatry.sk\/wp-content\/uploads\/2018\/11\/Sunrise-on-Lomnicky-peak1.jpg\" alt=\"\" class=\"wp-image-13598\" srcset=\"https:\/\/regiontatry.sk\/wp-content\/uploads\/2018\/11\/Sunrise-on-Lomnicky-peak1.jpg 800w, https:\/\/regiontatry.sk\/wp-content\/uploads\/2018\/11\/Sunrise-on-Lomnicky-peak1-300x100.jpg 300w, https:\/\/regiontatry.sk\/wp-content\/uploads\/2018\/11\/Sunrise-on-Lomnicky-peak1-768x255.jpg 768w, https:\/\/regiontatry.sk\/wp-content\/uploads\/2018\/11\/Sunrise-on-Lomnicky-peak1-698x232.jpg 698w, https:\/\/regiontatry.sk\/wp-content\/uploads\/2018\/11\/Sunrise-on-Lomnicky-peak1-552x184.jpg 552w\" sizes=\"(max-width: 800px) 100vw, 800px\" \/><\/figure>\n<\/figure>\n\n\n\n<p><br>Machen Sie mit Ihrer Familie einen Ausflug auf die <strong>zweith\u00f6chste Spitze der Hohen Tatra<\/strong>&nbsp;\u2013&nbsp;<a href=\"https:\/\/regiontatry.sk\/de\/touristik\/mit-seilbahnen-zu-wunderschonen-ausblicken\/cable-car-to-lomnicky-peak\/\" target=\"_blank\" rel=\"noreferrer noopener\">Lomnitzer Spitze<\/a>. Fahren Sie hoch zu den Wolken und genie\u00dfen Sie unvergessliche Ausblicke auf das kleinste Hochgebirge der Welt. Betreten Sie das K\u00f6nigreich der Stille und entspannen Sie sich im stilvollen Caf\u00e9 Dedo. Von der Talstation in<strong>&nbsp;Tatransk\u00e1 Lomnica<\/strong>f\u00e4hrt eine 4-Personen-Gondelbahn&nbsp;zur Zwischenstation \u0160tart und von dort eine neue moderne 15-Personen-Gondelbahn nach Skalnat\u00e9 pleso, das gleichzeitig als Umsteigestation auf dem Weg zur Lomnitzer Spitze dient. Zur Spitze verkehrt eine <strong>einmalige Schwebebahn, <\/strong>die einen <strong>855 m H\u00f6henunterschied \u00fcberwindet. Die Fahrt dauert <\/strong>8,5 Minuten.<\/p>\n\n\n\n<h2 class=\"wp-block-heading has-vivid-cyan-blue-color has-text-color has-link-color wp-elements-4e844ca4b3d76276fe208e6ef1aa05ce\"><strong><br><em>Hrebienok<\/em><\/strong><\/h2>\n\n\n\n<p><\/p>\n\n\n\n<figure class=\"wp-block-gallery has-nested-images columns-default is-cropped wp-block-gallery-4 is-layout-flex wp-block-gallery-is-layout-flex\">\n<figure class=\"wp-block-image\"><img loading=\"lazy\" decoding=\"async\" width=\"1600\" height=\"866\" data-id=\"7222\" src=\"https:\/\/regiontatry.sk\/wp-content\/uploads\/2018\/10\/2def7XGQ.jpeg\" alt=\"\" class=\"wp-image-7222\" srcset=\"https:\/\/regiontatry.sk\/wp-content\/uploads\/2018\/10\/2def7XGQ.jpeg 1600w, https:\/\/regiontatry.sk\/wp-content\/uploads\/2018\/10\/2def7XGQ-300x162.jpeg 300w, https:\/\/regiontatry.sk\/wp-content\/uploads\/2018\/10\/2def7XGQ-768x416.jpeg 768w, https:\/\/regiontatry.sk\/wp-content\/uploads\/2018\/10\/2def7XGQ-1024x554.jpeg 1024w\" sizes=\"(max-width: 1600px) 100vw, 1600px\" \/><\/figure>\n\n\n\n<figure class=\"wp-block-image\"><img loading=\"lazy\" decoding=\"async\" width=\"1000\" height=\"664\" data-id=\"7224\" src=\"https:\/\/regiontatry.sk\/wp-content\/uploads\/2018\/10\/f1d8304191.jpg\" alt=\"\" class=\"wp-image-7224\" srcset=\"https:\/\/regiontatry.sk\/wp-content\/uploads\/2018\/10\/f1d8304191.jpg 1000w, https:\/\/regiontatry.sk\/wp-content\/uploads\/2018\/10\/f1d8304191-300x199.jpg 300w, https:\/\/regiontatry.sk\/wp-content\/uploads\/2018\/10\/f1d8304191-768x510.jpg 768w\" sizes=\"(max-width: 1000px) 100vw, 1000px\" \/><\/figure>\n\n\n\n<figure class=\"wp-block-image\"><img loading=\"lazy\" decoding=\"async\" width=\"659\" height=\"744\" data-id=\"7231\" src=\"https:\/\/regiontatry.sk\/wp-content\/uploads\/2018\/10\/2c38224059a.jpg\" alt=\"\" class=\"wp-image-7231\" srcset=\"https:\/\/regiontatry.sk\/wp-content\/uploads\/2018\/10\/2c38224059a.jpg 659w, https:\/\/regiontatry.sk\/wp-content\/uploads\/2018\/10\/2c38224059a-266x300.jpg 266w\" sizes=\"(max-width: 659px) 100vw, 659px\" \/><\/figure>\n<\/figure>\n\n\n\n<p><a href=\"https:\/\/regiontatry.sk\/de\/touristik\/mit-seilbahnen-zu-wunderschonen-ausblicken\/cable-car-to-hrebienok\/\" target=\"_blank\" rel=\"noreferrer noopener\">Hrebienok<\/a>&nbsp;(1285m) ist ein beliebtes und attraktives Ziel vieler Besucher der Hohen Tatra. Das \u00e4lteste Touristenzentrum&nbsp;Star\u00fd Smokovec ist der bedeutendste Verkehrsknotenpunkt der Stadt Vysok\u00e9 Tatry. \u00dcber der Ortschaft befindet sich Hrebienok \u2013 der Ausgangspunkt vieler Touristenpfade. Fahren Sie mit einer <strong>Standseilbahn von Star\u00fd Smokovec<\/strong>&nbsp;zur&nbsp;<strong>1&nbsp;272 m Meeresh\u00f6he<\/strong>&nbsp;und erleben Sie dasselbe Gef\u00fchl wie die englische K\u00f6nigin Elisabeth II. beim Besuch der Hohen Tatra. Fahren Sie bequem 7 Minuten lang und \u00fcberwinden Sie einen H\u00f6henunterschied von 255 m. Von Hrebienok f\u00fchren Touristenpfade in die T\u00e4ler Ve\u013ek\u00e1 Studen\u00e1 dolina und Mal\u00e1 Studen\u00e1 dolina und zur Spitze Slavkovsk\u00fd \u0161t\u00edt. Nach einer Wanderung kann man neue Kr\u00e4fte in der Snack Bar in Hrebienok sch\u00f6pfen, die sich im Geb\u00e4ude der Standseilbahnstation befindet. Die ideale Stelle f\u00fcr Familientreffen befindet sich sozusagen \u201ebei der Hand\u201c beim Einsteigen in die Seilbahn sowie beim Aussteigen.<\/p>\n\n\n\n<p>Hrebienok ist eine perfekte Wahl im Winter, denn genau hier findet die <strong>einmalige Tatry Ice Master<\/strong>&nbsp;<strong>Veranstaltung <\/strong>\u2013&nbsp;nicht offizielle Eiskunstweltmeisterschaften statt und hier steht auch der <strong>Tatra-Tempel aus Eis. <\/strong><\/p>\n\n\n\n<h2 class=\"wp-block-heading has-vivid-cyan-blue-color has-text-color has-link-color wp-elements-e5c36c4cd4552dec1bb832f4a1e5ad13\"><strong><br><em>Solisko<\/em><\/strong><\/h2>\n\n\n\n<p><\/p>\n\n\n\n<figure class=\"wp-block-gallery has-nested-images columns-default is-cropped wp-block-gallery-5 is-layout-flex wp-block-gallery-is-layout-flex\">\n<figure class=\"wp-block-image\"><img loading=\"lazy\" decoding=\"async\" width=\"1000\" height=\"665\" data-id=\"7234\" src=\"https:\/\/regiontatry.sk\/wp-content\/uploads\/2018\/10\/7635f143b5.jpg\" alt=\"\" class=\"wp-image-7234\" srcset=\"https:\/\/regiontatry.sk\/wp-content\/uploads\/2018\/10\/7635f143b5.jpg 1000w, https:\/\/regiontatry.sk\/wp-content\/uploads\/2018\/10\/7635f143b5-300x200.jpg 300w, https:\/\/regiontatry.sk\/wp-content\/uploads\/2018\/10\/7635f143b5-768x511.jpg 768w, https:\/\/regiontatry.sk\/wp-content\/uploads\/2018\/10\/7635f143b5-860x572.jpg 860w, https:\/\/regiontatry.sk\/wp-content\/uploads\/2018\/10\/7635f143b5-698x464.jpg 698w, https:\/\/regiontatry.sk\/wp-content\/uploads\/2018\/10\/7635f143b5-552x367.jpg 552w\" sizes=\"(max-width: 1000px) 100vw, 1000px\" \/><\/figure>\n\n\n\n<figure class=\"wp-block-image\"><img loading=\"lazy\" decoding=\"async\" width=\"1600\" height=\"900\" data-id=\"7238\" src=\"https:\/\/regiontatry.sk\/wp-content\/uploads\/2018\/10\/6bWuNcGQ.jpeg\" alt=\"\" class=\"wp-image-7238\" srcset=\"https:\/\/regiontatry.sk\/wp-content\/uploads\/2018\/10\/6bWuNcGQ.jpeg 1600w, https:\/\/regiontatry.sk\/wp-content\/uploads\/2018\/10\/6bWuNcGQ-300x169.jpeg 300w, https:\/\/regiontatry.sk\/wp-content\/uploads\/2018\/10\/6bWuNcGQ-768x432.jpeg 768w, https:\/\/regiontatry.sk\/wp-content\/uploads\/2018\/10\/6bWuNcGQ-1024x576.jpeg 1024w\" sizes=\"(max-width: 1600px) 100vw, 1600px\" \/><\/figure>\n<\/figure>\n\n\n\n<p>Machen Sie einen Ausflug auf eine der kleinsten und leicht zug\u00e4nglichen Spitzen der Hohen Tatra. Am S\u00fcdrand des Bergmassivs befindet sich der Berg Predn\u00e9&nbsp;<a href=\"https:\/\/regiontatry.sk\/de\/touristik\/mit-seilbahnen-zu-wunderschonen-ausblicken\/\" target=\"_blank\" rel=\"noreferrer noopener\">Solisko<\/a>, der von 2093&nbsp;m Meeresh\u00f6he Ausblicke auf die T\u00e4ler Mlynick\u00e1 dolina und Furkotsk\u00e1 dolina bietet. Fahren Sie zu den sch\u00f6nsten panoramatischen Ausblicken mit dem&nbsp;<strong>4-er Sessellift Solisko Express<\/strong>&nbsp;von der Talstation in \u0160trbsk\u00e9 Pleso bis zur<strong>&nbsp;1&nbsp;814 m &nbsp;Meeresh\u00f6he.<\/strong>&nbsp;Innerhalb weniger als 7 Minuten \u00fcberwinden Sie einen H\u00f6henunterschied von 431 m. Ein St\u00fcck von der Bergstation steht das Bivac Pizza Restaurant mit einer sonnigen Terrasse, die atemberaubende Ausblicke auf das Tal, den Berg Kriv\u00e1\u0148, den romantischen Bergsee \u0160trbsk\u00e9 pleso und den Berg Kr\u00e1\u013eova ho\u013ea bietet.<\/p>\n\n\n\n<p>Falls Sie auf die Spitze von Predn\u00e9 Solisko hochsteigen wollen, beginnen Sie bei der H\u00fctte unter Solisko (in der N\u00e4he vom Bivac Pizza Restaurant) und gehen Sie den rotmarkierten Pfad entlang. Die Tour dauert 1 Stunde.<\/p>\n","protected":false},"excerpt":{"rendered":"<p>Mit Seilbahnen kann man die Tatra sehr bequem bewundern und Ausfl\u00fcge einfacher machen. Die Berge sehen von Kabinen und Sesselliften etwas anders aus. Fahren Sie zu wundersch\u00f6nen Panoramen und atmen Sie frische Luft &nbsp;innerhalb weniger Minuten. Skalnat\u00e9 pleso Besuchen Sie die beliebteste Touristendestination \u2013&nbsp;Skalnat\u00e9 pleso&nbsp;in&nbsp;1&nbsp;751 m Meeresh\u00f6he. Von der Talstation in&nbsp;Tatransk\u00e1 Lomnica&nbsp; f\u00e4hrt eine 4-Personen-Gondelbahn&nbsp;zur [&hellip;]<\/p>\n","protected":false},"author":2,"featured_media":21461,"parent":21709,"menu_order":0,"comment_status":"closed","ping_status":"closed","template":"template-simple-page.php","meta":{"footnotes":""},"class_list":["post-21459","page","type-page","status-publish","has-post-thumbnail","hentry"],"_links":{"self":[{"href":"https:\/\/regiontatry.sk\/de\/wp-json\/wp\/v2\/pages\/21459"}],"collection":[{"href":"https:\/\/regiontatry.sk\/de\/wp-json\/wp\/v2\/pages"}],"about":[{"href":"https:\/\/regiontatry.sk\/de\/wp-json\/wp\/v2\/types\/page"}],"author":[{"embeddable":true,"href":"https:\/\/regiontatry.sk\/de\/wp-json\/wp\/v2\/users\/2"}],"replies":[{"embeddable":true,"href":"https:\/\/regiontatry.sk\/de\/wp-json\/wp\/v2\/comments?post=21459"}],"version-history":[{"count":5,"href":"https:\/\/regiontatry.sk\/de\/wp-json\/wp\/v2\/pages\/21459\/revisions"}],"predecessor-version":[{"id":11140458,"href":"https:\/\/regiontatry.sk\/de\/wp-json\/wp\/v2\/pages\/21459\/revisions\/11140458"}],"up":[{"embeddable":true,"href":"https:\/\/regiontatry.sk\/de\/wp-json\/wp\/v2\/pages\/21709"}],"wp:featuredmedia":[{"embeddable":true,"href":"https:\/\/regiontatry.sk\/de\/wp-json\/wp\/v2\/media\/21461"}],"wp:attachment":[{"href":"https:\/\/regiontatry.sk\/de\/wp-json\/wp\/v2\/media?parent=21459"}],"curies":[{"name":"wp","href":"https:\/\/api.w.org\/{rel}","templated":true}]}}