{"id":21466,"date":"2018-09-25T12:48:45","date_gmt":"2018-09-25T10:48:45","guid":{"rendered":"https:\/\/regiontatry.sk\/mapa\/"},"modified":"2024-11-30T22:00:23","modified_gmt":"2024-11-30T21:00:23","slug":"mapa","status":"publish","type":"page","link":"https:\/\/regiontatry.sk\/de\/mapa\/","title":{"rendered":"Mapa"},"content":{"rendered":"\n<div style=\"height:50px\" aria-hidden=\"true\" class=\"wp-block-spacer\"><\/div>\n\n\n\n<h4 class=\"wp-block-heading\">Interakt\u00edvna mapa \u0160trbsk\u00e9 Pleso<\/h4>\n\n\n\n<p>(kliknut\u00edm na obr\u00e1zok prejdete na mapu)<\/p>\n\n\n\n<figure class=\"wp-block-image\"><a href=\"http:\/\/strbskepleso.tematickemapy.sk\/mapa\/mapa.php\" target=\"_blank\" rel=\"noreferrer noopener\"><img loading=\"lazy\" decoding=\"async\" width=\"1024\" height=\"576\" src=\"https:\/\/regiontatry.sk\/wp-content\/uploads\/2020\/01\/region_tatry_mapa_printscreen-1024x576.png\" alt=\"(kliknut\u00edm na obr\u00e1zok prejdete na mapu)\" class=\"wp-image-23763\" srcset=\"https:\/\/regiontatry.sk\/wp-content\/uploads\/2020\/01\/region_tatry_mapa_printscreen-1024x576.png 1024w, https:\/\/regiontatry.sk\/wp-content\/uploads\/2020\/01\/region_tatry_mapa_printscreen-300x169.png 300w, https:\/\/regiontatry.sk\/wp-content\/uploads\/2020\/01\/region_tatry_mapa_printscreen-768x432.png 768w, https:\/\/regiontatry.sk\/wp-content\/uploads\/2020\/01\/region_tatry_mapa_printscreen.png 1920w, https:\/\/regiontatry.sk\/wp-content\/uploads\/2020\/01\/region_tatry_mapa_printscreen-1705x959.png 1705w, https:\/\/regiontatry.sk\/wp-content\/uploads\/2020\/01\/region_tatry_mapa_printscreen-698x393.png 698w, https:\/\/regiontatry.sk\/wp-content\/uploads\/2020\/01\/region_tatry_mapa_printscreen-552x311.png 552w\" sizes=\"(max-width: 1024px) 100vw, 1024px\" \/><\/a><\/figure>\n\n\n\n<p class=\"has-text-align-center\"><\/p>\n","protected":false},"excerpt":{"rendered":"<p>Interakt\u00edvna mapa \u0160trbsk\u00e9 Pleso (kliknut\u00edm na obr\u00e1zok prejdete na mapu)<\/p>\n","protected":false},"author":1,"featured_media":0,"parent":0,"menu_order":0,"comment_status":"closed","ping_status":"closed","template":"template-map.php","meta":{"footnotes":""},"class_list":["post-21466","page","type-page","status-publish","hentry"],"_links":{"self":[{"href":"https:\/\/regiontatry.sk\/de\/wp-json\/wp\/v2\/pages\/21466"}],"collection":[{"href":"https:\/\/regiontatry.sk\/de\/wp-json\/wp\/v2\/pages"}],"about":[{"href":"https:\/\/regiontatry.sk\/de\/wp-json\/wp\/v2\/types\/page"}],"author":[{"embeddable":true,"href":"https:\/\/regiontatry.sk\/de\/wp-json\/wp\/v2\/users\/1"}],"replies":[{"embeddable":true,"href":"https:\/\/regiontatry.sk\/de\/wp-json\/wp\/v2\/comments?post=21466"}],"version-history":[{"count":14,"href":"https:\/\/regiontatry.sk\/de\/wp-json\/wp\/v2\/pages\/21466\/revisions"}],"predecessor-version":[{"id":10035120,"href":"https:\/\/regiontatry.sk\/de\/wp-json\/wp\/v2\/pages\/21466\/revisions\/10035120"}],"wp:attachment":[{"href":"https:\/\/regiontatry.sk\/de\/wp-json\/wp\/v2\/media?parent=21466"}],"curies":[{"name":"wp","href":"https:\/\/api.w.org\/{rel}","templated":true}]}}