{"id":21467,"date":"2018-09-24T16:53:57","date_gmt":"2018-09-24T14:53:57","guid":{"rendered":"https:\/\/regiontatry.sk\/tatranska-divocina-2\/"},"modified":"2020-11-02T14:47:21","modified_gmt":"2020-11-02T13:47:21","slug":"tatra-wildnis","status":"publish","type":"page","link":"https:\/\/regiontatry.sk\/de\/familie-und-kinder-sommer\/tatra-wildnis\/","title":{"rendered":"Tatra-Wildnis"},"content":{"rendered":"\n<p style=\"text-align:left\">Auch dieses Jahr, aber in einem neuen Format, warten auf Familien mit Kindern neue ungew\u00f6hnliche Abenteuer mit dem&nbsp;<strong>\u00d6ko\u2013freundlichen Projekt der Tatra Wildnis<\/strong>. Wieder etwas interessanter, etwas abenteuerlicher, und voll von spannenden Etappen in der ganzen Tatra.<\/p>\n\n\n\n<p>Kinder entdecken die sch\u00f6nsten und interessantesten Stellen in der Tatra auf eine unterhaltsame und edukative Weise.&nbsp;<strong>Unsere 4 Tierfreunde &#8211; Murmeltier Jurko, Adler Karol, B\u00e4r Kubo und G\u00e4mse Pirin<\/strong>&nbsp;begleiten sie und helfen ihnen dabei.<\/p>\n\n\n\n<p>Dieses Jahr sind&nbsp;<strong>7 abenteuerliche Etappen vorbereitet und eine Neuigkeit \u2013 5 Freizeit-Aufgaben, die \u201eSpiel mit uns\u201c genannt sind.&nbsp;<\/strong>Die Brosch\u00fcre ist voll von spannenden Geschichten, Spa\u00df, Abenteuern und wird sicher unvergessliche Momente in der Tatra nicht nur f\u00fcr Kinder sondern auch f\u00fcr deren Eltern sichern. Au\u00dfer Erlebnissen kann man sich&nbsp;<strong>jeden Monat&nbsp;<\/strong>auch auf&nbsp;<strong>tolle Preise in einem speziellen Wettbewerb freuen.&nbsp;<\/strong>&nbsp;<\/p>\n\n\n\n<h4 class=\"wp-block-heading\"><strong>In der Tatra-Wildnis warten auf dich 7 interessante, geheimnisvolle und belehrende Etappen:<\/strong><\/h4>\n\n\n\n<hr class=\"wp-block-separator\"\/>\n\n\n\n<div class=\"wp-block-image\"><figure class=\"alignleft is-resized\"><img loading=\"lazy\" decoding=\"async\" src=\"https:\/\/www.vt.sk\/fileadmin\/_processed_\/3\/0\/csm_csm_medved_kubo_7c2db2a5d4_f4832a40f7.jpg\" alt=\"\" width=\"182\" height=\"182\"\/><\/figure><\/div>\n\n\n\n<p><strong>1. B\u00c4R KUBO UND SEINE FREUNDE AUS DER TATRA,<\/strong> Tatransk\u00e1 Lomnica \u2013 Umgebung der Apr\u00e8s Ski Bar <\/p>\n\n\n\n<p>Deine Aufgabe ist in der Umgebung der Apr\u00e8s Ski Bar R\u00e4tsel \u00fcber Tiere, die in der Tatra leben, zu finden und sie zu l\u00f6sen. Wenn du es schaffst, wird die erste Aufgabe ein Kinderspiel f\u00fcr dich sein. Und als Belohnung kannst du zum Beispiel Kubo\u00b4s Smoothie, Eis oder etwas Anderes und Leckeres genie\u00dfen. Tiere naschen auch gerne. <br><br><br><\/p>\n\n\n\n<div class=\"wp-block-image\"><figure class=\"alignright is-resized\"><img loading=\"lazy\" decoding=\"async\" src=\"https:\/\/www.vt.sk\/fileadmin\/_processed_\/4\/8\/csm_csm_csm_svist_jurko_bc0b9e7fcc_8dbd7fa1d5_1e5d267a59.jpg\" alt=\"\" width=\"182\" height=\"182\"\/><\/figure><\/div>\n\n\n\n<p><strong>2.&nbsp;TIPP VOM MURMELTIER JURKO, <\/strong>Tatransk\u00e1 Lomnica- Restaurant Humno<\/p>\n\n\n\n<p style=\"text-align:left\">L\u00f6se eine weitere Aufgabe in deinem F\u00fchrer. Dann finde auf den Kletterger\u00fcsten beim Restaurant Humno Jurko\u00b4s Tafel mit seinen Ratschl\u00e4gen, was du weiter machen sollst um diese Aufgabe erfolgreich zu l\u00f6sen. <br><br><br><\/p>\n\n\n\n<div class=\"wp-block-image\"><figure class=\"alignleft is-resized\"><img loading=\"lazy\" decoding=\"async\" src=\"https:\/\/www.vt.sk\/fileadmin\/_processed_\/0\/3\/csm_csm_kamzik_ivan_b1969ad9ae_ed69359043.jpg\" alt=\"\" width=\"182\" height=\"182\"\/><\/figure><\/div>\n\n\n\n<p style=\"text-align:left\"><strong>3. VERLORENES PUZZLE DER G\u00c4MSE PIRIN, <\/strong>Skalnat\u00e9 pleso<br><br>Unser Freund, G\u00e4mse Pirin hat in der N\u00e4he des Bergseen Skalnat\u00e9 pleso sein Lieblingspuzzle verloren.&nbsp; Zum Gl\u00fcck hat Adler Karol alles von oben gesehen. Nutze GPS-Koordinaten oder die Landkarte in deinem F\u00fchrer und hilf ihm verlorene Puzzleteile zu finden. Kannst du erraten, was auf dem Puzzle abgebildet ist? <br><br><br><\/p>\n\n\n\n<div class=\"wp-block-image\"><figure class=\"alignright is-resized\"><img loading=\"lazy\" decoding=\"async\" src=\"https:\/\/www.vt.sk\/fileadmin\/_processed_\/2\/2\/csm_letna_dovolenka_fotogaleria_tatranska_divocina3_07_f6ce6c5ca6.jpg\" alt=\"\" width=\"182\" height=\"137\"\/><\/figure><\/div>\n\n\n\n<p><strong>4. \u00dcBER LOMNICK\u00c9 SEDLO BIS ZUR SPITZE VE\u013dK\u00c1 LOMNICK\u00c1 VE\u017dA, <\/strong>Lomnick\u00e9 sedlo <\/p>\n\n\n\n<p>Der Spaziergang \u00fcber Lomnick\u00e9 sedlo (Bergsessel) ist perfekt um deine Kenntnisse von der Hohen Tatra zu testen. Antworte richtig auf die Fragen, sammle Symbole und finde ein magisches Rad am Ende des Wegs. Es zeigt dier die L\u00f6sung der Aufgabe. <\/p>\n\n\n\n<div class=\"wp-block-image\"><figure class=\"alignleft is-resized\"><img loading=\"lazy\" decoding=\"async\" src=\"https:\/\/www.vt.sk\/fileadmin\/_processed_\/c\/4\/csm_csm_orol_karol_9cfc09e0c2_dc198dc1a8.jpg\" alt=\"\" width=\"182\" height=\"182\"\/><\/figure><\/div>\n\n\n\n<p><strong>5.&nbsp;AUF DEM HAUPTTOURISTENPFAD MIT FREUDEN<\/strong>, von Skalnat\u00e9 Pleso zum sogenannten Riesenwasserfall <\/p>\n\n\n\n<p style=\"text-align:left\">Der Haupttouristenpfad ist bekannt und sehr beliebt unter den Fans der Tatra. Auch unsere Tierfreunde gehen dort manchmal spazieren. Diesmal haben sie sich \u00fcber ihre Lieblingsstellen in der Tatra unterhalten. G\u00e4mse Pirin hat als erster der Freunde geantwortet. Die Frage war ganz einfach f\u00fcr ihn. Sein Lieblingsort bietet tolle Ausblicke, so dass er immer wei\u00df, was unter ihm vorgeht. Kannst du erraten, welche Stelle das ist? <br><br><br><\/p>\n\n\n\n<div class=\"wp-block-image\"><figure class=\"alignright is-resized\"><img loading=\"lazy\" decoding=\"async\" src=\"https:\/\/www.vt.sk\/fileadmin\/_processed_\/f\/a\/csm_csm_jasna_leto__26__1cbce470cd_8a1f342b35.jpg\" alt=\"\" width=\"182\" height=\"122\"\/><\/figure><\/div>\n\n\n\n<p><strong>6.&nbsp;SAUBERKEITSKONTROLLE DES WALDTEAMS, <\/strong>von&nbsp;Hrebienok zu&nbsp;Rainer\u00b4s H\u00fctte <\/p>\n\n\n\n<p style=\"text-align:left\">Die Strecke von Hrebienok zu&nbsp;Rainer\u00b4s H\u00fctte ist angenehm und nicht anstrengend. Deshalb ist sie sehr beliebt und oft besucht. Unser Waldteam vom B\u00e4r Kubo gef\u00fchrt hat sich entschieden den Touristenpfad zu \u00fcberpr\u00fcfen um zu sehen, ob sich Leute in der Natur ordentlich benehmen k\u00f6nnen. Die Tierfreunde sind jedoch noch weiter gegangen. Kannst du herausfinden, wo sie ihre Inspektion beendet haben? <br><br><br><\/p>\n\n\n\n<div class=\"wp-block-image\"><figure class=\"alignleft is-resized\"><img loading=\"lazy\" decoding=\"async\" src=\"https:\/\/www.vt.sk\/fileadmin\/_processed_\/4\/8\/csm_csm_csm_svist_jurko_bc0b9e7fcc_8dbd7fa1d5_1e5d267a59.jpg\" alt=\"\" width=\"182\" height=\"182\"\/><\/figure><\/div>\n\n\n\n<p><strong>7.&nbsp;GR\u00dc\u00dfE AUS DER TATRA<\/strong>, Berg Solisko, \u0160trbsk\u00e9 Pleso <\/p>\n\n\n\n<p>G\u00e4mse Pirin wurde von seinem Cousin besucht. Diesem hat es in der Tatra sehr gefallen und er entschloss sich eine Postkarte nach Hause zu schicken. Kannst du erraten, welcher Ort auf der Postkarte abgebildet ist? Finde Tafeln mit Fragen auf dem Berg Solisko in der N\u00e4he des Restaurants Bivac Pizza, beantworte sie richtig und l\u00f6se diese interessante, aber nicht einfache Aufgabe. <\/p>\n\n\n\n<figure class=\"wp-block-image\"><img loading=\"lazy\" decoding=\"async\" width=\"1024\" height=\"724\" src=\"https:\/\/regiontatry.sk\/wp-content\/uploads\/2020\/07\/TL_leto_2020_mapa-1024x724.png\" alt=\"\" class=\"wp-image-5031913\" srcset=\"https:\/\/regiontatry.sk\/wp-content\/uploads\/2020\/07\/TL_leto_2020_mapa-1024x724.png 1024w, https:\/\/regiontatry.sk\/wp-content\/uploads\/2020\/07\/TL_leto_2020_mapa-300x212.png 300w, https:\/\/regiontatry.sk\/wp-content\/uploads\/2020\/07\/TL_leto_2020_mapa-768x543.png 768w, https:\/\/regiontatry.sk\/wp-content\/uploads\/2020\/07\/TL_leto_2020_mapa-698x494.png 698w, https:\/\/regiontatry.sk\/wp-content\/uploads\/2020\/07\/TL_leto_2020_mapa-552x390.png 552w, https:\/\/regiontatry.sk\/wp-content\/uploads\/2020\/07\/TL_leto_2020_mapa.png 1226w\" sizes=\"(max-width: 1024px) 100vw, 1024px\" \/><\/figure>\n\n\n\n<figure class=\"wp-block-image\"><img loading=\"lazy\" decoding=\"async\" width=\"1024\" height=\"721\" src=\"https:\/\/regiontatry.sk\/wp-content\/uploads\/2020\/07\/SP_leto_2020_mapa-1024x721.png\" alt=\"\" class=\"wp-image-5031917\" srcset=\"https:\/\/regiontatry.sk\/wp-content\/uploads\/2020\/07\/SP_leto_2020_mapa-1024x721.png 1024w, https:\/\/regiontatry.sk\/wp-content\/uploads\/2020\/07\/SP_leto_2020_mapa-300x211.png 300w, https:\/\/regiontatry.sk\/wp-content\/uploads\/2020\/07\/SP_leto_2020_mapa-768x541.png 768w, https:\/\/regiontatry.sk\/wp-content\/uploads\/2020\/07\/SP_leto_2020_mapa-698x491.png 698w, https:\/\/regiontatry.sk\/wp-content\/uploads\/2020\/07\/SP_leto_2020_mapa-552x389.png 552w, https:\/\/regiontatry.sk\/wp-content\/uploads\/2020\/07\/SP_leto_2020_mapa.png 1230w\" sizes=\"(max-width: 1024px) 100vw, 1024px\" \/><\/figure>\n","protected":false},"excerpt":{"rendered":"<p>Auch dieses Jahr, aber in einem neuen Format, warten auf Familien mit Kindern neue ungew\u00f6hnliche Abenteuer mit dem&nbsp;\u00d6ko\u2013freundlichen Projekt der Tatra Wildnis. Wieder etwas interessanter, etwas abenteuerlicher, und voll von spannenden Etappen in der ganzen Tatra. Kinder entdecken die sch\u00f6nsten und interessantesten Stellen in der Tatra auf eine unterhaltsame und edukative Weise.&nbsp;Unsere 4 Tierfreunde &#8211; [&hellip;]<\/p>\n","protected":false},"author":4,"featured_media":21469,"parent":21690,"menu_order":0,"comment_status":"closed","ping_status":"closed","template":"template-simple-page.php","meta":{"footnotes":""},"class_list":["post-21467","page","type-page","status-publish","has-post-thumbnail","hentry"],"_links":{"self":[{"href":"https:\/\/regiontatry.sk\/de\/wp-json\/wp\/v2\/pages\/21467"}],"collection":[{"href":"https:\/\/regiontatry.sk\/de\/wp-json\/wp\/v2\/pages"}],"about":[{"href":"https:\/\/regiontatry.sk\/de\/wp-json\/wp\/v2\/types\/page"}],"author":[{"embeddable":true,"href":"https:\/\/regiontatry.sk\/de\/wp-json\/wp\/v2\/users\/4"}],"replies":[{"embeddable":true,"href":"https:\/\/regiontatry.sk\/de\/wp-json\/wp\/v2\/comments?post=21467"}],"version-history":[{"count":10,"href":"https:\/\/regiontatry.sk\/de\/wp-json\/wp\/v2\/pages\/21467\/revisions"}],"predecessor-version":[{"id":5235807,"href":"https:\/\/regiontatry.sk\/de\/wp-json\/wp\/v2\/pages\/21467\/revisions\/5235807"}],"up":[{"embeddable":true,"href":"https:\/\/regiontatry.sk\/de\/wp-json\/wp\/v2\/pages\/21690"}],"wp:featuredmedia":[{"embeddable":true,"href":"https:\/\/regiontatry.sk\/de\/wp-json\/wp\/v2\/media\/21469"}],"wp:attachment":[{"href":"https:\/\/regiontatry.sk\/de\/wp-json\/wp\/v2\/media?parent=21467"}],"curies":[{"name":"wp","href":"https:\/\/api.w.org\/{rel}","templated":true}]}}