{"id":21479,"date":"2018-09-07T13:33:16","date_gmt":"2018-09-07T11:33:16","guid":{"rendered":"https:\/\/regiontatry.sk\/pobyty-s-tatry-card\/"},"modified":"2019-12-16T14:30:22","modified_gmt":"2019-12-16T13:30:22","slug":"aufenthalte-mit-der-tatry-card","status":"publish","type":"page","link":"https:\/\/regiontatry.sk\/de\/unterkunft\/sonderangebote\/aufenthalte-mit-der-tatry-card\/","title":{"rendered":"Aufenthalte mit der Tatry Card"},"content":{"rendered":"\n<div class=\"wp-block-image\"><figure class=\"alignright\"><img decoding=\"async\" src=\"http:\/\/regiontatry.sk\/wp-content\/uploads\/2015\/04\/Tatry_Card_web.png\" alt=\"\"\/><\/figure><\/div>\n\n\n\n<p>W\u00e4hlen Sie ein modernes Hotel, eine Familienpension, ein gem\u00fctliches Appartement oder eine H\u00fctte, machen Sie Urlaub in der Tatra und genie\u00dfen Sie Rabatte mit der regionalen TATRY Card.<\/p>\n\n\n\n<p>Mehr \u00fcber die regionale Karte\u00a0<strong><a href=\"\/de\/unterkunft\/was-ist-die-tatry-card\/\" target=\"_blank\" rel=\"noreferrer noopener\" aria-label=\"TATRY Card (otvor\u00ed sa v novej karte)\">TATRY Card<\/a><\/strong><\/p>\n","protected":false},"excerpt":{"rendered":"<p>W\u00e4hlen Sie ein modernes Hotel, eine Familienpension, ein gem\u00fctliches Appartement oder eine H\u00fctte, machen Sie Urlaub in der Tatra und genie\u00dfen Sie Rabatte mit der regionalen TATRY Card. Mehr \u00fcber die regionale Karte\u00a0TATRY Card<\/p>\n","protected":false},"author":1,"featured_media":0,"parent":21681,"menu_order":0,"comment_status":"closed","ping_status":"closed","template":"template-objects.php","meta":{"footnotes":""},"class_list":["post-21479","page","type-page","status-publish","hentry"],"_links":{"self":[{"href":"https:\/\/regiontatry.sk\/de\/wp-json\/wp\/v2\/pages\/21479"}],"collection":[{"href":"https:\/\/regiontatry.sk\/de\/wp-json\/wp\/v2\/pages"}],"about":[{"href":"https:\/\/regiontatry.sk\/de\/wp-json\/wp\/v2\/types\/page"}],"author":[{"embeddable":true,"href":"https:\/\/regiontatry.sk\/de\/wp-json\/wp\/v2\/users\/1"}],"replies":[{"embeddable":true,"href":"https:\/\/regiontatry.sk\/de\/wp-json\/wp\/v2\/comments?post=21479"}],"version-history":[{"count":3,"href":"https:\/\/regiontatry.sk\/de\/wp-json\/wp\/v2\/pages\/21479\/revisions"}],"predecessor-version":[{"id":23020,"href":"https:\/\/regiontatry.sk\/de\/wp-json\/wp\/v2\/pages\/21479\/revisions\/23020"}],"up":[{"embeddable":true,"href":"https:\/\/regiontatry.sk\/de\/wp-json\/wp\/v2\/pages\/21681"}],"wp:attachment":[{"href":"https:\/\/regiontatry.sk\/de\/wp-json\/wp\/v2\/media?parent=21479"}],"curies":[{"name":"wp","href":"https:\/\/api.w.org\/{rel}","templated":true}]}}