{"id":21480,"date":"2018-09-07T13:32:08","date_gmt":"2018-09-07T11:32:08","guid":{"rendered":"https:\/\/regiontatry.sk\/kongresy\/"},"modified":"2019-12-16T14:26:34","modified_gmt":"2019-12-16T13:26:34","slug":"kongresse","status":"publish","type":"page","link":"https:\/\/regiontatry.sk\/de\/unterkunft\/sonderangebote\/kongresse\/","title":{"rendered":"Kongresse"},"content":{"rendered":"\n<p>W\u00e4hlen Sie aus\neinem reichen Angebot von R\u00e4umen und S\u00e4len f\u00fcr <strong>Kongresse, Konferenzen, Arbeitstreffen, Firmen-,\nKultur- und Gesellschaftsveranstaltungen. <\/strong>Die Hohe Tatra ist\neine ideale Kongressdestination dank dem spezifischen Natur-, Kultur- und\nGeschichtereichtum. <\/p>\n\n\n\n<p>(Anmerkung:\nDie Einrichtungen sind nach maximaler Raumkapazit\u00e4t geordnet und f\u00fcr die\nRichtigkeit der Informationen sind einzelne Subjekte verantwortlich.)<\/p>\n","protected":false},"excerpt":{"rendered":"<p>W\u00e4hlen Sie aus einem reichen Angebot von R\u00e4umen und S\u00e4len f\u00fcr Kongresse, Konferenzen, Arbeitstreffen, Firmen-, Kultur- und Gesellschaftsveranstaltungen. Die Hohe Tatra ist eine ideale Kongressdestination dank dem spezifischen Natur-, Kultur- und Geschichtereichtum. (Anmerkung: Die Einrichtungen sind nach maximaler Raumkapazit\u00e4t geordnet und f\u00fcr die Richtigkeit der Informationen sind einzelne Subjekte verantwortlich.)<\/p>\n","protected":false},"author":1,"featured_media":0,"parent":21681,"menu_order":0,"comment_status":"closed","ping_status":"closed","template":"template-objects.php","meta":{"footnotes":""},"class_list":["post-21480","page","type-page","status-publish","hentry"],"_links":{"self":[{"href":"https:\/\/regiontatry.sk\/de\/wp-json\/wp\/v2\/pages\/21480"}],"collection":[{"href":"https:\/\/regiontatry.sk\/de\/wp-json\/wp\/v2\/pages"}],"about":[{"href":"https:\/\/regiontatry.sk\/de\/wp-json\/wp\/v2\/types\/page"}],"author":[{"embeddable":true,"href":"https:\/\/regiontatry.sk\/de\/wp-json\/wp\/v2\/users\/1"}],"replies":[{"embeddable":true,"href":"https:\/\/regiontatry.sk\/de\/wp-json\/wp\/v2\/comments?post=21480"}],"version-history":[{"count":1,"href":"https:\/\/regiontatry.sk\/de\/wp-json\/wp\/v2\/pages\/21480\/revisions"}],"predecessor-version":[{"id":23018,"href":"https:\/\/regiontatry.sk\/de\/wp-json\/wp\/v2\/pages\/21480\/revisions\/23018"}],"up":[{"embeddable":true,"href":"https:\/\/regiontatry.sk\/de\/wp-json\/wp\/v2\/pages\/21681"}],"wp:attachment":[{"href":"https:\/\/regiontatry.sk\/de\/wp-json\/wp\/v2\/media?parent=21480"}],"curies":[{"name":"wp","href":"https:\/\/api.w.org\/{rel}","templated":true}]}}