{"id":21481,"date":"2018-09-07T13:30:21","date_gmt":"2018-09-07T11:30:21","guid":{"rendered":"https:\/\/regiontatry.sk\/dog-pet-friendly\/"},"modified":"2019-12-16T14:21:26","modified_gmt":"2019-12-16T13:21:26","slug":"dog-pet-friendly","status":"publish","type":"page","link":"https:\/\/regiontatry.sk\/de\/unterkunft\/sonderangebote\/dog-pet-friendly\/","title":{"rendered":"Dog \/ Pet Friendly"},"content":{"rendered":"\n<p>\u00dcbernachten FindeFinden Sie Unterkunft f\u00fcr sich und <strong>Ihr Haustier <\/strong>und genie\u00dfen Sie unvergessliche Tage zusammen in der Tatra!\u00a0<\/p>\n","protected":false},"excerpt":{"rendered":"<p>\u00dcbernachten FindeFinden Sie Unterkunft f\u00fcr sich und Ihr Haustier und genie\u00dfen Sie unvergessliche Tage zusammen in der Tatra!\u00a0<\/p>\n","protected":false},"author":1,"featured_media":0,"parent":21681,"menu_order":0,"comment_status":"closed","ping_status":"closed","template":"template-objects.php","meta":{"footnotes":""},"class_list":["post-21481","page","type-page","status-publish","hentry"],"_links":{"self":[{"href":"https:\/\/regiontatry.sk\/de\/wp-json\/wp\/v2\/pages\/21481"}],"collection":[{"href":"https:\/\/regiontatry.sk\/de\/wp-json\/wp\/v2\/pages"}],"about":[{"href":"https:\/\/regiontatry.sk\/de\/wp-json\/wp\/v2\/types\/page"}],"author":[{"embeddable":true,"href":"https:\/\/regiontatry.sk\/de\/wp-json\/wp\/v2\/users\/1"}],"replies":[{"embeddable":true,"href":"https:\/\/regiontatry.sk\/de\/wp-json\/wp\/v2\/comments?post=21481"}],"version-history":[{"count":1,"href":"https:\/\/regiontatry.sk\/de\/wp-json\/wp\/v2\/pages\/21481\/revisions"}],"predecessor-version":[{"id":23010,"href":"https:\/\/regiontatry.sk\/de\/wp-json\/wp\/v2\/pages\/21481\/revisions\/23010"}],"up":[{"embeddable":true,"href":"https:\/\/regiontatry.sk\/de\/wp-json\/wp\/v2\/pages\/21681"}],"wp:attachment":[{"href":"https:\/\/regiontatry.sk\/de\/wp-json\/wp\/v2\/media?parent=21481"}],"curies":[{"name":"wp","href":"https:\/\/api.w.org\/{rel}","templated":true}]}}