{"id":21494,"date":"2018-09-07T10:55:24","date_gmt":"2018-09-07T08:55:24","guid":{"rendered":"https:\/\/regiontatry.sk\/klimaticke-kupele\/"},"modified":"2019-12-16T14:48:42","modified_gmt":"2019-12-16T13:48:42","slug":"klimatische-heilbader","status":"publish","type":"page","link":"https:\/\/regiontatry.sk\/de\/wellness-und-entspannung\/klimatische-heilbader\/","title":{"rendered":"Klimatische Heilb\u00e4der"},"content":{"rendered":"\n<p>Die Hohe Tatra wird dank dem\nKlima und der Meeresh\u00f6he als eine bedeutende Kurortregion betrachtet. <\/p>\n\n\n\n<p>F\u00fcr den Gr\u00fcnder der\nKlimatotherapie in der Hohen Tatra wird Mikul\u00e1\u0161 Szont\u00e1g Sr. gehalten, und zwar\nvor allem dank der Errichtung von Nov\u00fd Smokovec im Jahre 1875. Klimatische\nHeilb\u00e4der wurden gebaut, weil die Region vorteilhafte Bedingungen zur Heilung\nverschiedener Atemwegeerkrankungen, z.B. Asthma bot. Nach dem 2. Weltkrieg\nentstand im Jahre 1947 die Stadt Vysok\u00e9 Tatry, die drei Hauptfunktionen\nerf\u00fcllte: 1. Touristik, Rekreation und Sport, 2. Heilung und 3. Naturschutz und\nForschung. In derselben Zeit begann die Kurorttradition in der Tatra. <\/p>\n","protected":false},"excerpt":{"rendered":"<p>Die Hohe Tatra wird dank dem Klima und der Meeresh\u00f6he als eine bedeutende Kurortregion betrachtet. F\u00fcr den Gr\u00fcnder der Klimatotherapie in der Hohen Tatra wird Mikul\u00e1\u0161 Szont\u00e1g Sr. gehalten, und zwar vor allem dank der Errichtung von Nov\u00fd Smokovec im Jahre 1875. Klimatische Heilb\u00e4der wurden gebaut, weil die Region vorteilhafte Bedingungen zur Heilung verschiedener Atemwegeerkrankungen, [&hellip;]<\/p>\n","protected":false},"author":1,"featured_media":8955224,"parent":21505,"menu_order":0,"comment_status":"closed","ping_status":"closed","template":"template-objects.php","meta":{"footnotes":""},"class_list":["post-21494","page","type-page","status-publish","has-post-thumbnail","hentry"],"_links":{"self":[{"href":"https:\/\/regiontatry.sk\/de\/wp-json\/wp\/v2\/pages\/21494"}],"collection":[{"href":"https:\/\/regiontatry.sk\/de\/wp-json\/wp\/v2\/pages"}],"about":[{"href":"https:\/\/regiontatry.sk\/de\/wp-json\/wp\/v2\/types\/page"}],"author":[{"embeddable":true,"href":"https:\/\/regiontatry.sk\/de\/wp-json\/wp\/v2\/users\/1"}],"replies":[{"embeddable":true,"href":"https:\/\/regiontatry.sk\/de\/wp-json\/wp\/v2\/comments?post=21494"}],"version-history":[{"count":1,"href":"https:\/\/regiontatry.sk\/de\/wp-json\/wp\/v2\/pages\/21494\/revisions"}],"predecessor-version":[{"id":23032,"href":"https:\/\/regiontatry.sk\/de\/wp-json\/wp\/v2\/pages\/21494\/revisions\/23032"}],"up":[{"embeddable":true,"href":"https:\/\/regiontatry.sk\/de\/wp-json\/wp\/v2\/pages\/21505"}],"wp:featuredmedia":[{"embeddable":true,"href":"https:\/\/regiontatry.sk\/de\/wp-json\/wp\/v2\/media\/8955224"}],"wp:attachment":[{"href":"https:\/\/regiontatry.sk\/de\/wp-json\/wp\/v2\/media?parent=21494"}],"curies":[{"name":"wp","href":"https:\/\/api.w.org\/{rel}","templated":true}]}}