{"id":21499,"date":"2018-08-28T11:50:12","date_gmt":"2018-08-28T09:50:12","guid":{"rendered":"https:\/\/regiontatry.sk\/tipy-na-vylety-v-okoli\/"},"modified":"2019-12-17T12:14:53","modified_gmt":"2019-12-17T11:14:53","slug":"ausfluge-in-die-umgebung","status":"publish","type":"page","link":"https:\/\/regiontatry.sk\/de\/region\/ausfluge-in-die-umgebung\/","title":{"rendered":"Ausfl\u00fcge in die Umgebung"},"content":{"rendered":"\n<p>Die Region der Tatra bietet eine breite Auswahl von Kultursehensw\u00fcrdigkeiten, die unsere Vorfahren hinterlie\u00dfen. Bewundern kann man mehr als nur Werke des Menschen. Die Natur schafft auch wundersch\u00f6ne Meisterst\u00fccke. Schauen Sie sich um. <br><br><\/p>\n\n\n\n<div class=\"wp-block-image\"><figure class=\"alignright is-resized\"><img decoding=\"async\" src=\"https:\/\/regiontatry.sk\/wp-content\/uploads\/2018\/10\/spissky-hrad2.jpg\" alt=\"\" class=\"wp-image-5818\" width=\"400\" srcset=\"https:\/\/regiontatry.sk\/wp-content\/uploads\/2018\/10\/spissky-hrad2.jpg 1000w, https:\/\/regiontatry.sk\/wp-content\/uploads\/2018\/10\/spissky-hrad2-300x200.jpg 300w, https:\/\/regiontatry.sk\/wp-content\/uploads\/2018\/10\/spissky-hrad2-768x512.jpg 768w\" sizes=\"(max-width: 1000px) 100vw, 1000px\" \/><\/figure><\/div>\n\n\n\n<h3 class=\"wp-block-heading\">Zipser Burg<\/h3>\n\n\n\n<p>Die Zipser Burg ist eines der wichtigsten Juwelen europ\u00e4ischer Kultur und der gr\u00f6\u00dfte Burgkomplex in Mitteleuropa. Im Jahre 1993 wurde sie zusammen mit deren Umgebung in die Liste des UNESCO-Weltkulturerbens eingeschrieben. W\u00e4hrend der Besichtigung erhaltener Burgruinen besucht man auch einen Aussichtsturm und eine Exposition arch\u00e4ologischer Entdeckungen und Militaria, eine Folterkammer und eine gotische Kapelle der Hl. Elisabeth. Zur Burg f\u00fchrt eine Stra\u00dfe von Spi\u0161sk\u00e9 Podhradie. Die Fahrt von Poprad mit dem Auto dauert ung. 45 min.<br><br><\/p>\n\n\n\n<div class=\"wp-block-image\"><figure class=\"alignleft is-resized\"><img decoding=\"async\" src=\"https:\/\/regiontatry.sk\/wp-content\/uploads\/2018\/10\/spisska-kapitula.jpg\" alt=\"\" class=\"wp-image-5868\" width=\"400\" srcset=\"https:\/\/regiontatry.sk\/wp-content\/uploads\/2018\/10\/spisska-kapitula.jpg 1200w, https:\/\/regiontatry.sk\/wp-content\/uploads\/2018\/10\/spisska-kapitula-300x200.jpg 300w, https:\/\/regiontatry.sk\/wp-content\/uploads\/2018\/10\/spisska-kapitula-768x512.jpg 768w, https:\/\/regiontatry.sk\/wp-content\/uploads\/2018\/10\/spisska-kapitula-1024x683.jpg 1024w\" sizes=\"(max-width: 1200px) 100vw, 1200px\" \/><\/figure><\/div>\n\n\n\n<h3 class=\"wp-block-heading\">Zipser Kapitel<\/h3>\n\n\n\n<p>Die Zipser Kapitel ist eines der Zentren des Kirchenschulwesens in der Slowakei. Man kann dort auch die romanische Kathedrale des Hl. Martin finden, die auf der UNESCO-Liste ist. Sie ist t\u00e4glich von 9:00 bis 16:30 Uhr ge\u00f6ffnet. Von Spi\u0161sk\u00e9 Podhradie f\u00fchrt dort eine Stra\u00dfe.<br><br><\/p>\n\n\n\n<div class=\"wp-block-image\"><figure class=\"alignright is-resized\"><img decoding=\"async\" src=\"https:\/\/regiontatry.sk\/wp-content\/uploads\/2018\/10\/levoca.jpg\" alt=\"\" class=\"wp-image-5870\" width=\"400\" srcset=\"https:\/\/regiontatry.sk\/wp-content\/uploads\/2018\/10\/levoca.jpg 1024w, https:\/\/regiontatry.sk\/wp-content\/uploads\/2018\/10\/levoca-300x175.jpg 300w, https:\/\/regiontatry.sk\/wp-content\/uploads\/2018\/10\/levoca-768x449.jpg 768w\" sizes=\"(max-width: 1024px) 100vw, 1024px\" \/><\/figure><\/div>\n\n\n\n<h3 class=\"wp-block-heading\">Levo\u010da<\/h3>\n\n\n\n<p>Die \u00e4ltesten Entdeckungen, die in Levo\u010da gefunden wurden, stammen aus dem 9. Jahrhundert. Das historische Stadtzentrum wurde in 1950 zum Denkmalschutzgebiet erkl\u00e4rt. Das Schutzwallsystem ist fast komplett erhalten, aus f\u00fcnfzehn Bastionen und T\u00fcrme blieben sechs, davon drei Tore. In der Kirche des Hl. Jacob (UNESCO) in der Mitte des Stadtplatzes befindet sich der h\u00f6chste gotische Altar der Welt (18,62\u2005m), den Meister Paul im 16. Jahrhundert aus Lindenholz machte. \u00dcber der Stadt ragt der sogenannte Marianische Berg mit einer Kathedrale, wo die gr\u00f6\u00dfte Marienwallfahrt in der Slowakei stattfindet. Besucht wurde sie im Jahre 1995 auch vom Papst Johannes Paul II. Die Fahrt von Poprad mit dem Auto dauert ung. 30 min.<br><br><\/p>\n\n\n\n<div class=\"wp-block-image\"><figure class=\"alignleft is-resized\"><img decoding=\"async\" src=\"https:\/\/regiontatry.sk\/wp-content\/uploads\/2018\/10\/hrad-lubovna2.jpg\" alt=\"\" class=\"wp-image-5902\" width=\"400\" srcset=\"https:\/\/regiontatry.sk\/wp-content\/uploads\/2018\/10\/hrad-lubovna2.jpg 900w, https:\/\/regiontatry.sk\/wp-content\/uploads\/2018\/10\/hrad-lubovna2-300x200.jpg 300w, https:\/\/regiontatry.sk\/wp-content\/uploads\/2018\/10\/hrad-lubovna2-768x512.jpg 768w\" sizes=\"(max-width: 900px) 100vw, 900px\" \/><\/figure><\/div>\n\n\n\n<h3 class=\"wp-block-heading\">Star\u00e1 \u013dubov\u0148a<\/h3>\n\n\n\n<p>Die Dominante der Stadt ist die Burg \u013dubov\u0148a, die anfangs des 14. Jahrhunderts gebaut wurde. In der Vergangenheit waren hier polnische Kr\u00f6nungskleinodien versteckt und auch der weltber\u00fchmte Slowake Moritz August Benjowski wurde in der Burg festgehalten. Die breite \u00d6ffentlichkeit kann einen neurenovierten Palast und die Burgbrauerei besuchen. Die Burgbesichtigung dauert 80 Minuten. Unter der Burg befindet sich ein Freilichtmuseum, das die Volksarchitektur der ethnisch gemischten Region der nord\u00f6stlichen Zips und der nordwestlichen Scharosch repr\u00e4sentiert. Man findet dort verschiedene Wohnh\u00e4user, eine Schmiedeesse, eine M\u00fchle und eine Tischlerwerkstatt, die unter die Burg von \u013dubov\u0148a aus der ganzen Region gebracht wurden. Ge\u00f6ffnet ist es t\u00e4glich von 9:00 bis 19:00 Uhr. Die Fahrt von Poprad mit dem Auto dauert ung. 50 min.<br><br><\/p>\n\n\n\n<div class=\"wp-block-image\"><figure class=\"alignright is-resized\"><img decoding=\"async\" src=\"https:\/\/regiontatry.sk\/wp-content\/uploads\/2018\/10\/nestville.jpg\" alt=\"\" class=\"wp-image-5874\" width=\"400\" srcset=\"https:\/\/regiontatry.sk\/wp-content\/uploads\/2018\/10\/nestville.jpg 1200w, https:\/\/regiontatry.sk\/wp-content\/uploads\/2018\/10\/nestville-300x196.jpg 300w, https:\/\/regiontatry.sk\/wp-content\/uploads\/2018\/10\/nestville-768x502.jpg 768w, https:\/\/regiontatry.sk\/wp-content\/uploads\/2018\/10\/nestville-1024x670.jpg 1024w\" sizes=\"(max-width: 1200px) 100vw, 1200px\" \/><\/figure><\/div>\n\n\n\n<h3 class=\"wp-block-heading\"><br>Nestville Park, Hniezdne<\/h3>\n\n\n\n<p>Der Nestville Park in der Ortschaft Hniezdne pr\u00e4sentiert die Geschichte, traditionelle Handwerke, au\u00dfergew\u00f6hnliche Handfertigkeit lokaler Einwohner und Ger\u00e4te, die sie benutzten. Die Besucher k\u00f6nnen hier etwas \u00fcber die Herstellung von Alkohol von der Vergangenheit bis heute lernen und am Ende der Besichtigung wartet auf sie eine spezielle Belohnung \u2013 ein Getr\u00e4nk aus der Firmenproduktion. Ge\u00f6ffnet ist der Park t\u00e4glich von 9:00 bis 17:00 Uhr und die Besichtigung dauert ung. 90 min. Die Fahrt von Poprad mit dem Auto dauert ung. 50 min.<br><br><\/p>\n\n\n\n<div class=\"wp-block-image\"><figure class=\"alignleft is-resized\"><img decoding=\"async\" src=\"https:\/\/regiontatry.sk\/wp-content\/uploads\/2018\/10\/demanovskadolina.jpg\" alt=\"\" class=\"wp-image-5876\" width=\"400\" srcset=\"https:\/\/regiontatry.sk\/wp-content\/uploads\/2018\/10\/demanovskadolina.jpg 800w, https:\/\/regiontatry.sk\/wp-content\/uploads\/2018\/10\/demanovskadolina-300x225.jpg 300w, https:\/\/regiontatry.sk\/wp-content\/uploads\/2018\/10\/demanovskadolina-768x576.jpg 768w\" sizes=\"(max-width: 800px) 100vw, 800px\" \/><\/figure><\/div>\n\n\n\n<h3 class=\"wp-block-heading\">Dem\u00e4novsk\u00e1 dolina<\/h3>\n\n\n\n<p>Dem\u00e4novsk\u00e1 dolina ist das sch\u00f6nste Tal der Niederen Tatra. Es ist 16 km lang und geh\u00f6rt zum Nationalpark der Niederen Tatra, in dem man viele wertvolle Unikate findet, z.B. Karst von Dem\u00e4nov\u00e1, Vrbick\u00e9 pleso (Bergsee), Dem\u00e4novsk\u00e1 jasky\u0148a slobody (H\u00f6hle) und Dem\u00e4novsk\u00e1 \u013eadov\u00e1 jasky\u0148a (Eish\u00f6hle). In der Umgebung kann man Seilbahnausfl\u00fcge machen, einen Bikepark besuchen oder auf markierten Pfaden wandern. Die Fahrt von Poprad mit dem Auto dauert ung. 50 min.<br><br><\/p>\n\n\n\n<div class=\"wp-block-image\"><figure class=\"alignright is-resized\"><img decoding=\"async\" src=\"https:\/\/regiontatry.sk\/wp-content\/uploads\/2018\/10\/slovenskyraj.jpg\" alt=\"\" class=\"wp-image-5878\" width=\"400\" srcset=\"https:\/\/regiontatry.sk\/wp-content\/uploads\/2018\/10\/slovenskyraj.jpg 1357w, https:\/\/regiontatry.sk\/wp-content\/uploads\/2018\/10\/slovenskyraj-300x199.jpg 300w, https:\/\/regiontatry.sk\/wp-content\/uploads\/2018\/10\/slovenskyraj-768x509.jpg 768w, https:\/\/regiontatry.sk\/wp-content\/uploads\/2018\/10\/slovenskyraj-1024x679.jpg 1024w\" sizes=\"(max-width: 1357px) 100vw, 1357px\" \/><\/figure><\/div>\n\n\n\n<h3 class=\"wp-block-heading\">Slowakisches Paradies<\/h3>\n\n\n\n<p>Im Norden des Slowakischen Erzgebirges, zwischen den Ortschaften Spi\u0161sk\u00e1 Nov\u00e1 Ves, Hranovnica und Dob\u0161in\u00e1 ragt ein Kalksteingebirge, das Slowakisches Paradies benannt wurde. Es ist ein gegliedertes Karstgebiet mit vielen Kluften, Engp\u00e4ssen, engen T\u00e4lern und Canons, sowie erhaltenen Ebenen reich an Karstgebilden. Im Gebirge sind ungef\u00e4hr 300 km markierte Touristenpfade und zug\u00e4nglich ist es von den Ortschaften Podlesok oder \u010cingov. Die Fahrt von Poprad mit dem Auto dauert ung. 20 min.<br><br><\/p>\n\n\n\n<div class=\"wp-block-image\"><figure class=\"alignleft is-resized\"><img decoding=\"async\" src=\"https:\/\/regiontatry.sk\/wp-content\/uploads\/2018\/10\/zakopane.jpeg\" alt=\"\" class=\"wp-image-5880\" width=\"400\" srcset=\"https:\/\/regiontatry.sk\/wp-content\/uploads\/2018\/10\/zakopane.jpeg 938w, https:\/\/regiontatry.sk\/wp-content\/uploads\/2018\/10\/zakopane-300x200.jpeg 300w, https:\/\/regiontatry.sk\/wp-content\/uploads\/2018\/10\/zakopane-768x513.jpeg 768w\" sizes=\"(max-width: 938px) 100vw, 938px\" \/><\/figure><\/div>\n\n\n\n<h3 class=\"wp-block-heading\">Zakopane, Polen<\/h3>\n\n\n\n<p>Zakopane ist eine Touristenstadt im polnischen Teil der Tatra, ein ideales Zielort f\u00fcr einen Tagesausflug mit einer angenehmen Atmosph\u00e4re. An einem Tag kann man hier eine Seilbahnfahrt zum Berg Kasprowy Wierch machen, im Wasserpark baden und im lebhaften Stadtzentrum die bekannteste Einkaufsstra\u00dfe Krupowki entlang spazieren. <\/p>\n","protected":false},"excerpt":{"rendered":"<p>Die Region der Tatra bietet eine breite Auswahl von Kultursehensw\u00fcrdigkeiten, die unsere Vorfahren hinterlie\u00dfen. Bewundern kann man mehr als nur Werke des Menschen. Die Natur schafft auch wundersch\u00f6ne Meisterst\u00fccke. Schauen Sie sich um. Zipser Burg Die Zipser Burg ist eines der wichtigsten Juwelen europ\u00e4ischer Kultur und der gr\u00f6\u00dfte Burgkomplex in Mitteleuropa. Im Jahre 1993 wurde [&hellip;]<\/p>\n","protected":false},"author":4,"featured_media":21501,"parent":21511,"menu_order":0,"comment_status":"closed","ping_status":"closed","template":"template-simple-page.php","meta":{"footnotes":""},"class_list":["post-21499","page","type-page","status-publish","has-post-thumbnail","hentry"],"_links":{"self":[{"href":"https:\/\/regiontatry.sk\/de\/wp-json\/wp\/v2\/pages\/21499"}],"collection":[{"href":"https:\/\/regiontatry.sk\/de\/wp-json\/wp\/v2\/pages"}],"about":[{"href":"https:\/\/regiontatry.sk\/de\/wp-json\/wp\/v2\/types\/page"}],"author":[{"embeddable":true,"href":"https:\/\/regiontatry.sk\/de\/wp-json\/wp\/v2\/users\/4"}],"replies":[{"embeddable":true,"href":"https:\/\/regiontatry.sk\/de\/wp-json\/wp\/v2\/comments?post=21499"}],"version-history":[{"count":1,"href":"https:\/\/regiontatry.sk\/de\/wp-json\/wp\/v2\/pages\/21499\/revisions"}],"predecessor-version":[{"id":23137,"href":"https:\/\/regiontatry.sk\/de\/wp-json\/wp\/v2\/pages\/21499\/revisions\/23137"}],"up":[{"embeddable":true,"href":"https:\/\/regiontatry.sk\/de\/wp-json\/wp\/v2\/pages\/21511"}],"wp:featuredmedia":[{"embeddable":true,"href":"https:\/\/regiontatry.sk\/de\/wp-json\/wp\/v2\/media\/21501"}],"wp:attachment":[{"href":"https:\/\/regiontatry.sk\/de\/wp-json\/wp\/v2\/media?parent=21499"}],"curies":[{"name":"wp","href":"https:\/\/api.w.org\/{rel}","templated":true}]}}