{"id":21502,"date":"2018-08-28T11:35:25","date_gmt":"2018-08-28T09:35:25","guid":{"rendered":"https:\/\/regiontatry.sk\/kryoterapia\/"},"modified":"2019-12-16T14:46:30","modified_gmt":"2019-12-16T13:46:30","slug":"kryotherapie","status":"publish","type":"page","link":"https:\/\/regiontatry.sk\/de\/wellness-und-entspannung\/kryotherapie\/","title":{"rendered":"Kryotherapie"},"content":{"rendered":"\n<h2 class=\"wp-block-heading\">Kryotherapie<\/h2>\n\n\n\n<p>Auf dem menschlichen K\u00f6rper sind etwa 250 000 Rezeptoren, die auf K\u00e4lte reagieren, im Vergleich \u201enur\u201c zu 30\u00a0000 W\u00e4rme-Rezeptoren. Sie sind ungleichm\u00e4\u00dfig in der Haut verteilt, am meisten auf dem Gesicht, Bauch und auf den H\u00e4nden und an Fingerspitzen. Kryotherapie stimuliert sie mit Stress aus der K\u00e4lte und dem Unbekannten, was <strong>eine Reaktion der menschlichen Hormone-Fabrik hervorruft, zur Verengung von Blutgef\u00e4\u00dfen und Produktion von Adrenalin, Testosteron und anderen Stoffen f\u00fchrt, die Sauerstoffversorgung der Zellen, Entz\u00fcndungsprozesse, Regeneration und Relaxation positiv beeinflussen und zum gl\u00fccklichen Gef\u00fchl f\u00fchren. <\/strong>Wie f\u00fchlt man sich in einer Kryokammer? Wie im Winter in einem T-Shirt angezogen. In Kryokammern ist die Luftfeuchtigkeit gleich Null, deshalb f\u00fchlt man die niedrige Temperatur nicht so stark. <\/p>\n\n\n\n<h2 class=\"wp-block-heading\">Kryotherapie-Zentrum<\/h2>\n\n\n\n<p>Kryotherapie ist eine moderne Methode, die intensive K\u00e4lte <strong>zur St\u00e4rkung der Gesundheit und Immunit\u00e4t in jedem Alter <\/strong>nutzt. Es ist eine geeignete Alternative bei der Heilung verschiedener Krankheiten und hat tolle Ergebnisse bei Regeneration. Deshalb ist sie sehr beliebt unter aktiven Sportlern und Menschen, die sich um Ihre Gesundheit, Vitalit\u00e4t und Kondition k\u00fcmmern. <\/p>\n\n\n\n<ul class=\"wp-block-gallery columns-2 is-cropped wp-block-gallery-2 is-layout-flex wp-block-gallery-is-layout-flex\"><li class=\"blocks-gallery-item\"><figure><img loading=\"lazy\" decoding=\"async\" width=\"1232\" height=\"820\" src=\"https:\/\/regiontatry.sk\/wp-content\/uploads\/2018\/08\/kryo.jpg\" alt=\"\" data-id=\"2182\" data-link=\"https:\/\/regiontatry.sk\/wellness-a-relax\/kryoterapia\/kryo\/\" class=\"wp-image-2182\" srcset=\"https:\/\/regiontatry.sk\/wp-content\/uploads\/2018\/08\/kryo.jpg 1232w, https:\/\/regiontatry.sk\/wp-content\/uploads\/2018\/08\/kryo-300x200.jpg 300w, https:\/\/regiontatry.sk\/wp-content\/uploads\/2018\/08\/kryo-768x511.jpg 768w, https:\/\/regiontatry.sk\/wp-content\/uploads\/2018\/08\/kryo-1024x682.jpg 1024w\" sizes=\"(max-width: 1232px) 100vw, 1232px\" \/><\/figure><\/li><li class=\"blocks-gallery-item\"><figure><img loading=\"lazy\" decoding=\"async\" width=\"1024\" height=\"768\" src=\"https:\/\/regiontatry.sk\/wp-content\/uploads\/2018\/08\/kryo2-1.jpg\" alt=\"\" data-id=\"2188\" data-link=\"https:\/\/regiontatry.sk\/wellness-a-relax\/kryoterapia\/kryo2-1\/\" class=\"wp-image-2188\" srcset=\"https:\/\/regiontatry.sk\/wp-content\/uploads\/2018\/08\/kryo2-1.jpg 1024w, https:\/\/regiontatry.sk\/wp-content\/uploads\/2018\/08\/kryo2-1-300x225.jpg 300w, https:\/\/regiontatry.sk\/wp-content\/uploads\/2018\/08\/kryo2-1-768x576.jpg 768w\" sizes=\"(max-width: 1024px) 100vw, 1024px\" \/><\/figure><\/li><\/ul>\n\n\n\n<p><br><strong>GANZK\u00d6RPER-KRYOTHERAPIE<\/strong> <br> Kryotherapie ist eine Heilungs- und Rehabilitationsmethode, deren Geschichte in den 70. \u2013 80. Jahren vorigen Jahrhunderts begann. Die Prozedur enth\u00e4lt drei Minuten in einer Kammer mit \u2013120 \u00b0C und intensive physische \u00dcbung \u2013 Kinesiotherapie danach. Die Zeit in der Kammer stimuliert die nat\u00fcrliche Produktion von Enzymen und Hormonen, die Heilung unterst\u00fctzen und im K\u00f6rper Selbstheilung und Regeneration \u201estarten\u201c k\u00f6nnen.<\/p>\n\n\n\n<p>Leben Sie gesund, f\u00fchlen Sie sich jung, f\u00fchlen Sie sich fit!<\/p>\n\n\n\n<p>Kryotherapie ist eine Kombination moderner Medizin mit alternativer Heilung. Ganzk\u00f6rperliche oder lokale Kryotherapie werden nicht nur bei Rehabilitation und Milderung von Krankheitsfolgen benutzt, sondern sind heutzutage auch unter aktiven Sportlern und Leuten beliebt, f\u00fcr die Kondition und Gesundheit wichtig sind. Positive Wirkungen der Kryotherapie bietet auch die spezialisierte Kryokammer in AquaCity Poprad. Au\u00dfer Ganzk\u00f6rpertherapie kann man auch lokale Therapie versuchen. <\/p>\n\n\n\n<p><strong>LOKALE KRYOTHERAPIE<br><\/strong>Lokale Kryotherapie wird erfolgreich in der Sportmedizin, bei der Heilung verschiedener Krankheiten und Unf\u00e4llen benutzt. K\u00e4lte wird auch direkt auf betroffene Stellen angewendet. <br>Lokale Anwendung kalter Luft hat viel Erfolg in der Sportmedizin, hilft bei der Heilung von Unf\u00e4llen, Verstauchungen, Durchtrainieren, H\u00e4matomen, Muskelspasmen und Narben. Sie stimuliert Blutgef\u00e4\u00dfe, reduziert den Schmerz, beschleunigt die Heilung komplizierter Krankheiten. Sie hat tolle Ergebnisse bei Verletzungen des Bewegungsapparats, Br\u00fcchen, Verstauchungen, Verrenkungen, Sehnen- und Muskelzerrungen, Rheumatismus, Verbrennungen und verschiedenen degenerativen und entz\u00fcndlichen \u00c4nderungen, Multipler Sklerose und Gelenkentz\u00fcndungen. Bei regelm\u00e4\u00dfiger Anwendung lokaler Kryotherapie heilen Unf\u00e4lle Schneller, Entz\u00fcndungen werden beseitigt, Anschwellungen werden kleiner. Lokale Kryotherapie kann man auch mit Ganzk\u00f6rpertherapie kombinieren. <br>Ganzk\u00f6rperkryotherapie k\u00f6nnen Leute w\u00e4hrend des ganzen Lebens absolvieren und so ihre Gesundheit st\u00e4rken und das Leben verbessern. <\/p>\n\n\n\n<h3 class=\"wp-block-heading\"><strong>Weitere\nInformationen \u00fcber die <\/strong><a href=\"http:\/\/www.kryo.sk\/\" target=\"_blank\" rel=\"noreferrer noopener\"><strong>KRYOKAMMER\nin Aquacity Poprad<\/strong><\/a><\/h3>\n","protected":false},"excerpt":{"rendered":"<p>Kryotherapie Auf dem menschlichen K\u00f6rper sind etwa 250 000 Rezeptoren, die auf K\u00e4lte reagieren, im Vergleich \u201enur\u201c zu 30\u00a0000 W\u00e4rme-Rezeptoren. Sie sind ungleichm\u00e4\u00dfig in der Haut verteilt, am meisten auf dem Gesicht, Bauch und auf den H\u00e4nden und an Fingerspitzen. Kryotherapie stimuliert sie mit Stress aus der K\u00e4lte und dem Unbekannten, was eine Reaktion der [&hellip;]<\/p>\n","protected":false},"author":3,"featured_media":8903437,"parent":21505,"menu_order":0,"comment_status":"closed","ping_status":"closed","template":"template-list.php","meta":{"footnotes":""},"class_list":["post-21502","page","type-page","status-publish","has-post-thumbnail","hentry"],"_links":{"self":[{"href":"https:\/\/regiontatry.sk\/de\/wp-json\/wp\/v2\/pages\/21502"}],"collection":[{"href":"https:\/\/regiontatry.sk\/de\/wp-json\/wp\/v2\/pages"}],"about":[{"href":"https:\/\/regiontatry.sk\/de\/wp-json\/wp\/v2\/types\/page"}],"author":[{"embeddable":true,"href":"https:\/\/regiontatry.sk\/de\/wp-json\/wp\/v2\/users\/3"}],"replies":[{"embeddable":true,"href":"https:\/\/regiontatry.sk\/de\/wp-json\/wp\/v2\/comments?post=21502"}],"version-history":[{"count":1,"href":"https:\/\/regiontatry.sk\/de\/wp-json\/wp\/v2\/pages\/21502\/revisions"}],"predecessor-version":[{"id":23028,"href":"https:\/\/regiontatry.sk\/de\/wp-json\/wp\/v2\/pages\/21502\/revisions\/23028"}],"up":[{"embeddable":true,"href":"https:\/\/regiontatry.sk\/de\/wp-json\/wp\/v2\/pages\/21505"}],"wp:featuredmedia":[{"embeddable":true,"href":"https:\/\/regiontatry.sk\/de\/wp-json\/wp\/v2\/media\/8903437"}],"wp:attachment":[{"href":"https:\/\/regiontatry.sk\/de\/wp-json\/wp\/v2\/media?parent=21502"}],"curies":[{"name":"wp","href":"https:\/\/api.w.org\/{rel}","templated":true}]}}