{"id":21508,"date":"2018-08-28T10:44:29","date_gmt":"2018-08-28T08:44:29","guid":{"rendered":"https:\/\/regiontatry.sk\/10-prirodnych-naj\/"},"modified":"2019-12-17T12:05:07","modified_gmt":"2019-12-17T11:05:07","slug":"top-10-der-natur","status":"publish","type":"page","link":"https:\/\/regiontatry.sk\/de\/region\/top-10-der-natur\/","title":{"rendered":"TOP 10  der Natur"},"content":{"rendered":"\n<p>Um die Sch\u00f6nheiten der Hohen Tatra zu z\u00e4hlen braucht man mehr als Finger auf beiden H\u00e4nden. Trotzdem haben wir f\u00fcr Sie zehn Natursch\u00f6nheiten ausgew\u00e4hlt, die einen Besuch wert sind. <br><br><\/p>\n\n\n\n<div class=\"wp-block-image\"><figure class=\"alignright is-resized\"><img decoding=\"async\" src=\"https:\/\/regiontatry.sk\/wp-content\/uploads\/2018\/10\/balianska-jaskyna-2.jpg\" alt=\"\" class=\"wp-image-5912\" width=\"400\" srcset=\"https:\/\/regiontatry.sk\/wp-content\/uploads\/2018\/10\/balianska-jaskyna-2.jpg 540w, https:\/\/regiontatry.sk\/wp-content\/uploads\/2018\/10\/balianska-jaskyna-2-300x225.jpg 300w\" sizes=\"(max-width: 540px) 100vw, 540px\" \/><\/figure><\/div>\n\n\n\n<h3 class=\"wp-block-heading\">Belaer H\u00f6hle<\/h3>\n\n\n\n<p>Die Belaer H\u00f6hle geh\u00f6rt zu den sch\u00f6nsten unterirdischen Juwelen der Region. Sie ist die einzige \u00f6ffentlich zug\u00e4ngliche H\u00f6hle und wurde zum nationalen Naturdenkmal erkl\u00e4rt. Sie befindet sich im H\u00fcgel Kobyl\u00ed vrch \u00fcber der Ortschaft Tatransk\u00e1 Kotlina. Ge\u00f6ffnet wurde sie im Jahre 1882 und sie hat die reichste Tropfsteindekoration von allen H\u00f6hlen der Tatra. Von der Gesamtl\u00e4nge (3829 m) sind 1370 m f\u00fcr Besucher zug\u00e4nglich. Eine elektrische Lichtanlage wurde dort schon im Jahre 1896 installiert. <br><br><\/p>\n\n\n\n<div class=\"wp-block-image\"><figure class=\"alignleft is-resized\"><img decoding=\"async\" src=\"https:\/\/regiontatry.sk\/wp-content\/uploads\/2018\/10\/vodopadskok.jpg\" alt=\"\" class=\"wp-image-5914\" width=\"400\" srcset=\"https:\/\/regiontatry.sk\/wp-content\/uploads\/2018\/10\/vodopadskok.jpg 620w, https:\/\/regiontatry.sk\/wp-content\/uploads\/2018\/10\/vodopadskok-300x194.jpg 300w\" sizes=\"(max-width: 620px) 100vw, 620px\" \/><\/figure><\/div>\n\n\n\n<h3 class=\"wp-block-heading\">Wasserfall Skok<\/h3>\n\n\n\n<p>Aus Wassersch\u00f6nheiten in der Tatra m\u00fcssen wir unbedingt den Wasserfall Skok und Kme\u0165ov Wasserfall erw\u00e4hnen. Der Wasserfall Skok (\u201eSprung\u201c im Slowakischen) springt buchst\u00e4blich im Tal Mlynick\u00e1 dolina. Der Bach Mlynica f\u00e4llt n\u00e4mlich aus einer 100 m H\u00f6he und sieht aus, als ob er springen w\u00fcrde. Der wasserreichste Wasserfall in der Hohen Tatra ist 25 m lang. Kme\u0165ov Wasserfall ist mit 80 Metern der l\u00e4ngste Wasserfall in der Hohen Tatra und befindet sich im Tal Nefcerka.<br><br><\/p>\n\n\n\n<div class=\"wp-block-image\"><figure class=\"alignright is-resized\"><img decoding=\"async\" src=\"https:\/\/regiontatry.sk\/wp-content\/uploads\/2018\/10\/strbskepleso.jpg\" alt=\"\" class=\"wp-image-5916\" width=\"400\" srcset=\"https:\/\/regiontatry.sk\/wp-content\/uploads\/2018\/10\/strbskepleso.jpg 550w, https:\/\/regiontatry.sk\/wp-content\/uploads\/2018\/10\/strbskepleso-300x200.jpg 300w\" sizes=\"(max-width: 550px) 100vw, 550px\" \/><\/figure><\/div>\n\n\n\n<h3 class=\"wp-block-heading\">\u0160trbsk\u00e9 pleso (Bergsee)<\/h3>\n\n\n\n<p>Zu der Geschichte und dem typischen Naturcharakter der Tatra geh\u00f6ren auch Bergseen. Der bekannteste und meistbesuchte Bergsee ist \u0160trbsk\u00e9 pleso, der zweitgr\u00f6\u00dfte Bergsee in der Slowakei, dessen Sch\u00f6nheit man nicht nur vom Ufer, sondern auch aus Boten bewundern kann. <br><br><\/p>\n\n\n\n<div class=\"wp-block-image\"><figure class=\"alignleft is-resized\"><img decoding=\"async\" src=\"https:\/\/regiontatry.sk\/wp-content\/uploads\/2018\/10\/hincovo.jpg\" alt=\"\" class=\"wp-image-5918\" width=\"400\" srcset=\"https:\/\/regiontatry.sk\/wp-content\/uploads\/2018\/10\/hincovo.jpg 738w, https:\/\/regiontatry.sk\/wp-content\/uploads\/2018\/10\/hincovo-300x199.jpg 300w\" sizes=\"(max-width: 738px) 100vw, 738px\" \/><\/figure><\/div>\n\n\n\n<h3 class=\"wp-block-heading\">Ve\u013ek\u00e9 Hincovo pleso (Bergsee)<\/h3>\n\n\n\n<p>In die Kategorie sonderbarer Naturerscheinungen geh\u00f6rt auch Ve\u013ek\u00e9 Hincovo pleso, der gr\u00f6\u00dfte und tiefste Karsee im slowakischen Gebiet der Hohen Tatra. Er liegt in 1946 m Meeresh\u00f6he im Tal Hincova dolina im oberen Teil des Tals Mengusovsk\u00e1 dolina, hat eine Fl\u00e4che von 20,08 ha und ist 53 m tief. <br><br><\/p>\n\n\n\n<div class=\"wp-block-image\"><figure class=\"alignright is-resized\"><img decoding=\"async\" src=\"https:\/\/regiontatry.sk\/wp-content\/uploads\/2018\/10\/koprova-dolina.jpg\" alt=\"\" class=\"wp-image-5922\" width=\"400\" srcset=\"https:\/\/regiontatry.sk\/wp-content\/uploads\/2018\/10\/koprova-dolina.jpg 800w, https:\/\/regiontatry.sk\/wp-content\/uploads\/2018\/10\/koprova-dolina-300x200.jpg 300w, https:\/\/regiontatry.sk\/wp-content\/uploads\/2018\/10\/koprova-dolina-768x512.jpg 768w\" sizes=\"(max-width: 800px) 100vw, 800px\" \/><\/figure><\/div>\n\n\n\n<h3 class=\"wp-block-heading\">K\u00f4prov\u00e1 dolina (Tal) Dolina<\/h3>\n\n\n\n<p>Durch T\u00e4ler am Fu\u00dfe hoher Berge f\u00fchren Touristenpfade. Machen Sie einen Spaziergang oder eine Wanderung und Sie werden es nicht bedauern.\u00a0 Sie bieten atemberaubende Ausblicke. Eines davon ist K\u00f4prov\u00e1 dolina, ein 12 km langes Gebiet mit vielen Seitent\u00e4lern. Der Touristenpfad, der durch das Tal f\u00fchrt, bringt Sie zu echten Natursch\u00e4tzen \u2013 gr\u00fcnen Wiesen, reichen W\u00e4ldern, zum Bach K\u00f4provsk\u00fd potok. Der Pfad geht weiter auch durch das Tal Hlinsk\u00e1 dolina zum Bergsattel Vy\u0161n\u00e9 K\u00f4provsk\u00e9 sedlo und ins Tal Mengusovsk\u00e1 dolina. Man kann so bis zur Spitze von K\u00f4provsk\u00fd \u0161t\u00edt wandern, die \u00fcber dem Tal zusammen mit dem Berg Kriv\u00e1\u0148 ragt.<br><br><\/p>\n\n\n\n<div class=\"wp-block-image\"><figure class=\"alignleft is-resized\"><img decoding=\"async\" src=\"https:\/\/regiontatry.sk\/wp-content\/uploads\/2018\/10\/krivan.jpg\" alt=\"\" class=\"wp-image-5924\" width=\"400\" srcset=\"https:\/\/regiontatry.sk\/wp-content\/uploads\/2018\/10\/krivan.jpg 800w, https:\/\/regiontatry.sk\/wp-content\/uploads\/2018\/10\/krivan-300x200.jpg 300w, https:\/\/regiontatry.sk\/wp-content\/uploads\/2018\/10\/krivan-768x511.jpg 768w\" sizes=\"(max-width: 800px) 100vw, 800px\" \/><\/figure><\/div>\n\n\n\n<h3 class=\"wp-block-heading\">Kriv\u00e1\u0148<\/h3>\n\n\n\n<p>Kriv\u00e1\u0148 ist ein imposanter Berg des westlichen Teils der Hohen Tatra. Er ist 2494,7 m hoch und besteht aus mehreren Gebirgsk\u00e4mmen, von denen der s\u00fcdliche und der s\u00fcdwestliche f\u00fcr Touristen zug\u00e4nglich sind. <br><br><\/p>\n\n\n\n<div class=\"wp-block-image\"><figure class=\"alignright is-resized\"><img decoding=\"async\" src=\"https:\/\/regiontatry.sk\/wp-content\/uploads\/2018\/10\/lomnickystit.jpg\" alt=\"\" class=\"wp-image-5926\" width=\"400\" srcset=\"https:\/\/regiontatry.sk\/wp-content\/uploads\/2018\/10\/lomnickystit.jpg 550w, https:\/\/regiontatry.sk\/wp-content\/uploads\/2018\/10\/lomnickystit-300x200.jpg 300w\" sizes=\"(max-width: 550px) 100vw, 550px\" \/><\/figure><\/div>\n\n\n\n<h3 class=\"wp-block-heading\">Lomnick\u00fd \u0161t\u00edt (Lomnitzer Spitze)<\/h3>\n\n\n\n<p>Die Lomnitzer Spitze ist eine der bekanntesten Spitzen der Tatra und die zweith\u00f6chste Spitze der Slowakei. Der Gipfel in der 2633,8 m Meeresh\u00f6he sieht wie eine dreikantige Pyramide aus. Popul\u00e4r wurde die Spitze vor allem dank einer Seilbahn, die dort von Skalnat\u00e9 pleso verkehrt. Zu Fu\u00df kann man auch hochwandern, aber nur mit einem professionellen Bergf\u00fchrer. <br><br><\/p>\n\n\n\n<div class=\"wp-block-image\"><figure class=\"alignleft is-resized\"><img decoding=\"async\" src=\"https:\/\/regiontatry.sk\/wp-content\/uploads\/2018\/10\/gerlachovsky.jpg\" alt=\"\" class=\"wp-image-5928\" width=\"400\" srcset=\"https:\/\/regiontatry.sk\/wp-content\/uploads\/2018\/10\/gerlachovsky.jpg 1920w, https:\/\/regiontatry.sk\/wp-content\/uploads\/2018\/10\/gerlachovsky-300x200.jpg 300w, https:\/\/regiontatry.sk\/wp-content\/uploads\/2018\/10\/gerlachovsky-768x512.jpg 768w, https:\/\/regiontatry.sk\/wp-content\/uploads\/2018\/10\/gerlachovsky-1024x683.jpg 1024w\" sizes=\"(max-width: 1920px) 100vw, 1920px\" \/><\/figure><\/div>\n\n\n\n<h3 class=\"wp-block-heading\">Gerlachovsk\u00fd \u0160t\u00edt<\/h3>\n\n\n\n<p>Gerlachovsk\u00fd \u0161t\u00edt mit 2654,4 m H\u00f6he ist die h\u00f6chste Spitze der Tatra und der Karpaten.<br><br><\/p>\n\n\n\n<div class=\"wp-block-image\"><figure class=\"alignright is-resized\"><img decoding=\"async\" src=\"https:\/\/regiontatry.sk\/wp-content\/uploads\/2018\/10\/sedielko.jpg\" alt=\"\" class=\"wp-image-5920\" width=\"400\" srcset=\"https:\/\/regiontatry.sk\/wp-content\/uploads\/2018\/10\/sedielko.jpg 800w, https:\/\/regiontatry.sk\/wp-content\/uploads\/2018\/10\/sedielko-698x524.jpg 698w, https:\/\/regiontatry.sk\/wp-content\/uploads\/2018\/10\/sedielko-552x414.jpg 552w, https:\/\/regiontatry.sk\/wp-content\/uploads\/2018\/10\/sedielko-300x225.jpg 300w, https:\/\/regiontatry.sk\/wp-content\/uploads\/2018\/10\/sedielko-768x576.jpg 768w\" sizes=\"(max-width: 800px) 100vw, 800px\" \/><\/figure><\/div>\n\n\n\n<h3 class=\"wp-block-heading\">Sedielko (Bergsattel)<\/h3>\n\n\n\n<p>Zu den \u201eTop Ten\u201c geh\u00f6rt auch einer der Bergs\u00e4ttel der Tatra. Sedielko befindet sich zwischen den Spitzen Zadn\u00fd \u013dadov\u00fd \u0161t\u00edt und \u0160irok\u00e1 ve\u017ea in 2376 m Meeresh\u00f6he und ist der h\u00f6chstgelegene Bergsattel, der die T\u00e4ler Mal\u00e1 Studen\u00e1 dolina und Zadn\u00e1 Javorov\u00e1 dolina verbindet. \u00dcberqueren kann man ihn aus beiden Seiten \u2013 von Star\u00fd Smokovec oder von Tatransk\u00e1 Javorina. <br><br><\/p>\n\n\n\n<div class=\"wp-block-image\"><figure class=\"alignleft is-resized\"><img decoding=\"async\" src=\"https:\/\/regiontatry.sk\/wp-content\/uploads\/2018\/10\/malykezmarsky.jpg\" alt=\"\" class=\"wp-image-5930\" width=\"400\" srcset=\"https:\/\/regiontatry.sk\/wp-content\/uploads\/2018\/10\/malykezmarsky.jpg 750w, https:\/\/regiontatry.sk\/wp-content\/uploads\/2018\/10\/malykezmarsky-300x211.jpg 300w\" sizes=\"(max-width: 750px) 100vw, 750px\" \/><\/figure><\/div>\n\n\n\n<h3 class=\"wp-block-heading\">Mal\u00fd Ke\u017emarsk\u00fd \u0160t\u00edt<br><\/h3>\n\n\n\n<p>Das letzte Mitglied unserer Gruppe ist die Wand der Spitze Mal\u00fd Ke\u017emarsk\u00fd \u0161t\u00edt, die gewaltigste Felsenwand in der Hohen Tatra. Sie ist 900 m hoch und sehr beliebt unter Bergsteigern. <\/p>\n","protected":false},"excerpt":{"rendered":"<p>Um die Sch\u00f6nheiten der Hohen Tatra zu z\u00e4hlen braucht man mehr als Finger auf beiden H\u00e4nden. Trotzdem haben wir f\u00fcr Sie zehn Natursch\u00f6nheiten ausgew\u00e4hlt, die einen Besuch wert sind. Belaer H\u00f6hle Die Belaer H\u00f6hle geh\u00f6rt zu den sch\u00f6nsten unterirdischen Juwelen der Region. Sie ist die einzige \u00f6ffentlich zug\u00e4ngliche H\u00f6hle und wurde zum nationalen Naturdenkmal erkl\u00e4rt. [&hellip;]<\/p>\n","protected":false},"author":4,"featured_media":8688227,"parent":21511,"menu_order":0,"comment_status":"closed","ping_status":"closed","template":"template-simple-page.php","meta":{"footnotes":""},"class_list":["post-21508","page","type-page","status-publish","has-post-thumbnail","hentry"],"_links":{"self":[{"href":"https:\/\/regiontatry.sk\/de\/wp-json\/wp\/v2\/pages\/21508"}],"collection":[{"href":"https:\/\/regiontatry.sk\/de\/wp-json\/wp\/v2\/pages"}],"about":[{"href":"https:\/\/regiontatry.sk\/de\/wp-json\/wp\/v2\/types\/page"}],"author":[{"embeddable":true,"href":"https:\/\/regiontatry.sk\/de\/wp-json\/wp\/v2\/users\/4"}],"replies":[{"embeddable":true,"href":"https:\/\/regiontatry.sk\/de\/wp-json\/wp\/v2\/comments?post=21508"}],"version-history":[{"count":2,"href":"https:\/\/regiontatry.sk\/de\/wp-json\/wp\/v2\/pages\/21508\/revisions"}],"predecessor-version":[{"id":23117,"href":"https:\/\/regiontatry.sk\/de\/wp-json\/wp\/v2\/pages\/21508\/revisions\/23117"}],"up":[{"embeddable":true,"href":"https:\/\/regiontatry.sk\/de\/wp-json\/wp\/v2\/pages\/21511"}],"wp:featuredmedia":[{"embeddable":true,"href":"https:\/\/regiontatry.sk\/de\/wp-json\/wp\/v2\/media\/8688227"}],"wp:attachment":[{"href":"https:\/\/regiontatry.sk\/de\/wp-json\/wp\/v2\/media?parent=21508"}],"curies":[{"name":"wp","href":"https:\/\/api.w.org\/{rel}","templated":true}]}}