{"id":21514,"date":"2018-09-28T10:21:28","date_gmt":"2018-09-28T08:21:28","guid":{"rendered":"https:\/\/regiontatry.sk\/vysokohorske-chaty\/"},"modified":"2019-12-11T12:53:32","modified_gmt":"2019-12-11T11:53:32","slug":"hochgebirgshutten","status":"publish","type":"page","link":"https:\/\/regiontatry.sk\/de\/winterausfluge\/hochgebirgshutten\/","title":{"rendered":"Hochgebirgsh\u00fctten"},"content":{"rendered":"\n<p>Zu den beliebtesten Zielen beim Wandern in der Tatra im Winter geh\u00f6ren Hochgebirgsh\u00fctten. Im Winter f\u00fchren Touristenpfade zu <strong>12 Hochgebirgsh\u00fctten, <\/strong>wo man au\u00dfer leckerem Tee auch atemberaubende Ausblicke auf wundersch\u00f6ne Spitzen, breite T\u00e4ler und gefrorene Bergseen genie\u00dfen kann. <\/p>\n","protected":false},"excerpt":{"rendered":"<p>Zu den beliebtesten Zielen beim Wandern in der Tatra im Winter geh\u00f6ren Hochgebirgsh\u00fctten. Im Winter f\u00fchren Touristenpfade zu 12 Hochgebirgsh\u00fctten, wo man au\u00dfer leckerem Tee auch atemberaubende Ausblicke auf wundersch\u00f6ne Spitzen, breite T\u00e4ler und gefrorene Bergseen genie\u00dfen kann.<\/p>\n","protected":false},"author":2,"featured_media":0,"parent":21709,"menu_order":3,"comment_status":"closed","ping_status":"closed","template":"template-objects.php","meta":{"footnotes":""},"class_list":["post-21514","page","type-page","status-publish","hentry"],"_links":{"self":[{"href":"https:\/\/regiontatry.sk\/de\/wp-json\/wp\/v2\/pages\/21514"}],"collection":[{"href":"https:\/\/regiontatry.sk\/de\/wp-json\/wp\/v2\/pages"}],"about":[{"href":"https:\/\/regiontatry.sk\/de\/wp-json\/wp\/v2\/types\/page"}],"author":[{"embeddable":true,"href":"https:\/\/regiontatry.sk\/de\/wp-json\/wp\/v2\/users\/2"}],"replies":[{"embeddable":true,"href":"https:\/\/regiontatry.sk\/de\/wp-json\/wp\/v2\/comments?post=21514"}],"version-history":[{"count":1,"href":"https:\/\/regiontatry.sk\/de\/wp-json\/wp\/v2\/pages\/21514\/revisions"}],"predecessor-version":[{"id":22807,"href":"https:\/\/regiontatry.sk\/de\/wp-json\/wp\/v2\/pages\/21514\/revisions\/22807"}],"up":[{"embeddable":true,"href":"https:\/\/regiontatry.sk\/de\/wp-json\/wp\/v2\/pages\/21709"}],"wp:attachment":[{"href":"https:\/\/regiontatry.sk\/de\/wp-json\/wp\/v2\/media?parent=21514"}],"curies":[{"name":"wp","href":"https:\/\/api.w.org\/{rel}","templated":true}]}}