{"id":21515,"date":"2018-09-13T16:11:57","date_gmt":"2018-09-13T14:11:57","guid":{"rendered":"https:\/\/regiontatry.sk\/region\/jedinecnost-regionu\/"},"modified":"2019-12-17T12:10:53","modified_gmt":"2019-12-17T11:10:53","slug":"eine-einmalige-region","status":"publish","type":"page","link":"https:\/\/regiontatry.sk\/de\/region\/eine-einmalige-region\/","title":{"rendered":"Eine einmalige Region"},"content":{"rendered":"\n<p>Die <strong>wirkliche historische Mannigfaltigkeit<\/strong> der Tatra kann man auch heute entdecken. Bedeutende architektonische Unikate enth\u00fcllen jedem etwas von ihren Geheimnissen. <\/p>\n\n\n\n<p>G\u00f6nnen Sie sich k\u00f6niglichen Komfort in luxuri\u00f6sen Jugendstil-Grandhotels,\nauf die die Hohe Tatra besonders stolz ist. Bewundern Sie die \u00fcberzeitliche\nTechnologie von Seilbahnen, lernen Sie etwas \u00fcber die Geschichte von Sport in \u0160trbsk\u00e9\nPleso. Sakrale Denkm\u00e4ler der wundersch\u00f6nen Zipser Region und wertvolle\narch\u00e4ologische Entdeckungen werden Sie sicher begeistern. <\/p>\n\n\n\n<p><strong>Die Hohe Tatra ist einmalig. Entdecken auch Sie deren wundersch\u00f6ne historische Sch\u00e4tze!<\/strong><\/p>\n\n\n\n<ul class=\"wp-block-gallery columns-2 is-cropped wp-block-gallery-2 is-layout-flex wp-block-gallery-is-layout-flex\"><li class=\"blocks-gallery-item\"><figure><img loading=\"lazy\" decoding=\"async\" width=\"925\" height=\"434\" src=\"https:\/\/regiontatry.sk\/wp-content\/uploads\/2018\/09\/ghss.jpg\" alt=\"\" data-id=\"3590\" class=\"wp-image-3590\" srcset=\"https:\/\/regiontatry.sk\/wp-content\/uploads\/2018\/09\/ghss.jpg 925w, https:\/\/regiontatry.sk\/wp-content\/uploads\/2018\/09\/ghss-300x141.jpg 300w, https:\/\/regiontatry.sk\/wp-content\/uploads\/2018\/09\/ghss-768x360.jpg 768w\" sizes=\"(max-width: 925px) 100vw, 925px\" \/><\/figure><\/li><li class=\"blocks-gallery-item\"><figure><img loading=\"lazy\" decoding=\"async\" width=\"800\" height=\"531\" src=\"https:\/\/regiontatry.sk\/wp-content\/uploads\/2018\/10\/castro-caf_8532899761_o.jpg\" alt=\"\" data-id=\"5938\" data-link=\"https:\/\/regiontatry.sk\/za-historiou-regionu\/castro-caf_8532899761_o\/\" class=\"wp-image-5938\" srcset=\"https:\/\/regiontatry.sk\/wp-content\/uploads\/2018\/10\/castro-caf_8532899761_o.jpg 800w, https:\/\/regiontatry.sk\/wp-content\/uploads\/2018\/10\/castro-caf_8532899761_o-300x199.jpg 300w, https:\/\/regiontatry.sk\/wp-content\/uploads\/2018\/10\/castro-caf_8532899761_o-768x510.jpg 768w\" sizes=\"(max-width: 800px) 100vw, 800px\" \/><\/figure><\/li><\/ul>\n\n\n\n<h3 class=\"wp-block-heading\"><span id=\"mce_1_start\" style=\"overflow: hidden; line-height: 0px;\"><br><\/span><span id=\"mce_1_start\" style=\"overflow:hidden;line-height:0px\">K\u00d6NIGLICHER KOMFORT MIT EINEM HAUCH VERGANGENHEIT<span id=\"mce_1_end\" style=\"overflow:hidden;line-height:0px\"><\/h3>\n\n\n\n<p><strong>Grandhotels<\/strong>, die am Anfang des zwanzigsten Jahrhunderts in Star\u00fd Smokovec (1904), Tatransk\u00e1 Lomnica (1905) und \u0160trbsk\u00e9 Pleso (1906) aufwuchsen, gelten bis heute <strong>als Symbole von Pracht<\/strong> und architektonischer Perfektion. Alle Hotels bewahrten ihren majest\u00e4tischen Charme und sind attraktiv f\u00fcr jeden, der sich wie ein K\u00f6nig in der Umarmung des Tatra-Jugendstils f\u00fchlen m\u00f6chte. Verw\u00f6hnen Sie sich mit deren Prestige und Einmaligkeit. <br><\/p>\n\n\n\n<ul class=\"wp-block-gallery columns-2 is-cropped wp-block-gallery-3 is-layout-flex wp-block-gallery-is-layout-flex\"><li class=\"blocks-gallery-item\"><figure><img loading=\"lazy\" decoding=\"async\" width=\"869\" height=\"528\" src=\"https:\/\/regiontatry.sk\/wp-content\/uploads\/2018\/09\/526590_635915516435110_1035313231_n_3.jpg\" alt=\"\" data-id=\"3600\" data-link=\"https:\/\/regiontatry.sk\/?attachment_id=3600\" class=\"wp-image-3600\" srcset=\"https:\/\/regiontatry.sk\/wp-content\/uploads\/2018\/09\/526590_635915516435110_1035313231_n_3.jpg 869w, https:\/\/regiontatry.sk\/wp-content\/uploads\/2018\/09\/526590_635915516435110_1035313231_n_3-300x182.jpg 300w, https:\/\/regiontatry.sk\/wp-content\/uploads\/2018\/09\/526590_635915516435110_1035313231_n_3-768x467.jpg 768w\" sizes=\"(max-width: 869px) 100vw, 869px\" \/><\/figure><\/li><li class=\"blocks-gallery-item\"><figure><img loading=\"lazy\" decoding=\"async\" width=\"501\" height=\"259\" src=\"https:\/\/regiontatry.sk\/wp-content\/uploads\/2018\/09\/522467_617586544934674_1900551514_n_3.jpg\" alt=\"\" data-id=\"3595\" data-link=\"https:\/\/regiontatry.sk\/?attachment_id=3595\" class=\"wp-image-3595\" srcset=\"https:\/\/regiontatry.sk\/wp-content\/uploads\/2018\/09\/522467_617586544934674_1900551514_n_3.jpg 501w, https:\/\/regiontatry.sk\/wp-content\/uploads\/2018\/09\/522467_617586544934674_1900551514_n_3-300x155.jpg 300w\" sizes=\"(max-width: 501px) 100vw, 501px\" \/><\/figure><\/li><\/ul>\n\n\n\n<h3 class=\"wp-block-heading\"><span id=\"mce_1_start\" style=\"overflow: hidden; line-height: 0px;\"><br><\/span><span id=\"mce_1_start\" style=\"overflow:hidden;line-height:0px\">TECHNISCHE UNIKATE<span id=\"mce_1_end\" style=\"overflow:hidden;line-height:0px\"><\/h3>\n\n\n\n<p><strong>Die Seilbahn, die zur Lomnitzer Spitze<\/strong> verkehrt, ist ein europ\u00e4isches technisches Unikat! Bis 1955 war sie einmalig und wurde erst dann von den Parametern der Seilbahn zwischen Chamonix und Aiguille du Midi in Frankreich \u00fcbertroffen. Das Geb\u00e4ude wurde vom eminenten Architekten Du\u0161an Jurkovi\u010d entworfen. Die Hohe Tatra hatte viel Gl\u00fcck, dass er seine Handschrift an mehreren Seilbahnstationen hinterlie\u00df. <\/p>\n\n\n\n<p>Zu einmaligen Unikaten der Tatra geh\u00f6rt auch das <strong>Observatorium in Skalnat\u00e9 pleso<\/strong>, das beim Bergsee Skalnat\u00e9 pleso in 1786 m Meeresh\u00f6he steht. Urspr\u00fcnglich war es mit zwei Ferngl\u00e4sern ausgestattet. Anl\u00e4sslich des 70-j\u00e4hrigen Jubil\u00e4ums der ersten Sternebeobachtung im Observatorium wurde am 30. Oktober 2014 ein neues Teleskop zur \u00dcberwachung erdnaher Asteroiden mit 1,3 m Durchmesser in Betrieb gesetzt. <\/p>\n\n\n\n<ul class=\"wp-block-gallery columns-2 is-cropped wp-block-gallery-4 is-layout-flex wp-block-gallery-is-layout-flex\"><li class=\"blocks-gallery-item\"><figure><img loading=\"lazy\" decoding=\"async\" width=\"849\" height=\"425\" src=\"https:\/\/regiontatry.sk\/wp-content\/uploads\/2018\/09\/lomnicak_3.jpg\" alt=\"\" data-id=\"3606\" data-link=\"https:\/\/regiontatry.sk\/za-historiou-regionu\/lomnicak_3\/\" class=\"wp-image-3606\" srcset=\"https:\/\/regiontatry.sk\/wp-content\/uploads\/2018\/09\/lomnicak_3.jpg 849w, https:\/\/regiontatry.sk\/wp-content\/uploads\/2018\/09\/lomnicak_3-300x150.jpg 300w, https:\/\/regiontatry.sk\/wp-content\/uploads\/2018\/09\/lomnicak_3-768x384.jpg 768w\" sizes=\"(max-width: 849px) 100vw, 849px\" \/><\/figure><\/li><li class=\"blocks-gallery-item\"><figure><img loading=\"lazy\" decoding=\"async\" width=\"1024\" height=\"510\" src=\"https:\/\/regiontatry.sk\/wp-content\/uploads\/2018\/09\/Observatorium_Skalnate-pleso_2-1024x510.jpg\" alt=\"\" data-id=\"3611\" data-link=\"https:\/\/regiontatry.sk\/za-historiou-regionu\/observatorium_skalnate-pleso_2-1024x510\/\" class=\"wp-image-3611\" srcset=\"https:\/\/regiontatry.sk\/wp-content\/uploads\/2018\/09\/Observatorium_Skalnate-pleso_2-1024x510.jpg 1024w, https:\/\/regiontatry.sk\/wp-content\/uploads\/2018\/09\/Observatorium_Skalnate-pleso_2-1024x510-300x149.jpg 300w, https:\/\/regiontatry.sk\/wp-content\/uploads\/2018\/09\/Observatorium_Skalnate-pleso_2-1024x510-768x383.jpg 768w\" sizes=\"(max-width: 1024px) 100vw, 1024px\" \/><\/figure><\/li><\/ul>\n\n\n\n<h3 class=\"wp-block-heading\"><span id=\"mce_1_start\" style=\"overflow: hidden; line-height: 0px;\"><br><span id=\"mce_1_start\" style=\"overflow:hidden;line-height:0px\">GESCHICHTE DES SPORTS<span id=\"mce_1_end\" style=\"overflow:hidden;line-height:0px\"><span id=\"mce_1_end\" style=\"overflow: hidden; line-height: 0px;\"><\/h3>\n\n\n\n<p>In der Tatra haben vor allem Wintersporte eine lange Tradition. <strong>Skifahren, Langlauf und Skispringen auf Holzsprungschanzen<\/strong> trugen wesentlich zur Entwicklung des Tourismus in der Tatra bei. <\/p>\n\n\n\n<p>Den gr\u00f6\u00dften Einfluss auf die Modernisierung und Ausbau von Skigebieten in der ganzen Hohen Tatra hatte aber sogenanntes klassisches Skifahren. <\/p>\n\n\n\n<p>Die Tatra ist dank einmaligem Klima bis heute eine beliebte \u201eSportanlage\u201c von Freizeitsportlern sowie Profis. Jetzt wartet sie auf Sie!<\/p>\n\n\n\n<ul class=\"wp-block-gallery columns-3 is-cropped wp-block-gallery-5 is-layout-flex wp-block-gallery-is-layout-flex\"><li class=\"blocks-gallery-item\"><figure><img loading=\"lazy\" decoding=\"async\" width=\"735\" height=\"518\" src=\"https:\/\/regiontatry.sk\/wp-content\/uploads\/2018\/09\/1459225_779523675407626_44220595_n_2.jpg\" alt=\"\" data-id=\"3628\" data-link=\"https:\/\/regiontatry.sk\/za-historiou-regionu\/1459225_779523675407626_44220595_n_2\/\" class=\"wp-image-3628\" srcset=\"https:\/\/regiontatry.sk\/wp-content\/uploads\/2018\/09\/1459225_779523675407626_44220595_n_2.jpg 735w, https:\/\/regiontatry.sk\/wp-content\/uploads\/2018\/09\/1459225_779523675407626_44220595_n_2-300x211.jpg 300w\" sizes=\"(max-width: 735px) 100vw, 735px\" \/><\/figure><\/li><li class=\"blocks-gallery-item\"><figure><img loading=\"lazy\" decoding=\"async\" width=\"284\" height=\"300\" src=\"https:\/\/regiontatry.sk\/wp-content\/uploads\/2018\/09\/63203_617567361603259_119909362_n_2-284x300.jpg\" alt=\"\" data-id=\"3618\" data-link=\"https:\/\/regiontatry.sk\/za-historiou-regionu\/63203_617567361603259_119909362_n_2-284x300\/\" class=\"wp-image-3618\"\/><\/figure><\/li><li class=\"blocks-gallery-item\"><figure><img loading=\"lazy\" decoding=\"async\" width=\"487\" height=\"702\" src=\"https:\/\/regiontatry.sk\/wp-content\/uploads\/2018\/09\/426537_617526848273977_1956364284_n.jpg\" alt=\"\" data-id=\"3623\" data-link=\"https:\/\/regiontatry.sk\/za-historiou-regionu\/426537_617526848273977_1956364284_n\/\" class=\"wp-image-3623\" srcset=\"https:\/\/regiontatry.sk\/wp-content\/uploads\/2018\/09\/426537_617526848273977_1956364284_n.jpg 487w, https:\/\/regiontatry.sk\/wp-content\/uploads\/2018\/09\/426537_617526848273977_1956364284_n-208x300.jpg 208w\" sizes=\"(max-width: 487px) 100vw, 487px\" \/><\/figure><\/li><\/ul>\n\n\n\n<h3 class=\"wp-block-heading\"><br><span id=\"mce_1_start\" style=\"overflow:hidden;line-height:0px\">SAKRALE DENKM\u00c4LER IN DER TATRA UND DER UMGEBUNG<span id=\"mce_1_end\" style=\"overflow:hidden;line-height:0px\"><\/h3>\n\n\n\n<p><strong><a href=\"\/de\/region\/kirchen\/\" target=\"_blank\" rel=\"noreferrer noopener\" aria-label=\"Kirchen (otvor\u00ed sa v novej karte)\">Kirchen<\/a><\/strong> waren seit eh und je Wahrzeichen kleiner St\u00e4dte am Fu\u00dfe der Tatra und Ortschaften der Zipser Region. Am bekanntesten und bedeutendsten ist die Kirche des Hl. Georg im Stadtteil von Poprad \u2013 Spi\u0161sk\u00e1 Sobota, die im 13. Jahrhundert gebaut wurde. <\/p>\n\n\n\n<p>Zu typischen Beispielen sakraler Volksarchitektur in der Ostslowakei geh\u00f6ren <strong>Holzkirchen<\/strong>, die auf der Liste des UNESCO-Welterben angef\u00fchrt sind. Sie sind in der Hohen Tatra\u00a0 &#8211; in Star\u00fd Smokovec und Doln\u00fd Smokovec, in Tatransk\u00e1 Kotlina, Tatransk\u00e1 Javorina, Poprad und Ke\u017emarok zu finden.<\/p>\n\n\n\n<p><strong>Symbolischer Friedhof beim Bergsee Popradsk\u00e9 pleso<\/strong> ist ein bedeutendes Kulturdenkmal, das zum Andenken an die Opfer der Hohen Tatra dient.<br><\/p>\n\n\n\n<ul class=\"wp-block-gallery columns-3 is-cropped wp-block-gallery-6 is-layout-flex wp-block-gallery-is-layout-flex\"><li class=\"blocks-gallery-item\"><figure><img loading=\"lazy\" decoding=\"async\" width=\"400\" height=\"300\" src=\"https:\/\/regiontatry.sk\/wp-content\/uploads\/2018\/09\/Kostol-sv.-Juraja-Sp.-Sotota.jpg\" alt=\"\" data-id=\"3640\" data-link=\"https:\/\/regiontatry.sk\/za-historiou-regionu\/kostol-sv-juraja-sp-sotota\/\" class=\"wp-image-3640\" srcset=\"https:\/\/regiontatry.sk\/wp-content\/uploads\/2018\/09\/Kostol-sv.-Juraja-Sp.-Sotota.jpg 400w, https:\/\/regiontatry.sk\/wp-content\/uploads\/2018\/09\/Kostol-sv.-Juraja-Sp.-Sotota-300x225.jpg 300w\" sizes=\"(max-width: 400px) 100vw, 400px\" \/><\/figure><\/li><li class=\"blocks-gallery-item\"><figure><img loading=\"lazy\" decoding=\"async\" width=\"259\" height=\"194\" src=\"https:\/\/regiontatry.sk\/wp-content\/uploads\/2018\/09\/dreveny-kostolik-ss.jpg\" alt=\"\" data-id=\"3635\" data-link=\"https:\/\/regiontatry.sk\/za-historiou-regionu\/dreveny-kostolik-ss\/\" class=\"wp-image-3635\"\/><\/figure><\/li><li class=\"blocks-gallery-item\"><figure><img loading=\"lazy\" decoding=\"async\" width=\"300\" height=\"189\" src=\"https:\/\/regiontatry.sk\/wp-content\/uploads\/2018\/09\/symbolicky-cintorin-pp-300x189.jpg\" alt=\"\" data-id=\"3645\" data-link=\"https:\/\/regiontatry.sk\/za-historiou-regionu\/symbolicky-cintorin-pp-300x189\/\" class=\"wp-image-3645\"\/><\/figure><\/li><\/ul>\n","protected":false},"excerpt":{"rendered":"<p>Die wirkliche historische Mannigfaltigkeit der Tatra kann man auch heute entdecken. Bedeutende architektonische Unikate enth\u00fcllen jedem etwas von ihren Geheimnissen. G\u00f6nnen Sie sich k\u00f6niglichen Komfort in luxuri\u00f6sen Jugendstil-Grandhotels, auf die die Hohe Tatra besonders stolz ist. Bewundern Sie die \u00fcberzeitliche Technologie von Seilbahnen, lernen Sie etwas \u00fcber die Geschichte von Sport in \u0160trbsk\u00e9 Pleso. Sakrale [&hellip;]<\/p>\n","protected":false},"author":1,"featured_media":8869341,"parent":21511,"menu_order":3,"comment_status":"closed","ping_status":"closed","template":"template-simple-page.php","meta":{"footnotes":""},"class_list":["post-21515","page","type-page","status-publish","has-post-thumbnail","hentry"],"_links":{"self":[{"href":"https:\/\/regiontatry.sk\/de\/wp-json\/wp\/v2\/pages\/21515"}],"collection":[{"href":"https:\/\/regiontatry.sk\/de\/wp-json\/wp\/v2\/pages"}],"about":[{"href":"https:\/\/regiontatry.sk\/de\/wp-json\/wp\/v2\/types\/page"}],"author":[{"embeddable":true,"href":"https:\/\/regiontatry.sk\/de\/wp-json\/wp\/v2\/users\/1"}],"replies":[{"embeddable":true,"href":"https:\/\/regiontatry.sk\/de\/wp-json\/wp\/v2\/comments?post=21515"}],"version-history":[{"count":2,"href":"https:\/\/regiontatry.sk\/de\/wp-json\/wp\/v2\/pages\/21515\/revisions"}],"predecessor-version":[{"id":23135,"href":"https:\/\/regiontatry.sk\/de\/wp-json\/wp\/v2\/pages\/21515\/revisions\/23135"}],"up":[{"embeddable":true,"href":"https:\/\/regiontatry.sk\/de\/wp-json\/wp\/v2\/pages\/21511"}],"wp:featuredmedia":[{"embeddable":true,"href":"https:\/\/regiontatry.sk\/de\/wp-json\/wp\/v2\/media\/8869341"}],"wp:attachment":[{"href":"https:\/\/regiontatry.sk\/de\/wp-json\/wp\/v2\/media?parent=21515"}],"curies":[{"name":"wp","href":"https:\/\/api.w.org\/{rel}","templated":true}]}}