{"id":21573,"date":"2019-10-09T21:02:31","date_gmt":"2019-10-09T19:02:31","guid":{"rendered":"https:\/\/regiontatry.sk\/enjoy-tatras\/"},"modified":"2020-07-21T14:29:01","modified_gmt":"2020-07-21T12:29:01","slug":"enjoy-tatras","status":"publish","type":"page","link":"https:\/\/regiontatry.sk\/de\/enjoy-tatras\/","title":{"rendered":"ENJOY TATRAS"},"content":{"rendered":"\n<p><strong>KTO SME? <\/strong><\/p>\n\n\n\n<div class=\"wp-block-image\"><figure class=\"alignright\"><img loading=\"lazy\" decoding=\"async\" width=\"300\" height=\"160\" src=\"https:\/\/regiontatry.sk\/wp-content\/uploads\/2019\/10\/EnjoyTatras_logo_color_final-300x160.jpg\" alt=\"\" class=\"wp-image-20486\" srcset=\"https:\/\/regiontatry.sk\/wp-content\/uploads\/2019\/10\/EnjoyTatras_logo_color_final-300x160.jpg 300w, https:\/\/regiontatry.sk\/wp-content\/uploads\/2019\/10\/EnjoyTatras_logo_color_final-768x409.jpg 768w, https:\/\/regiontatry.sk\/wp-content\/uploads\/2019\/10\/EnjoyTatras_logo_color_final-1024x545.jpg 1024w, https:\/\/regiontatry.sk\/wp-content\/uploads\/2019\/10\/EnjoyTatras_logo_color_final-698x371.jpg 698w, https:\/\/regiontatry.sk\/wp-content\/uploads\/2019\/10\/EnjoyTatras_logo_color_final-552x294.jpg 552w, https:\/\/regiontatry.sk\/wp-content\/uploads\/2019\/10\/EnjoyTatras_logo_color_final.jpg 1231w\" sizes=\"(max-width: 300px) 100vw, 300px\" \/><\/figure><\/div>\n\n\n\n<p>ENJOY TATRAS \u2013 pilotn\u00fd projekt prv\u00fd svojho druhu na Slovensku, je spolo\u010dnos\u0165 zalo\u017een\u00e1 na destina\u010dnom mana\u017emente, ktor\u00e1 sp\u00e1ja dve spo\u013eahliv\u00e9 a&nbsp;siln\u00e9 region\u00e1lne organiz\u00e1cie cestovn\u00e9ho ruchu \u2013 OOCR Regi\u00f3n Liptov a&nbsp;OOCR Regi\u00f3n&nbsp;Vysok\u00e9 Tatry, zosob\u0148uje ich vedomosti i&nbsp;sk\u00fasenosti. Jej hlavn\u00fdm cie\u013eom je zn\u00e1sobi\u0165 k\u00fapnu silu n\u00e1dhern\u00e9ho tatransk\u00e9ho regi\u00f3nu v&nbsp;srdci Slovenska. <\/p>\n\n\n\n<p><strong>NA\u0160<\/strong><strong>A V\u00cd<\/strong><strong>ZIA <\/strong><\/p>\n\n\n\n<p>Nechceme opakova\u0165 pr\u00e1zdne kli\u0161\u00e9. Chceme predstavi\u0165 n\u00e1dhern\u00fa oblas\u0165 Tatier, ako ju pozn\u00e1me, zd\u00f4razni\u0165 jej v\u00fdznamn\u00e9 postavenie v&nbsp;r\u00e1mci V\u00fdchodnej Eur\u00f3py. Na\u0161ou hybnou silou je nad\u0161enie. Sme pripraven\u00ed pouk\u00e1za\u0165 na jedine\u010dnos\u0165 tohto regi\u00f3nu, zmeni\u0165 o\u010dak\u00e1vania na re\u00e1lne mo\u017enosti, pon\u00faknu\u0165 nezvy\u010dajn\u00e9 a&nbsp;v\u00fdnimo\u010dn\u00e9 z\u00e1\u017eitky. Chceme sa sta\u0165 spo\u013eahliv\u00fdm partnerom, ktor\u00fd ch\u00e1pe potreby na\u0161ich partnerov a&nbsp;dok\u00e1\u017ee poskytn\u00fa\u0165 v\u0161etk\u00fdm n\u00e1v\u0161tevn\u00edkom pocit druh\u00e9ho domova. <br><br><\/p>\n\n\n\n<figure class=\"wp-block-image\"><img loading=\"lazy\" decoding=\"async\" width=\"1024\" height=\"354\" src=\"https:\/\/regiontatry.sk\/wp-content\/uploads\/2019\/10\/68916539_1094386044087714_3399203556627054592_o-1024x354.jpg\" alt=\"\" class=\"wp-image-20540\" srcset=\"https:\/\/regiontatry.sk\/wp-content\/uploads\/2019\/10\/68916539_1094386044087714_3399203556627054592_o-1024x354.jpg 1024w, https:\/\/regiontatry.sk\/wp-content\/uploads\/2019\/10\/68916539_1094386044087714_3399203556627054592_o-300x104.jpg 300w, https:\/\/regiontatry.sk\/wp-content\/uploads\/2019\/10\/68916539_1094386044087714_3399203556627054592_o-768x265.jpg 768w, https:\/\/regiontatry.sk\/wp-content\/uploads\/2019\/10\/68916539_1094386044087714_3399203556627054592_o-698x241.jpg 698w, https:\/\/regiontatry.sk\/wp-content\/uploads\/2019\/10\/68916539_1094386044087714_3399203556627054592_o-552x191.jpg 552w, https:\/\/regiontatry.sk\/wp-content\/uploads\/2019\/10\/68916539_1094386044087714_3399203556627054592_o.jpg 1054w\" sizes=\"(max-width: 1024px) 100vw, 1024px\" \/><\/figure>\n\n\n\n<p><br><strong>\u010cO PON\u00daKAME? <\/strong><\/p>\n\n\n\n<p>Pon\u00fakame komplexn\u00e9 rie\u0161enia pre \u0161irok\u00e9 pole slu\u017eieb v&nbsp;oblasti cestovn\u00e9ho ruchu. Dok\u00e1\u017eeme n\u00e1js\u0165 a&nbsp;vytvori\u0165 najlep\u0161ie ponuky a&nbsp;bal\u00ed\u010dky prisp\u00f4soben\u00e9 klientom pod\u013ea ich potrieb\na&nbsp;o\u010dak\u00e1van\u00ed. <\/p>\n\n\n\n<p><strong>Pon\u00fakame slu\u017eby na eur<\/strong><strong>\u00f3pskej \u00farovni za\nkonkuren\u010dn<\/strong><strong>\u00e9 ceny:<\/strong><\/p>\n\n\n\n<ul class=\"wp-block-list\"><li>ubytovanie v&nbsp;penzi\u00f3noch, chat\u00e1ch, hoteloch a rekrea\u010dn\u00fdch komplexoch r\u00f4znych kateg\u00f3ri\u00ed, od najjednoduch\u0161\u00edch\npo najluxusnej\u0161ie,<\/li><li>bal\u00ed\u010dky slu\u017eieb pod\u013ea potrieb klientov: skipasy,\npo\u017ei\u010danie ly\u017eiarskeho v\u00fdstroja, doprava, po\u017ei\u010danie auta, anglicky hovoriaci\ndeleg\u00e1t, vstupy do aquaparkov, vo\u013eno\u010dasov\u00e9 aktivity,<\/li><li>doplnkov\u00e9 slu\u017eby \u2013 v\u00fdu\u010dba v ly\u017eiarskych \u0161kol\u00e1ch, fresh track, obhliadky\njask\u00fd\u0148, lietanie vo veternom tuneli, vyhliadkov\u00e9 lety, apr\u00e8s ski\nz\u00e1bava, golf vr\u00e1tane golfov\u00fdch lekci\u00ed pre deti, at\u010f.,<\/li><li>motiva\u010dn\u00e9 akcie, ponuky pre individu\u00e1lnych\ncestuj\u00facich, stretnutia a&nbsp;podujatia, konferencie, z\u00e1ujmov\u00e9 skupinov\u00e9 cestovanie,<\/li><li>dovolenky \u0161it\u00e9 na mieru, podrobn\u00e9 ponuky.<\/li><\/ul>\n\n\n\n<p><strong>S&nbsp;K\u00ddM SPOLUPRACUJEME? <\/strong><\/p>\n\n\n\n<p>Ako spolo\u010dnos\u0165 zalo\u017een\u00e1 na destina\u010dnom mana\u017emente, vytvoren\u00e1\ndvomi najsilnej\u0161\u00edmi organiz\u00e1ciami\ncestovn\u00e9ho ruchu na Slovensku\nsp\u00e1jame v\u0161etk\u00fdch k\u013e\u00fa\u010dov\u00fdch\npartnerov v&nbsp;regi\u00f3noch\nLiptov a&nbsp;Vysok\u00e9 Tatry.\nSpolupracujeme s&nbsp;hotelmi a&nbsp;penzi\u00f3nmi\nv\u0161etk\u00fdch kateg\u00f3ri\u00ed, ly\u017eiarskymi rezortmi, vodn\u00fdmi a&nbsp;term\u00e1lnymi parkami,\nlie\u010debn\u00fdmi k\u00fape\u013emi, poskytovate\u013emi zimn\u00fdch a&nbsp;letn\u00fdch aktiv\u00edt, mestsk\u00fdmi zastupite\u013estvami, z\u00e1bavn\u00fdmi\nparkami. <\/p>\n\n\n\n<p>M\u00e1me znalosti o regi\u00f3ne, sk\u00fasenosti aj k\u00fapnu silu. Pozn\u00e1me na\u0161u tatransk\u00fa oblas\u0165. Pr\u00ed\u010fte a&nbsp;za\u017eite s&nbsp;nami Tatry.<br><br><\/p>\n\n\n\n<ul class=\"wp-block-gallery columns-3 is-cropped wp-block-gallery-2 is-layout-flex wp-block-gallery-is-layout-flex\"><li class=\"blocks-gallery-item\"><figure><img loading=\"lazy\" decoding=\"async\" width=\"960\" height=\"720\" src=\"https:\/\/regiontatry.sk\/wp-content\/uploads\/2019\/10\/71269112_1124595064400145_117462480757719040_n.jpg\" alt=\"\" data-id=\"20546\" data-link=\"https:\/\/regiontatry.sk\/enjoy-tatras\/71269112_1124595064400145_117462480757719040_n\/\" class=\"wp-image-20546\" srcset=\"https:\/\/regiontatry.sk\/wp-content\/uploads\/2019\/10\/71269112_1124595064400145_117462480757719040_n.jpg 960w, https:\/\/regiontatry.sk\/wp-content\/uploads\/2019\/10\/71269112_1124595064400145_117462480757719040_n-300x225.jpg 300w, https:\/\/regiontatry.sk\/wp-content\/uploads\/2019\/10\/71269112_1124595064400145_117462480757719040_n-768x576.jpg 768w, https:\/\/regiontatry.sk\/wp-content\/uploads\/2019\/10\/71269112_1124595064400145_117462480757719040_n-698x524.jpg 698w, https:\/\/regiontatry.sk\/wp-content\/uploads\/2019\/10\/71269112_1124595064400145_117462480757719040_n-552x414.jpg 552w\" sizes=\"(max-width: 960px) 100vw, 960px\" \/><\/figure><\/li><li class=\"blocks-gallery-item\"><figure><img loading=\"lazy\" decoding=\"async\" width=\"500\" height=\"335\" src=\"https:\/\/regiontatry.sk\/wp-content\/uploads\/2019\/10\/44675107_904300829762904_4858446745874464768_n.jpg\" alt=\"\" data-id=\"20549\" data-link=\"https:\/\/regiontatry.sk\/enjoy-tatras\/44675107_904300829762904_4858446745874464768_n\/\" class=\"wp-image-20549\" srcset=\"https:\/\/regiontatry.sk\/wp-content\/uploads\/2019\/10\/44675107_904300829762904_4858446745874464768_n.jpg 500w, https:\/\/regiontatry.sk\/wp-content\/uploads\/2019\/10\/44675107_904300829762904_4858446745874464768_n-300x201.jpg 300w\" sizes=\"(max-width: 500px) 100vw, 500px\" \/><\/figure><\/li><li class=\"blocks-gallery-item\"><figure><img loading=\"lazy\" decoding=\"async\" width=\"960\" height=\"719\" src=\"https:\/\/regiontatry.sk\/wp-content\/uploads\/2019\/10\/42901595_894061120786875_415236106737418240_n.jpg\" alt=\"\" data-id=\"20553\" data-link=\"https:\/\/regiontatry.sk\/enjoy-tatras\/42901595_894061120786875_415236106737418240_n\/\" class=\"wp-image-20553\" srcset=\"https:\/\/regiontatry.sk\/wp-content\/uploads\/2019\/10\/42901595_894061120786875_415236106737418240_n.jpg 960w, https:\/\/regiontatry.sk\/wp-content\/uploads\/2019\/10\/42901595_894061120786875_415236106737418240_n-300x225.jpg 300w, https:\/\/regiontatry.sk\/wp-content\/uploads\/2019\/10\/42901595_894061120786875_415236106737418240_n-768x575.jpg 768w, https:\/\/regiontatry.sk\/wp-content\/uploads\/2019\/10\/42901595_894061120786875_415236106737418240_n-698x523.jpg 698w, https:\/\/regiontatry.sk\/wp-content\/uploads\/2019\/10\/42901595_894061120786875_415236106737418240_n-552x413.jpg 552w\" sizes=\"(max-width: 960px) 100vw, 960px\" \/><\/figure><\/li><\/ul>\n\n\n\n<div style=\"height:100px\" aria-hidden=\"true\" class=\"wp-block-spacer\"><\/div>\n\n\n\n<p>Aktu\u00e1lne inform\u00e1cie o Enjoy Tatras n\u00e1jdete na webovej str\u00e1nke <a href=\"https:\/\/enjoytatras.com\/\">www.enjoytatras.com<\/a> a na soci\u00e1lnych sie\u0165ach:<\/p>\n\n\n\n<div class=\"wp-block-image\"><figure class=\"alignleft is-resized\"><a href=\"https:\/\/www.facebook.com\/EnjoyTatras\/\" target=\"_blank\" rel=\"noreferrer noopener\" class=\"broken_link\"><img loading=\"lazy\" decoding=\"async\" src=\"https:\/\/regiontatry.sk\/wp-content\/uploads\/2019\/10\/FB-logo-1024x728-2-150x150.png\" alt=\"\" class=\"wp-image-20515\" width=\"75\" height=\"75\" srcset=\"https:\/\/regiontatry.sk\/wp-content\/uploads\/2019\/10\/FB-logo-1024x728-2-150x150.png 150w, https:\/\/regiontatry.sk\/wp-content\/uploads\/2019\/10\/FB-logo-1024x728-2-298x300.png 298w, https:\/\/regiontatry.sk\/wp-content\/uploads\/2019\/10\/FB-logo-1024x728-2.png 371w\" sizes=\"(max-width: 75px) 100vw, 75px\" \/><\/a><figcaption>EnjoyTatras<\/figcaption><\/figure><\/div>\n\n\n\n<div class=\"wp-block-image\"><figure class=\"alignleft is-resized\"><a href=\"https:\/\/www.instagram.com\/stories\/enjoytatras\" target=\"_blank\" rel=\"noreferrer noopener\"><img loading=\"lazy\" decoding=\"async\" src=\"https:\/\/regiontatry.sk\/wp-content\/uploads\/2019\/10\/new_instagram_logo-1024x1024-150x150.jpg\" alt=\"\" class=\"wp-image-20512\" width=\"75\" height=\"75\" srcset=\"https:\/\/regiontatry.sk\/wp-content\/uploads\/2019\/10\/new_instagram_logo-1024x1024-150x150.jpg 150w, https:\/\/regiontatry.sk\/wp-content\/uploads\/2019\/10\/new_instagram_logo-1024x1024-300x300.jpg 300w, https:\/\/regiontatry.sk\/wp-content\/uploads\/2019\/10\/new_instagram_logo-1024x1024-768x768.jpg 768w, https:\/\/regiontatry.sk\/wp-content\/uploads\/2019\/10\/new_instagram_logo-1024x1024-698x698.jpg 698w, https:\/\/regiontatry.sk\/wp-content\/uploads\/2019\/10\/new_instagram_logo-1024x1024-552x552.jpg 552w, https:\/\/regiontatry.sk\/wp-content\/uploads\/2019\/10\/new_instagram_logo-1024x1024.jpg 1024w\" sizes=\"(max-width: 75px) 100vw, 75px\" \/><\/a><figcaption>enjoytatras<\/figcaption><\/figure><\/div>\n","protected":false},"excerpt":{"rendered":"<p>KTO SME? ENJOY TATRAS \u2013 pilotn\u00fd projekt prv\u00fd svojho druhu na Slovensku, je spolo\u010dnos\u0165 zalo\u017een\u00e1 na destina\u010dnom mana\u017emente, ktor\u00e1 sp\u00e1ja dve spo\u013eahliv\u00e9 a&nbsp;siln\u00e9 region\u00e1lne organiz\u00e1cie cestovn\u00e9ho ruchu \u2013 OOCR Regi\u00f3n Liptov a&nbsp;OOCR Regi\u00f3n&nbsp;Vysok\u00e9 Tatry, zosob\u0148uje ich vedomosti i&nbsp;sk\u00fasenosti. Jej hlavn\u00fdm cie\u013eom je zn\u00e1sobi\u0165 k\u00fapnu silu n\u00e1dhern\u00e9ho tatransk\u00e9ho regi\u00f3nu v&nbsp;srdci Slovenska. NA\u0160A V\u00cdZIA Nechceme opakova\u0165 pr\u00e1zdne [&hellip;]<\/p>\n","protected":false},"author":2,"featured_media":5031989,"parent":0,"menu_order":0,"comment_status":"closed","ping_status":"closed","template":"template-simple-page.php","meta":{"footnotes":""},"class_list":["post-21573","page","type-page","status-publish","has-post-thumbnail","hentry"],"_links":{"self":[{"href":"https:\/\/regiontatry.sk\/de\/wp-json\/wp\/v2\/pages\/21573"}],"collection":[{"href":"https:\/\/regiontatry.sk\/de\/wp-json\/wp\/v2\/pages"}],"about":[{"href":"https:\/\/regiontatry.sk\/de\/wp-json\/wp\/v2\/types\/page"}],"author":[{"embeddable":true,"href":"https:\/\/regiontatry.sk\/de\/wp-json\/wp\/v2\/users\/2"}],"replies":[{"embeddable":true,"href":"https:\/\/regiontatry.sk\/de\/wp-json\/wp\/v2\/comments?post=21573"}],"version-history":[{"count":3,"href":"https:\/\/regiontatry.sk\/de\/wp-json\/wp\/v2\/pages\/21573\/revisions"}],"predecessor-version":[{"id":5031998,"href":"https:\/\/regiontatry.sk\/de\/wp-json\/wp\/v2\/pages\/21573\/revisions\/5031998"}],"wp:featuredmedia":[{"embeddable":true,"href":"https:\/\/regiontatry.sk\/de\/wp-json\/wp\/v2\/media\/5031989"}],"wp:attachment":[{"href":"https:\/\/regiontatry.sk\/de\/wp-json\/wp\/v2\/media?parent=21573"}],"curies":[{"name":"wp","href":"https:\/\/api.w.org\/{rel}","templated":true}]}}