{"id":21576,"date":"2019-09-18T11:09:49","date_gmt":"2019-09-18T09:09:49","guid":{"rendered":"https:\/\/regiontatry.sk\/jesen-v-tatrach\/"},"modified":"2025-09-11T23:08:19","modified_gmt":"2025-09-11T21:08:19","slug":"jesen-v-tatrach","status":"publish","type":"page","link":"https:\/\/regiontatry.sk\/de\/jesen-v-tatrach\/","title":{"rendered":"Herbst in der Tatra"},"content":{"rendered":"\n<p>Die Tatra ist die ideale Jahreszeit zum Wandern. Verpassen Sie nicht diese Zeit, die wie geschaffen ist f\u00fcr Spazierg\u00e4nge. Die Tatra ist im Herbst einzigartig malerisch! Die Natur strahlt in leuchtenden Farben, die Sonnenstrahlen w\u00e4rmen, die Bergbrise erfrischt. Der Herbst in den Bergen zeichnet sich durch stabileres Wetter, weite Aussichten, weniger \u00fcberf\u00fcllte Bergpfade und mehr Ruhe aus. Die aktuelle Jahreszeit ist ideal, insbesondere f\u00fcr Familien mit Vorschulkindern, Senioren und alle, die die farbenfrohe Tatra genie\u00dfen m\u00f6chten.<\/p>\n\n\n\n<p>Die Touristensaison in der Hohen Tatra geht weiter. Alle Wanderwege sind zug\u00e4nglich, auch ins Hochgebirge, und als Bonus bieten sich gro\u00dfartige Aussichten, einige der sch\u00f6nsten des Jahres. Alle Altersgruppen, sowohl erfahrene als auch weniger anspruchsvolle Touristen, kommen in der Tatra auf ihre Kosten. Die Herbst-Tatra bietet Wanderwege durch die T\u00e4ler, Aufstiege zu Tatra-H\u00fctten, Wege zu den sch\u00f6nsten Tatra-Seen, Tatra-Gipfeln oder Zweitausendern, \u00dcberquerungen von Tatra-S\u00e4tteln mit himmlischen Ausblicken sowie eine faszinierende Tier- und Pflanzenwelt.<br><\/p>\n\n\n\n<p><\/p>\n\n\n\n<iframe loading=\"lazy\" width=\"49%\" height=\"300\" src=\"https:\/\/www.youtube.com\/embed\/WOdnl5jNlAg\" frameborder=\"0\" allow=\"accelerometer; autoplay; encrypted-media; gyroscope; picture-in-picture\" allowfullscreen=\"\"><\/iframe>\n\n\n\n<iframe loading=\"lazy\" width=\"49%\" height=\"300\" src=\"https:\/\/www.youtube.com\/embed\/wLSUy_J_Ls8\" frameborder=\"0\" allow=\"accelerometer; autoplay; encrypted-media; gyroscope; picture-in-picture\" allowfullscreen=\"\"><\/iframe>\n\n\n\n<iframe loading=\"lazy\" width=\"49%\" height=\"300\" src=\"https:\/\/www.youtube.com\/embed\/NisuSROxz0w\" frameborder=\"0\" allow=\"accelerometer; autoplay; encrypted-media; gyroscope; picture-in-picture\" allowfullscreen=\"\"><\/iframe>\n\n\n\n<iframe loading=\"lazy\" width=\"49%\" height=\"300\" src=\"https:\/\/www.youtube.com\/embed\/KNZcfxIT11g\" frameborder=\"0\" allow=\"accelerometer; autoplay; encrypted-media; gyroscope; picture-in-picture\" allowfullscreen=\"\"><\/iframe>\n\n\n\n<p><br><strong><em>Holen Sie sich Tipps, wie Sie einen sch\u00f6nen Herbsttag verbringen k\u00f6nnen:<\/em><\/strong><\/p>\n\n\n\t<a href=\"https:\/\/regiontatry.sk\/de\/touristik\/\" class=\"wp-block-cgb-block-creanet-list category-list grid-x grid-padding-x align-middle\">\n\t\t\t\t\t<div class=\"small-12 medium-6 large-5\">\n\t\t\t\t<figure><img src='https:\/\/regiontatry.sk\/wp-content\/uploads\/2019\/09\/15f6bb192afce53d042271091f15c1b6.jpg'\n\t\t\t\t\t\talt=''\n\t\t\t\t\t\ttitle='15f6bb192afce53d042271091f15c1b6'\n\t\t\t\t\t\/><\/figure>\n\t\t\t<\/div>\n\t\t\n\n\t\t<div class=\"cell small-12 medium-5 large-7\">\n\t\t\t<h3>Bergwandern<\/h3>\n\t\t\t<p>Nutzen Sie den Herbst und besuchen Sie auf Ihren Wanderungen die Bergh\u00fctten. Die Bergh\u00fctten sind das ganze Jahr \u00fcber ge\u00f6ffnet, mit Ausnahme der h\u00f6chstgelegenen Chata pod Rysmi (2.250 m \u00fc. M.), die nur in der Sommersaison vom 01.06. bis 31.10. ge\u00f6ffnet ist.<\/p>\n\t\t<\/div>\n\t<\/a>\n\n\t\n\n\t<a href=\"https:\/\/regiontatry.sk\/de\/touristik\/mit-seilbahnen-zu-wunderschonen-ausblicken\/\" class=\"wp-block-cgb-block-creanet-list category-list grid-x grid-padding-x align-middle\">\n\t\t\t\t\t<div class=\"small-12 medium-6 large-5\">\n\t\t\t\t<figure><img src='https:\/\/regiontatry.sk\/wp-content\/uploads\/2024\/08\/Marek-Hajkovsky-Solisko.jpg'\n\t\t\t\t\t\talt=''\n\t\t\t\t\t\ttitle='Marek Hajkovsky, Solisko'\n\t\t\t\t\t\/><\/figure>\n\t\t\t<\/div>\n\t\t\n\n\t\t<div class=\"cell small-12 medium-5 large-7\">\n\t\t\t<h3><strong>Seilbahnfahrten<\/strong><\/h3>\n\t\t\t<p>Fahren Sie mit der Seilbahn \u00fcber den Wolken zur Lomnick\u00fd \u0161t\u00edt und genie\u00dfen Sie einen Kaffee im stilvollen Caf\u00e9 Dedo. Auch Hrebienok und Solisko bieten eine unglaubliche Aussicht. Kinder lieben Seilbahnfahrten!<\/p>\n\t\t<\/div>\n\t<\/a>\n\n\t\n\n\t<a href=\"https:\/\/regiontatry.sk\/de\/radsport\/\" class=\"wp-block-cgb-block-creanet-list category-list grid-x grid-padding-x align-middle\">\n\t\t\t\t\t<div class=\"small-12 medium-6 large-5\">\n\t\t\t\t<figure><img src='https:\/\/regiontatry.sk\/wp-content\/uploads\/2019\/09\/SD-ATIVITY-OUTDOOR-BIKEDSC00015-5-FIN.jpg'\n\t\t\t\t\t\talt=''\n\t\t\t\t\t\ttitle='SD-ATIVITY-OUTDOOR-BIKEDSC00015-5-FIN'\n\t\t\t\t\t\/><\/figure>\n\t\t\t<\/div>\n\t\t\n\n\t\t<div class=\"cell small-12 medium-5 large-7\">\n\t\t\t<h3>Radfahren<\/h3>\n\t\t\t<p>Genie\u00dfen Sie die Tatra auf zwei R\u00e4dern! W\u00e4hlen Sie aus \u00fcber 300 km markierten Radwegen durch die Hohe Tatra. Aktive Bewegung vor dem Winter tut jedem gut!<\/p>\n\t\t<\/div>\n\t<\/a>\n\n\t\n\n\t<a href=\"https:\/\/regiontatry.sk\/de\/wellness-und-entspannung\/wasserwelt-von-aquacity-poprad\/\" class=\"wp-block-cgb-block-creanet-list category-list grid-x grid-padding-x align-middle\">\n\t\t\t\t\t<div class=\"small-12 medium-6 large-5\">\n\t\t\t\t<figure><img src='https:\/\/regiontatry.sk\/wp-content\/uploads\/2018\/10\/AquaCity_Poprad_panorama_2017_3000.jpg'\n\t\t\t\t\t\talt=''\n\t\t\t\t\t\ttitle='AquaCity_Poprad_panorama_2017_3000'\n\t\t\t\t\t\/><\/figure>\n\t\t\t<\/div>\n\t\t\n\n\t\t<div class=\"cell small-12 medium-5 large-7\">\n\t\t\t<h3><strong>Wasserparadies unter der Tatra \u2013 Thermal-Aquapark in Poprad<\/strong><\/h3>\n\t\t\t<p>Entdecken Sie die einzigartige Wasserwelt unter der Hohen Tatra \u2013 der Aquapark in Poprad bietet Ihnen 13 Au\u00dfen- und Innenbecken mit Thermalwasser bei einer Temperatur von 28\u00b0C \u2013 38\u00b0C, Wasserrutschen, mehr als 350 Wasserattraktionen, das gr\u00f6\u00dfte zweist\u00f6ckige Wellnesscenter der Slowakei und ein Animationsprogramm\u2026.<\/p>\n\t\t<\/div>\n\t<\/a>\n\n\t\n\n\t<a href=\"https:\/\/regiontatry.sk\/de\/wellness-und-entspannung\/gesunder-lebensstil-und-wellness\/\" class=\"wp-block-cgb-block-creanet-list category-list grid-x grid-padding-x align-middle\">\n\t\t\t\t\t<div class=\"small-12 medium-6 large-5\">\n\t\t\t\t<figure><img src='https:\/\/regiontatry.sk\/wp-content\/uploads\/2022\/12\/Hotel-Lomnica-wellness-e1683232029283.jpg'\n\t\t\t\t\t\talt=''\n\t\t\t\t\t\ttitle='Hotel Lomnica - wellness'\n\t\t\t\t\t\/><\/figure>\n\t\t\t<\/div>\n\t\t\n\n\t\t<div class=\"cell small-12 medium-5 large-7\">\n\t\t\t<h3>Tatra Wellness<\/h3>\n\t\t\t<p>Tanken Sie neue Energie f\u00fcr den Winter, entspannen Sie sich, lassen Sie sich mit Massagen verw\u00f6hnen, w\u00e4rmen Sie sich in der Sauna auf, entspannen Sie im Whirlpool und finden Sie Harmonie f\u00fcr K\u00f6rper und Seele. Genie\u00dfen Sie das Gef\u00fchl von Einzigartigkeit und Luxus in den Wellness-Zentren des Hotels.<\/p>\n\t\t<\/div>\n\t<\/a>\n\n\t\n\n\t<a href=\"https:\/\/regiontatry.sk\/de\/familie-und-kinder-sommer\/attraktionen-und-spielraume-fur-kinder\/\" class=\"wp-block-cgb-block-creanet-list category-list grid-x grid-padding-x align-middle\">\n\t\t\t\t\t<div class=\"small-12 medium-6 large-5\">\n\t\t\t\t<figure><img src='https:\/\/regiontatry.sk\/wp-content\/uploads\/2018\/10\/Muzeum-Tanapu-Tatranska-Lomnica.jpg'\n\t\t\t\t\t\talt=''\n\t\t\t\t\t\ttitle='Muzeum Tanapu Tatranska Lomnica'\n\t\t\t\t\t\/><\/figure>\n\t\t\t<\/div>\n\t\t\n\n\t\t<div class=\"cell small-12 medium-5 large-7\">\n\t\t\t<h3>Attraktionen f\u00fcr Familien<\/h3>\n\t\t\t<p>Viel Spa\u00df mit der ganzen Familie bei gutem und schlechtem Wetter. Das verlockende Angebot umfasst das TANAP-Museum, Attraktionen wie Tricklandia, Poliankovo, Pedal Planet oder die digitale Galerie Poliankovo.<\/p>\n\t\t<\/div>\n\t<\/a>\n\n\t\n\n\t<a href=\"https:\/\/regiontatry.sk\/de\/familie-und-kinder-sommer\/\" class=\"wp-block-cgb-block-creanet-list category-list grid-x grid-padding-x align-middle\">\n\t\t\t\t\t<div class=\"small-12 medium-6 large-5\">\n\t\t\t\t<figure><img src='https:\/\/regiontatry.sk\/wp-content\/uploads\/2025\/09\/ac74f6e442489f669f7da841a7d83e3a-scaled.jpg'\n\t\t\t\t\t\talt=''\n\t\t\t\t\t\ttitle='ac74f6e442489f669f7da841a7d83e3a'\n\t\t\t\t\t\/><\/figure>\n\t\t\t<\/div>\n\t\t\n\n\t\t<div class=\"cell small-12 medium-5 large-7\">\n\t\t\t<h3>Orte zum Vergn\u00fcgen der Kinder<\/h3>\n\t\t\t<p>Wenn Sie keinen Ausflug oder eine Wanderung machen, erwartet kleine und gro\u00dfe Kinder viel Spa\u00df auf Indoor-Spielpl\u00e4tzen, in der interaktiven Galerie Dobr\u00e1 hra\u010dka, auf der Bobbahn, auf Mountaincarts in Tatransk\u00e1 Lomnica, auf dem Spielplatz Svi\u0161tia krajinka in Skalnaty pleso oder im Veveri\u010d-Park und im Funpark in \u0160trbsk\u00e9 Pleso.<\/p>\n\t\t<\/div>\n\t<\/a>\n\n\t\n\n\t<a href=\"https:\/\/regiontatry.sk\/de\/region\/geschichte-und-traditionen\/\" class=\"wp-block-cgb-block-creanet-list category-list grid-x grid-padding-x align-middle\">\n\t\t\t\t\t<div class=\"small-12 medium-6 large-5\">\n\t\t\t\t<figure><img src='https:\/\/regiontatry.sk\/wp-content\/uploads\/2025\/09\/sherpa-muzeum.jpg'\n\t\t\t\t\t\talt=''\n\t\t\t\t\t\ttitle='sherpa muzeum'\n\t\t\t\t\t\/><\/figure>\n\t\t\t<\/div>\n\t\t\n\n\t\t<div class=\"cell small-12 medium-5 large-7\">\n\t\t\t<h3><strong>Historische Denkm\u00e4ler und Museen<\/strong><\/h3>\n\t\t\t<p>Genie\u00dfen Sie die Kultur der Hohen Tatra \u2013 besuchen Sie die historischen Stadtkerne, lernen Sie historische Denkm\u00e4ler kennen, am\u00fcsieren Sie sich bei Kultur- und Folkloreveranstaltungen und sehen Sie sich interessante Ausstellungen in Museen und Galerien in Poprad, Tatransk\u00e1 Lomnica oder Star\u00fd Smokovec an. Erfahren Sie mehr \u00fcber die Geschichte mit einem F\u00fchrer im Informationsb\u00fcro in Poprad oder nehmen Sie an regelm\u00e4\u00dfigen Tatra-Wanderungen durch ber\u00fchmte Tatra-Siedlungen in den Tatra-Informationsb\u00fcros teil.<\/p>\n\t\t<\/div>\n\t<\/a>\n\n\t\n\n\t<a href=\"https:\/\/regiontatry.sk\/event\/\" class=\"wp-block-cgb-block-creanet-list category-list grid-x grid-padding-x align-middle\">\n\t\t\t\t\t<div class=\"small-12 medium-6 large-5\">\n\t\t\t\t<figure><img src='https:\/\/regiontatry.sk\/wp-content\/uploads\/2025\/05\/Nordic-walking-1_1300x854-e1747163946924.jpg'\n\t\t\t\t\t\talt=''\n\t\t\t\t\t\ttitle='Nordic walking 1_1300x854'\n\t\t\t\t\t\/><\/figure>\n\t\t\t<\/div>\n\t\t\n\n\t\t<div class=\"cell small-12 medium-5 large-7\">\n\t\t\t<h3>Kulturelle und sportliche Veranstaltungen<\/h3>\n\t\t\t<p>Auch diesen Herbst lassen wir uns nichts entgehen. St\u00f6bern Sie in unserem Veranstaltungskalender und suchen Sie sich ein kulturelles oder sportliches Erlebnis ganz nach Ihrem Geschmack aus.<\/p>\n\t\t<\/div>\n\t<\/a>\n\n\t\n\n\n<div style=\"height:100px\" aria-hidden=\"true\" class=\"wp-block-spacer\"><\/div>\n\n\n\n<p>\u010ci u\u017e v turistick\u00fdch top\u00e1nkach, s bicyklom, alebo v plavk\u00e1ch s\u00fa Tatry na jese\u0148 kr\u00e1sne farebn\u00e9 a pln\u00e9 atrakci\u00ed.<br><\/p>\n\n\n\n<p><\/p>\n","protected":false},"excerpt":{"rendered":"<p>Die Tatra ist die ideale Jahreszeit zum Wandern. Verpassen Sie nicht diese Zeit, die wie geschaffen ist f\u00fcr Spazierg\u00e4nge. Die Tatra ist im Herbst einzigartig malerisch! Die Natur strahlt in leuchtenden Farben, die Sonnenstrahlen w\u00e4rmen, die Bergbrise erfrischt. Der Herbst in den Bergen zeichnet sich durch stabileres Wetter, weite Aussichten, weniger \u00fcberf\u00fcllte Bergpfade und mehr [&hellip;]<\/p>\n","protected":false},"author":2,"featured_media":21578,"parent":0,"menu_order":0,"comment_status":"closed","ping_status":"closed","template":"template-simple-page.php","meta":{"footnotes":""},"class_list":["post-21576","page","type-page","status-publish","has-post-thumbnail","hentry"],"_links":{"self":[{"href":"https:\/\/regiontatry.sk\/de\/wp-json\/wp\/v2\/pages\/21576"}],"collection":[{"href":"https:\/\/regiontatry.sk\/de\/wp-json\/wp\/v2\/pages"}],"about":[{"href":"https:\/\/regiontatry.sk\/de\/wp-json\/wp\/v2\/types\/page"}],"author":[{"embeddable":true,"href":"https:\/\/regiontatry.sk\/de\/wp-json\/wp\/v2\/users\/2"}],"replies":[{"embeddable":true,"href":"https:\/\/regiontatry.sk\/de\/wp-json\/wp\/v2\/comments?post=21576"}],"version-history":[{"count":10,"href":"https:\/\/regiontatry.sk\/de\/wp-json\/wp\/v2\/pages\/21576\/revisions"}],"predecessor-version":[{"id":11122444,"href":"https:\/\/regiontatry.sk\/de\/wp-json\/wp\/v2\/pages\/21576\/revisions\/11122444"}],"wp:featuredmedia":[{"embeddable":true,"href":"https:\/\/regiontatry.sk\/de\/wp-json\/wp\/v2\/media\/21578"}],"wp:attachment":[{"href":"https:\/\/regiontatry.sk\/de\/wp-json\/wp\/v2\/media?parent=21576"}],"curies":[{"name":"wp","href":"https:\/\/api.w.org\/{rel}","templated":true}]}}