{"id":21579,"date":"2019-05-06T11:32:41","date_gmt":"2019-05-06T09:32:41","guid":{"rendered":"https:\/\/regiontatry.sk\/cykloturistika\/"},"modified":"2019-05-06T11:32:41","modified_gmt":"2019-05-06T09:32:41","slug":"cykloturistika","status":"publish","type":"page","link":"https:\/\/regiontatry.sk\/de\/radsport\/cykloturistika\/","title":{"rendered":"Cykloturistika"},"content":{"rendered":"\n<p>Rovinat\u00e9 trate v podhor\u00ed, exponovan\u00e9 v\u00fdstupy a\u017e pod najvy\u0161\u0161ie&nbsp;\u0161t\u00edty Tatier, cyklomagistr\u00e1la ved\u00faca takmer okolo cel\u00e9ho pohoria Vysok\u00fdch&nbsp;Tatier.<\/p>\n\n\n\n<p>Cykloturistika je vynikaj\u00facou pr\u00edle\u017eitos\u0165ou ako spoji\u0165&nbsp;<strong>\u0161portov\u00fd pohyb&nbsp;s bezprostredn\u00fdm z\u00e1\u017eitkom z pr\u00edrody<\/strong>.<\/p>\n\n\n\t<a href=\"\/cyklistika\/cykloturistika-v-tatrach\/\" class=\"wp-block-cgb-block-creanet-list category-list grid-x grid-padding-x align-middle\">\n\t\t\t\t\t<div class=\"small-12 medium-6 large-5\">\n\t\t\t\t<figure><img src='https:\/\/regiontatry.sk\/wp-content\/uploads\/2019\/05\/IMG_6232.jpg'\n\t\t\t\t\t\talt=''\n\t\t\t\t\t\ttitle='IMG_6232'\n\t\t\t\t\t\/><\/figure>\n\t\t\t<\/div>\n\t\t\n\n\t\t<div class=\"cell small-12 medium-5 large-7\">\n\t\t\t<h3>Cyklistika v Tatr\u00e1ch<br><\/h3>\n\t\t\t<p>Spoznajte Regi\u00f3n Vysok\u00e9 Tatry zo sedla v\u00e1\u0161ho bicykla.\u00a0<strong>Viac ako 300 km\u00a0zna\u010den\u00fdch cyklotr\u00e1s r\u00f4znych obtia\u017enost\u00ed<\/strong>, ur\u010den\u00fdch pre v\u0161etk\u00fdch \u2013\u00a0<strong>rodinky\u00a0s de\u0165mi, milovn\u00edkov horskej a cestnej cyklistiky, \u0161portovcov aj za\u010d\u00ednaj\u00facich\u00a0cyklistov<\/strong>.<br><\/p>\n\t\t<\/div>\n\t<\/a>\n\n\t\n\n\t<a href=\"\/cyklistika\/cyklotrasy\/\" class=\"wp-block-cgb-block-creanet-list category-list grid-x grid-padding-x align-middle\">\n\t\t\t\t\t<div class=\"small-12 medium-6 large-5\">\n\t\t\t\t<figure><img src='https:\/\/regiontatry.sk\/wp-content\/uploads\/2019\/05\/SD-ATIVITY-OUTDOOR-BIKEDSC00015-5-FIN.jpg'\n\t\t\t\t\t\talt=''\n\t\t\t\t\t\ttitle='SD-ATIVITY-OUTDOOR-BIKEDSC00015-5-FIN'\n\t\t\t\t\t\/><\/figure>\n\t\t\t<\/div>\n\t\t\n\n\t\t<div class=\"cell small-12 medium-5 large-7\">\n\t\t\t<h3><strong>39 odpor\u00fa\u010dan\u00fdch cyklotr\u00e1s<\/strong><br><\/h3>\n\t\t\t<p>Pozrite si viac ako\u00a0<strong>300 km zna\u010den\u00fdch cyklotr\u00e1s<\/strong>\u00a0cel\u00fdm regi\u00f3nom \u010di 30 TOP trat\u00ed, ktor\u00e9 pon\u00faka regi\u00f3n Vysok\u00e9 Tatry. Tie najn\u00e1ro\u010dnej\u0161ie no z\u00e1rove\u0148 tie, ktor\u00e9 v\u00e1m poskytn\u00fa najkraj\u0161ie v\u00fdh\u013eady, s\u00fa cyklotrasy k Chate pri Zelenom plese, Hrebienok, Sliezsky dom \u010di Popradsk\u00e9 pleso. Vyberte si ten spr\u00e1vny cyklov\u00fdlet!<br><\/p>\n\t\t<\/div>\n\t<\/a>\n\n\t\n\n\t<a href=\"\/cyklistika\/pozicovne-bicyklov\/\" class=\"wp-block-cgb-block-creanet-list category-list grid-x grid-padding-x align-middle\">\n\t\t\t\t\t<div class=\"small-12 medium-6 large-5\">\n\t\t\t\t<figure><img src='https:\/\/regiontatry.sk\/wp-content\/uploads\/2019\/05\/intersport-leto.jpg'\n\t\t\t\t\t\talt=''\n\t\t\t\t\t\ttitle='intersport leto'\n\t\t\t\t\t\/><\/figure>\n\t\t\t<\/div>\n\t\t\n\n\t\t<div class=\"cell small-12 medium-5 large-7\">\n\t\t\t<h3>Po\u017ei\u010dovne bicyklov<br><\/h3>\n\t\t\t<p>Cykloturistika je v\u00fdborn\u00fd akt\u00edvny relax, na ktor\u00fd nepotrebujete vlastn\u00fa v\u00fdbavu.\u00a0<strong>Vyu\u017eite slu\u017eby po\u017ei\u010dovn\u00ed<\/strong>\u00a0a\u00a0cestujte do Tatier na\u013eahko\u00a0bez ak\u00fdchko\u013evek starost\u00ed. Po\u017ei\u010dajte si z\u00a0bohatej ponuky bicyklov a\u00a0profi downhill bicyklov v\u00a0niektorej z\u00a0po\u017ei\u010dovn\u00ed, ktor\u00e9 v\u00e1m zabezpe\u010dia aj kvalitn\u00fd servis. A \u010do tak vysk\u00fa\u0161a\u0165 atraktivny\u00a0<strong>e-bike<\/strong>?<br><\/p>\n\t\t<\/div>\n\t<\/a>\n\n\t\n\n\n<div style=\"height:100px\" aria-hidden=\"true\" class=\"wp-block-spacer\"><\/div>\n\n\n\n<iframe loading=\"lazy\" width=\"100%\" height=\"700\" src=\"https:\/\/www.youtube.com\/embed\/wLSUy_J_Ls8\" frameborder=\"0\" allow=\"accelerometer; autoplay; encrypted-media; gyroscope; picture-in-picture\" allowfullscreen=\"\"><\/iframe>\n","protected":false},"excerpt":{"rendered":"<p>Rovinat\u00e9 trate v podhor\u00ed, exponovan\u00e9 v\u00fdstupy a\u017e pod najvy\u0161\u0161ie&nbsp;\u0161t\u00edty Tatier, cyklomagistr\u00e1la ved\u00faca takmer okolo cel\u00e9ho pohoria Vysok\u00fdch&nbsp;Tatier. Cykloturistika je vynikaj\u00facou pr\u00edle\u017eitos\u0165ou ako spoji\u0165&nbsp;\u0161portov\u00fd pohyb&nbsp;s bezprostredn\u00fdm z\u00e1\u017eitkom z pr\u00edrody.<\/p>\n","protected":false},"author":2,"featured_media":21581,"parent":21695,"menu_order":0,"comment_status":"closed","ping_status":"closed","template":"template-simple-page.php","meta":{"footnotes":""},"class_list":["post-21579","page","type-page","status-publish","has-post-thumbnail","hentry"],"_links":{"self":[{"href":"https:\/\/regiontatry.sk\/de\/wp-json\/wp\/v2\/pages\/21579"}],"collection":[{"href":"https:\/\/regiontatry.sk\/de\/wp-json\/wp\/v2\/pages"}],"about":[{"href":"https:\/\/regiontatry.sk\/de\/wp-json\/wp\/v2\/types\/page"}],"author":[{"embeddable":true,"href":"https:\/\/regiontatry.sk\/de\/wp-json\/wp\/v2\/users\/2"}],"replies":[{"embeddable":true,"href":"https:\/\/regiontatry.sk\/de\/wp-json\/wp\/v2\/comments?post=21579"}],"version-history":[{"count":0,"href":"https:\/\/regiontatry.sk\/de\/wp-json\/wp\/v2\/pages\/21579\/revisions"}],"up":[{"embeddable":true,"href":"https:\/\/regiontatry.sk\/de\/wp-json\/wp\/v2\/pages\/21695"}],"wp:featuredmedia":[{"embeddable":true,"href":"https:\/\/regiontatry.sk\/de\/wp-json\/wp\/v2\/media\/21581"}],"wp:attachment":[{"href":"https:\/\/regiontatry.sk\/de\/wp-json\/wp\/v2\/media?parent=21579"}],"curies":[{"name":"wp","href":"https:\/\/api.w.org\/{rel}","templated":true}]}}