{"id":21585,"date":"2018-10-09T14:56:55","date_gmt":"2018-10-09T12:56:55","guid":{"rendered":"https:\/\/regiontatry.sk\/rodinna-turistika-zima\/"},"modified":"2019-12-13T12:12:18","modified_gmt":"2019-12-13T11:12:18","slug":"familientouristik-winter","status":"publish","type":"page","link":"https:\/\/regiontatry.sk\/de\/familie-und-kinder\/familientouristik-winter\/","title":{"rendered":"Familientouristik"},"content":{"rendered":"\n<p>Wir haben f\u00fcr Sie ein paar Tipps f\u00fcr kurze, h\u00f6chstens 2 Stunden lange Spazierg\u00e4nge, die ideal auch f\u00fcr Touristik mit kleinen Kindern sind:<\/p>\n\n\n\n<h3 class=\"wp-block-heading\"><strong><br>TIPY NA RODINN\u00c9 V\u00ddLETY<\/strong><\/h3>\n\n\n\n<table class=\"wp-block-table\"><tbody><tr><td>&nbsp;<\/td><td>&nbsp;<\/td><td>Std..<\/td><td>&nbsp;<\/td><td>H\u00f6hendifferenz<\/td><\/tr><tr><td><strong>Von \u0160trbsk\u00e9 Pleso zu Jamsk\u00e9 pleso (Bergsee)<\/strong><\/td><td>&nbsp;<\/td><td>1:00<\/td><td>&nbsp;<\/td><td>120 m<\/td><\/tr><tr><td><strong>Von der Haltestelle Popradsk\u00e9 Pleso zu Popradsk\u00e9 pleso,<br><\/strong>dem viertgr\u00f6\u00dften Bergsee in der Tatra<\/td><td>&nbsp;<\/td><td>1:00<\/td><td>&nbsp;<\/td><td>250 m<\/td><\/tr><tr><td><strong>Von Podbansk\u00e9 zu Kme\u0165ov Wasserfall,<br><\/strong>dem gr\u00f6\u00dften Wasserfall in der Slowakei (80m)<\/td><td>&nbsp;<\/td><td>2:00<\/td><td>&nbsp;<\/td><td>320 m<\/td><\/tr><tr><td><strong>Um Star\u00fd Smokovec herum<\/strong><br>Star\u00fd Smokovec \u2013 Fu\u00df der Spitze Slavkovsk\u00fd \u0161t\u00edt \u2013 Hrebienok \u2013 Star\u00fd Smokovec<strong>O<\/strong><\/td><td>&nbsp;<\/td><td>2:00<\/td><td>&nbsp;<\/td><td>300 m<\/td><\/tr><tr><td><strong>Zu Rainers H\u00fctte und den Wasserf\u00e4llen von Studen\u00fd potok (Bach)<br><\/strong>Star\u00fd Smokovec \u2013 Hrebienok \u2013 Wasserf\u00e4lle von Studen\u00fd potok \u2013 Starolesnianska po\u013eana (Waldwiese \u2013 ehemalige Waldwiese Kamz\u00edk) \u2013 Rainers H\u00fctte<strong>K<\/strong><\/td><td>&nbsp;<\/td><td>1:00<\/td><td>&nbsp;<\/td><td>150 m<\/td><\/tr><tr><td><strong>Von Tatransk\u00e1 Lomnica nach \u0160tart<\/strong><\/td><td>&nbsp;<\/td><td>1:00<\/td><td>&nbsp;<\/td><td>200 m<\/td><\/tr><tr><td><strong>Um Tatransk\u00e1 Lomnica herum<br><\/strong>Tatransk\u00e1 Lomnica \u2013 Wiesen bei Tatransk\u00e9 Matliare und zur\u00fcck den Pfad neben dem sog. Weg der Freiheit entlang<strong>L<\/strong><\/td><td>&nbsp;<\/td><td>1:30<\/td><td>&nbsp;<\/td><td>50 m<\/td><\/tr><tr><td><strong>Von Javorina nach Po\u013eana pod Mur\u00e1\u0148om (Waldwiese)<\/strong><\/td><td>&nbsp;<\/td><td>0:45<\/td><td>&nbsp;<\/td><td>110 m<\/td><\/tr><tr><td><strong>Von Lys\u00e1 Po\u013eana nach Po\u013eana pod Rozpadlinami (Waldwiese)<br><\/strong>l\u00e4ngs des Flusses Biela voda \u2013 Forsthaus \u2013 Po\u013eana pod Rozpadlinami<\/td><td>&nbsp;<\/td><td>1:00<\/td><td>&nbsp;<\/td><td>50 m<\/td><\/tr><\/tbody><\/table>\n","protected":false},"excerpt":{"rendered":"<p>Wir haben f\u00fcr Sie ein paar Tipps f\u00fcr kurze, h\u00f6chstens 2 Stunden lange Spazierg\u00e4nge, die ideal auch f\u00fcr Touristik mit kleinen Kindern sind: TIPY NA RODINN\u00c9 V\u00ddLETY &nbsp; &nbsp; Std.. &nbsp; H\u00f6hendifferenz Von \u0160trbsk\u00e9 Pleso zu Jamsk\u00e9 pleso (Bergsee) &nbsp; 1:00 &nbsp; 120 m Von der Haltestelle Popradsk\u00e9 Pleso zu Popradsk\u00e9 pleso,dem viertgr\u00f6\u00dften Bergsee in [&hellip;]<\/p>\n","protected":false},"author":2,"featured_media":21586,"parent":21704,"menu_order":0,"comment_status":"closed","ping_status":"closed","template":"template-simple-page.php","meta":{"footnotes":""},"class_list":["post-21585","page","type-page","status-publish","has-post-thumbnail","hentry"],"_links":{"self":[{"href":"https:\/\/regiontatry.sk\/de\/wp-json\/wp\/v2\/pages\/21585"}],"collection":[{"href":"https:\/\/regiontatry.sk\/de\/wp-json\/wp\/v2\/pages"}],"about":[{"href":"https:\/\/regiontatry.sk\/de\/wp-json\/wp\/v2\/types\/page"}],"author":[{"embeddable":true,"href":"https:\/\/regiontatry.sk\/de\/wp-json\/wp\/v2\/users\/2"}],"replies":[{"embeddable":true,"href":"https:\/\/regiontatry.sk\/de\/wp-json\/wp\/v2\/comments?post=21585"}],"version-history":[{"count":1,"href":"https:\/\/regiontatry.sk\/de\/wp-json\/wp\/v2\/pages\/21585\/revisions"}],"predecessor-version":[{"id":22939,"href":"https:\/\/regiontatry.sk\/de\/wp-json\/wp\/v2\/pages\/21585\/revisions\/22939"}],"up":[{"embeddable":true,"href":"https:\/\/regiontatry.sk\/de\/wp-json\/wp\/v2\/pages\/21704"}],"wp:featuredmedia":[{"embeddable":true,"href":"https:\/\/regiontatry.sk\/de\/wp-json\/wp\/v2\/media\/21586"}],"wp:attachment":[{"href":"https:\/\/regiontatry.sk\/de\/wp-json\/wp\/v2\/media?parent=21585"}],"curies":[{"name":"wp","href":"https:\/\/api.w.org\/{rel}","templated":true}]}}