{"id":21589,"date":"2018-10-03T09:59:14","date_gmt":"2018-10-03T07:59:14","guid":{"rendered":"https:\/\/regiontatry.sk\/turisticke-informacie\/poistenie-na-horach\/"},"modified":"2022-05-05T19:23:09","modified_gmt":"2022-05-05T17:23:09","slug":"bergungskostenversicherung","status":"publish","type":"page","link":"https:\/\/regiontatry.sk\/de\/touristeninformationen\/bergungskostenversicherung\/","title":{"rendered":"Bergungskostenversicherung"},"content":{"rendered":"\n<h4 class=\"wp-block-heading\">Sicherheit in den Bergen mit Bergungskostenversicherung<\/h4>\n\n\n\n<p>Genie\u00dfen Sie Wanderabenteuer in der Hohen Tatra mit Bergungskostenversicherung als Rekreationstourist, Bergsteiger, Skitourer oder Adrenalinsportler.<br>Mit gut ausgew\u00e4hlter <strong>Bergungskostenversicherung <\/strong>wird Sie bei Ihrer Wanderung nichts \u00fcberraschen. Schlie\u00dfen Sie Bergungskostenversicherung ab und sch\u00fctzen Sie sich f\u00fcr den Fall unerwarteter Ereignisse oder einer Verletzung. <br>Bei Versicherungsgesellschaften werden 2 Versicherungsarten unterschieden:<\/p>\n\n\n\n<ul class=\"wp-block-list\"><li><strong>\u2013 Basic<\/strong> (gew\u00f6hnliche Touristen, Wanderung auf markierten Pfaden)<\/li><li><strong>\u2013 Extrem<\/strong> (Bergsteigung, Skitouren, andere Adrenalinsporte)<\/li><\/ul>\n\n\n\n<p>Auch eine kleine Verletzung in den Bergen kann Sie viel kosten. Klassische \u00f6ffentliche Gesundheits- oder Reiseversicherungen decken n\u00e4mlich die Bergungskosten bei Rettung oder Sucheinst\u00e4tzen nicht. Kosten f\u00fcr sogenannte technische Eins\u00e4tze (Transport auf Tragbahren, Suchen, Lufttransport) muss jede Person in den Bergen bezahlen. Diese Pflicht bezieht sich nicht auf Minderj\u00e4hrige \u2013 Kinder und nat\u00fcrliche Personen, die nicht rechtsf\u00e4hig sind.<br><br><\/p>\n\n\n\n<h3 class=\"wp-block-heading\"><strong>WIE KANN MAN VERSICHERUNG ABSCHLIE\u1e9eEN<\/strong><\/h3>\n\n\n\n<p>Ab 1.6.2020 ist jede Person, die <strong>in der Stadt Vysok\u00e9 Tatry \u00fcbernachtet <\/strong>und als Bezahler der Unterkunftssteuer registriert ist, <strong>kollektiv f\u00fcr die Bergungskosten versichert<\/strong>.<\/p>\n\n\n\n<p>Die Stadt Vysok\u00e9 Tatry wird von mehreren Ortschaften \u2013 von Tatransk\u00e1 Kotlina bis Popradsk\u00e9 Pleso gebildet. Vergessen Sie nicht zu \u00fcberpr\u00fcfen, ob Ihr Unterkunftsanbieter f\u00fcr die Zahlung der Stadtsteuer registriert ist.&nbsp;<strong>VORSICHT! \u0160trbsk\u00e9 Pleso geh\u00f6rt nicht zur Stadt Vysok\u00e9 Tatry.<\/strong><br> Jede Person, die in der Stadt Vysok\u00e9 Tatry \u00fcbernachtet und die lokale Steuer bezahlt, ist automatisch f\u00fcr die Bergungskosten versichert. <\/p>\n\n\n\n<p>Die GENERALI-Bergungskostenversicherung kann man auch in den <a href=\"https:\/\/regiontatry.sk\/de\/touristeninformationen\/touristische-informationszentren\/\" target=\"_blank\" rel=\"noreferrer noopener\" aria-label=\" (otvor\u00ed sa v novej karte)\">Tatra-Informationsb\u00fcros<\/a> abschlie\u00dfen.<\/p>\n\n\n\n<p>Besuchen Sie die&nbsp;<strong>Tatra-Informationsb\u00fcros in Star\u00fd Smokovec und Tatransk\u00e1 Lomnica oder das Informationsb\u00fcro in \u0160trbsk\u00e9 Pleso<\/strong>,&nbsp;wo Sie die Angestellten beraten, welche Art der Bergungskostenversicherung f\u00fcr Sie am besten ist. Die Versicherung kann man f\u00fcr eine konkrete Anzahl der Tage sowie f\u00fcr das ganze Jahr abschlie\u00dfen. <\/p>\n\n\n\n<p>Bei verschiedenen Versicherungsgesellschaften kann man sich auch bequem zu Hause online versichern, z.B.:<\/p>\n\n\n\n<ul class=\"wp-block-list\"><li><a rel=\"noreferrer noopener\" href=\"https:\/\/www.union.sk\/\" target=\"_blank\">UNION<\/a> <\/li><li><a rel=\"noreferrer noopener\" href=\"https:\/\/www.generali.sk\/\" target=\"_blank\">GENERALI<\/a> <\/li><li><a rel=\"noreferrer noopener\" href=\"https:\/\/www.csob.sk\/\" target=\"_blank\">\u010cSOB &#8211; \u010ceskoslovensk\u00e1 obchodn\u00e1 banka, a.s.<\/a><\/li><li><a rel=\"noreferrer noopener\" href=\"https:\/\/www.allianz.sk\/\" target=\"_blank\">ALLIANZ \u2013 Slovensk\u00e1 pois\u0165ov\u0148a<\/a> <\/li><li><a rel=\"noreferrer noopener\" href=\"https:\/\/www.poistenie.sk\/\" target=\"_blank\">Poistenie.sk<\/a><\/li><li><a rel=\"noreferrer noopener\" href=\"https:\/\/alpenverein-slovensko.sk\/\" target=\"_blank\">Alpenverein Slovensko\ufeff<\/a><\/li><\/ul>\n\n\n\n<p class=\"has-text-color has-vivid-red-color\"><strong>Sicherheit ist in den Bergen am wichtigsten, also warten Sie nicht und schlie\u00dfen Sie die Bergungskostenversicherung ab. <\/strong><\/p>\n\n\n\n<div class=\"wp-block-image\"><figure class=\"alignright\"><img loading=\"lazy\" decoding=\"async\" width=\"225\" height=\"225\" src=\"https:\/\/regiontatry.sk\/wp-content\/uploads\/2022\/03\/HZS.jpeg\" alt=\"\" class=\"wp-image-7671062\" srcset=\"https:\/\/regiontatry.sk\/wp-content\/uploads\/2022\/03\/HZS.jpeg 225w, https:\/\/regiontatry.sk\/wp-content\/uploads\/2022\/03\/HZS-150x150.jpeg 150w\" sizes=\"(max-width: 225px) 100vw, 225px\" \/><\/figure><\/div>\n\n\n\n<h3 class=\"wp-block-heading\">Beim Unfall in den Bergen vergessen Sie nicht die Nummer 18&nbsp;300\nanzurufen. Benutzen k\u00f6nnen Sie auch die mobile App des Bergrettungsdienstes,\ndie Sie zu lokalisieren hilft. <\/h3>\n\n\n\n<h2 class=\"wp-block-heading\" id=\"mce_8\"><a rel=\"noreferrer noopener\" href=\"https:\/\/www.hzs.sk\/\" target=\"_blank\">www.hzs.sk<\/a> | <a rel=\"noreferrer noopener\" href=\"https:\/\/www.laviny.sk\/\" target=\"_blank\">www.laviny.sk<\/a><\/h2>\n\n\n\n<h2 class=\"wp-block-heading\">Notrufnummer des Bergrettungsdienstes:&nbsp;18&nbsp;300<br><br><\/h2>\n\n\n\n<p><a href=\"https:\/\/app.hzs.sk\/\"><strong>Mobile App des BERGRETTUNGSDIENSTES<\/strong><\/a><\/p>\n\n\n\n<ul class=\"wp-block-list\"><li>\u2013 aktuelle Informationen \u00fcber die Bedingungen in den Bergen immer dabei<\/li><li>\u2013 ruft Hilfe bei Schwierigkeiten<\/li><\/ul>\n","protected":false},"excerpt":{"rendered":"<p>Sicherheit in den Bergen mit Bergungskostenversicherung Genie\u00dfen Sie Wanderabenteuer in der Hohen Tatra mit Bergungskostenversicherung als Rekreationstourist, Bergsteiger, Skitourer oder Adrenalinsportler.Mit gut ausgew\u00e4hlter Bergungskostenversicherung wird Sie bei Ihrer Wanderung nichts \u00fcberraschen. Schlie\u00dfen Sie Bergungskostenversicherung ab und sch\u00fctzen Sie sich f\u00fcr den Fall unerwarteter Ereignisse oder einer Verletzung. Bei Versicherungsgesellschaften werden 2 Versicherungsarten unterschieden: \u2013 Basic [&hellip;]<\/p>\n","protected":false},"author":2,"featured_media":21590,"parent":21497,"menu_order":0,"comment_status":"closed","ping_status":"closed","template":"template-list.php","meta":{"footnotes":""},"class_list":["post-21589","page","type-page","status-publish","has-post-thumbnail","hentry"],"_links":{"self":[{"href":"https:\/\/regiontatry.sk\/de\/wp-json\/wp\/v2\/pages\/21589"}],"collection":[{"href":"https:\/\/regiontatry.sk\/de\/wp-json\/wp\/v2\/pages"}],"about":[{"href":"https:\/\/regiontatry.sk\/de\/wp-json\/wp\/v2\/types\/page"}],"author":[{"embeddable":true,"href":"https:\/\/regiontatry.sk\/de\/wp-json\/wp\/v2\/users\/2"}],"replies":[{"embeddable":true,"href":"https:\/\/regiontatry.sk\/de\/wp-json\/wp\/v2\/comments?post=21589"}],"version-history":[{"count":3,"href":"https:\/\/regiontatry.sk\/de\/wp-json\/wp\/v2\/pages\/21589\/revisions"}],"predecessor-version":[{"id":8040215,"href":"https:\/\/regiontatry.sk\/de\/wp-json\/wp\/v2\/pages\/21589\/revisions\/8040215"}],"up":[{"embeddable":true,"href":"https:\/\/regiontatry.sk\/de\/wp-json\/wp\/v2\/pages\/21497"}],"wp:featuredmedia":[{"embeddable":true,"href":"https:\/\/regiontatry.sk\/de\/wp-json\/wp\/v2\/media\/21590"}],"wp:attachment":[{"href":"https:\/\/regiontatry.sk\/de\/wp-json\/wp\/v2\/media?parent=21589"}],"curies":[{"name":"wp","href":"https:\/\/api.w.org\/{rel}","templated":true}]}}