{"id":21597,"date":"2018-09-24T20:51:53","date_gmt":"2018-09-24T18:51:53","guid":{"rendered":"https:\/\/regiontatry.sk\/wellness-sluzby\/"},"modified":"2018-09-24T20:51:53","modified_gmt":"2018-09-24T18:51:53","slug":"wellness-sluzby","status":"publish","type":"page","link":"https:\/\/regiontatry.sk\/de\/wellness-und-entspannung\/gesunder-lebensstil-und-wellness\/wellness-sluzby\/","title":{"rendered":"Wellness slu\u017eby"},"content":{"rendered":"\n<p>Wellness je viac ako len oddych. Je to \u017eivotn\u00e1 filozofia, s ktorou sa mus\u00edte zozn\u00e1mi\u0165. Dokonal\u00e9 uvo\u013enenie n\u00e1jdete pri mas\u00e1\u017each r\u00f4zneho druhu, vo vit\u00e1lnom svete parn\u00fdch k\u00fape\u013eov, s\u00e1un, tepid\u00e1ri\u00ed, v\u00edriviek, ale i v oddychov\u00fdch z\u00f3nach s pr\u00edjemnou relaxa\u010dnou hudbou. Toto v\u0161etko, a e\u0161te viac pon\u00fakaj\u00fa wellness centr\u00e1 tatransk\u00fdch hotelov a grandhotelov, ale aj jedine\u010dn\u00fd vodn\u00fd svet pod Tatrami, AquaCity Poprad.<\/p>\n\n\n\n<h2 class=\"wp-block-heading\">Vit\u00e1lny svet&nbsp;<\/h2>\n\n\n\n<p>Vit\u00e1lny svet je centrum pln\u00e9 zdravia a vitality. Pon\u00faka mo\u017enosti relax\u00e1cie a je v\u00fdborn\u00fdm sp\u00f4sobom starostlivosti o v\u00e1\u0161 imunitn\u00fd syst\u00e9m. Inhal\u00e1cia pr\u00edrodn\u00fdch bylinkov\u00fdch v\u00f4n\u00ed prin\u00e1\u0161a priazniv\u00fd lie\u010div\u00fd \u00fa\u010dinok do cel\u00e9ho tela. Zatvorte o\u010di, vypnite myse\u013e. Atmosf\u00e9ra vit\u00e1lneho sveta v\u00e1s prenesie na tatransk\u00e9 horsk\u00e9 svahy pln\u00e9 kvetov a byl\u00edn. S\u00fa\u010das\u0165ou vit\u00e1lneho sveta je okrem r\u00f4znych typov s\u00e1un, inhal\u00e1ci\u00ed a tepid\u00e1ri\u00ed aj vodn\u00e1 cesta. Striedanie tepla a chladu p\u00f4sob\u00ed priaznivo na v\u00e1\u0161 organizmus. Simul\u00e1cia arktick\u00e9ho a tropick\u00e9ho da\u017e\u010fa v\u00e1s pr\u00edjemne osvie\u017ei. V san\u00e1riu z\u00edska va\u0161e telo potrebn\u00fd bronz a vitam\u00edn D na slne\u010dnej l\u00fake. V\u00edrivky a mas\u00e1\u017ene sprchy dokonale prekrvia va\u0161u poko\u017eku a po hor\u00facej saune v\u00e1s \u013eadov\u00fd oce\u00e1n a sne\u017en\u00e1 jasky\u0148a zmraz\u00ed na kos\u0165.<\/p>\n\n\n\n<p>\u00da\u010dinnou lie\u010debnou met\u00f3dou pri viacer\u00fdch druhoch chor\u00f4b je kryoterapia. Je to kombin\u00e1cia modernej medic\u00edny a alternat\u00edvnej lie\u010dby. Proced\u00fara zah\u0155\u0148a maxim\u00e1lne trojmin\u00fatov\u00fd pobyt v komore s priemernou teplotou&nbsp; -120\u00b0C, za ktor\u00fdm nasleduje intenz\u00edvne cvi\u010denie. Taktie\u017e je v\u00fdborn\u00e1 pre regener\u00e1ciu \u0161portovcov.<\/p>\n\n\n\n<p>Vo wellness m\u00e1te na v\u00fdber z bohatej ponuky lie\u010debn\u00fdch, prevent\u00edvnych, stimuluj\u00facich alebo uvo\u013e\u0148uj\u00facich proced\u00far a mas\u00e1\u017e\u00ed.<\/p>\n\n\n\n<h2 class=\"wp-block-heading\">Mas\u00e1\u017ee<br><br><\/h2>\n\n\n\n<p>Ra\u0161elinov\u00fd z\u00e1bal ovplyv\u0148uje obnovu ko\u017en\u00fdch buniek, p\u00f4sob\u00ed antibakteri\u00e1lne a posil\u0148uje imunitu. Zvy\u0161uje prekrvenie, zlep\u0161uje \u010dinnos\u0165 svalstva a k\u013abov. Bankovanie funguje na princ\u00edpe prikladania nahriatych baniek na va\u0161e telo. Tie vytvoria podtlak, ktor\u00fd sp\u00f4sob\u00ed prekrvenie tkaniva. V\u00fdsledkom je uvo\u013enenie stuhnut\u00e9ho svalstva a odstr\u00e1nenie bolesti. Bioptron je \u0161peci\u00e1lna met\u00f3da, ktor\u00e1 vyu\u017e\u00edva sveteln\u00fa energiu. Pozit\u00edvne stimuluje biologick\u00e9 procesy v organizme. Detox zasa vyu\u017e\u00edva lie\u010div\u00e9 schopnosti vody. \u0160kodliviny sa z tela vyl\u00fa\u010dia cez 2000 p\u00f3rov na podo\u0161ve n\u00f4h. Lymfodren\u00e1\u017e je mas\u00e1\u017e lymfatick\u00fdch ciest.&nbsp; Podporuje pohyb lymfy a t\u00fdm aj prepravu l\u00e1tok v nej obsiahnut\u00fdch. Z\u00e1rove\u0148 ur\u00fdch\u013euje \u010distenie organizmu a pom\u00e1ha zbavi\u0165 sa \u0161kodliv\u00edn.<\/p>\n\n\n\n<p>Ve\u013emi popul\u00e1rne a zdraviu prospe\u0161n\u00e9 s\u00fa aj thajsk\u00e9 mas\u00e1\u017ee, pri ktor\u00fdch sa pou\u017e\u00edvaj\u00fa r\u00f4zne aromatick\u00e9 oleje. Ob\u013e\u00faben\u00e1 tradi\u010dn\u00e1 thajsk\u00e1 mas\u00e1\u017e je 2500 rokov star\u00e1 lie\u010debn\u00e1 met\u00f3da zalo\u017een\u00e1 na koncepcii a znalosti energetick\u00fdch dr\u00e1h v \u013eudskom tele.<\/p>\n\n\n\n<p>\u010eal\u0161\u00edm druhom thajskej mas\u00e1\u017ee je mas\u00e1\u017e chodidiel. Je to akupres\u00farna mas\u00e1\u017e pri ktorej sa stimuluj\u00fa reflexn\u00e9 body na chodidl\u00e1ch. Mas\u00e1\u017eou reflexn\u00fdch bodov sa stimuluj\u00fa jednotliv\u00e9 prisl\u00fachaj\u00face org\u00e1ny. V\u00f4ne t\u00fdch najrozmanitej\u0161\u00edch byl\u00edn si vychutn\u00e1te pri hor\u00facej bylinnej mas\u00e1\u017ei, ktor\u00fdch lie\u010div\u00e1 sila p\u00f4sob\u00ed na organizmus antibakteri\u00e1lne a protiz\u00e1palovo.<\/p>\n\n\n\n<h2 class=\"wp-block-heading\">Kr\u00e1sa<\/h2>\n\n\n\n<p>Wellnes z\u010faleka nie je len o zdrav\u00ed. V jeho ponuke n\u00e1jdete aj mno\u017estvo skr\u00e1\u0161\u013eovac\u00edch k\u00far. Ak si neviete da\u0165 rady s vr\u00e1skami, tmav\u00fdmi kruhmi okolo o\u010d\u00ed, z\u00e1hybmi na krku \u010di dekolte, vyu\u017eite slu\u017eby liftingov\u00e9ho o\u0161etrenia pleti a tela a mno\u017estvo in\u00fdch proced\u00far prospe\u0161n\u00fdch pre va\u0161e telo.<\/p>\n\n\n    <div id=\"gallery\" class=\"grid-x grid-padding-x\">\n        <div class=\"cell small-12\">\n            <h3><\/h3>\n        <\/div>\n                    <div class=\"cell small-6 medium-4\">\n                <a href=\"#\" class=\"thumbnail\" data-index=0>\n                    <img decoding=\"async\" src=\"https:\/\/regiontatry.sk\/wp-content\/uploads\/2018\/09\/14-Permon-wellness.jpg\" alt=\"\" data-width=\"1200\" data-height=\"900\" \/>\n                <\/a>\n            <\/div>\n                    <div class=\"cell small-6 medium-4\">\n                <a href=\"#\" class=\"thumbnail\" data-index=1>\n                    <img decoding=\"async\" src=\"https:\/\/regiontatry.sk\/wp-content\/uploads\/2018\/09\/massage.jpg\" alt=\"\" data-width=\"1200\" data-height=\"900\" \/>\n                <\/a>\n            <\/div>\n                    <div class=\"cell small-6 medium-4\">\n                <a href=\"#\" class=\"thumbnail\" data-index=2>\n                    <img decoding=\"async\" src=\"https:\/\/regiontatry.sk\/wp-content\/uploads\/2018\/09\/welnes_2_X-640x425.jpg\" alt=\"\" data-width=\"1200\" data-height=\"900\" \/>\n                <\/a>\n            <\/div>\n            <\/div>\n    ","protected":false},"excerpt":{"rendered":"<p>Wellness je viac ako len oddych. Je to \u017eivotn\u00e1 filozofia, s ktorou sa mus\u00edte zozn\u00e1mi\u0165. Dokonal\u00e9 uvo\u013enenie n\u00e1jdete pri mas\u00e1\u017each r\u00f4zneho druhu, vo vit\u00e1lnom svete parn\u00fdch k\u00fape\u013eov, s\u00e1un, tepid\u00e1ri\u00ed, v\u00edriviek, ale i v oddychov\u00fdch z\u00f3nach s pr\u00edjemnou relaxa\u010dnou hudbou. Toto v\u0161etko, a e\u0161te viac pon\u00fakaj\u00fa wellness centr\u00e1 tatransk\u00fdch hotelov a grandhotelov, ale aj jedine\u010dn\u00fd vodn\u00fd [&hellip;]<\/p>\n","protected":false},"author":3,"featured_media":21599,"parent":21607,"menu_order":0,"comment_status":"closed","ping_status":"closed","template":"template-cons.php","meta":{"footnotes":""},"class_list":["post-21597","page","type-page","status-publish","has-post-thumbnail","hentry"],"_links":{"self":[{"href":"https:\/\/regiontatry.sk\/de\/wp-json\/wp\/v2\/pages\/21597"}],"collection":[{"href":"https:\/\/regiontatry.sk\/de\/wp-json\/wp\/v2\/pages"}],"about":[{"href":"https:\/\/regiontatry.sk\/de\/wp-json\/wp\/v2\/types\/page"}],"author":[{"embeddable":true,"href":"https:\/\/regiontatry.sk\/de\/wp-json\/wp\/v2\/users\/3"}],"replies":[{"embeddable":true,"href":"https:\/\/regiontatry.sk\/de\/wp-json\/wp\/v2\/comments?post=21597"}],"version-history":[{"count":0,"href":"https:\/\/regiontatry.sk\/de\/wp-json\/wp\/v2\/pages\/21597\/revisions"}],"up":[{"embeddable":true,"href":"https:\/\/regiontatry.sk\/de\/wp-json\/wp\/v2\/pages\/21607"}],"wp:featuredmedia":[{"embeddable":true,"href":"https:\/\/regiontatry.sk\/de\/wp-json\/wp\/v2\/media\/21599"}],"wp:attachment":[{"href":"https:\/\/regiontatry.sk\/de\/wp-json\/wp\/v2\/media?parent=21597"}],"curies":[{"name":"wp","href":"https:\/\/api.w.org\/{rel}","templated":true}]}}