{"id":21607,"date":"2018-09-13T15:55:29","date_gmt":"2018-09-13T13:55:29","guid":{"rendered":"https:\/\/regiontatry.sk\/zdravy-zivotny-styl-a-wellness\/"},"modified":"2019-12-16T15:06:50","modified_gmt":"2019-12-16T14:06:50","slug":"gesunder-lebensstil-und-wellness","status":"publish","type":"page","link":"https:\/\/regiontatry.sk\/de\/wellness-und-entspannung\/gesunder-lebensstil-und-wellness\/","title":{"rendered":"Gesunder Lebensstil <\/br>und Wellness"},"content":{"rendered":"\n<p>Physische Gesundheit und seelisches Gleichgewicht symbolisieren die Lebenseinstellung\nvieler Leute heutzutage. Entspannung in der Natur der Tatra ist doch das beste\nRezept f\u00fcr die Herausforderungen des Alltags. <\/p>\n\n\n\n<p>Wegen der einmaligen heilenden Wirkungen lokalen Klimas besuchen die Tatra\nseit langem Touristen aus der ganzen Welt. Jeder, der sich nach wohltuender\nEntspannung, Regeneration der Kr\u00e4fte, Harmonisierung des K\u00f6rpers und der Seele,\nVitalit\u00e4t und Sch\u00f6nheit oder nur himmlischer Ruhe sehnt, findet hier seine\nInsel der Gesundheit. <\/p>\n\n\n\n<p>Tauchen Sie in die Natur der Tatra ein und finden Sie Kraft und Ruhe, die\nalle Ihre Sinne streichelt!<\/p>\n\n\n\n<p>Unglaublich reine Luft, hohe Sonnenscheinwerte, duftende Essenzen in der\nLuft und viele weiteren Elemente \u00fcberzeugen Sie von den heilenden Wirkungen der\nTatra. <\/p>\n\n\n\t<a href=\"\/de\/wellness-und-entspannung\/klimatische-heilbader\/\" class=\"wp-block-cgb-block-creanet-list category-list grid-x grid-padding-x align-middle\">\n\t\t\t\t\t<div class=\"small-12 medium-6 large-5\">\n\t\t\t\t<figure><img src='https:\/\/regiontatry.sk\/wp-content\/uploads\/2019\/05\/kupelens.jpg'\n\t\t\t\t\t\talt=''\n\t\t\t\t\t\ttitle='kupelens'\n\t\t\t\t\t\/><\/figure>\n\t\t\t<\/div>\n\t\t\n\n\t\t<div class=\"cell small-12 medium-5 large-7\">\n\t\t\t<h3>Klimatische Heilb\u00e4der \u2013 Gesundheitszentren<\/h3>\n\t\t\t<p>Der bekannteste <strong>klimatische Kurort<\/strong> in der Slowakei ist einmalig dank der heilenden Elemente des Tatra-Klimas. Die Klimatotherapie verbunden mit weiteren Prozeduren hilft vor allem Patienten mit Atemproblemen bei Regeneration und Heilung. <\/p>\n\t\t<\/div>\n\t<\/a>\n\n\t\n\n\t<a href=\"\/de\/winterausfluge\/wintertouristik\/\" class=\"wp-block-cgb-block-creanet-list category-list grid-x grid-padding-x align-middle\">\n\t\t\t\t\t<div class=\"small-12 medium-6 large-5\">\n\t\t\t\t<figure><img src='https:\/\/regiontatry.sk\/wp-content\/uploads\/2019\/05\/DSC_3312a_1000.jpg'\n\t\t\t\t\t\talt=''\n\t\t\t\t\t\ttitle='DSC_3312a_1000'\n\t\t\t\t\t\/><\/figure>\n\t\t\t<\/div>\n\t\t\n\n\t\t<div class=\"cell small-12 medium-5 large-7\">\n\t\t\t<h3>Sch\u00f6n und vital dank der Kraft der Natur<\/h3>\n\t\t\t<p>Vergessen Sie nicht Ihre Energiequellen regelm\u00e4\u00dfig zu erneuern und unterstreichen Sie Ihre Sch\u00f6nheit mit den heilenden Wirkungen der Tatra-Natur. Lassen Sie sich verw\u00f6hnen und machen Sie einen kleinen Spaziergang in schneebedeckter Landschaft, die ein echter Balsam f\u00fcr den K\u00f6rper und die Seele ist. Und die Tatra-Luft ist das beste Mittel f\u00fcr eine sch\u00f6ne Haut!<\/p>\n\t\t<\/div>\n\t<\/a>\n\n\t\n\n\t<a href=\"\/de\/wellness-und-entspannung\/wellness-spa\/\" class=\"wp-block-cgb-block-creanet-list category-list grid-x grid-padding-x align-middle\">\n\t\t\t\t\t<div class=\"small-12 medium-6 large-5\">\n\t\t\t\t<figure><img src='https:\/\/regiontatry.sk\/wp-content\/uploads\/2019\/05\/wellness-ko\u0301pia.jpg'\n\t\t\t\t\t\talt=''\n\t\t\t\t\t\ttitle='wellness - ko\u0301pia'\n\t\t\t\t\t\/><\/figure>\n\t\t\t<\/div>\n\t\t\n\n\t\t<div class=\"cell small-12 medium-5 large-7\">\n\t\t\t<h3>Nat\u00fcrliche Kr\u00e4uter f\u00fcr tadellose Entspannung<\/h3>\n\t\t\t<p>Entdecken Sie eine bisher unbekannte Dimension der Pflege um den K\u00f6rper und die Seele dank der Kraft der Tatra-Kr\u00e4uter. Lassen Sie sich mit nat\u00fcrlichen \u00e4therischen \u00d6len von Bergblumen verw\u00f6hnen und genie\u00dfen Sie maximalen Genuss in den Wellnesshotels der Tatra. <\/p>\n\t\t<\/div>\n\t<\/a>\n\n\t\n\n\t<a href=\"\/de\/wellness-und-entspannung\/kryotherapie\/\" class=\"wp-block-cgb-block-creanet-list category-list grid-x grid-padding-x align-middle\">\n\t\t\t\t\t<div class=\"small-12 medium-6 large-5\">\n\t\t\t\t<figure><img src='https:\/\/regiontatry.sk\/wp-content\/uploads\/2018\/08\/kryo.jpg'\n\t\t\t\t\t\talt=''\n\t\t\t\t\t\ttitle='kryo'\n\t\t\t\t\t\/><\/figure>\n\t\t\t<\/div>\n\t\t\n\n\t\t<div class=\"cell small-12 medium-5 large-7\">\n\t\t\t<h3>Kryotherapie f\u00fcr Gesundheit und St\u00e4rkung der Immunit\u00e4t<\/h3>\n\t\t\t<p>Die Kryokammer stimuliert die nat\u00fcrliche Produktion von Enzymen und Hormonen, die Heilung unterst\u00fctzen und im K\u00f6rper Selbstheilung und Regeneration \u201estarten\u201c k\u00f6nnen. Die Prozedur enth\u00e4lt drei Minuten in einer Kammer mit \u2013120 \u00b0C und intensive physische \u00dcbung\u2013 Kinesiotherapie danach.<\/p>\n\t\t<\/div>\n\t<\/a>\n\n\t\n\n\t<a href=\"\/de\/wellness-und-entspannung\/wasserpark-aquacity-poprad-winter\/\" class=\"wp-block-cgb-block-creanet-list category-list grid-x grid-padding-x align-middle\">\n\t\t\t\t\t<div class=\"small-12 medium-6 large-5\">\n\t\t\t\t<figure><img src='https:\/\/regiontatry.sk\/wp-content\/uploads\/2018\/10\/Aquacity_Relax.jpg'\n\t\t\t\t\t\talt=''\n\t\t\t\t\t\ttitle='Aquacity_Relax'\n\t\t\t\t\t\/><\/figure>\n\t\t\t<\/div>\n\t\t\n\n\t\t<div class=\"cell small-12 medium-5 large-7\">\n\t\t\t<h3>Welnesszentrum mit Feuer und Wasser als Hauptelementen<\/h3>\n\t\t\t<p>Das gr\u00f6\u00dfte zweist\u00f6ckige Wellnesszentrum in Mitteleuropa mit einer Fl\u00e4che von mehr als 1590 m2 findet man im Wasserpark Aquacity Poprad. Feuer und Wasser sind neue Symbole des Wellnesszentrums, das verschiedene Saunas und Inhalationsr\u00e4ume, eine zeremonielle Sauna, eine private und eine Party-Zone, eine Schneeh\u00f6hle und einen Entspannungsraum mit Wasserbetten bietet. <\/p>\n\t\t<\/div>\n\t<\/a>\n\n\t\n\n\n<p><br>Die Tatra garantiert wertvolle Ruhe und ein intensives Naturerlebnis in jeder Jahreszeit. Sie hat etwas Magisches in sich, dem man nie widerstehen kann. Entdecken Sie endlose Ausblicke, Bergpfade und Stellen mit einmaliger Atmosph\u00e4re und \u00fcberzeugen Sie sich, dass kein Problem so gro\u00df ist wie die Grandiosit\u00e4t der Natur. <strong>H\u00f6ren Sie der Stille der Bergt\u00e4ler zu, versenken Sie in himmlische Ruhe und finden Sie den Weg zu sich selbst zur\u00fcck. <\/strong><br><\/p>\n\n\n\n<div style=\"height:100px\" aria-hidden=\"true\" class=\"wp-block-spacer\"><\/div>\n\n\n\n<iframe loading=\"lazy\" width=\"100%\" height=\"700\" src=\"https:\/\/www.youtube.com\/embed\/NisuSROxz0w\" frameborder=\"0\" allow=\"accelerometer; autoplay; encrypted-media; gyroscope; picture-in-picture\" allowfullscreen=\"\"><\/iframe>\n","protected":false},"excerpt":{"rendered":"<p>Physische Gesundheit und seelisches Gleichgewicht symbolisieren die Lebenseinstellung vieler Leute heutzutage. Entspannung in der Natur der Tatra ist doch das beste Rezept f\u00fcr die Herausforderungen des Alltags. Wegen der einmaligen heilenden Wirkungen lokalen Klimas besuchen die Tatra seit langem Touristen aus der ganzen Welt. Jeder, der sich nach wohltuender Entspannung, Regeneration der Kr\u00e4fte, Harmonisierung des [&hellip;]<\/p>\n","protected":false},"author":1,"featured_media":21609,"parent":21505,"menu_order":0,"comment_status":"closed","ping_status":"closed","template":"template-simple-page.php","meta":{"footnotes":""},"class_list":["post-21607","page","type-page","status-publish","has-post-thumbnail","hentry"],"_links":{"self":[{"href":"https:\/\/regiontatry.sk\/de\/wp-json\/wp\/v2\/pages\/21607"}],"collection":[{"href":"https:\/\/regiontatry.sk\/de\/wp-json\/wp\/v2\/pages"}],"about":[{"href":"https:\/\/regiontatry.sk\/de\/wp-json\/wp\/v2\/types\/page"}],"author":[{"embeddable":true,"href":"https:\/\/regiontatry.sk\/de\/wp-json\/wp\/v2\/users\/1"}],"replies":[{"embeddable":true,"href":"https:\/\/regiontatry.sk\/de\/wp-json\/wp\/v2\/comments?post=21607"}],"version-history":[{"count":1,"href":"https:\/\/regiontatry.sk\/de\/wp-json\/wp\/v2\/pages\/21607\/revisions"}],"predecessor-version":[{"id":23055,"href":"https:\/\/regiontatry.sk\/de\/wp-json\/wp\/v2\/pages\/21607\/revisions\/23055"}],"up":[{"embeddable":true,"href":"https:\/\/regiontatry.sk\/de\/wp-json\/wp\/v2\/pages\/21505"}],"wp:featuredmedia":[{"embeddable":true,"href":"https:\/\/regiontatry.sk\/de\/wp-json\/wp\/v2\/media\/21609"}],"wp:attachment":[{"href":"https:\/\/regiontatry.sk\/de\/wp-json\/wp\/v2\/media?parent=21607"}],"curies":[{"name":"wp","href":"https:\/\/api.w.org\/{rel}","templated":true}]}}