{"id":21610,"date":"2018-09-13T15:46:54","date_gmt":"2018-09-13T13:46:54","guid":{"rendered":"https:\/\/regiontatry.sk\/zimne-vylety-2\/"},"modified":"2019-12-11T13:21:36","modified_gmt":"2019-12-11T12:21:36","slug":"winterausfluge-2","status":"publish","type":"page","link":"https:\/\/regiontatry.sk\/de\/winterausfluge\/winterausfluge-2\/","title":{"rendered":"Winterausfl\u00fcge"},"content":{"rendered":"\n<p>Im Winter beginnen die besten Abenteuer in der Hohen Tatra.<\/p>\n\n\n\n<p>Au\u00dfer Skifahren auf perfekt pr\u00e4parierten Skipisten mit wundersch\u00f6nen Ausblicken auf die schneebedeckte Tatra-Landschaft und endlosem Spa\u00df auf den Pisten warten auf Sie noch viel mehr Abenteuer und Erlebnisse.<\/p>\n\n\n\n<p>Winterurlaub in der Hohen Tatra ist die beste Wahl um Erholung und aktive Entspannung zu genie\u00dfen und neue Sportarten zu probieren.<\/p>\n\n\n\t<a href=\"\/de\/winterausfluge\/wintertouristik\/\" class=\"wp-block-cgb-block-creanet-list category-list grid-x grid-padding-x align-middle\">\n\t\t\t\t\t<div class=\"small-12 medium-6 large-5\">\n\t\t\t\t<figure><img src='https:\/\/regiontatry.sk\/wp-content\/uploads\/2018\/10\/symbolickycintorin.jpg'\n\t\t\t\t\t\talt=''\n\t\t\t\t\t\ttitle='symbolickycintorin'\n\t\t\t\t\t\/><\/figure>\n\t\t\t<\/div>\n\t\t\n\n\t\t<div class=\"cell small-12 medium-5 large-7\">\n\t\t\t<h3>Spazierg\u00e4nge durch die Winterlandschaft<\/h3>\n\t\t\t<p>Winterurlaub in der Tatra genie\u00dft jeder Tourist in vollen Z\u00fcgen. <br>Die Winteridylle der Hohen Tatra k\u00f6nnen Sie genie\u00dfen, auch wenn Sie kein Skifahrer oder Bergsteiger sind. Im Hochgebirgsterrain sind im Winter ungef\u00e4hr\u00a0<strong>20 km Touristenpfade markiert.<\/strong><br>Weihnachtskrippe aus Schnee bei der Rainers H\u00fctte, Wasserf\u00e4lle von Studen\u00fd potok (Bach), Touren in die T\u00e4ler der Tatra, romantische Spazierg\u00e4nge durch die schneebedeckte Landschaft\u00a0sind nur Beispiele davon, was die Tatra im Winter bietet.<\/p>\n\t\t<\/div>\n\t<\/a>\n\n\t\n\n\t<a href=\"\/de\/winterausfluge\/skitouren\/\" class=\"wp-block-cgb-block-creanet-list category-list grid-x grid-padding-x align-middle\">\n\t\t\t\t\t<div class=\"small-12 medium-6 large-5\">\n\t\t\t\t<figure><img src='https:\/\/regiontatry.sk\/wp-content\/uploads\/2018\/10\/skialp-1-1.jpg'\n\t\t\t\t\t\talt=''\n\t\t\t\t\t\ttitle='skialp (1)'\n\t\t\t\t\t\/><\/figure>\n\t\t\t<\/div>\n\t\t\n\n\t\t<div class=\"cell small-12 medium-5 large-7\">\n\t\t\t<h3>Auf den Skiern in die Stille<\/h3>\n\t\t\t<p>M\u00f6chten Sie von \u00fcberf\u00fcllten Pisten in die ruhige Natur der Berge fliehen, <strong>im unber\u00fchrten Pulverschnee Ski fahren<\/strong> und unbeschreibliche Szenerien von schneebedeckten Spitzen bewundern? Betreten Sie mit uns die Welt der Skitouren. <\/p>\n\t\t<\/div>\n\t<\/a>\n\n\t\n\n\t<a href=\"\/de\/winterausfluge\/hochgebirgshutten\/\" class=\"wp-block-cgb-block-creanet-list category-list grid-x grid-padding-x align-middle\">\n\t\t\t\t\t<div class=\"small-12 medium-6 large-5\">\n\t\t\t\t<figure><img src='https:\/\/regiontatry.sk\/wp-content\/uploads\/2018\/10\/plesnivec-1.jpg'\n\t\t\t\t\t\talt=''\n\t\t\t\t\t\ttitle='plesnivec'\n\t\t\t\t\t\/><\/figure>\n\t\t\t<\/div>\n\t\t\n\n\t\t<div class=\"cell small-12 medium-5 large-7\">\n\t\t\t<h3>Warmer H\u00fcttentee<\/h3>\n\t\t\t<p>Im Winter f\u00fchren in der Hohen Tatra Touristenpfade zu <strong>12 Hochgebirgsh\u00fctten<\/strong>, wo man au\u00dfer leckerem Tee auch atemberaubende Ausblicke auf wundersch\u00f6ne Spitzen, breite T\u00e4ler und gefrorene Bergseen genie\u00dfen kann.<\/p>\n\t\t<\/div>\n\t<\/a>\n\n\t\n\n\t<a href=\"\/de\/winterausfluge\/mit-seilbahnen-zu-wunderschonen-ausblicken\/\" class=\"wp-block-cgb-block-creanet-list category-list grid-x grid-padding-x align-middle\">\n\t\t\t\t\t<div class=\"small-12 medium-6 large-5\">\n\t\t\t\t<figure><img src='https:\/\/regiontatry.sk\/wp-content\/uploads\/2018\/10\/69YdhY0w-1.jpeg'\n\t\t\t\t\t\talt=''\n\t\t\t\t\t\ttitle='69YdhY0w'\n\t\t\t\t\t\/><\/figure>\n\t\t\t<\/div>\n\t\t\n\n\t\t<div class=\"cell small-12 medium-5 large-7\">\n\t\t\t<h3>Fahren Sie zu den Wolken<\/h3>\n\t\t\t<p>Wollen Sie Ihren Kindern etwas Au\u00dfergew\u00f6hnliches vorbereiten? Nehmen Sie sie <strong>auf einen Seilbahnausflug unter steile Spitzen der Tatra<\/strong>. Das Erlebnis werden sie nie vergessen und dabei k\u00f6nnen sie <strong>die sch\u00f6nsten Gebirgspanoramen<\/strong> bewundern.<br><\/p>\n\t\t<\/div>\n\t<\/a>\n\n\t","protected":false},"excerpt":{"rendered":"<p>Im Winter beginnen die besten Abenteuer in der Hohen Tatra. Au\u00dfer Skifahren auf perfekt pr\u00e4parierten Skipisten mit wundersch\u00f6nen Ausblicken auf die schneebedeckte Tatra-Landschaft und endlosem Spa\u00df auf den Pisten warten auf Sie noch viel mehr Abenteuer und Erlebnisse. Winterurlaub in der Hohen Tatra ist die beste Wahl um Erholung und aktive Entspannung zu genie\u00dfen und [&hellip;]<\/p>\n","protected":false},"author":1,"featured_media":21612,"parent":21709,"menu_order":0,"comment_status":"closed","ping_status":"closed","template":"template-list.php","meta":{"footnotes":""},"class_list":["post-21610","page","type-page","status-publish","has-post-thumbnail","hentry"],"_links":{"self":[{"href":"https:\/\/regiontatry.sk\/de\/wp-json\/wp\/v2\/pages\/21610"}],"collection":[{"href":"https:\/\/regiontatry.sk\/de\/wp-json\/wp\/v2\/pages"}],"about":[{"href":"https:\/\/regiontatry.sk\/de\/wp-json\/wp\/v2\/types\/page"}],"author":[{"embeddable":true,"href":"https:\/\/regiontatry.sk\/de\/wp-json\/wp\/v2\/users\/1"}],"replies":[{"embeddable":true,"href":"https:\/\/regiontatry.sk\/de\/wp-json\/wp\/v2\/comments?post=21610"}],"version-history":[{"count":3,"href":"https:\/\/regiontatry.sk\/de\/wp-json\/wp\/v2\/pages\/21610\/revisions"}],"predecessor-version":[{"id":22853,"href":"https:\/\/regiontatry.sk\/de\/wp-json\/wp\/v2\/pages\/21610\/revisions\/22853"}],"up":[{"embeddable":true,"href":"https:\/\/regiontatry.sk\/de\/wp-json\/wp\/v2\/pages\/21709"}],"wp:featuredmedia":[{"embeddable":true,"href":"https:\/\/regiontatry.sk\/de\/wp-json\/wp\/v2\/media\/21612"}],"wp:attachment":[{"href":"https:\/\/regiontatry.sk\/de\/wp-json\/wp\/v2\/media?parent=21610"}],"curies":[{"name":"wp","href":"https:\/\/api.w.org\/{rel}","templated":true}]}}