{"id":21616,"date":"2018-09-07T11:27:30","date_gmt":"2018-09-07T09:27:30","guid":{"rendered":"https:\/\/regiontatry.sk\/turisticke-informacie\/doprava-v-regione\/"},"modified":"2024-11-06T21:40:33","modified_gmt":"2024-11-06T20:40:33","slug":"transport-in-der-region","status":"publish","type":"page","link":"https:\/\/regiontatry.sk\/de\/touristeninformationen\/transport-in-der-region\/","title":{"rendered":"Verkehr in der Region"},"content":{"rendered":"\n<p>In der Region verkehren \u00f6kologische Z\u00fcge und Busse. In Berggebiete kann man <strong>mit der Tatra-Elektrobahn (TE\u017d) oder mit Bussen aus Poprad<\/strong> fahren, oder mit<strong> der Zahnradbahn aus Tatransk\u00e1 \u0160trba, <\/strong>wo sich auch ein Schnellzugbahnhof befindet. Touristen k\u00f6nnen auch auf einem Park &amp; Ride Parkplatz parken und weiter mit Pendelbussen fahren. <\/p>\n\n\n\n<p>Die Bef\u00f6rderung in der Hohen Tatra wird von zwei tragenden Bef\u00f6rderungssystemen gesichert \u2013&nbsp;der <strong>Tatra-Elektrobahn (TE\u017d)<\/strong>&nbsp;und der&nbsp;<strong>Zahnradbahn (O\u017d)<\/strong>, die die Hauptzentren der Hohen Tatra verbinden.<\/p>\n\n\n\n<h3 class=\"wp-block-heading\"><br><strong>Tatra-Elektrobahn (TE\u017d)<\/strong><\/h3>\n\n\n\n<p>Die Tatra-Elektrobahn (TE\u017d) verkehrt in der Hohen Tatra auf den folgenden Strecken: <strong>Poprad-Tatry \u2013 Star\u00fd Smokovec \u2013 \u0160trbsk\u00e9 Pleso und Star\u00fd Smokovec \u2013 Tatransk\u00e1 Lomnica.<\/strong>&nbsp;Ab Februar 2022 fahren auf diesen Strecken auch neue hybride elektrische Zahnradbahnen, vor allem aber zwischen \u0160trba und \u0160trbsk\u00e9 Pleso.<\/p>\n\n\n\n<h3 class=\"wp-block-heading\"><br><strong>Zahnradbahn (O\u017d) \u2013 \u201eZuba\u010dka\u201c <\/strong><\/h3>\n\n\n\n<p>Sie bef\u00f6rdert Passagiere von dem Bahnhof von \u0160trba und ist ein wichtiger touristischer Ausgangspunkt der Hohen Tatra. Die \u00dcbertragung der Zugkraft erfolgt hier \u00fcber ein Zahnrad, das in eine Zahnstange in der Gleisachse eingreift. Die Strecke der Zahnradbahn wurde in den Jahren 2019 \u2013 2022 renoviert und alte W\u00e4gen wurden nach 50 Jahren durch neue hybride elektrische Zahnradbahnw\u00e4gen ersetzt (Bradavica, Vysok\u00e1, Stredohrot, Kostol\u00edk, Ganek genannt), die au\u00dfer den Zahnradbadgleisen auch auf elektrischen Gleisen fahren k\u00f6nnen. <\/p>\n\n\n\n<figure class=\"wp-block-gallery has-nested-images columns-default is-cropped wp-block-gallery-2 is-layout-flex wp-block-gallery-is-layout-flex\">\n<figure class=\"wp-block-image size-large\"><img loading=\"lazy\" decoding=\"async\" width=\"1024\" height=\"640\" data-id=\"7908845\" src=\"https:\/\/regiontatry.sk\/wp-content\/uploads\/2022\/04\/Strbske-pleso-elektricka-1024x640.jpg\" alt=\"\" class=\"wp-image-7908845\" srcset=\"https:\/\/regiontatry.sk\/wp-content\/uploads\/2022\/04\/Strbske-pleso-elektricka-1024x640.jpg 1024w, https:\/\/regiontatry.sk\/wp-content\/uploads\/2022\/04\/Strbske-pleso-elektricka-300x188.jpg 300w, https:\/\/regiontatry.sk\/wp-content\/uploads\/2022\/04\/Strbske-pleso-elektricka-768x480.jpg 768w, https:\/\/regiontatry.sk\/wp-content\/uploads\/2022\/04\/Strbske-pleso-elektricka.jpg 1920w, https:\/\/regiontatry.sk\/wp-content\/uploads\/2022\/04\/Strbske-pleso-elektricka-1705x1066.jpg 1705w, https:\/\/regiontatry.sk\/wp-content\/uploads\/2022\/04\/Strbske-pleso-elektricka-698x436.jpg 698w, https:\/\/regiontatry.sk\/wp-content\/uploads\/2022\/04\/Strbske-pleso-elektricka-552x345.jpg 552w\" sizes=\"(max-width: 1024px) 100vw, 1024px\" \/><\/figure>\n\n\n\n<figure class=\"wp-block-image size-large\"><img loading=\"lazy\" decoding=\"async\" width=\"1024\" height=\"768\" data-id=\"5190118\" src=\"https:\/\/regiontatry.sk\/wp-content\/uploads\/2020\/09\/IMG_20200614_132855-1024x768.jpg\" alt=\"\" class=\"wp-image-5190118\" srcset=\"https:\/\/regiontatry.sk\/wp-content\/uploads\/2020\/09\/IMG_20200614_132855-1024x768.jpg 1024w, https:\/\/regiontatry.sk\/wp-content\/uploads\/2020\/09\/IMG_20200614_132855-300x225.jpg 300w, https:\/\/regiontatry.sk\/wp-content\/uploads\/2020\/09\/IMG_20200614_132855-768x576.jpg 768w, https:\/\/regiontatry.sk\/wp-content\/uploads\/2020\/09\/IMG_20200614_132855-scaled-1536x1152.jpg 1536w, https:\/\/regiontatry.sk\/wp-content\/uploads\/2020\/09\/IMG_20200614_132855-scaled-2048x1536.jpg 2048w, https:\/\/regiontatry.sk\/wp-content\/uploads\/2020\/09\/IMG_20200614_132855-1920x1440.jpg 1920w, https:\/\/regiontatry.sk\/wp-content\/uploads\/2020\/09\/IMG_20200614_132855-1705x1279.jpg 1705w, https:\/\/regiontatry.sk\/wp-content\/uploads\/2020\/09\/IMG_20200614_132855-scaled-860x645.jpg 860w, https:\/\/regiontatry.sk\/wp-content\/uploads\/2020\/09\/IMG_20200614_132855-698x524.jpg 698w, https:\/\/regiontatry.sk\/wp-content\/uploads\/2020\/09\/IMG_20200614_132855-552x414.jpg 552w\" sizes=\"(max-width: 1024px) 100vw, 1024px\" \/><\/figure>\n<\/figure>\n\n\n\n<figure class=\"wp-block-image\"><img loading=\"lazy\" decoding=\"async\" width=\"1024\" height=\"1024\" src=\"https:\/\/regiontatry.sk\/wp-content\/uploads\/2022\/03\/Mapa-TEZ_200x210_s-tabulkou_dec2021-1024x1024.png\" alt=\"\" class=\"wp-image-7877812\" srcset=\"https:\/\/regiontatry.sk\/wp-content\/uploads\/2022\/03\/Mapa-TEZ_200x210_s-tabulkou_dec2021-1024x1024.png 1024w, https:\/\/regiontatry.sk\/wp-content\/uploads\/2022\/03\/Mapa-TEZ_200x210_s-tabulkou_dec2021-150x150.png 150w, https:\/\/regiontatry.sk\/wp-content\/uploads\/2022\/03\/Mapa-TEZ_200x210_s-tabulkou_dec2021-300x300.png 300w, https:\/\/regiontatry.sk\/wp-content\/uploads\/2022\/03\/Mapa-TEZ_200x210_s-tabulkou_dec2021-768x768.png 768w, https:\/\/regiontatry.sk\/wp-content\/uploads\/2022\/03\/Mapa-TEZ_200x210_s-tabulkou_dec2021-1920x1920.png 1920w, https:\/\/regiontatry.sk\/wp-content\/uploads\/2022\/03\/Mapa-TEZ_200x210_s-tabulkou_dec2021-1705x1705.png 1705w, https:\/\/regiontatry.sk\/wp-content\/uploads\/2022\/03\/Mapa-TEZ_200x210_s-tabulkou_dec2021-698x698.png 698w, https:\/\/regiontatry.sk\/wp-content\/uploads\/2022\/03\/Mapa-TEZ_200x210_s-tabulkou_dec2021-552x552.png 552w\" sizes=\"(max-width: 1024px) 100vw, 1024px\" \/><\/figure>\n\n\n\n<p>Mehr Informationen: <a rel=\"noreferrer noopener\" href=\"http:\/\/www.slovakrail.sk\/\" target=\"_blank\"><strong>www.slovakrail.sk<\/strong><\/a><br><\/p>\n\n\n\n<h3 class=\"wp-block-heading\"><br><strong>Fahrten mit historischen elektrischen Bahnen in der Hohen Tatra<\/strong><\/h3>\n\n\n\n<p>Fahrten mit historischen elektrischen Bahnen am Fu\u00dfe der Hohen Tatra sind immer unvergesslich. In der Sommer- und Wintersaison verkehren auf den Strecken der Tatra-Elektrobahn an ausgew\u00e4hlten Tagen zwei davon \u2013 Komet aus 1913 und Drilling aus 1969.<\/p>\n\n\n\n<figure class=\"wp-block-gallery has-nested-images columns-default is-cropped wp-block-gallery-3 is-layout-flex wp-block-gallery-is-layout-flex\">\n<figure class=\"wp-block-image size-large\"><img loading=\"lazy\" decoding=\"async\" width=\"1024\" height=\"604\" data-id=\"8991026\" src=\"https:\/\/regiontatry.sk\/wp-content\/uploads\/2023\/05\/kometa-2023-1024x604.jpg\" alt=\"\" class=\"wp-image-8991026\" srcset=\"https:\/\/regiontatry.sk\/wp-content\/uploads\/2023\/05\/kometa-2023-1024x604.jpg 1024w, https:\/\/regiontatry.sk\/wp-content\/uploads\/2023\/05\/kometa-2023-300x177.jpg 300w, https:\/\/regiontatry.sk\/wp-content\/uploads\/2023\/05\/kometa-2023-768x453.jpg 768w, https:\/\/regiontatry.sk\/wp-content\/uploads\/2023\/05\/kometa-2023-698x412.jpg 698w, https:\/\/regiontatry.sk\/wp-content\/uploads\/2023\/05\/kometa-2023-552x326.jpg 552w, https:\/\/regiontatry.sk\/wp-content\/uploads\/2023\/05\/kometa-2023.jpg 1200w\" sizes=\"(max-width: 1024px) 100vw, 1024px\" \/><\/figure>\n\n\n\n<figure class=\"wp-block-image size-large\"><img loading=\"lazy\" decoding=\"async\" width=\"1024\" height=\"681\" data-id=\"7908851\" src=\"https:\/\/regiontatry.sk\/wp-content\/uploads\/2022\/04\/PSX_20180922_151641-1024x681.jpg\" alt=\"\" class=\"wp-image-7908851\" srcset=\"https:\/\/regiontatry.sk\/wp-content\/uploads\/2022\/04\/PSX_20180922_151641-1024x681.jpg 1024w, https:\/\/regiontatry.sk\/wp-content\/uploads\/2022\/04\/PSX_20180922_151641-300x199.jpg 300w, https:\/\/regiontatry.sk\/wp-content\/uploads\/2022\/04\/PSX_20180922_151641-768x511.jpg 768w, https:\/\/regiontatry.sk\/wp-content\/uploads\/2022\/04\/PSX_20180922_151641-1920x1277.jpg 1920w, https:\/\/regiontatry.sk\/wp-content\/uploads\/2022\/04\/PSX_20180922_151641-1705x1134.jpg 1705w, https:\/\/regiontatry.sk\/wp-content\/uploads\/2022\/04\/PSX_20180922_151641-698x464.jpg 698w, https:\/\/regiontatry.sk\/wp-content\/uploads\/2022\/04\/PSX_20180922_151641-552x367.jpg 552w\" sizes=\"(max-width: 1024px) 100vw, 1024px\" \/><\/figure>\n\n\n\n<figure class=\"wp-block-image size-large\"><img loading=\"lazy\" decoding=\"async\" width=\"1024\" height=\"768\" data-id=\"9885741\" src=\"https:\/\/regiontatry.sk\/wp-content\/uploads\/2024\/09\/trojca-1024x768.jpg\" alt=\"\" class=\"wp-image-9885741\" srcset=\"https:\/\/regiontatry.sk\/wp-content\/uploads\/2024\/09\/trojca-1024x768.jpg 1024w, https:\/\/regiontatry.sk\/wp-content\/uploads\/2024\/09\/trojca-300x225.jpg 300w, https:\/\/regiontatry.sk\/wp-content\/uploads\/2024\/09\/trojca-768x576.jpg 768w, https:\/\/regiontatry.sk\/wp-content\/uploads\/2024\/09\/trojca-1536x1152.jpg 1536w, https:\/\/regiontatry.sk\/wp-content\/uploads\/2024\/09\/trojca-2048x1536.jpg 2048w, https:\/\/regiontatry.sk\/wp-content\/uploads\/2024\/09\/trojca-1920x1440.jpg 1920w, https:\/\/regiontatry.sk\/wp-content\/uploads\/2024\/09\/trojca-1705x1279.jpg 1705w, https:\/\/regiontatry.sk\/wp-content\/uploads\/2024\/09\/trojca-860x645.jpg 860w, https:\/\/regiontatry.sk\/wp-content\/uploads\/2024\/09\/trojca-698x524.jpg 698w, https:\/\/regiontatry.sk\/wp-content\/uploads\/2024\/09\/trojca-552x414.jpg 552w\" sizes=\"(max-width: 1024px) 100vw, 1024px\" \/><\/figure>\n<\/figure>\n\n\n\n<h3 class=\"wp-block-heading\"><br><strong>Slowakischer Busverkehr POPRAD<\/strong><\/h3>\n\n\n<div class=\"wp-block-image\">\n<figure class=\"alignright\"><img loading=\"lazy\" decoding=\"async\" width=\"160\" height=\"100\" src=\"https:\/\/regiontatry.sk\/wp-content\/uploads\/2022\/03\/tatraexpress-transparent-160x100.png\" alt=\"\" class=\"wp-image-7877818\"\/><\/figure><\/div>\n\n\n<p class=\"has-text-align-left\">Busbef\u00f6rderung in der Region am Fu\u00dfe der Tatra (Poprad, Tatry, Svit, Ke\u017emarok, Levo\u010da) wird von der Gesellschaft Slowakischer Busverkehr Poprad gesichert.<\/p>\n\n\n\n<p>Der Fahrzeugpark enth\u00e4lt fast 180 Busse, die als ,,TATRA EXPRESS\u201c bezeichnet sind und regelm\u00e4\u00dfig vor allem zwischen Vororten in der selbstverwalteten Region von Pre\u0161ov verkehren.<\/p>\n\n\n\n<p>Alle Fahrpl\u00e4ne finden Sie <a href=\"https:\/\/cp.hnonline.sk\/vlakbusmhd\/spojenie\/\" class=\"broken_link\"><strong>HIER<\/strong><\/a>! <\/p>\n\n\n\n<h3 class=\"wp-block-heading\"><br><strong>Tatra-Aqua-Skibus \u2013 bequem zu Erlebnissen<\/strong><\/h3>\n\n\n\n<p>In der Wintersaison ist f\u00fcr die Besucher und Skil\u00e4ufer der regionale SKI &amp; AQUA BUS Verkehr vorbereitet, mit dem man bequem und kostenlos in die Skigebiete Tatransk\u00e1 Lomnica, Star\u00fd Smokovec und \u0160trbsk\u00e9 Pleso fahren kann.<\/p>\n\n\n\n<figure class=\"wp-block-image\"><img loading=\"lazy\" decoding=\"async\" width=\"1024\" height=\"466\" src=\"https:\/\/regiontatry.sk\/wp-content\/uploads\/2021\/12\/Aqua_Ski_Bus_webbaner_1605x730px-1024x466.jpg\" alt=\"\" class=\"wp-image-7172262\" srcset=\"https:\/\/regiontatry.sk\/wp-content\/uploads\/2021\/12\/Aqua_Ski_Bus_webbaner_1605x730px-1024x466.jpg 1024w, https:\/\/regiontatry.sk\/wp-content\/uploads\/2021\/12\/Aqua_Ski_Bus_webbaner_1605x730px-300x136.jpg 300w, https:\/\/regiontatry.sk\/wp-content\/uploads\/2021\/12\/Aqua_Ski_Bus_webbaner_1605x730px-768x349.jpg 768w, https:\/\/regiontatry.sk\/wp-content\/uploads\/2021\/12\/Aqua_Ski_Bus_webbaner_1605x730px-698x317.jpg 698w, https:\/\/regiontatry.sk\/wp-content\/uploads\/2021\/12\/Aqua_Ski_Bus_webbaner_1605x730px-552x251.jpg 552w, https:\/\/regiontatry.sk\/wp-content\/uploads\/2021\/12\/Aqua_Ski_Bus_webbaner_1605x730px.jpg 1605w\" sizes=\"(max-width: 1024px) 100vw, 1024px\" \/><\/figure>\n\n\n\n<h3 class=\"wp-block-heading\"><br>TAXI-DIENSTLEISTUNGEN<\/h3>\n\n\n\n<p>Falls Sie lieber individuell fahren, aber kein eigenes Auto haben, nehmen Sie ein Taxi oder leihen Sie ein Auto. Genie\u00dfen Sie den Komfort aller angebotenen Dienstleistungen und absolute Freiheit, was die Planung angeht. <br><\/p>\n","protected":false},"excerpt":{"rendered":"<p>In der Region verkehren \u00f6kologische Z\u00fcge und Busse. In Berggebiete kann man mit der Tatra-Elektrobahn (TE\u017d) oder mit Bussen aus Poprad fahren, oder mit der Zahnradbahn aus Tatransk\u00e1 \u0160trba, wo sich auch ein Schnellzugbahnhof befindet. Touristen k\u00f6nnen auch auf einem Park &amp; Ride Parkplatz parken und weiter mit Pendelbussen fahren. Die Bef\u00f6rderung in der Hohen [&hellip;]<\/p>\n","protected":false},"author":1,"featured_media":5190118,"parent":21497,"menu_order":0,"comment_status":"closed","ping_status":"closed","template":"template-objects.php","meta":{"footnotes":""},"class_list":["post-21616","page","type-page","status-publish","has-post-thumbnail","hentry"],"_links":{"self":[{"href":"https:\/\/regiontatry.sk\/de\/wp-json\/wp\/v2\/pages\/21616"}],"collection":[{"href":"https:\/\/regiontatry.sk\/de\/wp-json\/wp\/v2\/pages"}],"about":[{"href":"https:\/\/regiontatry.sk\/de\/wp-json\/wp\/v2\/types\/page"}],"author":[{"embeddable":true,"href":"https:\/\/regiontatry.sk\/de\/wp-json\/wp\/v2\/users\/1"}],"replies":[{"embeddable":true,"href":"https:\/\/regiontatry.sk\/de\/wp-json\/wp\/v2\/comments?post=21616"}],"version-history":[{"count":7,"href":"https:\/\/regiontatry.sk\/de\/wp-json\/wp\/v2\/pages\/21616\/revisions"}],"predecessor-version":[{"id":9969817,"href":"https:\/\/regiontatry.sk\/de\/wp-json\/wp\/v2\/pages\/21616\/revisions\/9969817"}],"up":[{"embeddable":true,"href":"https:\/\/regiontatry.sk\/de\/wp-json\/wp\/v2\/pages\/21497"}],"wp:featuredmedia":[{"embeddable":true,"href":"https:\/\/regiontatry.sk\/de\/wp-json\/wp\/v2\/media\/5190118"}],"wp:attachment":[{"href":"https:\/\/regiontatry.sk\/de\/wp-json\/wp\/v2\/media?parent=21616"}],"curies":[{"name":"wp","href":"https:\/\/api.w.org\/{rel}","templated":true}]}}