{"id":21623,"date":"2018-09-03T15:12:27","date_gmt":"2018-09-03T13:12:27","guid":{"rendered":"https:\/\/regiontatry.sk\/turisticke-informacie\/turisticke-informacne-centra\/"},"modified":"2022-05-05T19:24:28","modified_gmt":"2022-05-05T17:24:28","slug":"touristische-informationszentren","status":"publish","type":"page","link":"https:\/\/regiontatry.sk\/de\/touristeninformationen\/touristische-informationszentren\/","title":{"rendered":"Touristische Informationszentren"},"content":{"rendered":"\n<p>Tatra-Informationsb\u00fcros bieten professionelle Informationen \u00fcber Ausfl\u00fcge, Sommer- und Winteraktivit\u00e4ten, das Wetter, aktuelle Veranstaltungen, Unterkunft und allgemeine Dienstleistungen in der Hohen Tatra und der Region.  <\/p>\n\n\n\n<h4 class=\"wp-block-heading\"><strong>Was bieten die Tatra-Informationsb\u00fcros<\/strong><\/h4>\n\n\n\n<p>Beide Tatra-Informationsb\u00fcros bieten vor allem Produkte lokaler Hersteller.\nAu\u00dfer der wichtigen Bergungskostenversicherung, Informationen, interessanten\nFlugbl\u00e4ttern und Brosch\u00fcren, Nullwert-Geldscheinen und der \u00dcbersicht geplanter\nVeranstaltungen erfreut die Besucher auch ein breites Angebot von Literatur\n\u00fcber die Tatra, von Fachb\u00fcchern, \u00fcber Fotosammlungen bis zu faszinierender\nPoesie. Wundersch\u00f6n ist auch handgemachter Schmuck in der Form von Edelwei\u00dfen\nund G\u00e4msen von Mat\u00fa\u0161 Kr\u00fa\u010day oder in der Form von Touristenmarkierungen von\nMiriam Vesel\u00e1. Man findet hier auch Holzmagnete mit Tatransk\u00e1 Lomnica\nabgebildet, Qualit\u00e4tsalkohol von der Firma Zizak aus Poprad-St\u00e1\u017ee, Kosmetik mit\nbeliebter Sheabutter von der Firma Cyprianus und DVDs des bekannten Filmemachers\nPavol Barab\u00e1\u0161. Au\u00dferdem kann man hier Dokumente kopieren, drucken und scannen,\nes gibt auch kostenloses WLAN. <\/p>\n","protected":false},"excerpt":{"rendered":"<p>Tatra-Informationsb\u00fcros bieten professionelle Informationen \u00fcber Ausfl\u00fcge, Sommer- und Winteraktivit\u00e4ten, das Wetter, aktuelle Veranstaltungen, Unterkunft und allgemeine Dienstleistungen in der Hohen Tatra und der Region. Was bieten die Tatra-Informationsb\u00fcros Beide Tatra-Informationsb\u00fcros bieten vor allem Produkte lokaler Hersteller. Au\u00dfer der wichtigen Bergungskostenversicherung, Informationen, interessanten Flugbl\u00e4ttern und Brosch\u00fcren, Nullwert-Geldscheinen und der \u00dcbersicht geplanter Veranstaltungen erfreut die Besucher auch [&hellip;]<\/p>\n","protected":false},"author":1,"featured_media":8901417,"parent":21497,"menu_order":0,"comment_status":"closed","ping_status":"closed","template":"template-objects.php","meta":{"footnotes":""},"class_list":["post-21623","page","type-page","status-publish","has-post-thumbnail","hentry"],"_links":{"self":[{"href":"https:\/\/regiontatry.sk\/de\/wp-json\/wp\/v2\/pages\/21623"}],"collection":[{"href":"https:\/\/regiontatry.sk\/de\/wp-json\/wp\/v2\/pages"}],"about":[{"href":"https:\/\/regiontatry.sk\/de\/wp-json\/wp\/v2\/types\/page"}],"author":[{"embeddable":true,"href":"https:\/\/regiontatry.sk\/de\/wp-json\/wp\/v2\/users\/1"}],"replies":[{"embeddable":true,"href":"https:\/\/regiontatry.sk\/de\/wp-json\/wp\/v2\/comments?post=21623"}],"version-history":[{"count":3,"href":"https:\/\/regiontatry.sk\/de\/wp-json\/wp\/v2\/pages\/21623\/revisions"}],"predecessor-version":[{"id":8040216,"href":"https:\/\/regiontatry.sk\/de\/wp-json\/wp\/v2\/pages\/21623\/revisions\/8040216"}],"up":[{"embeddable":true,"href":"https:\/\/regiontatry.sk\/de\/wp-json\/wp\/v2\/pages\/21497"}],"wp:featuredmedia":[{"embeddable":true,"href":"https:\/\/regiontatry.sk\/de\/wp-json\/wp\/v2\/media\/8901417"}],"wp:attachment":[{"href":"https:\/\/regiontatry.sk\/de\/wp-json\/wp\/v2\/media?parent=21623"}],"curies":[{"name":"wp","href":"https:\/\/api.w.org\/{rel}","templated":true}]}}