{"id":21627,"date":"2018-09-03T13:45:42","date_gmt":"2018-09-03T11:45:42","guid":{"rendered":"https:\/\/regiontatry.sk\/turisticke-informacie\/doprava\/"},"modified":"2025-10-11T20:39:53","modified_gmt":"2025-10-11T18:39:53","slug":"wie-kommt-man-in-die-tatra","status":"publish","type":"page","link":"https:\/\/regiontatry.sk\/de\/touristeninformationen\/wie-kommt-man-in-die-tatra\/","title":{"rendered":"Wie kommt man in die Tatra"},"content":{"rendered":"\n<h1 class=\"wp-block-heading\"><strong>MIT DEM FLUGZEUG<\/strong><\/h1>\n\n\n<div class=\"wp-block-image is-resized\">\n<figure class=\"alignright size-full\"><img loading=\"lazy\" decoding=\"async\" width=\"676\" height=\"451\" src=\"https:\/\/regiontatry.sk\/wp-content\/uploads\/2024\/10\/letisko-676x451-1.jpg\" alt=\"\" class=\"wp-image-9948237\" style=\"width:445px;height:auto\" srcset=\"https:\/\/regiontatry.sk\/wp-content\/uploads\/2024\/10\/letisko-676x451-1.jpg 676w, https:\/\/regiontatry.sk\/wp-content\/uploads\/2024\/10\/letisko-676x451-1-300x200.jpg 300w, https:\/\/regiontatry.sk\/wp-content\/uploads\/2024\/10\/letisko-676x451-1-552x368.jpg 552w\" sizes=\"(max-width: 676px) 100vw, 676px\" \/><\/figure><\/div>\n\n\n<p><a href=\"http:\/\/www.airport-poprad.sk\/\" target=\"_blank\" rel=\"noreferrer noopener\">Der Flughafen Poprad &#8211; Tatry<\/a> hat einen internationalen Charakter. Dank seiner geografischen Lage erm\u00f6glicht es bequeme und schnelle Verbindungen aus den umliegenden L\u00e4ndern.<\/p>\n\n\n\n<p>Der Flughafen Poprad-Tatry ist ein idealer Ort f\u00fcr alle, die die Sch\u00f6nheit der Hohen Tatra und der umliegenden Region entdecken m\u00f6chten. Es liegt nur 12 Kilometer von den ber\u00fchmtesten Touristenzentren entfernt und bietet so einen schnellen und bequemen Zugang zur Hohen Tatra.<\/p>\n\n\n\n<p><strong>Regul\u00e4re Linien:<\/strong><\/p>\n\n\n\n<ul class=\"wp-block-list\">\n<li><strong>London (Luton),<\/strong> <strong>Gro\u00dfbritannien,<\/strong> Flug zweimal pro Woche (Donnerstag und Sonntag) bereitgestellt von <a href=\"https:\/\/wizzair.com\/en-gb\" target=\"_blank\" rel=\"noreferrer noopener\">Wizzair.<\/a><\/li>\n\n\n\n<li><strong>Danzig (Po\u013esko) <\/strong>hat vom 25.12.2025 bis zum 31.3.2026 eine neue Flugverbindung vom 25.12.2025 bis zum 31.3.2026 er\u00f6ffnet. <strong>London (Luton),<\/strong> <strong>Gro\u00dfbritannien,<\/strong> Flug zweimal pro Woche (Donnerstag und Sonntag) bereitgestellt von <a href=\"https:\/\/wizzair.com\/en-gb\" target=\"_blank\" rel=\"noreferrer noopener\">Wizzair.<\/a><\/li>\n<\/ul>\n\n\n\n<p>Neben diesem internationalen Flughafen gibt es in der N\u00e4he der Hohen Tatra auch Flugh\u00e4fen in Ko\u0161ice (127 km) und Krakau (Polen, 160 km), Bratislava (314 km), Prag (567 km).<\/p>\n\n\n\n<figure class=\"wp-block-gallery has-nested-images columns-default is-cropped wp-block-gallery-2 is-layout-flex wp-block-gallery-is-layout-flex\">\n<figure class=\"wp-block-image size-large\"><img loading=\"lazy\" decoding=\"async\" width=\"1024\" height=\"576\" data-id=\"9948269\" src=\"https:\/\/regiontatry.sk\/wp-content\/uploads\/2024\/10\/P4200170-1024x576.jpg\" alt=\"\" class=\"wp-image-9948269\" srcset=\"https:\/\/regiontatry.sk\/wp-content\/uploads\/2024\/10\/P4200170-1024x576.jpg 1024w, https:\/\/regiontatry.sk\/wp-content\/uploads\/2024\/10\/P4200170-300x169.jpg 300w, https:\/\/regiontatry.sk\/wp-content\/uploads\/2024\/10\/P4200170-768x432.jpg 768w, https:\/\/regiontatry.sk\/wp-content\/uploads\/2024\/10\/P4200170-1536x864.jpg 1536w, https:\/\/regiontatry.sk\/wp-content\/uploads\/2024\/10\/P4200170-2048x1152.jpg 2048w, https:\/\/regiontatry.sk\/wp-content\/uploads\/2024\/10\/P4200170-1920x1080.jpg 1920w, https:\/\/regiontatry.sk\/wp-content\/uploads\/2024\/10\/P4200170-1705x959.jpg 1705w, https:\/\/regiontatry.sk\/wp-content\/uploads\/2024\/10\/P4200170-860x484.jpg 860w, https:\/\/regiontatry.sk\/wp-content\/uploads\/2024\/10\/P4200170-698x393.jpg 698w, https:\/\/regiontatry.sk\/wp-content\/uploads\/2024\/10\/P4200170-552x310.jpg 552w\" sizes=\"(max-width: 1024px) 100vw, 1024px\" \/><\/figure>\n\n\n\n<figure class=\"wp-block-image size-large\"><img loading=\"lazy\" decoding=\"async\" width=\"1024\" height=\"473\" data-id=\"9224641\" src=\"https:\/\/regiontatry.sk\/wp-content\/uploads\/2023\/08\/letisko-poprad-tatry-1024x473.jpg\" alt=\"\" class=\"wp-image-9224641\" srcset=\"https:\/\/regiontatry.sk\/wp-content\/uploads\/2023\/08\/letisko-poprad-tatry-1024x473.jpg 1024w, https:\/\/regiontatry.sk\/wp-content\/uploads\/2023\/08\/letisko-poprad-tatry-300x139.jpg 300w, https:\/\/regiontatry.sk\/wp-content\/uploads\/2023\/08\/letisko-poprad-tatry-768x355.jpg 768w, https:\/\/regiontatry.sk\/wp-content\/uploads\/2023\/08\/letisko-poprad-tatry-1920x887.jpg 1920w, https:\/\/regiontatry.sk\/wp-content\/uploads\/2023\/08\/letisko-poprad-tatry-1705x788.jpg 1705w, https:\/\/regiontatry.sk\/wp-content\/uploads\/2023\/08\/letisko-poprad-tatry-698x322.jpg 698w, https:\/\/regiontatry.sk\/wp-content\/uploads\/2023\/08\/letisko-poprad-tatry-552x255.jpg 552w\" sizes=\"(max-width: 1024px) 100vw, 1024px\" \/><\/figure>\n<\/figure>\n\n\n\n<h1 class=\"wp-block-heading\"><br>Z\u00dcGE<\/h1>\n\n\n\n<p>Die Region Hohe Tatra erreichen Sie bequem mit dem Zug. Der wichtigste Eisenbahnknotenpunkt ist die Stadt Poprad, wo es regelm\u00e4\u00dfige Zugverbindungen von Bratislava, Ko\u0161ice und internationale Verbindungen von Prag gibt. Sie k\u00f6nnen auch den Autozug nutzen, sodass Sie bequem und sorgenfrei in die Tatra reisen k\u00f6nnen. Von Poprad aus k\u00f6nnen Sie mit Personenz\u00fcgen oder Bussen zu einzelnen Touristengebieten der Hohen Tatra fahren.<\/p>\n\n\n\n<h2 class=\"wp-block-heading\"><em>Leo Express<\/em><\/h2>\n\n\n<div class=\"wp-block-image\">\n<figure class=\"alignright size-full is-resized\"><img loading=\"lazy\" decoding=\"async\" width=\"1024\" height=\"480\" src=\"https:\/\/regiontatry.sk\/wp-content\/uploads\/2024\/10\/image-4.png\" alt=\"\" class=\"wp-image-9952416\" style=\"width:420px;height:auto\" srcset=\"https:\/\/regiontatry.sk\/wp-content\/uploads\/2024\/10\/image-4.png 1024w, https:\/\/regiontatry.sk\/wp-content\/uploads\/2024\/10\/image-4-300x141.png 300w, https:\/\/regiontatry.sk\/wp-content\/uploads\/2024\/10\/image-4-768x360.png 768w, https:\/\/regiontatry.sk\/wp-content\/uploads\/2024\/10\/image-4-860x403.png 860w, https:\/\/regiontatry.sk\/wp-content\/uploads\/2024\/10\/image-4-698x327.png 698w, https:\/\/regiontatry.sk\/wp-content\/uploads\/2024\/10\/image-4-552x259.png 552w\" sizes=\"(max-width: 1024px) 100vw, 1024px\" \/><\/figure><\/div>\n\n\n<p>Fahren Sie mit dem Leo Express in die Tatra! Die klimatisierten Niederflurz\u00fcge sind ideal f\u00fcr Familien mit Kindern und Gruppen von Freunden. <strong>Sie k\u00f6nnen auch Fahrr\u00e4der an Bord des Leo Express f\u00fcr einen einmaligen Preis von 2 \u20ac transportieren! <\/strong> <\/p>\n\n\n\n<p><strong>Nehmen Sie am SMILE CLUB <\/strong>Treueprogramm\nteil und erhalten Sie bei jeder Reise die besten Ticketpreise und Cashback.\nMehr unter <a href=\"http:\/\/www.leoexpress.sk\/\" target=\"_blank\" rel=\"noreferrer noopener\">www.leoexpress.sk<\/a><\/p>\n\n\n\n<p>Sie k\u00f6nnen in der Economy Class\noder in den aufgewerteten Klassen Economy Plus und Business Class mit\nLedersitzen und ausgew\u00e4hlten kostenlosen Erfrischungen reisen. An Bord werden\nIhnen k\u00f6stliche Snacks und Desserts sowie frisch gemahlener Kaffee angeboten.\nIn der luxuri\u00f6sen Premium Class k\u00f6nnen Sie dann ein k\u00f6stliches Mittag- oder\nAbendessen bestellen und sich in bequemen Sitzen entspannen, die sich in eine\nSchlafposition verstellen lassen. F\u00fcr Nachtfahrten bieten wir Ihnen auch ein\nSchlafset an.<\/p>\n\n\n\n<h2 class=\"wp-block-heading\"><br><em>Regiojet<\/em><\/h2>\n\n\n<div class=\"wp-block-image is-resized\">\n<figure class=\"alignright\"><img loading=\"lazy\" decoding=\"async\" width=\"1024\" height=\"626\" src=\"https:\/\/regiontatry.sk\/wp-content\/uploads\/2022\/12\/regio-jet-1-1024x626.jpg\" alt=\"\" class=\"wp-image-8691725\" style=\"width:428px;height:auto\" srcset=\"https:\/\/regiontatry.sk\/wp-content\/uploads\/2022\/12\/regio-jet-1-1024x626.jpg 1024w, https:\/\/regiontatry.sk\/wp-content\/uploads\/2022\/12\/regio-jet-1-300x183.jpg 300w, https:\/\/regiontatry.sk\/wp-content\/uploads\/2022\/12\/regio-jet-1-768x470.jpg 768w, https:\/\/regiontatry.sk\/wp-content\/uploads\/2022\/12\/regio-jet-1-1920x1174.jpg 1920w, https:\/\/regiontatry.sk\/wp-content\/uploads\/2022\/12\/regio-jet-1-1705x1042.jpg 1705w, https:\/\/regiontatry.sk\/wp-content\/uploads\/2022\/12\/regio-jet-1-698x427.jpg 698w, https:\/\/regiontatry.sk\/wp-content\/uploads\/2022\/12\/regio-jet-1-552x337.jpg 552w, https:\/\/regiontatry.sk\/wp-content\/uploads\/2022\/12\/regio-jet-1.jpg 2048w\" sizes=\"(max-width: 1024px) 100vw, 1024px\" \/><\/figure><\/div>\n\n\n<p>Auf dem Weg nach Poprad k\u00f6nnen Sie auch die Zugverbindung der privaten Gesellschaft <strong>Regiojet <\/strong>nutzen, die eine <strong>Linie auf der Strecke Prag-Ostrava-\u017dilina-Ko\u0161ice betreibt. <\/strong>Freuen Sie sich auf tolle Preise, Service und Dienstleistungen. Mehr unter&nbsp;<a aria-label=\" (otvor\u00ed sa v novej karte)\" href=\"https:\/\/regiojet.de\/\" target=\"_blank\" rel=\"noreferrer noopener\">www.regiojet.sk<\/a>.<\/p>\n\n\n\n<p><\/p>\n\n\n\n<h2 class=\"wp-block-heading\"><br><br><em>Pendolino<\/em><\/h2>\n\n\n<div class=\"wp-block-image is-resized\">\n<figure class=\"alignright\"><img loading=\"lazy\" decoding=\"async\" width=\"1024\" height=\"576\" src=\"https:\/\/regiontatry.sk\/wp-content\/uploads\/2022\/12\/pendolino-ko\u0161ican-1024x576.jpg\" alt=\"\" class=\"wp-image-8691737\" style=\"width:429px;height:auto\" srcset=\"https:\/\/regiontatry.sk\/wp-content\/uploads\/2022\/12\/pendolino-ko\u0161ican-1024x576.jpg 1024w, https:\/\/regiontatry.sk\/wp-content\/uploads\/2022\/12\/pendolino-ko\u0161ican-300x169.jpg 300w, https:\/\/regiontatry.sk\/wp-content\/uploads\/2022\/12\/pendolino-ko\u0161ican-768x432.jpg 768w, https:\/\/regiontatry.sk\/wp-content\/uploads\/2022\/12\/pendolino-ko\u0161ican-698x393.jpg 698w, https:\/\/regiontatry.sk\/wp-content\/uploads\/2022\/12\/pendolino-ko\u0161ican-552x311.jpg 552w, https:\/\/regiontatry.sk\/wp-content\/uploads\/2022\/12\/pendolino-ko\u0161ican.jpg 1280w\" sizes=\"(max-width: 1024px) 100vw, 1024px\" \/><\/figure><\/div>\n\n\n<p>Zug auf der Strecke Ko\u0161ice \u2013 \u017dilina \u2013 Prag hl. N. verkehrt die ganze Woche \u00fcber in regelm\u00e4\u00dfigen Abst\u00e4nden einmal t\u00e4glich sowie in umgekehrter Richtung.<\/p>\n\n\n\n<p>Die Fahrzeit auf der Strecke Poprad-Tatry &#8211; Prag hl. n. betr\u00e4gt 6 Stunden und 29 Minuten. Fahrkarten k\u00f6nnen sp\u00e4testens 24 Stunden vor der Abfahrt des Zuges vom Ostbahnhof online gekauft werden, sp\u00e4ter k\u00f6nnen Sie eine Fahrkarte nur an den <a href=\"https:\/\/www.zssk.sk\/otvaracie-hodiny-pokladnic\/zoznam-pokladnic-s-kvc\/\" target=\"_blank\" rel=\"noreferrer noopener\">Fahrkartenschaltern der ZSSK mit dem Komplexen Fahrgastabfertigungssystem (KVC<\/a>) kaufen<a href=\"https:\/\/www.zssk.sk\/otvaracie-hodiny-pokladnic\/zoznam-pokladnic-s-kvc\/\" target=\"_blank\" rel=\"noreferrer noopener\">.<\/a><\/p>\n\n\n\n<h1 class=\"wp-block-heading\"><br>BUS<\/h1>\n\n\n\n<p>Region Hohe Tatra ist mit dem Bus leicht erreichbar. Der wichtigste Verkehrsknotenpunkt ist die Stadt Poprad, von wo aus Sie zu den umliegenden Ferienorten weiterfahren k\u00f6nnen.<\/p>\n\n\n<div class=\"wp-block-image is-resized\">\n<figure class=\"alignright\"><img loading=\"lazy\" decoding=\"async\" width=\"600\" height=\"300\" src=\"https:\/\/regiontatry.sk\/wp-content\/uploads\/2022\/12\/flix-bus_11zon.jpg\" alt=\"\" class=\"wp-image-8691749\" style=\"width:434px;height:auto\" srcset=\"https:\/\/regiontatry.sk\/wp-content\/uploads\/2022\/12\/flix-bus_11zon.jpg 600w, https:\/\/regiontatry.sk\/wp-content\/uploads\/2022\/12\/flix-bus_11zon-300x150.jpg 300w, https:\/\/regiontatry.sk\/wp-content\/uploads\/2022\/12\/flix-bus_11zon-552x276.jpg 552w\" sizes=\"(max-width: 600px) 100vw, 600px\" \/><\/figure><\/div>\n\n\n<ul class=\"wp-block-list\">\n<li><strong>POPRAD &#8211; KRAKOW <\/strong><br>Sie k\u00f6nnen die regul\u00e4re Busverbindung auf der Strecke <strong>POPRAD &#8211; STAR\u00dd SMOKOVEC &#8211; TATRANSK\u00c1 LOMNICA &#8211; BIA\u0141KA TATRZA\u0143SK &#8211; NOWY TARG &#8211; KRAK\u00d3W <\/strong>nutzen<strong>, die <\/strong>Sie <a href=\"https:\/\/www.flixbus.sk\/?_sp=bf948b8c-07c0-4835-b808-2ee7e850b05f.1669924045360&amp;atb_pdid=b77348f9-5d7e-4c09-9627-e07b8aca7c37&amp;_ga=2.187330856.1211711077.1669922600-1923689169.1669922600&amp;_gac=1.3344132.1669923513.EAIaIQobChMIjLrUy5XZ-wIVl9-yCh3nZA6MEAAYASAAEgL1hvD_BwE\" target=\"_blank\" rel=\"noreferrer noopener\">HIER<\/a> finden k\u00f6nnen.<\/li>\n\n\n\n<li><strong>POPRAD -&gt; BUDAPEST<\/strong><\/li>\n<\/ul>\n\n\n\n<p>Europas gr\u00f6\u00dftes Fernbusnetz <a href=\"https:\/\/www.flixbus.sk\/autobusy\/poprad?wt_eid=2151903115382732161&amp;wt_t=1519031877597&amp;_ga=2.62401199.2080897590.1519031154-61553605.1519031154\" target=\"_blank\" rel=\"noreferrer noopener\">FLIXBUS<\/a><\/p>\n\n\n\n<h1 class=\"wp-block-heading\"><br>AUTO<\/h1>\n\n\n\n<p>Die Region Hohe Tatra ist mit dem Auto schnell und einfach zu erreichen. Die Autobahn A verbindet die Hauptstadt der Slowakischen Republik, Bratislava, \u00fcber Tren\u010d\u00edn und \u017dilina mit der Stadt Poprad. Abschnitte der Autobahn zwischen \u017dilina &#8211; Ru\u017eomberok &#8211; Ivachnov\u00e1 sind im Bau und durch Stra\u00dfen erster Klasse befahrbar. Von Ko\u0161ice aus gelangt man \u00fcber die Autobahn direkt in die Stadt Poprad. In anderen Teilen der Slowakei gibt es Schnellstra\u00dfen sowie Stra\u00dfen 1. und 2.<\/p>\n\n\n\n<p><a href=\"https:\/\/www.ndsas.sk\/spoplatnenie\/elektronicka-dialnicna-znamka\" target=\"_blank\" rel=\"noreferrer noopener\"><strong>Autobahnvignetten sind auf Autobahnen g\u00fcltig und<\/strong><\/a> k\u00f6nnen an Grenz\u00fcbergangsstellen, ausgew\u00e4hlten Tankstellen, ausgew\u00e4hlten Post\u00e4mtern und anderen Verkaufsstellen erworben werden. Alle Verkaufsstellen sind ordnungsgem\u00e4\u00df gekennzeichnet.<\/p>\n\n\n\n<p>Entlang der Autobahnen\nund Hauptverkehrsstra\u00dfen befinden sich Informationstafeln und\nOrientierungsschilder, die auf die wichtigsten historischen und k\u00fcnstlerischen\nDenkm\u00e4ler und Sehensw\u00fcrdigkeiten hinweisen. Entlang der Stra\u00dfen wurde ein Netz\nvon Tankstellen mit Erfrischungs- und Rastpl\u00e4tzen sowie Restaurants\neingerichtet.<\/p>\n\n\n\n<p>Die Stra\u00dfen sind das\nganze Jahr \u00fcber befahrbar. Im Winter wird f\u00fcr Schneer\u00e4umung und Streuung\ngesorgt. <strong>Bei einer durchgehenden Schnee-, Eis- oder Frostschicht auf der\nStra\u00dfe m\u00fcssen Fahrzeuge (bis 3,5 Tonnen) auf allen Achsen Winterreifen tragen.<\/strong><\/p>\n\n\n\n<p><br><\/p>\n","protected":false},"excerpt":{"rendered":"<p>MIT DEM FLUGZEUG Der Flughafen Poprad &#8211; Tatry hat einen internationalen Charakter. Dank seiner geografischen Lage erm\u00f6glicht es bequeme und schnelle Verbindungen aus den umliegenden L\u00e4ndern. Der Flughafen Poprad-Tatry ist ein idealer Ort f\u00fcr alle, die die Sch\u00f6nheit der Hohen Tatra und der umliegenden Region entdecken m\u00f6chten. Es liegt nur 12 Kilometer von den ber\u00fchmtesten [&hellip;]<\/p>\n","protected":false},"author":1,"featured_media":21629,"parent":21497,"menu_order":0,"comment_status":"closed","ping_status":"closed","template":"template-simple-page.php","meta":{"footnotes":""},"class_list":["post-21627","page","type-page","status-publish","has-post-thumbnail","hentry"],"_links":{"self":[{"href":"https:\/\/regiontatry.sk\/de\/wp-json\/wp\/v2\/pages\/21627"}],"collection":[{"href":"https:\/\/regiontatry.sk\/de\/wp-json\/wp\/v2\/pages"}],"about":[{"href":"https:\/\/regiontatry.sk\/de\/wp-json\/wp\/v2\/types\/page"}],"author":[{"embeddable":true,"href":"https:\/\/regiontatry.sk\/de\/wp-json\/wp\/v2\/users\/1"}],"replies":[{"embeddable":true,"href":"https:\/\/regiontatry.sk\/de\/wp-json\/wp\/v2\/comments?post=21627"}],"version-history":[{"count":12,"href":"https:\/\/regiontatry.sk\/de\/wp-json\/wp\/v2\/pages\/21627\/revisions"}],"predecessor-version":[{"id":11145920,"href":"https:\/\/regiontatry.sk\/de\/wp-json\/wp\/v2\/pages\/21627\/revisions\/11145920"}],"up":[{"embeddable":true,"href":"https:\/\/regiontatry.sk\/de\/wp-json\/wp\/v2\/pages\/21497"}],"wp:featuredmedia":[{"embeddable":true,"href":"https:\/\/regiontatry.sk\/de\/wp-json\/wp\/v2\/media\/21629"}],"wp:attachment":[{"href":"https:\/\/regiontatry.sk\/de\/wp-json\/wp\/v2\/media?parent=21627"}],"curies":[{"name":"wp","href":"https:\/\/api.w.org\/{rel}","templated":true}]}}