{"id":21630,"date":"2018-08-30T16:19:11","date_gmt":"2018-08-30T14:19:11","guid":{"rendered":"https:\/\/regiontatry.sk\/clnkovanie-na-strbskom-plese\/"},"modified":"2022-05-05T19:48:53","modified_gmt":"2022-05-05T17:48:53","slug":"bootfahren-auf-dem-bergsee","status":"publish","type":"page","link":"https:\/\/regiontatry.sk\/de\/touristik\/bootfahren-auf-dem-bergsee\/","title":{"rendered":"Bootfahren auf dem Bergsee"},"content":{"rendered":"\n<p>Einmalige\nnostalgische Momente bietet das beliebte und entspannende <strong>BOOTFAHREN AUF DEM BERGSEE \u0160TRBSK\u00c9 PLESO<\/strong>.\nDie Bootfahren-Tradition in der Tatra ist mehr als&nbsp;<strong>130 Jahre alt<\/strong>. In 2008 wurde\ndas Bootfahren auf \u0160trbsk\u00e9 pleso nach 25 Jahren wieder erneut.<\/p>\n\n\n\n<p>Von dem ruhigen Wasserspiegel des einmaligen Unikats, das vor einiger Zeit k\u00e4mpfte um eines der sieben Weltwunder zu werden, kann man wundersch\u00f6ne Ausblicke auf den Berg Solisko genie\u00dfen.<\/p>\n\n\n\n<p>Zur Verf\u00fcgung\ngibt es 18 stilvolle K\u00e4hne aus Holz und einen Sportkahn, die an einer neuen\nMole mit wundersch\u00f6nen Ausblicken auf die Tatra warten. Unvergesslich kann auch\neine Fahrt mit einem pers\u00f6nlichen Ruderer sein. <\/p>\n\n\n\n<p><strong>Wissen Sie, dass?<\/strong><\/p>\n\n\n\n<p>In der Vergangenheit begann die Tradition des Bootfahrens auf dem See, gleich nachdem die ersten Geb\u00e4ude in der Gegend gebaut worden waren. Schon im Jahre 1880 gab es hier eine Mole und ein Schutzdach f\u00fcr Boote. Damals war das Bootfahren eine Art volkst\u00fcmlicher Unterhaltung, die zwischen Mai und Oktober ausge\u00fcbt wurde, je nach Wetter. Das Bootfahren und Baden wurden aus Umweltschutzgr\u00fcnden in den 80er Jahren des 20. Jahrhunderts verboten. Der See von \u0160trbsk\u00e9 pleso geh\u00f6rt in die f\u00fcnfte Schutzstufe und alle Aktivit\u00e4ten unterliegen strengen Regeln, da im Wasser eine gesch\u00fctzte Fischart lebt \u2013 der Ostseeschn\u00e4pel.&nbsp;&nbsp;<\/p>\n\n\n\n<ul class=\"wp-block-gallery columns-2 is-cropped wp-block-gallery-2 is-layout-flex wp-block-gallery-is-layout-flex\"><li class=\"blocks-gallery-item\"><figure><img loading=\"lazy\" decoding=\"async\" width=\"1024\" height=\"681\" src=\"https:\/\/regiontatry.sk\/wp-content\/uploads\/2018\/08\/Boating-at-the-lake2-1024x681.jpg\" alt=\"\" data-id=\"2722\" data-link=\"https:\/\/regiontatry.sk\/?attachment_id=2722\" class=\"wp-image-2722\" srcset=\"https:\/\/regiontatry.sk\/wp-content\/uploads\/2018\/08\/Boating-at-the-lake2-1024x681.jpg 1024w, https:\/\/regiontatry.sk\/wp-content\/uploads\/2018\/08\/Boating-at-the-lake2-1024x681-300x200.jpg 300w, https:\/\/regiontatry.sk\/wp-content\/uploads\/2018\/08\/Boating-at-the-lake2-1024x681-768x511.jpg 768w\" sizes=\"(max-width: 1024px) 100vw, 1024px\" \/><\/figure><\/li><li class=\"blocks-gallery-item\"><figure><img loading=\"lazy\" decoding=\"async\" width=\"800\" height=\"444\" src=\"https:\/\/regiontatry.sk\/wp-content\/uploads\/2018\/08\/clnkovanie_foto4.jpg\" alt=\"\" data-id=\"2727\" data-link=\"https:\/\/regiontatry.sk\/?attachment_id=2727\" class=\"wp-image-2727\" srcset=\"https:\/\/regiontatry.sk\/wp-content\/uploads\/2018\/08\/clnkovanie_foto4.jpg 800w, https:\/\/regiontatry.sk\/wp-content\/uploads\/2018\/08\/clnkovanie_foto4-300x167.jpg 300w, https:\/\/regiontatry.sk\/wp-content\/uploads\/2018\/08\/clnkovanie_foto4-768x426.jpg 768w\" sizes=\"(max-width: 800px) 100vw, 800px\" \/><\/figure><\/li><\/ul>\n\n\n\n<p><strong>Bootfahren-Regeln:<\/strong><\/p>\n\n\n\n<ul class=\"wp-block-list\"><li>Beim Bootfahren ist es streng verboten Fische zu fangen, anzufassen oder Enten und Fische zu f\u00fcttern.<\/li><li>Auf die Boote darf man kein Essen oder Gep\u00e4ck mitnehmen. Das Gep\u00e4ck kann man beim Personal auf der Mole zur kostenlosen Aufbewahrung lassen.<\/li><li>Beim Bootfahren ist es verboten zu rauchen, schreien und Abfall in den See zu werfen.<\/li><li>Baden und Springen von Booten ins Wasser ist untersagt.<\/li><li>Einsteigen und Austeigen kann man nur an der Mole. Es ist streng verboten das Boot au\u00dferhalb der Mole abzustellen und auszusteigen.<\/li><li>Es ist untersagt das Boot unter Alkohol- und Drogeneinfluss zu f\u00fchren und die Sicherheit anderer Mitfahrenden zu gef\u00e4hrden.<\/li><\/ul>\n\n\n\n<h3 class=\"wp-block-heading\"><br>Mehr zum Bootfahren in \u0160trbsk\u00e9 pleso\u00a0<a href=\"https:\/\/www.vt.sk\/hory\/letne-atrakcie\/clnkovanie-na-plese\/\" target=\"_blank\" rel=\"noopener noreferrer\">www.vt.sk<\/a>.<br><br><\/h3>\n\n\n\n<figure class=\"wp-block-image\"><img loading=\"lazy\" decoding=\"async\" width=\"1444\" height=\"436\" src=\"https:\/\/regiontatry.sk\/wp-content\/uploads\/2018\/08\/034487.jpg\" alt=\"\" class=\"wp-image-2732\" srcset=\"https:\/\/regiontatry.sk\/wp-content\/uploads\/2018\/08\/034487.jpg 1444w, https:\/\/regiontatry.sk\/wp-content\/uploads\/2018\/08\/034487-300x91.jpg 300w, https:\/\/regiontatry.sk\/wp-content\/uploads\/2018\/08\/034487-768x232.jpg 768w, https:\/\/regiontatry.sk\/wp-content\/uploads\/2018\/08\/034487-1024x309.jpg 1024w\" sizes=\"(max-width: 1444px) 100vw, 1444px\" \/><\/figure>\n","protected":false},"excerpt":{"rendered":"<p>Einmalige nostalgische Momente bietet das beliebte und entspannende BOOTFAHREN AUF DEM BERGSEE \u0160TRBSK\u00c9 PLESO. Die Bootfahren-Tradition in der Tatra ist mehr als&nbsp;130 Jahre alt. In 2008 wurde das Bootfahren auf \u0160trbsk\u00e9 pleso nach 25 Jahren wieder erneut. Von dem ruhigen Wasserspiegel des einmaligen Unikats, das vor einiger Zeit k\u00e4mpfte um eines der sieben Weltwunder zu [&hellip;]<\/p>\n","protected":false},"author":1,"featured_media":9810711,"parent":21701,"menu_order":0,"comment_status":"closed","ping_status":"closed","template":"template-list.php","meta":{"footnotes":""},"class_list":["post-21630","page","type-page","status-publish","has-post-thumbnail","hentry"],"_links":{"self":[{"href":"https:\/\/regiontatry.sk\/de\/wp-json\/wp\/v2\/pages\/21630"}],"collection":[{"href":"https:\/\/regiontatry.sk\/de\/wp-json\/wp\/v2\/pages"}],"about":[{"href":"https:\/\/regiontatry.sk\/de\/wp-json\/wp\/v2\/types\/page"}],"author":[{"embeddable":true,"href":"https:\/\/regiontatry.sk\/de\/wp-json\/wp\/v2\/users\/1"}],"replies":[{"embeddable":true,"href":"https:\/\/regiontatry.sk\/de\/wp-json\/wp\/v2\/comments?post=21630"}],"version-history":[{"count":7,"href":"https:\/\/regiontatry.sk\/de\/wp-json\/wp\/v2\/pages\/21630\/revisions"}],"predecessor-version":[{"id":8040222,"href":"https:\/\/regiontatry.sk\/de\/wp-json\/wp\/v2\/pages\/21630\/revisions\/8040222"}],"up":[{"embeddable":true,"href":"https:\/\/regiontatry.sk\/de\/wp-json\/wp\/v2\/pages\/21701"}],"wp:featuredmedia":[{"embeddable":true,"href":"https:\/\/regiontatry.sk\/de\/wp-json\/wp\/v2\/media\/9810711"}],"wp:attachment":[{"href":"https:\/\/regiontatry.sk\/de\/wp-json\/wp\/v2\/media?parent=21630"}],"curies":[{"name":"wp","href":"https:\/\/api.w.org\/{rel}","templated":true}]}}