{"id":21635,"date":"2018-08-30T15:08:09","date_gmt":"2018-08-30T13:08:09","guid":{"rendered":"https:\/\/regiontatry.sk\/sneznice-nordic-walking\/"},"modified":"2019-12-13T11:46:29","modified_gmt":"2019-12-13T10:46:29","slug":"schneeschuhe-nordic-walking","status":"publish","type":"page","link":"https:\/\/regiontatry.sk\/de\/aktivitaten-und-attraktionen\/schneeschuhe-nordic-walking\/","title":{"rendered":"Schneeschuhe \/ Nordic Walking"},"content":{"rendered":"\n<ul class=\"wp-block-gallery columns-2 is-cropped wp-block-gallery-2 is-layout-flex wp-block-gallery-is-layout-flex\"><li class=\"blocks-gallery-item\"><figure><img loading=\"lazy\" decoding=\"async\" width=\"720\" height=\"400\" src=\"https:\/\/regiontatry.sk\/wp-content\/uploads\/2018\/10\/NW03-1.jpg\" alt=\"\" data-id=\"6305\" data-link=\"https:\/\/regiontatry.sk\/aktivity-a-atrakcie\/sneznice-nordic-walking\/nw03-2\/\" class=\"wp-image-6305\" srcset=\"https:\/\/regiontatry.sk\/wp-content\/uploads\/2018\/10\/NW03-1.jpg 720w, https:\/\/regiontatry.sk\/wp-content\/uploads\/2018\/10\/NW03-1-300x167.jpg 300w\" sizes=\"(max-width: 720px) 100vw, 720px\" \/><\/figure><\/li><li class=\"blocks-gallery-item\"><figure><img loading=\"lazy\" decoding=\"async\" width=\"720\" height=\"259\" src=\"https:\/\/regiontatry.sk\/wp-content\/uploads\/2018\/11\/NW01.jpg\" alt=\"\" data-id=\"13605\" data-link=\"https:\/\/regiontatry.sk\/aktivity-a-atrakcie\/sneznice-nordic-walking\/nw01\/\" class=\"wp-image-13605\" srcset=\"https:\/\/regiontatry.sk\/wp-content\/uploads\/2018\/11\/NW01.jpg 720w, https:\/\/regiontatry.sk\/wp-content\/uploads\/2018\/11\/NW01-300x108.jpg 300w, https:\/\/regiontatry.sk\/wp-content\/uploads\/2018\/11\/NW01-698x251.jpg 698w, https:\/\/regiontatry.sk\/wp-content\/uploads\/2018\/11\/NW01-552x199.jpg 552w\" sizes=\"(max-width: 720px) 100vw, 720px\" \/><\/figure><\/li><\/ul>\n\n\n\n<h4 class=\"wp-block-heading\"><strong><br>SCHNEESCHUHE<\/strong><\/h4>\n\n\n\n<p><strong>Schneeschuhwandern <\/strong>ist eine beliebte und gesunde\nWintersportart , f\u00fcr Jeden geeignet. Beim dynamischen Tempo wird der ganze\nK\u00f6rper in Bewegung gebracht , dank St\u00f6cken richten Sie sich sch\u00f6n auf und\nentspannen sich physisch sowie psychisch. <\/p>\n\n\n\n<p>Die Tatra\nbietet tolle Bedingungen f\u00fcr Schneeschuhwanderungen. Leihen Sie bequeme Skischuhe\nund genie\u00dfen Sie eine Tour im Polar-Stil mit einem professionellen F\u00fchrer.<\/p>\n\n\n\n<h4 class=\"wp-block-heading\"><strong>NORDIC WALKING<\/strong><\/h4>\n\n\n\n<p><strong>Nordic Walking <\/strong>ist toll als k\u00f6rperliches Training, denn es\nbewegt den ganzen K\u00f6rper. Es wirkt auf tiefer liegende R\u00fcckenmuskeln, &nbsp;aktiviert den Blutkreislauf und schont\nGelenke. Es ist nicht nur entspannend f\u00fcr die Seele, sondern hilft auch beim\nAufbau der Kondition. Nordic Walking ist ein gefahrloser, einfacher, effektiver\nund angenehmer Weg zur besseren physischen Form unabh\u00e4ngig von Alter,\nGeschlecht und Fitness.<\/p>\n\n\n\n<p><strong>Nordic Walking\u00a0kann man auch auf Schnee aus\u00fcben. <\/strong>\u00a0Die Asphalteins\u00e4tze werden von den St\u00f6cken runtergezogen und die Spitzen kann man bequem in die Schneedecke einstechen. Leihen Sie ein Paar St\u00f6cke und machen Sie sich auf eine Tour mit einem professionellen Lehrer, der Ihnen die richtige Technik beibringt. <br><br><\/p>\n\n\n\n<p><a rel=\"noreferrer noopener\" href=\"http:\/\/tatryvpohybe.sk\/\" target=\"_blank\"><strong>Die Tatra in Bewegung<\/strong><\/a>\u00a0\u2013 ein Projekt, das mehr als 100 km markierte Strecken f\u00fcr Nordic Walking und andere beliebte Outdoor-Sportarten bietet. Die Webseite enth\u00e4lt auch Informationen \u00fcber organisierte Sportveranstaltungen und Wettbewerbe, hochqualitative Landkarten und ein einheitliches Registrierungssystem f\u00fcr alle Veranstaltungen.<\/p>\n\n\n\n<p><a rel=\"noreferrer noopener\" href=\"http:\/\/snwa.sk\/\" target=\"_blank\"><strong>Nordic Walking Zentrum \u2013 \u0160trbsk\u00e9 Pleso<\/strong><\/a>\u00a0\u2013 die Nordic Walking Assoziation ist das einzige akkreditierte\u00a0 Nordic Walking Schulungszentrum in der Slowakei! Eine der Zweigstellen ist auch in \u0160trbsk\u00e9 Pleso und bietet \u00a0erfahrene Lehrer, organisiert Kurse, unterrichtet die richtige Technik. <\/p>\n","protected":false},"excerpt":{"rendered":"<p>SCHNEESCHUHE Schneeschuhwandern ist eine beliebte und gesunde Wintersportart , f\u00fcr Jeden geeignet. Beim dynamischen Tempo wird der ganze K\u00f6rper in Bewegung gebracht , dank St\u00f6cken richten Sie sich sch\u00f6n auf und entspannen sich physisch sowie psychisch. Die Tatra bietet tolle Bedingungen f\u00fcr Schneeschuhwanderungen. Leihen Sie bequeme Skischuhe und genie\u00dfen Sie eine Tour im Polar-Stil mit [&hellip;]<\/p>\n","protected":false},"author":1,"featured_media":0,"parent":21707,"menu_order":0,"comment_status":"closed","ping_status":"closed","template":"template-objects.php","meta":{"footnotes":""},"class_list":["post-21635","page","type-page","status-publish","hentry"],"_links":{"self":[{"href":"https:\/\/regiontatry.sk\/de\/wp-json\/wp\/v2\/pages\/21635"}],"collection":[{"href":"https:\/\/regiontatry.sk\/de\/wp-json\/wp\/v2\/pages"}],"about":[{"href":"https:\/\/regiontatry.sk\/de\/wp-json\/wp\/v2\/types\/page"}],"author":[{"embeddable":true,"href":"https:\/\/regiontatry.sk\/de\/wp-json\/wp\/v2\/users\/1"}],"replies":[{"embeddable":true,"href":"https:\/\/regiontatry.sk\/de\/wp-json\/wp\/v2\/comments?post=21635"}],"version-history":[{"count":2,"href":"https:\/\/regiontatry.sk\/de\/wp-json\/wp\/v2\/pages\/21635\/revisions"}],"predecessor-version":[{"id":22910,"href":"https:\/\/regiontatry.sk\/de\/wp-json\/wp\/v2\/pages\/21635\/revisions\/22910"}],"up":[{"embeddable":true,"href":"https:\/\/regiontatry.sk\/de\/wp-json\/wp\/v2\/pages\/21707"}],"wp:attachment":[{"href":"https:\/\/regiontatry.sk\/de\/wp-json\/wp\/v2\/media?parent=21635"}],"curies":[{"name":"wp","href":"https:\/\/api.w.org\/{rel}","templated":true}]}}