{"id":21643,"date":"2018-08-24T14:06:41","date_gmt":"2018-08-24T12:06:41","guid":{"rendered":"https:\/\/regiontatry.sk\/zimna-turistika\/"},"modified":"2022-12-08T19:13:54","modified_gmt":"2022-12-08T18:13:54","slug":"wintertouristik","status":"publish","type":"page","link":"https:\/\/regiontatry.sk\/de\/winterausfluge\/wintertouristik\/","title":{"rendered":"Wintertouristik"},"content":{"rendered":"\n<p> Die Winteridylle der Hohen Tatra k\u00f6nnen Sie genie\u00dfen, auch wenn Sie kein Skifahrer oder Bergsteiger sind. Im Hochgebirgsterrain sind im Winter ungef\u00e4hr <strong>20 km Touristenpfade markiert. <\/strong><\/p>\n\n\n\n<p>Die saisonale Schlie\u00dfung ausgew\u00e4hlter Wanderwege in der <strong>Hohen Tatra dauert vom 1. November bis 14. Juni. <\/strong>In dieser Zeit genie\u00dfen Natur und Tiere ihre Winterruhe. Vor allem h\u00f6here Wege, S\u00e4ttel und Schilde sind gesperrt. Alle Wege, die zu den Almh\u00fctten f\u00fchren, sind jedoch ganzj\u00e4hrig ge\u00f6ffnet, mit Ausnahme von Chata pod Rysmi.<\/p>\n\n\n\n<p> Die Winteridylle der Hohen Tatra k\u00f6nnen Sie genie\u00dfen, auch wenn Sie kein Skifahrer oder Bergsteiger sind. Im Hochgebirgsterrain sind im Winter ungef\u00e4hr <strong>20 km Touristenpfade markiert. <\/strong><\/p>\n\n\n\n<p><br>Touristik ist im Winter nat\u00fcrlich anders als im Sommer, vor allem was die Ausr\u00fcstung und Erfahrungen angeht.  <\/p>\n\n\n\n<p><strong>Das Wichtigste, was Touristen nicht vergessen sollten:<\/strong><\/p>\n\n\n\n<ul class=\"wp-block-list\"><li>das Wetter, die aktuelle Schneesituation und Warnungen \u00fcberpr\u00fcfen (Informationszentren in der Tatra, Bergrettungsdienst),<\/li><li>Winterausr\u00fcstung je nach aktueller Situation einpacken und sie auch benutzen k\u00f6nnen \u2013 St\u00f6cke, Steigeisen, Pickel, eventuell auch Lawinenausr\u00fcstung,<\/li><li>Bergungskostenversicherung abschlie\u00dfen und sich ins Register der Bergtouren in der Unterkunsftseinrichtung eintragen, Familie oder Freunde informieren. <\/li><\/ul>\n\n\n\n<h4 class=\"wp-block-heading\"><br><strong>Landkarte ganzj\u00e4hrig ge\u00f6ffneter Pfade, die auch f\u00fcr Wintertouristik geeignet sind<\/strong><\/h4>\n\n\n\n<figure class=\"wp-block-image\"><a href=\"https:\/\/regiontatry.sk\/wp-content\/uploads\/2019\/10\/mapa_otvorene-trasy.jpg\" target=\"_blank\" rel=\"noreferrer noopener\" data-rel=\"lightbox-image-0\" data-rl_title=\"\" data-rl_caption=\"\" title=\"\"><img loading=\"lazy\" decoding=\"async\" width=\"1024\" height=\"724\" src=\"https:\/\/regiontatry.sk\/wp-content\/uploads\/2019\/10\/mapa_otvorene-trasy-1024x724.jpg\" alt=\"\" class=\"wp-image-20839\" srcset=\"https:\/\/regiontatry.sk\/wp-content\/uploads\/2019\/10\/mapa_otvorene-trasy-1024x724.jpg 1024w, https:\/\/regiontatry.sk\/wp-content\/uploads\/2019\/10\/mapa_otvorene-trasy-300x212.jpg 300w, https:\/\/regiontatry.sk\/wp-content\/uploads\/2019\/10\/mapa_otvorene-trasy-768x543.jpg 768w, https:\/\/regiontatry.sk\/wp-content\/uploads\/2019\/10\/mapa_otvorene-trasy-1705x1205.jpg 1705w, https:\/\/regiontatry.sk\/wp-content\/uploads\/2019\/10\/mapa_otvorene-trasy-698x493.jpg 698w, https:\/\/regiontatry.sk\/wp-content\/uploads\/2019\/10\/mapa_otvorene-trasy-552x390.jpg 552w, https:\/\/regiontatry.sk\/wp-content\/uploads\/2019\/10\/mapa_otvorene-trasy.jpg 1754w\" sizes=\"(max-width: 1024px) 100vw, 1024px\" \/><\/a><\/figure>\n\n\n\n<figure class=\"wp-block-image\"><a href=\"https:\/\/regiontatry.sk\/9139d3ca-9873-4eab-a749-85722e69c1d3\" target=\"_blank\" rel=\"noreferrer noopener\" class=\"broken_link\"><img loading=\"lazy\" decoding=\"async\" width=\"1024\" height=\"724\" src=\"https:\/\/regiontatry.sk\/wp-content\/uploads\/2019\/10\/letak-1024x724.jpg\" alt=\"\" class=\"wp-image-20843\" srcset=\"https:\/\/regiontatry.sk\/wp-content\/uploads\/2019\/10\/letak-1024x724.jpg 1024w, https:\/\/regiontatry.sk\/wp-content\/uploads\/2019\/10\/letak-300x212.jpg 300w, https:\/\/regiontatry.sk\/wp-content\/uploads\/2019\/10\/letak-768x543.jpg 768w, https:\/\/regiontatry.sk\/wp-content\/uploads\/2019\/10\/letak-1705x1205.jpg 1705w, https:\/\/regiontatry.sk\/wp-content\/uploads\/2019\/10\/letak-698x493.jpg 698w, https:\/\/regiontatry.sk\/wp-content\/uploads\/2019\/10\/letak-552x390.jpg 552w, https:\/\/regiontatry.sk\/wp-content\/uploads\/2019\/10\/letak.jpg 1754w\" sizes=\"(max-width: 1024px) 100vw, 1024px\" \/><\/a><\/figure>\n\n\n\n<p><br>Wenn ein Pfad ge\u00f6ffnet ist, bedeutet das nicht automatisch, dass er auch pr\u00e4pariert und gefahrlos ist. Jeder Tourist muss die aktuelle Situation sowie eigene F\u00e4higkeiten auswerten und vorbereitet sein jederzeit zur\u00fcck zu gehen.<br><\/p>\n\n\n\n<p>Offizielle Information \u00fcber die Saisonschlie\u00dfung:<br><em>Auserw\u00e4hlte Touristenpfade im Tatranationalpark sind von 1.November bis 14.Juni geschlossen. In dieser Zeit ist die Natur der Tatra am meisten empfindlich. Dies ist die Brunftzeit von G\u00e4msen, und das Risiko der St\u00f6rung im gef\u00e4hrlichen Lawinenterrain ist zu gro\u00df. Au\u00dferdem nisten im Fr\u00fchling viele gesch\u00fctzte Tierarten und ziehen ihre Jungen auf. <\/em><\/p>\n\n\n\n<p><br>Um Ihre Sicherheit in den Bergen k\u00fcmmert sich der <strong>Bergrettungsdienst<\/strong>.&nbsp;Im Hochgebirgsterrain ist es sehr wichtig die Gesetze der Natur und Anweisungen des Bergrettungsdienstes zu respektieren. Vor jedem Ausflug empfehlen wir <a href=\"https:\/\/www.hzs.sk\/\"><strong>Informationen \u00fcber die aktuelle Situation in den Bergen<\/strong><\/a> zu \u00fcberpr\u00fcfen.<\/p>\n\n\n\n<p><br>Und wie soll man sich w\u00e4hrend einer Tour im Winter orientieren? In Gebieten ohne B\u00e4ume dienen Markierungen an Stangen anstatt Steinmarkierungen.<br><\/p>\n\n\n\n<p><br><strong>Weihnachtskrippe aus Schnee bei der Rainers H\u00fctte, Wasserf\u00e4lle von Studen\u00fd potok (Bach), Touren in die T\u00e4ler der Tatra, romantische Spazierg\u00e4nge durch die schneebedeckte Landschaft<\/strong>&nbsp;sind nur Beispiele davon, was die Tatra im Winter bietet. Sie brauchen nur zu w\u00e4hlen und sich auf den Weg zu machen:<\/p>\n","protected":false},"excerpt":{"rendered":"<p>Die Winteridylle der Hohen Tatra k\u00f6nnen Sie genie\u00dfen, auch wenn Sie kein Skifahrer oder Bergsteiger sind. Im Hochgebirgsterrain sind im Winter ungef\u00e4hr 20 km Touristenpfade markiert. Die saisonale Schlie\u00dfung ausgew\u00e4hlter Wanderwege in der Hohen Tatra dauert vom 1. November bis 14. Juni. In dieser Zeit genie\u00dfen Natur und Tiere ihre Winterruhe. Vor allem h\u00f6here Wege, [&hellip;]<\/p>\n","protected":false},"author":1,"featured_media":21644,"parent":21709,"menu_order":0,"comment_status":"closed","ping_status":"closed","template":"template-objects.php","meta":{"footnotes":""},"class_list":["post-21643","page","type-page","status-publish","has-post-thumbnail","hentry"],"_links":{"self":[{"href":"https:\/\/regiontatry.sk\/de\/wp-json\/wp\/v2\/pages\/21643"}],"collection":[{"href":"https:\/\/regiontatry.sk\/de\/wp-json\/wp\/v2\/pages"}],"about":[{"href":"https:\/\/regiontatry.sk\/de\/wp-json\/wp\/v2\/types\/page"}],"author":[{"embeddable":true,"href":"https:\/\/regiontatry.sk\/de\/wp-json\/wp\/v2\/users\/1"}],"replies":[{"embeddable":true,"href":"https:\/\/regiontatry.sk\/de\/wp-json\/wp\/v2\/comments?post=21643"}],"version-history":[{"count":4,"href":"https:\/\/regiontatry.sk\/de\/wp-json\/wp\/v2\/pages\/21643\/revisions"}],"predecessor-version":[{"id":8675354,"href":"https:\/\/regiontatry.sk\/de\/wp-json\/wp\/v2\/pages\/21643\/revisions\/8675354"}],"up":[{"embeddable":true,"href":"https:\/\/regiontatry.sk\/de\/wp-json\/wp\/v2\/pages\/21709"}],"wp:featuredmedia":[{"embeddable":true,"href":"https:\/\/regiontatry.sk\/de\/wp-json\/wp\/v2\/media\/21644"}],"wp:attachment":[{"href":"https:\/\/regiontatry.sk\/de\/wp-json\/wp\/v2\/media?parent=21643"}],"curies":[{"name":"wp","href":"https:\/\/api.w.org\/{rel}","templated":true}]}}