{"id":21648,"date":"2018-08-24T12:35:36","date_gmt":"2018-08-24T10:35:36","guid":{"rendered":"https:\/\/regiontatry.sk\/rodinna-turistika-2\/"},"modified":"2020-11-02T10:29:40","modified_gmt":"2020-11-02T09:29:40","slug":"familientouristik","status":"publish","type":"page","link":"https:\/\/regiontatry.sk\/de\/touristik\/familientouristik\/","title":{"rendered":"Familientouristik"},"content":{"rendered":"\n<p>Verbringen Sie unvergessliche Familienmomente in der Tatra und einen tollen Sommer! Die Hohe Tatra ist ein tolles Urlaubsparadies. Die einmalige Gegend bietet Touristenpfade auch f\u00fcr kleine Kinderf\u00fc\u00dfe. <\/p>\n\n\n\n<h3 class=\"wp-block-heading\" id=\"mce_0\"><strong><br>TIPY NA RODINN\u00c9 V\u00ddLETY<\/strong><\/h3>\n\n\n\n<table class=\"wp-block-table\"><tbody><tr><td>&nbsp;<\/td><td>&nbsp;<\/td><td>hod.<\/td><td>&nbsp;<\/td><td>prev\u00fd\u0161enie<\/td><\/tr><tr><td><strong>Zo \u0160trbsk\u00e9ho Plesa na Jamsk\u00e9 pleso<\/strong><\/td><td>&nbsp;<\/td><td>1:00<\/td><td>&nbsp;<\/td><td>120 m<\/td><\/tr><tr><td><strong>Zo zast\u00e1vky Popradsk\u00e9 Pleso k Popradsk\u00e9mu plesu<\/strong>,<br>\u0161tvrt\u00e9mu najv\u00e4\u010d\u0161iemu v Tatr\u00e1ch<\/td><td>&nbsp;<\/td><td>1:00<\/td><td>&nbsp;<\/td><td>250 m<\/td><\/tr><tr><td>Z<strong>&nbsp;Podbansk\u00e9ho ku Kme\u0165ovmu vodop\u00e1du<\/strong>,<br>najv\u00e4\u010d\u0161iemu na Slovensku (80m)<\/td><td>&nbsp;<\/td><td>2:00<\/td><td>&nbsp;<\/td><td>320 m<\/td><\/tr><tr><td><strong>Okruh Star\u00e9ho Smokovca<\/strong><br>Star\u00fd Smokovec &#8211; \u00fap\u00e4tie Slavkovsk\u00e9ho \u0161t\u00edtu &#8211; Hrebienok &#8211; Star\u00fd Smokovec<\/td><td>&nbsp;<\/td><td>2:00<\/td><td>&nbsp;<\/td><td>300 m<\/td><\/tr><tr><td><strong>K Rainerovej \u00fatulni a vodop\u00e1dom Studen\u00e9ho potoka<\/strong><br>Star\u00fd Smokovec &#8211; Hrebienok &#8211; Vodop\u00e1dy Studen\u00e9ho potoka &#8211; Starolesnianska po\u013eana (b\u00fdvala po\u013eana Kamz\u00edk) &#8211; Rainerova \u00fatul\u0148a<\/td><td>&nbsp;<\/td><td>1:00<\/td><td>&nbsp;<\/td><td>150 m<\/td><\/tr><tr><td><strong>Z Tatranskej Lomnice na \u0160tart<\/strong><\/td><td>&nbsp;<\/td><td>1:00<\/td><td>&nbsp;<\/td><td>200 m<\/td><\/tr><tr><td>L<strong>omnick\u00fd okruh<\/strong><br>Tatransk\u00e1 Lomnica &#8211; l\u00faky pri Matliaroch a sp\u00e4\u0165 chodn\u00edkom pozd\u013a\u017e cesty Slobody<\/td><td>&nbsp;<\/td><td>1:30<\/td><td>&nbsp;<\/td><td>50 m<\/td><\/tr><tr><td><strong>Z Javoriny na Po\u013eanu pod Mur\u00e1\u0148om<\/strong><\/td><td>&nbsp;<\/td><td>0:45<\/td><td>&nbsp;<\/td><td>110 m<\/td><\/tr><tr><td><strong>Z Lysej Po\u013eany na Po\u013eanu pod Rozpadlinami<\/strong><br>pozd\u013a\u017e Bielej vody &#8211; hor\u00e1re\u0148 &#8211; Po\u013eana pod Rozpadlinami<\/td><td>&nbsp;<\/td><td>1:00<\/td><td>&nbsp;<\/td><td>50 m<\/td><\/tr><\/tbody><\/table>\n","protected":false},"excerpt":{"rendered":"<p>Verbringen Sie unvergessliche Familienmomente in der Tatra und einen tollen Sommer! Die Hohe Tatra ist ein tolles Urlaubsparadies. Die einmalige Gegend bietet Touristenpfade auch f\u00fcr kleine Kinderf\u00fc\u00dfe. TIPY NA RODINN\u00c9 V\u00ddLETY &nbsp; &nbsp; hod. &nbsp; prev\u00fd\u0161enie Zo \u0160trbsk\u00e9ho Plesa na Jamsk\u00e9 pleso &nbsp; 1:00 &nbsp; 120 m Zo zast\u00e1vky Popradsk\u00e9 Pleso k Popradsk\u00e9mu plesu,\u0161tvrt\u00e9mu najv\u00e4\u010d\u0161iemu [&hellip;]<\/p>\n","protected":false},"author":1,"featured_media":21649,"parent":21701,"menu_order":0,"comment_status":"closed","ping_status":"closed","template":"template-simple-page.php","meta":{"footnotes":""},"class_list":["post-21648","page","type-page","status-publish","has-post-thumbnail","hentry"],"_links":{"self":[{"href":"https:\/\/regiontatry.sk\/de\/wp-json\/wp\/v2\/pages\/21648"}],"collection":[{"href":"https:\/\/regiontatry.sk\/de\/wp-json\/wp\/v2\/pages"}],"about":[{"href":"https:\/\/regiontatry.sk\/de\/wp-json\/wp\/v2\/types\/page"}],"author":[{"embeddable":true,"href":"https:\/\/regiontatry.sk\/de\/wp-json\/wp\/v2\/users\/1"}],"replies":[{"embeddable":true,"href":"https:\/\/regiontatry.sk\/de\/wp-json\/wp\/v2\/comments?post=21648"}],"version-history":[{"count":1,"href":"https:\/\/regiontatry.sk\/de\/wp-json\/wp\/v2\/pages\/21648\/revisions"}],"predecessor-version":[{"id":5235712,"href":"https:\/\/regiontatry.sk\/de\/wp-json\/wp\/v2\/pages\/21648\/revisions\/5235712"}],"up":[{"embeddable":true,"href":"https:\/\/regiontatry.sk\/de\/wp-json\/wp\/v2\/pages\/21701"}],"wp:featuredmedia":[{"embeddable":true,"href":"https:\/\/regiontatry.sk\/de\/wp-json\/wp\/v2\/media\/21649"}],"wp:attachment":[{"href":"https:\/\/regiontatry.sk\/de\/wp-json\/wp\/v2\/media?parent=21648"}],"curies":[{"name":"wp","href":"https:\/\/api.w.org\/{rel}","templated":true}]}}